{"id":1905,"date":"2024-09-11T12:22:20","date_gmt":"2024-09-11T10:22:20","guid":{"rendered":"https:\/\/ruffgolf.eu\/?page_id=1905"},"modified":"2026-03-30T10:42:55","modified_gmt":"2026-03-30T08:42:55","slug":"uber-uns","status":"publish","type":"page","link":"https:\/\/ruffgolf.eu\/at\/uber-uns\/","title":{"rendered":"\u00dcber uns"},"content":{"rendered":"\n<section class=\"qt-section container-m\"><div class=\"qt-section__inner grid grid-col-1\">\n<div class=\"qt-container\">\n<p class=\"has-text-align-center is-style-eyebrow\">wir sind ruff<\/p>\n\n\n\n<h1 class=\"wp-block-heading has-text-align-center\">\u00dcber uns<\/h1>\n\n\n\n<figure class=\"wp-block-image size-large\"><img loading=\"lazy\" decoding=\"async\" width=\"1024\" height=\"576\" src=\"https:\/\/ruffgolf.eu\/wp-content\/uploads\/2024\/09\/ruff-history-1024x576.jpg\" alt=\"\" class=\"wp-image-1562\" srcset=\"https:\/\/ruffgolf.eu\/wp-content\/uploads\/2024\/09\/ruff-history-1024x576.jpg 1024w, https:\/\/ruffgolf.eu\/wp-content\/uploads\/2024\/09\/ruff-history-300x169.jpg 300w, https:\/\/ruffgolf.eu\/wp-content\/uploads\/2024\/09\/ruff-history-768x432.jpg 768w, https:\/\/ruffgolf.eu\/wp-content\/uploads\/2024\/09\/ruff-history-462x260.jpg 462w, https:\/\/ruffgolf.eu\/wp-content\/uploads\/2024\/09\/ruff-history-592x333.jpg 592w, https:\/\/ruffgolf.eu\/wp-content\/uploads\/2024\/09\/ruff-history-622x350.jpg 622w, https:\/\/ruffgolf.eu\/wp-content\/uploads\/2024\/09\/ruff-history-811x456.jpg 811w, https:\/\/ruffgolf.eu\/wp-content\/uploads\/2024\/09\/ruff-history.jpg 1217w\" sizes=\"auto, (max-width: 1024px) 100vw, 1024px\" \/><\/figure>\n<\/div>\n\n\n\n<div class=\"qt-container\">\n<h2 class=\"wp-block-heading\">Indoor-Golf hat mehr verdient<\/h2>\n\n\n\n<p>Indoor-Golf ist l\u00e4ngst keine Alternative mehr \u2013 es ist ein selbstverst\u00e4ndlicher Teil davon, wie man spielt, trainiert und Zeit miteinander verbringt. Bei RUFF haben wir unsere Lounges genau darauf ausgerichtet: eine moderne, soziale Umgebung, in der das Erlebnis genauso wichtig ist wie das Spiel.<\/p>\n\n\n\n<p>Mit TrackMan-Simulatoren erh\u00e4ltst du ein realistisches und datengest\u00fctztes Golferlebnis \u2013 egal, ob du deine Technik verfeinern oder eine Runde mit Freunden spielen m\u00f6chtest. In einigen unserer Anlagen bieten wir zus\u00e4tzlich Minigolf an \u2013 eine lockerere Alternative, die es noch einfacher macht, dass wirklich jeder mitmachen kann, unabh\u00e4ngig vom Niveau.<\/p>\n\n\n\n<p>Unsere R\u00e4ume sind so gestaltet, dass sie sich offen, komfortabel und unkompliziert anf\u00fchlen \u2013 kein Schnickschnack, sondern Aktivit\u00e4ten zu deinen Bedingungen.<\/p>\n\n\n\n<p>Was RUFF jedoch wirklich auszeichnet, ist das Gesamtpaket. Hier geht es genauso sehr ums Zusammensein wie ums Spielen. Ein Ort, an dem du dich treffen, spielen und einfach bleiben kannst \u2013 ganz gleich, ob Simulatorgolf oder Minigolf im Mittelpunkt steht.<\/p>\n\n\n\n<p>Ob du zum Trainieren, f\u00fcr eine spontane Runde oder einfach f\u00fcr eine Auszeit vom Alltag vorbeikommst \u2013 dich erwartet jedes Mal ein Erlebnis, das \u00fcberzeugt.<\/p>\n<\/div>\n<\/div><\/section>\n\n\n\n<section class=\"qt-section container-m cta-small\">\n\t<div class=\"qt-section__inner grid grid-col-2 has-background\">\n\t\t<div class=\"qt-container\">\n\t\t\t<h2 class=\"wp-block-heading has-base-2-color has-text-color has-l-font-size\">Bereit f\u00fcr einen coolen Abend?<\/h2>\n\t\t<\/div>\n\t\t<div class=\"qt-container \">\n\t\t\t<div class=\"wp-block-buttons\">\n\t\t\t\t<div class=\"wp-block-button is-style-fill\">\n\t\t\t\t\t<a href=\"#booking\" class=\"wp-block-button__link wp-element-button\" title=\"Simulatorgolf buchen\" target=\"\">Simulatorgolf buchen<\/a>\n\t\t\t\t<\/div>\n\t\t\t<\/div>\n\t\t<\/div>\n\t<\/div>\n<\/section>\n\n\n\n<section class=\"qt-section container-m\"><div class=\"qt-section__inner grid grid-col-1\">\n<div class=\"qt-container\">\n<h2 class=\"wp-block-heading\">Alles begann in einer Garage<\/h2>\n\n\n\n<p>Jedes Unternehmen hat seine Geschichte. Unsere beginnt in G\u00e4vle\/Schweden, in einer Garage, genauer gesagt im Haus von Alexander Bengtsson. Als Golfenthusiast und Golf-Nerd, hatte er unz\u00e4hlige Golfschl\u00e4ger, Taschen, Kopfbedeckungen, B\u00e4lle und Handschuhe in seinem Haus verteilt.<\/p>\n\n\n\n<p>Was als Hobby begann, entwickelte sich im Laufe der Jahre zu einer Gesch\u00e4ftsidee, bei der Alex begann, exklusive und limitierte Golfprodukte zu kaufen und an Golfliebhaber weiterzuverkaufen. Aber als die Menge der Produkte und die Logistik der Lieferungen schlie\u00dflich mehr Platz erforderten, als in seinem Haus verf\u00fcgbar war, war es an der Zeit, sich zu ver\u00e4ndern.<\/p>\n\n\n\n<p>Der Unternehmer und Sch\u00f6pfer in Alex brauchte einen Ort, an dem er seiner Leidenschaft freien Lauf lassen und sie ausleben konnte. Er brauchte einen Ausstellungsraum, in dem die Produkte gezeigt und getestet werden konnten. Nach einem Besuch in einem historischen Fabriksgeb\u00e4ude in G\u00e4vle war es klar. Der Platz f\u00fcr den Ausstellungsraum war gefunden \u2013 und damit war eine neue Gesch\u00e4ftsidee geboren.<\/p>\n<\/div>\n\n\n\n<div class=\"qt-container\">\n<h3 class=\"wp-block-heading\">Die Idee zu RUFF war geboren<\/h3>\n\n\n\n<p>Gemeinsam mit seinen Partnern Anders Sundin und Anders Olsson begann Alex, einen Ort zu entwerfen, an dem sich Golfer aller Spielst\u00e4rken treffen, Kontakte kn\u00fcpfen und gemeinsam eine richtig gute Zeit erleben k\u00f6nnen. Die Idee von RUFF war geboren.<\/p>\n\n\n\n<p>Das Ergebnis war eine exklusive und familienfreundliche Golf-Lounge \u2013 als Treffpunkt konzipiert, ausgestattet mit den marktf\u00fchrenden TrackMan-Simulatoren und dekoriert mit geschmackvollen Loungem\u00f6beln f\u00fcr ein entspanntes Verweilen. Mit einem mit Personal besetzten Serviceschalter, einer Gastronomie und einer voll ausgestatteten Werkstatt nahm RUFF G\u00e4vle schlie\u00dflich Gestalt an und wurde der Beginn von etwas Gro\u00dfem.<\/p>\n\n\n\n<p>Was als Geschichte \u00fcber einen einzelnen Standort h\u00e4tte enden k\u00f6nnen, entwickelte sich zu einer Geschichte \u00fcber den Glauben an eine globale Gesch\u00e4ftsidee und dem Streben nach mehr. Nach den ersten Erfolgen verstand das Trio schnell, dass RUFF ideal f\u00fcr die Skalierung in Form eines Franchise-Modells geeignet war. Unter der Leitung von Anders Sundin wurde somit das Franchise-Konzept entwickelt und das im Jahr 2020 gegr\u00fcndete Unternehmen z\u00e4hlt heute bereits \u00fcber 11 Standorte in Schweden und einen Standort in \u00d6sterreich.<\/p>\n<\/div>\n\n\n\n<div class=\"qt-container\">\n<h3 class=\"wp-block-heading\">Expansion nach Mitteleuropa<\/h3>\n\n\n\n<p>Mit Blick auf die Zukunft sind wir nun bereit, noch weiter zu wachsen. Seit dem Jahr 2022 verantwortet Markus Gaggl als selbstst\u00e4ndiger Master-Franchise Partner die Regionen \u00d6sterreich, Deutschland und die Schweiz und wird neben dem ersten Standort in Ober\u00f6sterreich die Expansion in dieser Region vorantreiben.<\/p>\n\n\n\n<p>Sind Sie der Meinung, dass in Ihrer Region ein RUFF Standort fehlt oder haben Sie Interesse selbst einen RUFF Standort zu betreiben? Dann werfen Sie doch einen Blick auf unser Franchise-Partner Angebot.<\/p>\n\n\n\n<p>Wir freuen uns darauf, Sie auf unserer spannenden Reise mitzunehmen!<\/p>\n\n\n\n<div class=\"wp-block-buttons is-layout-flex wp-block-buttons-is-layout-flex\">\n<div class=\"wp-block-button is-style-button-with-arrow\"><a class=\"wp-block-button__link wp-element-button\" href=\"https:\/\/ruffgolf.eu\/at\/franchise\/\">RUFF Franchise<\/a><\/div>\n<\/div>\n\n\n\n<p><a href=\"https:\/\/ruffgolf.at\/mitgliedschaft\/\" target=\"_blank\" rel=\"noopener\"><\/a><\/p>\n<\/div>\n<\/div><\/section>\n\n\n\n<section class=\"qt-section container-default\"><div class=\"qt-section__inner grid grid-col-1\">\n<div class=\"qt-container\">\n<section class=\"qt-section container-default is-style-section-image-right\"><div class=\"qt-section__inner grid grid-col-2\">\n<div class=\"qt-container is-vertically-aligned-center is-style-text\">\n<p class=\"is-style-eyebrow\">ARBEITEN BEI RUFF<\/p>\n\n\n\n<h2 class=\"wp-block-heading\">Wir sind auf der Suche nach einem echten Champion. Sind Sie es?<\/h2>\n\n\n\n<p>Wir lieben Golf. Und wir lieben Menschen, die unser Interesse teilen. Wenn Sie dar\u00fcber hinaus einen hohen Grad an Servicebereitschaft mitbringen und \u00fcber Interesse an der Gastronomie verf\u00fcgen, dann glauben wir, dass Sie gut in unser Team passen k\u00f6nnten. Ein echter Torh\u00fcter, ganz einfach.<\/p>\n\n\n\n<p>Schicken Sie Ihre Bewerbung mit dem Betreff \u201eI am a Champion\u201c an&nbsp;<a href=\"mailto:info@ruffgolf.at\">info@ruffgolf.at<\/a>. Wenn du die Person bist, die wir suchen, werden wir sicherstellen, dass wir einen Platz f\u00fcr dich finden.<\/p>\n\n\n\n<div class=\"wp-block-buttons is-layout-flex wp-block-buttons-is-layout-flex\">\n<div class=\"wp-block-button is-style-button-with-arrow\"><a class=\"wp-block-button__link wp-element-button\" href=\"mailto:info@ruffgolf.at?subject=I%20am%20a%20Champion\">I am a Champion<\/a><\/div>\n<\/div>\n<\/div>\n\n\n\n<div class=\"qt-container is-vertically-aligned-center is-style-image\">\n<figure class=\"wp-block-image size-4-3-medium\"><img loading=\"lazy\" decoding=\"async\" width=\"622\" height=\"467\" src=\"https:\/\/ruffgolf.eu\/wp-content\/uploads\/2024\/09\/are-you-a-keeper-622x467.jpg\" alt=\"\" class=\"wp-image-1556\" srcset=\"https:\/\/ruffgolf.eu\/wp-content\/uploads\/2024\/09\/are-you-a-keeper-622x467.jpg 622w, https:\/\/ruffgolf.eu\/wp-content\/uploads\/2024\/09\/are-you-a-keeper-300x225.jpg 300w, https:\/\/ruffgolf.eu\/wp-content\/uploads\/2024\/09\/are-you-a-keeper-768x576.jpg 768w, https:\/\/ruffgolf.eu\/wp-content\/uploads\/2024\/09\/are-you-a-keeper-462x347.jpg 462w, https:\/\/ruffgolf.eu\/wp-content\/uploads\/2024\/09\/are-you-a-keeper-592x444.jpg 592w, https:\/\/ruffgolf.eu\/wp-content\/uploads\/2024\/09\/are-you-a-keeper-721x541.jpg 721w, https:\/\/ruffgolf.eu\/wp-content\/uploads\/2024\/09\/are-you-a-keeper-608x456.jpg 608w, https:\/\/ruffgolf.eu\/wp-content\/uploads\/2024\/09\/are-you-a-keeper.jpg 933w\" sizes=\"auto, (max-width: 622px) 100vw, 622px\" \/><\/figure>\n<\/div>\n<\/div><\/section>\n<\/div>\n\n\n\n<div class=\"qt-container\">\n<section class=\"qt-section container-default is-style-section-image-left\"><div class=\"qt-section__inner grid grid-col-2\">\n<div class=\"qt-container is-vertically-aligned-center is-style-image\">\n<figure class=\"wp-block-image aligncenter size-4-3-medium\"><img loading=\"lazy\" decoding=\"async\" width=\"622\" height=\"467\" src=\"https:\/\/ruffgolf.eu\/wp-content\/uploads\/2024\/10\/ruff-locations-over-europe-622x467.jpg\" alt=\"\" class=\"wp-image-1994\" srcset=\"https:\/\/ruffgolf.eu\/wp-content\/uploads\/2024\/10\/ruff-locations-over-europe-622x467.jpg 622w, https:\/\/ruffgolf.eu\/wp-content\/uploads\/2024\/10\/ruff-locations-over-europe-300x225.jpg 300w, https:\/\/ruffgolf.eu\/wp-content\/uploads\/2024\/10\/ruff-locations-over-europe-768x576.jpg 768w, https:\/\/ruffgolf.eu\/wp-content\/uploads\/2024\/10\/ruff-locations-over-europe-462x347.jpg 462w, https:\/\/ruffgolf.eu\/wp-content\/uploads\/2024\/10\/ruff-locations-over-europe-592x444.jpg 592w, https:\/\/ruffgolf.eu\/wp-content\/uploads\/2024\/10\/ruff-locations-over-europe-721x541.jpg 721w, https:\/\/ruffgolf.eu\/wp-content\/uploads\/2024\/10\/ruff-locations-over-europe-608x456.jpg 608w, https:\/\/ruffgolf.eu\/wp-content\/uploads\/2024\/10\/ruff-locations-over-europe.jpg 933w\" sizes=\"auto, (max-width: 622px) 100vw, 622px\" \/><\/figure>\n<\/div>\n\n\n\n<div class=\"qt-container is-vertically-aligned-center is-style-text\">\n<p class=\"is-style-eyebrow\">RUFF Indoor golf<\/p>\n\n\n\n<h2 class=\"wp-block-heading\">Bald in jeder Stadt in Mitteleuropa<\/h2>\n\n\n\n<p>Von Deutschland im Norden, \u00d6sterreich im Osten und der Schweiz im Westen. Wir sind in Mitteleuropa und ganz Schweden vertreten. Herzlich willkommen in deinem n\u00e4chsten RUFF.<\/p>\n\n\n\n<div class=\"wp-block-buttons is-layout-flex wp-block-buttons-is-layout-flex\">\n<div class=\"wp-block-button is-style-button-with-arrow\"><a class=\"wp-block-button__link wp-element-button\" href=\"https:\/\/ruffgolf.eu\/at\/indoor-golf\/\">Unsere Standorte<\/a><\/div>\n<\/div>\n<\/div>\n<\/div><\/section>\n<\/div>\n<\/div><\/section>\n\n\n\n<section class=\"qt-section container-default cta-large\">\n\t<div class=\"qt-section__inner grid grid-col-1\">\n\t\t<div class=\"qt-container\">\n\t\t\t<h2 class=\"wp-block-heading has-text-align-center has-accent-1-color has-text-color has-xxl-font-size\">Bereit, eine Runde zu spielen?<\/h2>\n\t\t\t<div class=\"wp-block-buttons is-content-justification-center\">\n\t\t\t\t<div class=\"wp-block-button is-style-button-cta\">\n\t\t\t\t\t<a href=\"#booking\" class=\"wp-block-button__link wp-element-button\" title=\"Jetzt buchen\" target=\"\">Jetzt buchen<\/a>\n\t\t\t\t<\/div>\n\t\t\t<\/div>\n\t\t<\/div>\n\t<\/div>\n<\/section>\n","protected":false},"excerpt":{"rendered":"","protected":false},"author":1,"featured_media":0,"parent":0,"menu_order":0,"comment_status":"closed","ping_status":"closed","template":"","meta":{"_acf_changed":false,"footnotes":""},"class_list":["post-1905","page","type-page","status-publish","hentry"],"acf":[],"_links":{"self":[{"href":"https:\/\/ruffgolf.eu\/at\/wp-json\/wp\/v2\/pages\/1905","targetHints":{"allow":["GET"]}}],"collection":[{"href":"https:\/\/ruffgolf.eu\/at\/wp-json\/wp\/v2\/pages"}],"about":[{"href":"https:\/\/ruffgolf.eu\/at\/wp-json\/wp\/v2\/types\/page"}],"author":[{"embeddable":true,"href":"https:\/\/ruffgolf.eu\/at\/wp-json\/wp\/v2\/users\/1"}],"replies":[{"embeddable":true,"href":"https:\/\/ruffgolf.eu\/at\/wp-json\/wp\/v2\/comments?post=1905"}],"version-history":[{"count":15,"href":"https:\/\/ruffgolf.eu\/at\/wp-json\/wp\/v2\/pages\/1905\/revisions"}],"predecessor-version":[{"id":8645,"href":"https:\/\/ruffgolf.eu\/at\/wp-json\/wp\/v2\/pages\/1905\/revisions\/8645"}],"wp:attachment":[{"href":"https:\/\/ruffgolf.eu\/at\/wp-json\/wp\/v2\/media?parent=1905"}],"curies":[{"name":"wp","href":"https:\/\/api.w.org\/{rel}","templated":true}]}}