{"id":1909,"date":"2024-09-11T19:51:01","date_gmt":"2024-09-11T17:51:01","guid":{"rendered":"https:\/\/ruffgolf.eu\/?page_id=1909"},"modified":"2024-10-21T12:43:57","modified_gmt":"2024-10-21T10:43:57","slug":"events-aktivitaten","status":"publish","type":"page","link":"https:\/\/ruffgolf.eu\/at\/events-aktivitaten\/","title":{"rendered":"Events &#038; Aktivit\u00e4ten"},"content":{"rendered":"\n<section class=\"qt-section container-s\"><div class=\"qt-section__inner grid grid-col-1\">\n<div class=\"qt-container\">\n<p class=\"has-text-align-center is-style-eyebrow\">F\u00fcr alle die golf lieben<\/p>\n\n\n\n<h1 class=\"wp-block-heading has-text-align-center\">Events &amp; Aktivit\u00e4ten<\/h1>\n\n\n\n<p class=\"has-text-align-center\"><strong>Hier teilen wir alle anstehenden Veranstaltungen und Aktivit\u00e4ten. Folge uns auf Instagram, um bei neuen Events immer auf dem Laufenden zu bleiben!<\/strong><\/p>\n<\/div>\n<\/div><\/section>\n\n\n\n\n<section class=\"qt-section container-default events\">\n\t<div class=\"qt-section__inner grid grid-col-1\">\n\n\t\t<div class=\"qt-container filter-buttons\">\n\t\t\t<div class=\"wp-block-buttons is-content-justification-center\">\n\t\t\t\t<div class=\"wp-block-button is-style-fill\">\n\t\t\t\t\t<a href=\"\/at\/wp-json\/wp\/v2\/pages\/1909\"\n\t\t\t\t\t\tclass=\"wp-block-button__link is-active\">\n\t\t\t\t\t\tAlle anzeigen\t\t\t\t\t<\/a>\n\t\t\t\t<\/div>\n\n\t\t\t\t\t\t\t\t\t<div class=\"wp-block-button is-style-fill\">\n\t\t\t\t\t\t<a href=\"\/at\/wp-json\/wp\/v2\/pages\/1909?l=leonding-minigolf\"\n\t\t\t\t\t\t\tclass=\"wp-block-button__link \">\n\t\t\t\t\t\t\tLeonding Minigolf\t\t\t\t\t\t<\/a>\n\t\t\t\t\t<\/div>\n\t\t\t\t\t\t\t\t\t<div class=\"wp-block-button is-style-fill\">\n\t\t\t\t\t\t<a href=\"\/at\/wp-json\/wp\/v2\/pages\/1909?l=leonding-indoor-golf\"\n\t\t\t\t\t\t\tclass=\"wp-block-button__link \">\n\t\t\t\t\t\t\tLeonding Indoor Golf\t\t\t\t\t\t<\/a>\n\t\t\t\t\t<\/div>\n\t\t\t\t\t\t\t<\/div>\n\t\t<\/div>\n\n\t\t<div class=\"qt-container\">\n\t\t\t<section class=\"qt-section container-default\">\n\t\t\t\t<div class=\"qt-section__inner grid grid-col-3\">\n\t\t\t\t\t\n<div class=\"qt-container card-event\" data-id=\"5721\">\n\t<a href=\"https:\/\/ruffgolf.eu\/at\/events-aktivitaten\/die-ruff-woche-jeden-tag-ein-eigenes-erlebnis\/\" title=\"Die RUFF Woche \u2013 jeden Tag ein eigenes Erlebnis\" target=\"_self\">\n\t\t<figure class=\"wp-block-image card-event__image\">\n\t\t\t<span class=\"event__image-badge\">\n\t\t\t\tLeonding Minigolf\t\t\t<\/span>\n\n\t\t\t<img loading=\"lazy\" decoding=\"async\" width=\"456\" height=\"456\" src=\"https:\/\/ruffgolf.eu\/wp-content\/uploads\/2026\/04\/EVENTS@MINIGOLF-2-1-456x456.png\" class=\"attachment-16-9-large size-16-9-large\" alt=\"\" srcset=\"https:\/\/ruffgolf.eu\/wp-content\/uploads\/2026\/04\/EVENTS@MINIGOLF-2-1-456x456.png 456w, https:\/\/ruffgolf.eu\/wp-content\/uploads\/2026\/04\/EVENTS@MINIGOLF-2-1-300x300.png 300w, https:\/\/ruffgolf.eu\/wp-content\/uploads\/2026\/04\/EVENTS@MINIGOLF-2-1-1024x1024.png 1024w, https:\/\/ruffgolf.eu\/wp-content\/uploads\/2026\/04\/EVENTS@MINIGOLF-2-1-150x150.png 150w, https:\/\/ruffgolf.eu\/wp-content\/uploads\/2026\/04\/EVENTS@MINIGOLF-2-1-768x768.png 768w, https:\/\/ruffgolf.eu\/wp-content\/uploads\/2026\/04\/EVENTS@MINIGOLF-2-1-462x462.png 462w, https:\/\/ruffgolf.eu\/wp-content\/uploads\/2026\/04\/EVENTS@MINIGOLF-2-1-592x592.png 592w, https:\/\/ruffgolf.eu\/wp-content\/uploads\/2026\/04\/EVENTS@MINIGOLF-2-1-347x347.png 347w, https:\/\/ruffgolf.eu\/wp-content\/uploads\/2026\/04\/EVENTS@MINIGOLF-2-1-467x467.png 467w, https:\/\/ruffgolf.eu\/wp-content\/uploads\/2026\/04\/EVENTS@MINIGOLF-2-1-622x622.png 622w, https:\/\/ruffgolf.eu\/wp-content\/uploads\/2026\/04\/EVENTS@MINIGOLF-2-1-541x541.png 541w, https:\/\/ruffgolf.eu\/wp-content\/uploads\/2026\/04\/EVENTS@MINIGOLF-2-1.png 1080w\" sizes=\"auto, (max-width: 456px) 100vw, 456px\" \/>\t\t<\/figure>\n\n\t\t<div class=\"card-event__content\">\n\t\t\t<h2 class=\"event__name\">Die RUFF Woche \u2013 jeden Tag ein eigenes Erlebnis<\/h2>\n\n\t\t\t<span class=\"event__date\">\n\t\t\t\t20-04-2026 &#8211; 31-10-2026\t\t\t<\/span>\n\n\t\t\t<span class=\"event__start-time\">\n\t\t\t\t09:00 &#8211; 23:00\t\t\t<\/span>\n\t\t<\/div>\n\t<\/a>\n<\/div>\n\t\t\t\t<\/div>\n\t\t\t<\/section>\n\t\t<\/div>\n\t<\/div>\n<\/section>\n\n\n\n\n<section class=\"qt-section container-default is-style-section-image-right\"><div class=\"qt-section__inner grid grid-col-2\">\n<div class=\"qt-container is-vertically-aligned-center is-style-text\">\n<p class=\"is-style-eyebrow\">RUFF App<\/p>\n\n\n\n<h2 class=\"wp-block-heading\">Verpasse keine Veranstaltungen \u2013 lade die App herunter<\/h2>\n\n\n\n<p>Mit unserer App bleibst du st\u00e4ndig \u00fcber all unsere Veranstaltungen und Aktivit\u00e4ten informiert, damit du nichts verpasst, was dich interessiert. Au\u00dferdem erh\u00e4ltst du exklusive Angebote und Boni, die nur f\u00fcr App-Nutzer verf\u00fcgbar sind. Sei der Erste, der von unseren neuesten Nachrichten und Vorteilen erf\u00e4hrt \u2013 alles direkt auf deinem Handy.<\/p>\n\n\n\t<div class=\"download-app\">\n\t\t\t\n\t\t<div class=\"dowload-app__item\">\n\t\t\t<a href=\"https:\/\/play.google.com\/store\/apps\/details?id=at.helloagain.ruffgolf\" title=\"RUFF Golf im Google Play\" target=\"_blank\" rel=\"nofollow noopener\">\n\t\t\t\t<figure>\n\t\t\t\t\t<img loading=\"lazy\" decoding=\"async\" src=\"https:\/\/ruffgolf.eu\/wp-content\/uploads\/2024\/09\/download-on-google-play-2.svg\" alt=\"\" width=\"140\" height=\"40\">\n\t\t\t\t<\/figure>\n\t\t\t<\/a>\n\t\t<\/div>\n\n\t\t\t\t\n\t\t<div class=\"dowload-app__item\">\n\t\t\t<a href=\"https:\/\/apps.apple.com\/de\/app\/ruff-golf\/id6449463765\" title=\"RUFF Golf im App Store\" target=\"_blank\" rel=\"nofollow noopener\">\n\t\t\t\t<figure>\n\t\t\t\t\t<img loading=\"lazy\" decoding=\"async\" src=\"https:\/\/ruffgolf.eu\/wp-content\/uploads\/2024\/09\/download-app-store.svg\" alt=\"\" width=\"140\" height=\"40\">\n\t\t\t\t<\/figure>\n\t\t\t<\/a>\n\t\t<\/div>\n\n\t\t\t<\/div>\n\n\t<\/div>\n\n\n\n<div class=\"qt-container is-vertically-aligned-center is-style-image\">\n<figure class=\"wp-block-image size-4-3-medium\"><img loading=\"lazy\" decoding=\"async\" width=\"622\" height=\"467\" src=\"https:\/\/ruffgolf.eu\/wp-content\/uploads\/2024\/09\/download-the-ruff-app-622x467.jpg\" alt=\"Download the RUFF app\" class=\"wp-image-1321\" srcset=\"https:\/\/ruffgolf.eu\/wp-content\/uploads\/2024\/09\/download-the-ruff-app-622x467.jpg 622w, https:\/\/ruffgolf.eu\/wp-content\/uploads\/2024\/09\/download-the-ruff-app-300x225.jpg 300w, https:\/\/ruffgolf.eu\/wp-content\/uploads\/2024\/09\/download-the-ruff-app-768x576.jpg 768w, https:\/\/ruffgolf.eu\/wp-content\/uploads\/2024\/09\/download-the-ruff-app-462x347.jpg 462w, https:\/\/ruffgolf.eu\/wp-content\/uploads\/2024\/09\/download-the-ruff-app-592x444.jpg 592w, https:\/\/ruffgolf.eu\/wp-content\/uploads\/2024\/09\/download-the-ruff-app-721x541.jpg 721w, https:\/\/ruffgolf.eu\/wp-content\/uploads\/2024\/09\/download-the-ruff-app-608x456.jpg 608w, https:\/\/ruffgolf.eu\/wp-content\/uploads\/2024\/09\/download-the-ruff-app.jpg 933w\" sizes=\"auto, (max-width: 622px) 100vw, 622px\" \/><\/figure>\n<\/div>\n<\/div><\/section>\n\n\n\n<section class=\"qt-section container-default cta-large\">\n\t<div class=\"qt-section__inner grid grid-col-1\">\n\t\t<div class=\"qt-container\">\n\t\t\t<h2 class=\"wp-block-heading has-text-align-center has-accent-1-color has-text-color has-xxl-font-size\">Werde Mitglied bei uns<\/h2>\n\t\t\t<div class=\"wp-block-buttons is-content-justification-center\">\n\t\t\t\t<div class=\"wp-block-button is-style-button-cta\">\n\t\t\t\t\t<a href=\"https:\/\/ruffgolf.eu\/at\/mitgliedschaft\/\" class=\"wp-block-button__link wp-element-button\" title=\"Heute beitreten\" target=\"\">Heute beitreten<\/a>\n\t\t\t\t<\/div>\n\t\t\t<\/div>\n\t\t<\/div>\n\t<\/div>\n<\/section>\n","protected":false},"excerpt":{"rendered":"","protected":false},"author":1,"featured_media":0,"parent":0,"menu_order":0,"comment_status":"closed","ping_status":"closed","template":"","meta":{"_acf_changed":false,"footnotes":""},"class_list":["post-1909","page","type-page","status-publish","hentry"],"acf":[],"_links":{"self":[{"href":"https:\/\/ruffgolf.eu\/at\/wp-json\/wp\/v2\/pages\/1909","targetHints":{"allow":["GET"]}}],"collection":[{"href":"https:\/\/ruffgolf.eu\/at\/wp-json\/wp\/v2\/pages"}],"about":[{"href":"https:\/\/ruffgolf.eu\/at\/wp-json\/wp\/v2\/types\/page"}],"author":[{"embeddable":true,"href":"https:\/\/ruffgolf.eu\/at\/wp-json\/wp\/v2\/users\/1"}],"replies":[{"embeddable":true,"href":"https:\/\/ruffgolf.eu\/at\/wp-json\/wp\/v2\/comments?post=1909"}],"version-history":[{"count":11,"href":"https:\/\/ruffgolf.eu\/at\/wp-json\/wp\/v2\/pages\/1909\/revisions"}],"predecessor-version":[{"id":2676,"href":"https:\/\/ruffgolf.eu\/at\/wp-json\/wp\/v2\/pages\/1909\/revisions\/2676"}],"wp:attachment":[{"href":"https:\/\/ruffgolf.eu\/at\/wp-json\/wp\/v2\/media?parent=1909"}],"curies":[{"name":"wp","href":"https:\/\/api.w.org\/{rel}","templated":true}]}}