{"id":1920,"date":"2024-09-10T14:26:06","date_gmt":"2024-09-10T12:26:06","guid":{"rendered":"https:\/\/ruffgolf.eu\/?page_id=1920"},"modified":"2026-03-30T15:44:42","modified_gmt":"2026-03-30T13:44:42","slug":"partnerschaften","status":"publish","type":"page","link":"https:\/\/ruffgolf.eu\/at\/partnerschaften\/","title":{"rendered":"Partnerschaften"},"content":{"rendered":"\n<section class=\"qt-section container-m\"><div class=\"qt-section__inner grid grid-col-1\">\n<div class=\"qt-container\">\n<p class=\"has-text-align-center is-style-eyebrow\">Gemeinsam st\u00e4rker<\/p>\n\n\n\n<h1 class=\"wp-block-heading has-text-align-center\">Partnerschaften<\/h1>\n\n\n\n<p class=\"has-text-align-center\">Sichtbarkeit ist alles. RUFF bietet Ihrem Unternehmen eine einzigartige M\u00f6glichkeit, sich in unseren gut besuchten Golf-Lounges zu pr\u00e4sentieren. Als Partner erhalten Sie eine hohe Sichtbarkeit Ihrer Marke und\/oder ein Stundenkontingent, welches Sie Ihren Mitarbeitern, Kunden oder Gesch\u00e4ftspartnern zur Verf\u00fcgung stellen k\u00f6nnen. Wir bieten eine Reihe von Partnerangeboten, sodass f\u00fcr jeden das richtige dabei ist.<\/p>\n\n\n\n<div class=\"wp-block-buttons is-content-justification-center is-layout-flex wp-container-core-buttons-is-layout-a89b3969 wp-block-buttons-is-layout-flex\">\n<div class=\"wp-block-button\"><a class=\"wp-block-button__link wp-element-button\" href=\"#contact\">Kontaktieren Sie uns<\/a><\/div>\n<\/div>\n<\/div>\n<\/div><\/section>\n\n\n\n<section class=\"qt-section partnerships\" id=\"partnership\">\n    <div class=\"qt-section__inner grid grid-col-1\">\n\n                    <div class=\"qt-container\">\n                <h2 class=\"wp-block-heading has-text-align-center\">Partner werden<\/h2>\n            <\/div>\n            \n        <div class=\"qt-container\">\n            <section class=\"qt-section\">\n                <div class=\"qt-section__inner grid grid-col-3\">\n                                        <div class=\"qt-container card-partnership has-background\">\n                            <p class=\"partnership__type\">Hauptsponsor<\/p>\n                            <div class=\"partnership__content\">\n                                <p class=\"partnership__price\">\u20ac9.990,- p.a.<\/p>\n                                                                    <ul class=\"wp-block-list partnership__benefits\">\n                                                                                    \n                                            <li>100 kostenlose Spielstunden p.a. f\u00fcr Mitarbeiter oder Partner inklusive<\/li>\n                                            \n                                                                                        \n                                            <li>10 RUFF-Mitgliedschaften f\u00fcr Mitarbeiter oder Partner inklusive<\/li>\n                                            \n                                                                                        \n                                            <li>Werbem\u00f6glichkeiten am Standort (Signage Screens, Partner Wall, 2 x Newsletter, 2 x Social Media, Flyer, Brosch\u00fcren)<\/li>\n                                            \n                                                                                        \n                                            <li>Zugang zu exklusiven Networking-Events<\/li>\n                                            \n                                                                                        \n                                            <li>Eigene Indoor Golf Challenge<\/li>\n                                            \n                                                                                        \n                                            <li>Physische Darstellung der Marke mit Schild in einem Simulator + virtuell auf einem Loch<\/li>\n                                            \n                                                                                <\/ul>\n                                                                <\/div>\n                            <p class=\"partnership__disclaimer\"><\/p>\n                        <\/div>\n                                                <div class=\"qt-container card-partnership has-background\">\n                            <p class=\"partnership__type\">Simulator-Sponsoring<\/p>\n                            <div class=\"partnership__content\">\n                                <p class=\"partnership__price\">\u20ac4.990,- p.a.<\/p>\n                                                                    <ul class=\"wp-block-list partnership__benefits\">\n                                                                                    \n                                            <li>50 kostenlose Spielstunden p.a. f\u00fcr Mitarbeiter oder Partner inklusive<\/li>\n                                            \n                                                                                        \n                                            <li>5 RUFF-Mitgliedschaften f\u00fcr Mitarbeiter oder Partner inklusive<\/li>\n                                            \n                                                                                        \n                                            <li>Werbem\u00f6glichkeiten am Standort (Signage Screens, Partner Wall, 1 x Newsletter, 1 x Social Media, Flyer, Brosch\u00fcren)<\/li>\n                                            \n                                                                                        \n                                            <li>Zugang zu exklusiven Networking-Events<\/li>\n                                            \n                                                                                        \n                                            <li>Physische Darstellung der Marke mit Schild in einem Simulator + virtuell auf einem Loch<\/li>\n                                            \n                                                                                <\/ul>\n                                                                <\/div>\n                            <p class=\"partnership__disclaimer\"><\/p>\n                        <\/div>\n                                                <div class=\"qt-container card-partnership has-background\">\n                            <p class=\"partnership__type\">Loch-Sponsoring<\/p>\n                            <div class=\"partnership__content\">\n                                <p class=\"partnership__price\">\u20ac990,- netto p.a.<\/p>\n                                                                    <ul class=\"wp-block-list partnership__benefits\">\n                                                                                    \n                                            <li>Anzeige des Firmenlogos in TrackMan auf einem bestimmten Loch<\/li>\n                                            \n                                                                                        \n                                            <li>Firmenlogo auf Partnerwall<\/li>\n                                            \n                                                                                        \n                                            <li>Zugang zu exklusiven Networking-Events<\/li>\n                                            \n                                                                                <\/ul>\n                                                                <\/div>\n                            <p class=\"partnership__disclaimer\">Preis auf Anfrage, 1 Jahr g\u00fcltig ab Abschluss.<\/p>\n                        <\/div>\n                                                <div class=\"qt-container card-partnership has-background\">\n                            <p class=\"partnership__type\">Individuelle Partnerpakete<\/p>\n                            <div class=\"partnership__content\">\n                                <p class=\"partnership__price\">Preis auf Anfrage<\/p>\n                                                                    <ul class=\"wp-block-list partnership__benefits\">\n                                                                                    \n                                            <li>Individuelle Pakete m\u00f6glich<\/li>\n                                            \n                                                                                        \n                                            <li>Turnierserien, Challenges, o.\u00e4.<\/li>\n                                            \n                                                                                <\/ul>\n                                                                <\/div>\n                            <p class=\"partnership__disclaimer\"><\/p>\n                        <\/div>\n                                        <\/div>\n            <\/section>\n        <\/div>\n\n\t<\/div>\n<\/section>\n\n\n\n<section class=\"qt-section container-m is-style-tilt-background\" id=\"contact\"><div class=\"qt-section__inner grid grid-col-1 has-background has-base-2-background-color\" style=\"background-color:#1B2B27\">\n<div class=\"qt-container\">\n<h2 class=\"wp-block-heading has-text-align-center\">Haben Sie Fragen? Kontaktieren Sie uns<\/h2>\n<\/div>\n\n\n\n<div class=\"qt-container\">\n\n<div class=\"wpcf7 no-js\" id=\"wpcf7-f1763-o1\" lang=\"de-AT\" dir=\"ltr\" data-wpcf7-id=\"1763\">\n<div class=\"screen-reader-response\"><p role=\"status\" aria-live=\"polite\" aria-atomic=\"true\"><\/p> <ul><\/ul><\/div>\n<form action=\"\/at\/wp-json\/wp\/v2\/pages\/1920#wpcf7-f1763-o1\" method=\"post\" class=\"wpcf7-form init\" aria-label=\"Contact form\" novalidate=\"novalidate\" data-status=\"init\">\n<fieldset class=\"hidden-fields-container\"><input type=\"hidden\" name=\"_wpcf7\" value=\"1763\" \/><input type=\"hidden\" name=\"_wpcf7_version\" value=\"6.1.5\" \/><input type=\"hidden\" name=\"_wpcf7_locale\" value=\"de_AT\" \/><input type=\"hidden\" name=\"_wpcf7_unit_tag\" value=\"wpcf7-f1763-o1\" \/><input type=\"hidden\" name=\"_wpcf7_container_post\" value=\"0\" \/><input type=\"hidden\" name=\"_wpcf7_posted_data_hash\" value=\"\" \/><input type=\"hidden\" name=\"_wpcf7_recaptcha_response\" value=\"\" \/>\n<\/fieldset>\n<p><label>Name<\/label><span class=\"wpcf7-form-control-wrap\" data-name=\"input-fullname\"><input size=\"40\" maxlength=\"400\" class=\"wpcf7-form-control wpcf7-text wpcf7-validates-as-required\" aria-required=\"true\" aria-invalid=\"false\" value=\"\" type=\"text\" name=\"input-fullname\" \/><\/span>\n<\/p>\n<p><label>E-Mail<\/label><span class=\"wpcf7-form-control-wrap\" data-name=\"input-email\"><input size=\"40\" maxlength=\"400\" class=\"wpcf7-form-control wpcf7-email wpcf7-validates-as-required wpcf7-text wpcf7-validates-as-email\" aria-required=\"true\" aria-invalid=\"false\" value=\"\" type=\"email\" name=\"input-email\" \/><\/span>\n<\/p>\n<p><label>Telefon<\/label><span class=\"wpcf7-form-control-wrap\" data-name=\"input-phone\"><input size=\"40\" maxlength=\"400\" class=\"wpcf7-form-control wpcf7-text\" aria-invalid=\"false\" value=\"\" type=\"text\" name=\"input-phone\" \/><\/span>\n<\/p>\n<p><label>Standorte<\/label><span class=\"wpcf7-form-control-wrap\" data-name=\"select-location\"><select class=\"wpcf7-form-control wpcf7-select wpcf7-validates-as-required\" aria-required=\"true\" aria-invalid=\"false\" name=\"select-location\"><option value=\"\">&#8212;Please choose an option&#8212;<\/option><option value=\"1956\">Leonding Indoor Golf<\/option><option value=\"5721\">Leonding Minigolf<\/option><\/select><\/span>\n<\/p>\n<p><label>Betreff<\/label><span class=\"wpcf7-form-control-wrap\" data-name=\"input-subject\"><input size=\"40\" maxlength=\"400\" class=\"wpcf7-form-control wpcf7-text wpcf7-validates-as-required\" aria-required=\"true\" aria-invalid=\"false\" value=\"\" type=\"text\" name=\"input-subject\" \/><\/span>\n<\/p>\n<p><label>Message<\/label><span class=\"wpcf7-form-control-wrap\" data-name=\"input-message\"><textarea cols=\"40\" rows=\"6\" maxlength=\"2000\" class=\"wpcf7-form-control wpcf7-textarea wpcf7-validates-as-required\" aria-required=\"true\" aria-invalid=\"false\" name=\"input-message\"><\/textarea><\/span>\n<\/p>\n<p class=\"acceptance\">Durch das Ausf\u00fcllen und Absenden dieses Formulars stimmen Sie zu, dass RUFF Invest AB Ihre personenbezogenen Daten gem\u00e4\u00df unserer <a href=\"\/at\/datenschutz\/\" rel=\"nofollow noopener\" target=\"_blank\">Datenschutzrichtlinie<\/a> speichert. Diese Seite ist durch reCAPTCHA gesch\u00fctzt, und es gelten die <a href=\"https:\/\/policies.google.com\/privacy?hl=de\" rel=\"nofollow noopener\" target=\"_blank\">Datenschutzrichtlinie<\/a> und <a href=\"https:\/\/policies.google.com\/terms?hl=de\" rel=\"nofollow noopener\" target=\"_blank\">Nutzungsbedingungen<\/a> von Google.\n<\/p>\n<div class=\"submit\">\n\t<p><input class=\"wpcf7-form-control wpcf7-submit has-spinner\" type=\"submit\" value=\"Absenden\" \/>\n\t<\/p>\n<\/div><div class=\"wpcf7-response-output\" aria-hidden=\"true\"><\/div>\n<\/form>\n<\/div>\n\n<\/div>\n<\/div><\/section>\n\n\n\n<section class=\"qt-section container-default is-style-section-image-right\"><div class=\"qt-section__inner grid grid-col-2\">\n<div class=\"qt-container is-vertically-aligned-center is-style-text\">\n<p class=\"is-style-eyebrow\">Mehrwert f\u00fcr alle<\/p>\n\n\n\n<h2 class=\"wp-block-heading\">Partnerschaften f\u00fcr Golfclubs<\/h2>\n\n\n\n<p>Ist Ihr Golfclub an einer Partnerschaft mit RUFF interessiert? Wir bieten unterschiedliche Pakete f\u00fcr Jugend, Mannschaften aber auch Golfpros an, die einen Mehrwert f\u00fcr alle Mitglieder bringen.<\/p>\n\n\n\n<p>Nehmen Sie Kontakt mit uns auf und wir erz\u00e4hlen Ihnen mehr.<\/p>\n\n\n\n<div class=\"wp-block-buttons is-layout-flex wp-block-buttons-is-layout-flex\">\n<div class=\"wp-block-button is-style-button-with-arrow\"><a class=\"wp-block-button__link wp-element-button\" href=\"#contact\">Kontaktieren Sie uns<\/a><\/div>\n<\/div>\n<\/div>\n\n\n\n<div class=\"qt-container is-vertically-aligned-center is-style-image\">\n<figure class=\"wp-block-image size-4-3-medium\"><img loading=\"lazy\" decoding=\"async\" width=\"622\" height=\"467\" src=\"https:\/\/ruffgolf.eu\/wp-content\/uploads\/2024\/09\/partnership-golf-clubs-622x467.jpg\" alt=\"\" class=\"wp-image-1546\" srcset=\"https:\/\/ruffgolf.eu\/wp-content\/uploads\/2024\/09\/partnership-golf-clubs-622x467.jpg 622w, https:\/\/ruffgolf.eu\/wp-content\/uploads\/2024\/09\/partnership-golf-clubs-300x225.jpg 300w, https:\/\/ruffgolf.eu\/wp-content\/uploads\/2024\/09\/partnership-golf-clubs-768x576.jpg 768w, https:\/\/ruffgolf.eu\/wp-content\/uploads\/2024\/09\/partnership-golf-clubs-462x347.jpg 462w, https:\/\/ruffgolf.eu\/wp-content\/uploads\/2024\/09\/partnership-golf-clubs-592x444.jpg 592w, https:\/\/ruffgolf.eu\/wp-content\/uploads\/2024\/09\/partnership-golf-clubs-721x541.jpg 721w, https:\/\/ruffgolf.eu\/wp-content\/uploads\/2024\/09\/partnership-golf-clubs-608x456.jpg 608w, https:\/\/ruffgolf.eu\/wp-content\/uploads\/2024\/09\/partnership-golf-clubs.jpg 933w\" sizes=\"auto, (max-width: 622px) 100vw, 622px\" \/><\/figure>\n<\/div>\n<\/div><\/section>\n\n\n\n<section class=\"qt-section container-default\"><div class=\"qt-section__inner grid grid-col-1\">\n<div class=\"qt-container container-s\">\n<h2 class=\"wp-block-heading has-text-align-center\">DAS SAGEN UNSERE PARTNER<\/h2>\n\n\n\n<p class=\"has-text-align-center\">Wir haben Unternehmenspartner und Golfclub-Kooperationen in ganz Europa. So sagen unsere Partner \u00fcber uns.<\/p>\n<\/div>\n\n\n\n<div class=\"qt-container\">\t\t\n\n\t\n\t\t<section class=\"qt-section testimonial-slider\">\n\t\t\t<div class=\"qt-section__inner grid grid-col-2\">\n\t\t\t\t<div class=\"qt-container has-background testimonial-slider__text\">\n\t\t\t\t\t\t\t\t\t\t<p>RUFF GOLF has from the very first beginning been developed as a one-stop-shop concept for Golfer and Non-Golfer. This 360\u00b0 Approach is unique and gives us Franchise Partners a strong competitive advantage on the market. 10+ Facilities and more than 3 years of experience led to a major knowledge base which can be used by every new partner. Exklusive Partnerships with other leading brands in the Golf &amp; Entertainment universe key for future success.<\/p>\t\n\t\t\t\t\t\t\t\t\t\t<\/div>\n\n\t\t\t\t<div class=\"qt-container testimonial-slider__images\">\n\t\t\t\t\t<div class=\"testimonial-slider__images-wrapper\">\n\t\t\t\t\t\t\t\t\t\t\t<figure class=\"wp-block-image\">\n\t\t\t\t\t\t\t\t\t\t\t\t\t<\/figure>\n\t\t\t\t\t\t\t\t\t\t\t\t<figure class=\"wp-block-image\">\n\t\t\t\t\t\t\t<img loading=\"lazy\" decoding=\"async\" width=\"462\" height=\"462\" src=\"https:\/\/ruffgolf.eu\/wp-content\/uploads\/2024\/09\/markus-gaggl-other-462x462.jpg\" class=\"attachment-1-1-small size-1-1-small\" alt=\"\" srcset=\"https:\/\/ruffgolf.eu\/wp-content\/uploads\/2024\/09\/markus-gaggl-other-462x462.jpg 462w, https:\/\/ruffgolf.eu\/wp-content\/uploads\/2024\/09\/markus-gaggl-other-150x150.jpg 150w, https:\/\/ruffgolf.eu\/wp-content\/uploads\/2024\/09\/markus-gaggl-other-300x300.jpg 300w, https:\/\/ruffgolf.eu\/wp-content\/uploads\/2024\/09\/markus-gaggl-other-592x592.jpg 592w, https:\/\/ruffgolf.eu\/wp-content\/uploads\/2024\/09\/markus-gaggl-other-347x347.jpg 347w, https:\/\/ruffgolf.eu\/wp-content\/uploads\/2024\/09\/markus-gaggl-other-467x467.jpg 467w, https:\/\/ruffgolf.eu\/wp-content\/uploads\/2024\/09\/markus-gaggl-other-622x622.jpg 622w, https:\/\/ruffgolf.eu\/wp-content\/uploads\/2024\/09\/markus-gaggl-other-541x541.jpg 541w, https:\/\/ruffgolf.eu\/wp-content\/uploads\/2024\/09\/markus-gaggl-other-456x456.jpg 456w, https:\/\/ruffgolf.eu\/wp-content\/uploads\/2024\/09\/markus-gaggl-other.jpg 693w\" sizes=\"auto, (max-width: 462px) 100vw, 462px\" \/>\t\t\t\t\t\t<\/figure>\n\t\t\t\t\t\t\t\t\t\t\t<\/div>\n\n\t\t\t\t\t<div class=\"testimonial-slider__reference has-background\">\n\t\t\t\t\t\t\t\t\t\t\t<p class=\"testimonial-slider__name\">Markus Gaggl<\/p>\n\t\t\t\t\t\t\n\t\t\t\t\t\t\t\t\t\t\t<p class=\"testimonial-slider__position\">Franchisetagare, RUFF \u00d6sterrike<\/p>\n\t\t\t\t\t\t\t\t\t\t\t<\/div>\n\t\t\t\t<\/div>\n\t\t\t\t\n\t\t\t<\/div>\n\t\t<\/section>\n\n\t\t\t\t\t\n\t<\/div>\n<\/div><\/section>\n\n\n\n<section class=\"qt-section container-default cta-large\">\n\t<div class=\"qt-section__inner grid grid-col-1\">\n\t\t<div class=\"qt-container\">\n\t\t\t<h2 class=\"wp-block-heading has-text-align-center has-accent-1-color has-text-color has-xxl-font-size\">Bereit f\u00fcr einen coolen Abend?<\/h2>\n\t\t\t<div class=\"wp-block-buttons is-content-justification-center\">\n\t\t\t\t<div class=\"wp-block-button is-style-button-cta\">\n\t\t\t\t\t<a href=\"#booking\" class=\"wp-block-button__link wp-element-button\" title=\"Jetzt buchen\" target=\"\">Jetzt buchen<\/a>\n\t\t\t\t<\/div>\n\t\t\t<\/div>\n\t\t<\/div>\n\t<\/div>\n<\/section>\n\n\n\n<section class=\"qt-section linked-boxes\">\n\t<div class=\"qt-section__inner grid grid-col-4\">\n\t\n\t\t\t<div class=\"qt-container card-linked-box has-background\">\n\t\t\t\t<a href=\"https:\/\/ruffgolf.eu\/at\/indoor-golf\/\" title=\"Unsere Einrichtungen\" target=\"\">\n\t\t\t\t\t<h2>Unsere Einrichtungen<\/h2>\n\t\t\t\t\t<p>Finde deine n\u00e4chste RUFF-Anlage, um die \u00d6ffnungszeiten und Veranstaltungen zu sehen.<\/p>\n\t\t\t\t<\/a>\n\t\t\t<\/div>\n\t\t\t\n\t\t\t\n\t\t\t<div class=\"qt-container card-linked-box has-background\">\n\t\t\t\t<a href=\"https:\/\/ruffgolf.eu\/at\/franchise\/\" title=\"Franchise\" target=\"\">\n\t\t\t\t\t<h2>Franchisenehmer<\/h2>\n\t\t\t\t\t<p>Werden Sie Franchisenehmer und er\u00f6ffnen Sie Ihre eigene RUFF-Anlage.<\/p>\n\t\t\t\t<\/a>\n\t\t\t<\/div>\n\t\t\t\n\t\t\t\n\t\t\t<div class=\"qt-container card-linked-box has-background\">\n\t\t\t\t<a href=\"https:\/\/apps.apple.com\/de\/app\/ruff-golf\/id6449463765\" title=\"Laden Sie die App\" target=\"_blank\" rel=\"noopener\">\n\t\t\t\t\t<h2>RUFF App<\/h2>\n\t\t\t\t\t<p>Erhalte die neuesten Nachrichten und sammle Punkte f\u00fcr deine Eink\u00e4ufe.<\/p>\n\t\t\t\t<\/a>\n\t\t\t<\/div>\n\t\t\t\n\t\t\t\n\t\t\t<div class=\"qt-container card-linked-box has-background\">\n\t\t\t\t<a href=\"https:\/\/ruffgolf.eu\/at\/faq\/\" title=\"Fragen und Antworten\" target=\"\">\n\t\t\t\t\t<h2>Fragen und Antworten<\/h2>\n\t\t\t\t\t<p>Hier findest du Antworten auf unsere h\u00e4ufigsten Fragen.<\/p>\n\t\t\t\t<\/a>\n\t\t\t<\/div>\n\t\t\t\n\t\t\t\t<\/div>\n<\/section>\n","protected":false},"excerpt":{"rendered":"","protected":false},"author":1,"featured_media":0,"parent":0,"menu_order":0,"comment_status":"closed","ping_status":"closed","template":"","meta":{"_acf_changed":false,"footnotes":""},"class_list":["post-1920","page","type-page","status-publish","hentry"],"acf":[],"_links":{"self":[{"href":"https:\/\/ruffgolf.eu\/at\/wp-json\/wp\/v2\/pages\/1920","targetHints":{"allow":["GET"]}}],"collection":[{"href":"https:\/\/ruffgolf.eu\/at\/wp-json\/wp\/v2\/pages"}],"about":[{"href":"https:\/\/ruffgolf.eu\/at\/wp-json\/wp\/v2\/types\/page"}],"author":[{"embeddable":true,"href":"https:\/\/ruffgolf.eu\/at\/wp-json\/wp\/v2\/users\/1"}],"replies":[{"embeddable":true,"href":"https:\/\/ruffgolf.eu\/at\/wp-json\/wp\/v2\/comments?post=1920"}],"version-history":[{"count":33,"href":"https:\/\/ruffgolf.eu\/at\/wp-json\/wp\/v2\/pages\/1920\/revisions"}],"predecessor-version":[{"id":8694,"href":"https:\/\/ruffgolf.eu\/at\/wp-json\/wp\/v2\/pages\/1920\/revisions\/8694"}],"wp:attachment":[{"href":"https:\/\/ruffgolf.eu\/at\/wp-json\/wp\/v2\/media?parent=1920"}],"curies":[{"name":"wp","href":"https:\/\/api.w.org\/{rel}","templated":true}]}}