{"id":5572,"date":"2025-04-21T13:57:49","date_gmt":"2025-04-21T11:57:49","guid":{"rendered":"https:\/\/ruffgolf.eu\/?page_id=5572"},"modified":"2025-04-21T13:57:50","modified_gmt":"2025-04-21T11:57:50","slug":"custom-fitting","status":"publish","type":"page","link":"https:\/\/ruffgolf.eu\/at\/custom-fitting\/","title":{"rendered":"Custom Fitting"},"content":{"rendered":"\n<section class=\"qt-section container-m\"><div class=\"qt-section__inner grid grid-col-1\">\n<div class=\"qt-container\">\n<p class=\"has-text-align-center is-style-eyebrow\">hitta r\u00e4tt utrustning<\/p>\n\n\n\n<h1 class=\"wp-block-heading has-text-align-center\">CUSTOM FItting<\/h1>\n\n\n\n<p class=\"has-text-align-center\"><br\/>Pressa dina gr\u00e4nser med banbrytande teknik och analys: Mer \u00e4n 30 000 kombinationer anpassade f\u00f6r din golf!<\/p>\n\n\n\n<div class=\"wp-block-buttons is-content-justification-center is-layout-flex wp-container-core-buttons-is-layout-a89b3969 wp-block-buttons-is-layout-flex\"><\/div>\n<\/div>\n<\/div><\/section>\n\n<section class=\"qt-section container-m\"><div class=\"qt-section__inner grid grid-col-1\">\n<div class=\"qt-container\">\n<figure class=\"wp-block-embed is-type-video is-provider-youtube wp-block-embed-youtube wp-embed-aspect-16-9 wp-has-aspect-ratio\"><div class=\"wp-block-embed__wrapper\">\n<iframe loading=\"lazy\" title=\"RUFF x DOMA - World class custom fitting experience\" width=\"500\" height=\"281\" src=\"https:\/\/www.youtube.com\/embed\/HMPMlvFX2T0?feature=oembed\" frameborder=\"0\" allow=\"accelerometer; autoplay; clipboard-write; encrypted-media; gyroscope; picture-in-picture; web-share\" referrerpolicy=\"strict-origin-when-cross-origin\" allowfullscreen><\/iframe>\n<\/div><\/figure>\n<\/div>\n<\/div><\/section>\n\n<section class=\"qt-section container-default is-style-tilt-background\"><div class=\"qt-section__inner grid grid-col-1\">\n<div class=\"qt-container\">\n<section class=\"qt-section container-default is-style-section-image-right\"><div class=\"qt-section__inner grid grid-col-2\">\n<div class=\"qt-container is-vertically-aligned-center is-style-text\">\n<p class=\"is-style-eyebrow\">Ruff franchise<\/p>\n\n\n\n<h2 class=\"wp-block-heading\"><strong>Custom Fitting \u2013 i samarbete med DOMA Golf<\/strong><\/h2>\n\n\n\n<p>Vi p\u00e5 RUFF Golf erbjuder nu professionell <strong>custom fitting<\/strong> direkt p\u00e5 v\u00e5ra anl\u00e4ggningar runt om i Sverige \u2013 i samarbete med det svenska premiumvarum\u00e4rket <strong>DOMA Golf<\/strong>. Tillsammans hj\u00e4lper vi dig att hitta den perfekta utrustningen, helt anpassad efter din sving, ditt spel och dina m\u00e5l.<\/p>\n\n\n\n<p>V\u00e5r fitting-tj\u00e4nst kombinerar avancerad teknik, expertis och personlig r\u00e5dgivning f\u00f6r att ge dig b\u00e4sta m\u00f6jliga f\u00f6ruts\u00e4ttningar p\u00e5 banan. Med m\u00f6jlighet att prova ut utrustning p\u00e5 plats i en realistisk tr\u00e4ningsmilj\u00f6 tar vi ditt golfspel till n\u00e4sta niv\u00e5.<\/p>\n<\/div>\n\n\n\n<div class=\"qt-container is-vertically-aligned-center is-style-image\">\n<figure class=\"wp-block-image size-4-3-medium\"><img loading=\"lazy\" decoding=\"async\" width=\"622\" height=\"467\" src=\"https:\/\/ruffgolf.eu\/wp-content\/uploads\/2025\/04\/Untitled-design-622x467.jpg\" alt=\"\" class=\"wp-image-5527\" srcset=\"https:\/\/ruffgolf.eu\/wp-content\/uploads\/2025\/04\/Untitled-design-622x467.jpg 622w, https:\/\/ruffgolf.eu\/wp-content\/uploads\/2025\/04\/Untitled-design-300x225.jpg 300w, https:\/\/ruffgolf.eu\/wp-content\/uploads\/2025\/04\/Untitled-design-768x576.jpg 768w, https:\/\/ruffgolf.eu\/wp-content\/uploads\/2025\/04\/Untitled-design-462x347.jpg 462w, https:\/\/ruffgolf.eu\/wp-content\/uploads\/2025\/04\/Untitled-design-592x444.jpg 592w, https:\/\/ruffgolf.eu\/wp-content\/uploads\/2025\/04\/Untitled-design-721x541.jpg 721w, https:\/\/ruffgolf.eu\/wp-content\/uploads\/2025\/04\/Untitled-design-608x456.jpg 608w, https:\/\/ruffgolf.eu\/wp-content\/uploads\/2025\/04\/Untitled-design.jpg 933w\" sizes=\"auto, (max-width: 622px) 100vw, 622px\" \/><\/figure>\n<\/div>\n<\/div><\/section>\n<\/div>\n\n\n\n<div class=\"qt-container\">\n<section class=\"qt-section container-default is-style-section-image-left\"><div class=\"qt-section__inner grid grid-col-2\">\n<div class=\"qt-container is-vertically-aligned-center is-style-image\">\n<figure class=\"wp-block-image size-4-3-medium\"><img loading=\"lazy\" decoding=\"async\" width=\"622\" height=\"467\" src=\"https:\/\/ruffgolf.eu\/wp-content\/uploads\/2025\/04\/Untitled-design-1-622x467.jpg\" alt=\"\" class=\"wp-image-5542\" srcset=\"https:\/\/ruffgolf.eu\/wp-content\/uploads\/2025\/04\/Untitled-design-1-622x467.jpg 622w, https:\/\/ruffgolf.eu\/wp-content\/uploads\/2025\/04\/Untitled-design-1-300x225.jpg 300w, https:\/\/ruffgolf.eu\/wp-content\/uploads\/2025\/04\/Untitled-design-1-768x576.jpg 768w, https:\/\/ruffgolf.eu\/wp-content\/uploads\/2025\/04\/Untitled-design-1-462x347.jpg 462w, https:\/\/ruffgolf.eu\/wp-content\/uploads\/2025\/04\/Untitled-design-1-592x444.jpg 592w, https:\/\/ruffgolf.eu\/wp-content\/uploads\/2025\/04\/Untitled-design-1-721x541.jpg 721w, https:\/\/ruffgolf.eu\/wp-content\/uploads\/2025\/04\/Untitled-design-1-608x456.jpg 608w, https:\/\/ruffgolf.eu\/wp-content\/uploads\/2025\/04\/Untitled-design-1.jpg 933w\" sizes=\"auto, (max-width: 622px) 100vw, 622px\" \/><\/figure>\n<\/div>\n\n\n\n<div class=\"qt-container is-vertically-aligned-center is-style-text\">\n<p class=\"is-style-eyebrow\">Ruff franchise<\/p>\n\n\n\n<h2 class=\"wp-block-heading\"><strong>Om DOMA Golf<\/strong><\/h2>\n\n\n\n<p>DOMA Golf \u00e4r varum\u00e4rke som specialiserar sig p\u00e5 att erbjuda h\u00f6gkvalitativ golfutrustning och skr\u00e4ddarsydda l\u00f6sningar f\u00f6r golfare p\u00e5 alla niv\u00e5er. Genom att kombinera avancerad teknologi med expertanalys tillhandah\u00e5ller DOMA \u00f6ver 30 000 unika utrustningskombinationer \u2013 allt f\u00f6r att optimera varje spelares prestation.<\/p>\n\n\n\n<p>F\u00f6retaget fokuserar p\u00e5 att skapa den perfekta passformen mellan golfaren och utrustningen, vilket resulterar i f\u00f6rb\u00e4ttrad komfort, kontroll och effektivitet p\u00e5 banan. Med ett starkt engagemang f\u00f6r innovation och kundanpassning, str\u00e4var DOMA efter att hj\u00e4lpa golfare att n\u00e5 sin fulla potential genom individuellt anpassade l\u00f6sningar.<\/p>\n<\/div>\n<\/div><\/section>\n<\/div>\n<\/div><\/section>\n\n<section class=\"qt-section container-default\"><div class=\"qt-section__inner grid grid-col-1\">\n<div class=\"qt-container\">\n<h2 class=\"wp-block-heading has-text-align-center\">Kommande event<\/h2>\n\n\n\n<p class=\"has-text-align-center has-accent-1-color has-text-color has-link-color wp-elements-043457eb1cc8a398c8370a0f35d6733b\">Kommer snart<\/p>\n<\/div>\n<\/div><\/section>\n\n<section class=\"qt-section container-m\" id=\"contact\"><div class=\"qt-section__inner grid grid-col-1 has-background has-base-2-background-color\" style=\"background-color:#1B2B27\">\n<div class=\"qt-container\">\n<h2 class=\"wp-block-heading has-text-align-center\">Intresserad av custom fitting?<\/h2>\n<\/div>\n\n\n\n<div class=\"qt-container\">\n\n<div class=\"wpcf7 no-js\" id=\"wpcf7-f5561-o1\" lang=\"de-AT\" dir=\"ltr\" data-wpcf7-id=\"5561\">\n<div class=\"screen-reader-response\"><p role=\"status\" aria-live=\"polite\" aria-atomic=\"true\"><\/p> <ul><\/ul><\/div>\n<form action=\"\/at\/wp-json\/wp\/v2\/pages\/5572#wpcf7-f5561-o1\" method=\"post\" class=\"wpcf7-form init\" aria-label=\"Contact form\" novalidate=\"novalidate\" data-status=\"init\">\n<fieldset class=\"hidden-fields-container\"><input type=\"hidden\" name=\"_wpcf7\" value=\"5561\" \/><input type=\"hidden\" name=\"_wpcf7_version\" value=\"6.1.5\" \/><input type=\"hidden\" name=\"_wpcf7_locale\" value=\"de_AT\" \/><input type=\"hidden\" name=\"_wpcf7_unit_tag\" value=\"wpcf7-f5561-o1\" \/><input type=\"hidden\" name=\"_wpcf7_container_post\" value=\"0\" \/><input type=\"hidden\" name=\"_wpcf7_posted_data_hash\" value=\"\" \/><input type=\"hidden\" name=\"_wpcf7_recaptcha_response\" value=\"\" \/>\n<\/fieldset>\n<p><label>Standorte<\/label><span class=\"wpcf7-form-control-wrap\" data-name=\"select-location\"><select class=\"wpcf7-form-control wpcf7-select wpcf7-validates-as-required\" aria-required=\"true\" aria-invalid=\"false\" name=\"select-location\"><option value=\"\">&#8212;Please choose an option&#8212;<\/option><option value=\"1956\">Leonding Indoor Golf<\/option><option value=\"5721\">Leonding Minigolf<\/option><\/select><\/span>\n<\/p>\n<p><label>Name<\/label><span class=\"wpcf7-form-control-wrap\" data-name=\"input-fullname\"><input size=\"40\" maxlength=\"400\" class=\"wpcf7-form-control wpcf7-text wpcf7-validates-as-required\" aria-required=\"true\" aria-invalid=\"false\" value=\"\" type=\"text\" name=\"input-fullname\" \/><\/span>\n<\/p>\n<p><label>E-Mail<\/label><span class=\"wpcf7-form-control-wrap\" data-name=\"input-email\"><input size=\"40\" maxlength=\"400\" class=\"wpcf7-form-control wpcf7-email wpcf7-validates-as-required wpcf7-text wpcf7-validates-as-email\" aria-required=\"true\" aria-invalid=\"false\" value=\"\" type=\"email\" name=\"input-email\" \/><\/span>\n<\/p>\n<p><label>Message<\/label><span class=\"wpcf7-form-control-wrap\" data-name=\"input-message\"><textarea cols=\"40\" rows=\"6\" maxlength=\"2000\" class=\"wpcf7-form-control wpcf7-textarea wpcf7-validates-as-required\" aria-required=\"true\" aria-invalid=\"false\" name=\"input-message\"><\/textarea><\/span>\n<\/p>\n<p class=\"acceptance\">Durch das Ausf\u00fcllen und Absenden dieses Formulars stimmen Sie zu, dass RUFF Invest AB Ihre personenbezogenen Daten gem\u00e4\u00df unserer <a href=\"\/at\/datenschutz\/\" rel=\"nofollow noopener\" target=\"_blank\">Datenschutzrichtlinie<\/a> speichert. Diese Seite ist durch reCAPTCHA gesch\u00fctzt, und es gelten die <a href=\"https:\/\/policies.google.com\/privacy?hl=de\" rel=\"nofollow noopener\" target=\"_blank\">Datenschutzrichtlinie<\/a> und <a href=\"https:\/\/policies.google.com\/terms?hl=de\" rel=\"nofollow noopener\" target=\"_blank\">Nutzungsbedingungen<\/a> von Google.\n<\/p>\n<div class=\"submit\">\n\t<p><input class=\"wpcf7-form-control wpcf7-submit has-spinner\" type=\"submit\" value=\"Absenden\" \/>\n\t<\/p>\n<\/div><div class=\"wpcf7-response-output\" aria-hidden=\"true\"><\/div>\n<\/form>\n<\/div>\n\n<\/div>\n<\/div><\/section>\n","protected":false},"excerpt":{"rendered":"","protected":false},"author":1,"featured_media":0,"parent":0,"menu_order":0,"comment_status":"closed","ping_status":"closed","template":"","meta":{"_acf_changed":false,"footnotes":""},"class_list":["post-5572","page","type-page","status-publish","hentry"],"acf":[],"_links":{"self":[{"href":"https:\/\/ruffgolf.eu\/at\/wp-json\/wp\/v2\/pages\/5572","targetHints":{"allow":["GET"]}}],"collection":[{"href":"https:\/\/ruffgolf.eu\/at\/wp-json\/wp\/v2\/pages"}],"about":[{"href":"https:\/\/ruffgolf.eu\/at\/wp-json\/wp\/v2\/types\/page"}],"author":[{"embeddable":true,"href":"https:\/\/ruffgolf.eu\/at\/wp-json\/wp\/v2\/users\/1"}],"replies":[{"embeddable":true,"href":"https:\/\/ruffgolf.eu\/at\/wp-json\/wp\/v2\/comments?post=5572"}],"version-history":[{"count":2,"href":"https:\/\/ruffgolf.eu\/at\/wp-json\/wp\/v2\/pages\/5572\/revisions"}],"predecessor-version":[{"id":5617,"href":"https:\/\/ruffgolf.eu\/at\/wp-json\/wp\/v2\/pages\/5572\/revisions\/5617"}],"wp:attachment":[{"href":"https:\/\/ruffgolf.eu\/at\/wp-json\/wp\/v2\/media?parent=5572"}],"curies":[{"name":"wp","href":"https:\/\/api.w.org\/{rel}","templated":true}]}}