{"id":8140,"date":"2026-02-11T12:12:26","date_gmt":"2026-02-11T11:12:26","guid":{"rendered":"https:\/\/ruffgolf.eu\/?page_id=8140"},"modified":"2026-02-16T16:07:15","modified_gmt":"2026-02-16T15:07:15","slug":"teste-takomo","status":"publish","type":"page","link":"https:\/\/ruffgolf.eu\/at\/teste-takomo\/","title":{"rendered":"Teste Takomo"},"content":{"rendered":"\n<section class=\"qt-section container-m\"><div class=\"qt-section__inner grid grid-col-1\">\n<div class=\"qt-container\">\n<p class=\"has-text-align-center is-style-eyebrow\"><br><br><strong>Teste Takomo Golf bei RUFF<\/strong><\/p>\n\n\n\n<h1 class=\"wp-block-heading has-text-align-center\"><strong>Offizieller Testing Partner von Takomo Golf<\/strong><\/h1>\n\n\n\n<p class=\"has-text-align-center\">M\u00f6chtest du <strong>Takomo Golf Schl\u00e4ger testen<\/strong>, bevor du eine Kaufentscheidung triffst?<\/p>\n\n\n\n<p class=\"has-text-align-center\">Bei RUFF Golf kannst du Takomo in einer modernen, professionellen Indoor-Umgebung erleben.<\/p>\n\n\n\n<p class=\"has-text-align-center\">Als offizieller <strong>Testing Partner von Takomo Golf<\/strong> geben wir dir die M\u00f6glichkeit, die Schl\u00e4ger im Simulator zu testen, zu f\u00fchlen und detailliert zu analysieren \u2013 bevor du bestellst.<\/p>\n<\/div>\n<\/div><\/section>\n\n\n\n<section class=\"qt-section container-m\"><div class=\"qt-section__inner grid grid-col-1\">\n<div class=\"qt-container\">\n<figure class=\"wp-block-embed is-type-video is-provider-youtube wp-block-embed-youtube wp-embed-aspect-16-9 wp-has-aspect-ratio\"><div class=\"wp-block-embed__wrapper\">\n<iframe loading=\"lazy\" title=\"TAKOMO x RUFF\" width=\"500\" height=\"281\" src=\"https:\/\/www.youtube.com\/embed\/ik2NpoxNrUg?feature=oembed\" frameborder=\"0\" allow=\"accelerometer; autoplay; clipboard-write; encrypted-media; gyroscope; picture-in-picture; web-share\" referrerpolicy=\"strict-origin-when-cross-origin\" allowfullscreen><\/iframe>\n<\/div><\/figure>\n<\/div>\n<\/div><\/section>\n\n\n\n<section class=\"qt-section container-default is-style-tilt-background\"><div class=\"qt-section__inner grid grid-col-1\">\n<div class=\"qt-container\">\n<section class=\"qt-section container-default is-style-section-image-right\"><div class=\"qt-section__inner grid grid-col-2\">\n<div class=\"qt-container is-vertically-aligned-center is-style-text\">\n<p class=\"is-style-eyebrow\"><\/p>\n\n\n\n<h2 class=\"wp-block-heading\"><strong>Warum Takomo bei RUFF testen?<\/strong><\/h2>\n\n\n\n<p>Takomo hat sich schnell zu einer der spannendsten Marken im Golfsport entwickelt. Mit seinem Direct-to-Consumer-Modell bietet Takomo <strong>hochwertige Performance-Schl\u00e4ger mit klarem skandinavischem Design<\/strong> \u2013 ohne unn\u00f6tige Zwischenh\u00e4ndler.<\/p>\n\n\n\n<p>Bei RUFF kannst du:<\/p>\n\n\n\n<ul class=\"wp-block-list\">\n<li>Takomo-Schl\u00e4ger in einem realistischen Golfsimulator testen<\/li>\n\n\n\n<li>Mit echten Golfb\u00e4llen schlagen und sofort Feedback erhalten<\/li>\n\n\n\n<li>Ballflug, Carry-Distanz, Spin und Genauigkeit in Echtzeit analysieren<\/li>\n\n\n\n<li>Deine Entscheidung auf Basis echter Daten statt nur nach Gef\u00fchl treffen<\/li>\n\n\n\n<li>In einer modernen, privaten Indoor-Umgebung trainieren und testen<\/li>\n<\/ul>\n<\/div>\n\n\n\n<div class=\"qt-container is-vertically-aligned-center is-style-image\">\n<figure class=\"wp-block-image size-4-3-medium\"><img loading=\"lazy\" decoding=\"async\" width=\"350\" height=\"467\" src=\"https:\/\/ruffgolf.eu\/wp-content\/uploads\/2026\/02\/Namnlost-1Rityta-1-kopiera-350x467.png\" alt=\"\" class=\"wp-image-8078\" srcset=\"https:\/\/ruffgolf.eu\/wp-content\/uploads\/2026\/02\/Namnlost-1Rityta-1-kopiera-350x467.png 350w, https:\/\/ruffgolf.eu\/wp-content\/uploads\/2026\/02\/Namnlost-1Rityta-1-kopiera-225x300.png 225w, https:\/\/ruffgolf.eu\/wp-content\/uploads\/2026\/02\/Namnlost-1Rityta-1-kopiera-768x1024.png 768w, https:\/\/ruffgolf.eu\/wp-content\/uploads\/2026\/02\/Namnlost-1Rityta-1-kopiera-347x462.png 347w, https:\/\/ruffgolf.eu\/wp-content\/uploads\/2026\/02\/Namnlost-1Rityta-1-kopiera-444x592.png 444w, https:\/\/ruffgolf.eu\/wp-content\/uploads\/2026\/02\/Namnlost-1Rityta-1-kopiera-260x347.png 260w, https:\/\/ruffgolf.eu\/wp-content\/uploads\/2026\/02\/Namnlost-1Rityta-1-kopiera-462x616.png 462w, https:\/\/ruffgolf.eu\/wp-content\/uploads\/2026\/02\/Namnlost-1Rityta-1-kopiera-622x829.png 622w, https:\/\/ruffgolf.eu\/wp-content\/uploads\/2026\/02\/Namnlost-1Rityta-1-kopiera-406x541.png 406w, https:\/\/ruffgolf.eu\/wp-content\/uploads\/2026\/02\/Namnlost-1Rityta-1-kopiera-342x456.png 342w, https:\/\/ruffgolf.eu\/wp-content\/uploads\/2026\/02\/Namnlost-1Rityta-1-kopiera.png 960w\" sizes=\"auto, (max-width: 350px) 100vw, 350px\" \/><\/figure>\n<\/div>\n<\/div><\/section>\n<\/div>\n\n\n\n<div class=\"qt-container\"><\/div>\n<\/div><\/section>\n\n\n\n<section class=\"qt-section container-l\"><div class=\"qt-section__inner grid grid-col-1\">\n<div class=\"qt-container\">\n<h2 class=\"wp-block-heading has-text-align-center\"><br><br><strong>H\u00e4ufig gestellte Fragen<\/strong><\/h2>\n<\/div>\n<\/div><\/section>\n\n\n\n<section class=\"qt-section container-default\"><div class=\"qt-section__inner grid grid-col-1\">\n<div class=\"qt-container\">\t<div class=\"faq\">\n\t\t\t<div class=\"accordion-item\">\n\t\t\t<div class=\"accordion-item__heading\">\n\t\t\t\t<h2>Ist das Testen der Takomo-Schl\u00e4ger mit zus\u00e4tzlichen Kosten verbunden?<\/h2>\n\t\t\t\t<span class=\"accordion-item__icon\">\n\t\t\t\t\t<span class=\"accordion-icon__inner\">\n\t\t\t\t\t\t<img loading=\"lazy\" decoding=\"async\" src=\"https:\/\/ruffgolf.eu\/wp-content\/themes\/q-theme\/assets\/images\/caret.svg\" alt=\"Downward-facing arrow\" width=\"12\" height=\"12\">\n\t\t\t\t\t<\/span>\n\t\t\t\t<\/span>\n\t\t\t<\/div>\n\t\t\t<div class=\"accordion-item__content\">\n\t\t\t\t<div class=\"accordion-content__inner\">\n\t\t\t\t\t<p class=\"p1\">Du buchst einfach eine regul\u00e4re Simulator-Session und kannst w\u00e4hrend deines Termins Takomo-Schl\u00e4ger testen.<\/p>\n\t\t\t\t<\/div>\n\t\t\t<\/div>\n\t\t<\/div>\n\t\t\t\t<div class=\"accordion-item\">\n\t\t\t<div class=\"accordion-item__heading\">\n\t\t\t\t<h2>Kann ich die Schl\u00e4ger direkt bei RUFF kaufen?<\/h2>\n\t\t\t\t<span class=\"accordion-item__icon\">\n\t\t\t\t\t<span class=\"accordion-icon__inner\">\n\t\t\t\t\t\t<img loading=\"lazy\" decoding=\"async\" src=\"https:\/\/ruffgolf.eu\/wp-content\/themes\/q-theme\/assets\/images\/caret.svg\" alt=\"Downward-facing arrow\" width=\"12\" height=\"12\">\n\t\t\t\t\t<\/span>\n\t\t\t\t<\/span>\n\t\t\t<\/div>\n\t\t\t<div class=\"accordion-item__content\">\n\t\t\t\t<div class=\"accordion-content__inner\">\n\t\t\t\t\t<p class=\"p1\">Nein \u2013 RUFF ist offizieller Testing Partner. Der Kauf erfolgt \u00fcber die offizielle <a href=\"https:\/\/takomogolf.com\/RUFF-Leonding\" target=\"_blank\" rel=\"noopener\">Website von Takomo.<\/a><\/p>\n\t\t\t\t<\/div>\n\t\t\t<\/div>\n\t\t<\/div>\n\t\t\t\t<div class=\"accordion-item\">\n\t\t\t<div class=\"accordion-item__heading\">\n\t\t\t\t<h2>Muss ich im Voraus buchen?<\/h2>\n\t\t\t\t<span class=\"accordion-item__icon\">\n\t\t\t\t\t<span class=\"accordion-icon__inner\">\n\t\t\t\t\t\t<img loading=\"lazy\" decoding=\"async\" src=\"https:\/\/ruffgolf.eu\/wp-content\/themes\/q-theme\/assets\/images\/caret.svg\" alt=\"Downward-facing arrow\" width=\"12\" height=\"12\">\n\t\t\t\t\t<\/span>\n\t\t\t\t<\/span>\n\t\t\t<\/div>\n\t\t\t<div class=\"accordion-item__content\">\n\t\t\t\t<div class=\"accordion-content__inner\">\n\t\t\t\t\t<p class=\"p1\">Ja, wir empfehlen eine Vorausbuchung, damit die Test-Schl\u00e4ger verf\u00fcgbar sind.<\/p>\n\t\t\t\t<\/div>\n\t\t\t<\/div>\n\t\t<\/div>\n\t\t\t<\/div>\n\n\t<\/div>\n<\/div><\/section>\n\n\n\n<section class=\"qt-section container-m cta-small\">\n\t<div class=\"qt-section__inner grid grid-col-2 has-background\">\n\t\t<div class=\"qt-container\">\n\t\t\t<h2 class=\"wp-block-heading has-base-2-color has-text-color has-l-font-size\">Simulator buchen<\/h2>\n\t\t<\/div>\n\t\t<div class=\"qt-container \">\n\t\t\t<div class=\"wp-block-buttons\">\n\t\t\t\t<div class=\"wp-block-button is-style-fill\">\n\t\t\t\t\t<a href=\"https:\/\/ruffgolf.eu\/at\/indoor-golf\/\" class=\"wp-block-button__link wp-element-button\" title=\"Jetzt buchen\" target=\"\">Jetzt buchen<\/a>\n\t\t\t\t<\/div>\n\t\t\t<\/div>\n\t\t<\/div>\n\t<\/div>\n<\/section>\n","protected":false},"excerpt":{"rendered":"","protected":false},"author":2,"featured_media":0,"parent":0,"menu_order":0,"comment_status":"closed","ping_status":"closed","template":"","meta":{"_acf_changed":false,"footnotes":""},"class_list":["post-8140","page","type-page","status-publish","hentry"],"acf":[],"_links":{"self":[{"href":"https:\/\/ruffgolf.eu\/at\/wp-json\/wp\/v2\/pages\/8140","targetHints":{"allow":["GET"]}}],"collection":[{"href":"https:\/\/ruffgolf.eu\/at\/wp-json\/wp\/v2\/pages"}],"about":[{"href":"https:\/\/ruffgolf.eu\/at\/wp-json\/wp\/v2\/types\/page"}],"author":[{"embeddable":true,"href":"https:\/\/ruffgolf.eu\/at\/wp-json\/wp\/v2\/users\/2"}],"replies":[{"embeddable":true,"href":"https:\/\/ruffgolf.eu\/at\/wp-json\/wp\/v2\/comments?post=8140"}],"version-history":[{"count":5,"href":"https:\/\/ruffgolf.eu\/at\/wp-json\/wp\/v2\/pages\/8140\/revisions"}],"predecessor-version":[{"id":8323,"href":"https:\/\/ruffgolf.eu\/at\/wp-json\/wp\/v2\/pages\/8140\/revisions\/8323"}],"wp:attachment":[{"href":"https:\/\/ruffgolf.eu\/at\/wp-json\/wp\/v2\/media?parent=8140"}],"curies":[{"name":"wp","href":"https:\/\/api.w.org\/{rel}","templated":true}]}}