{"id":2868,"date":"2024-09-12T10:46:57","date_gmt":"2024-09-12T08:46:57","guid":{"rendered":"https:\/\/ruffgolf.eu\/?page_id=2868"},"modified":"2024-10-25T12:47:24","modified_gmt":"2024-10-25T10:47:24","slug":"datenschutzerklarung","status":"publish","type":"page","link":"https:\/\/ruffgolf.eu\/ch\/datenschutzerklarung\/","title":{"rendered":"Datenschutzerkl\u00e4rung"},"content":{"rendered":"\n<section class=\"qt-section container-m wp-embed-aspect-16-9 wp-has-aspect-ratio\"><div class=\"qt-section__inner grid grid-col-1\">\n<div class=\"qt-container\">\n<p class=\"has-text-align-center is-style-eyebrow\">DATENSCHUTZERKL\u00c4RUNG<\/p>\n\n\n\n<h1 class=\"wp-block-heading has-text-align-center\">DATENSCHUTZERKL\u00c4RUNG (EU)<\/h1>\n<\/div>\n\n\n\n<div class=\"qt-container\">\n<p>Diese Datenschutzerkl\u00e4rung wurde zuletzt am 18. M\u00e4rz 2024 aktualisiert und gilt f\u00fcr B\u00fcrger und rechtm\u00e4\u00dfig dauerhaft ans\u00e4ssige Personen im Europ\u00e4ischen Wirtschaftsraum und in der Schweiz.<\/p>\n\n\n\n<p>In dieser Datenschutzerkl\u00e4rung erl\u00e4utern wir, was wir mit den Informationen tun, die wir \u00fcber Sie \u00fcber https:\/\/ruffgolf.se erhalten. Wir empfehlen Ihnen, diese Erkl\u00e4rung sorgf\u00e4ltig zu lesen. Bei unserer Verarbeitung halten wir uns an die Anforderungen der Datenschutzgesetze. Dies bedeutet unter anderem, dass:<\/p>\n\n\n\n<ul class=\"wp-block-list\">\n<li>wir klar angeben, f\u00fcr welche Zwecke wir personenbezogene Daten verarbeiten. Dies tun wir durch diese Datenschutzerkl\u00e4rung;<\/li>\n\n\n\n<li>wir uns bem\u00fchen, unsere Erhebung personenbezogener Daten auf das Notwendige zu beschr\u00e4nken, das f\u00fcr legitime Zwecke erforderlich ist;<\/li>\n<\/ul>\n\n\n\n<ul class=\"wp-block-list\">\n<li>wir zun\u00e4chst Ihre ausdr\u00fcckliche Zustimmung einholen, um Ihre personenbezogenen Daten in den F\u00e4llen zu verarbeiten, in denen Ihre Zustimmung erforderlich ist;<\/li>\n<\/ul>\n\n\n\n<ul class=\"wp-block-list\">\n<li>wir geeignete Sicherheitsma\u00dfnahmen ergreifen, um Ihre personenbezogenen Daten zu sch\u00fctzen, und dies auch von den Parteien verlangen, die personenbezogene Daten in unserem Auftrag verarbeiten;<\/li>\n<\/ul>\n\n\n\n<ul class=\"wp-block-list\">\n<li>wir Ihr Recht respektieren, auf Ihre personenbezogenen Daten zuzugreifen oder diese auf Ihre Anfrage hin korrigieren oder l\u00f6schen zu lassen.<\/li>\n<\/ul>\n\n\n\n<p>Wenn Sie Fragen haben oder genau wissen m\u00f6chten, welche Informationen wir \u00fcber Sie haben, wenden Sie sich bitte an uns.<\/p>\n\n\n\n<h2 class=\"wp-block-heading\">1.&nbsp;Zweck, Daten und Aufbewahrungsdauer<\/h2>\n\n\n\n<p>Wir k\u00f6nnen personenbezogene Daten zu verschiedenen Zwecken im Zusammenhang mit unserer Gesch\u00e4ftst\u00e4tigkeit sammeln oder erhalten, einschlie\u00dflich der folgenden: (zum Ausklappen anklicken)<\/p>\n\n\n\n<h3 class=\"wp-block-heading\">1.1 Kontakt \u2013 per Telefon, Post, E-Mail und\/oder Webformular<\/h3>\n\n\n\n<p>F\u00fcr diesen Zweck verwenden wir die folgenden Daten:<\/p>\n\n\n\n<ul class=\"wp-block-list\">\n<li>Vor- und Nachname<\/li>\n\n\n\n<li>E-Mail-Adresse<\/li>\n\n\n\n<li>Telefonnummer<\/li>\n<\/ul>\n\n\n\n<p>Die Rechtsgrundlage, auf der wir diese Daten verarbeiten k\u00f6nnen, ist:<\/p>\n\n\n\n<ul class=\"wp-block-list\">\n<li>Nach erteilter Einwilligung.<\/li>\n<\/ul>\n\n\n\n<p>Wir speichern diese Daten, bis die Dienstleistung beendet ist.<\/p>\n\n\n\n<h2 class=\"wp-block-heading\">2.&nbsp;Weitergabe an Dritte<\/h2>\n\n\n\n<p>Wir geben diese Daten nur zu den folgenden Zwecken an Verarbeitungsunternehmen weiter oder offenbaren sie:<\/p>\n\n\n\n<h2 class=\"wp-block-heading\">3.&nbsp;Cookies<\/h2>\n\n\n\n<p>Unsere Website verwendet Cookies. Weitere Informationen zu Cookies finden Sie in unserer Cookie-Richtlinie.<\/p>\n\n\n\n<h2 class=\"wp-block-heading\">4.&nbsp;Offenlegungspraktiken<\/h2>\n\n\n\n<p>Wir geben personenbezogene Daten preis, wenn wir gesetzlich oder per Gerichtsbeschluss dazu verpflichtet sind, als Reaktion auf eine Strafverfolgungsbeh\u00f6rde, soweit dies durch andere Bestimmungen des Gesetzes zul\u00e4ssig ist, zur Bereitstellung von Informationen oder zur Untersuchung einer Angelegenheit von \u00f6ffentlicher Sicherheit.<\/p>\n\n\n\n<p>Sollte unsere Website oder Organisation \u00fcbernommen, verkauft oder in eine Fusion oder \u00dcbernahme einbezogen werden, k\u00f6nnen Ihre Daten unseren Beratern und potenziellen K\u00e4ufern offengelegt und an die neuen Eigent\u00fcmer \u00fcbergeben werden.<\/p>\n\n\n\n<p>Wir haben einen Datenverarbeitungsvertrag mit Google abgeschlossen.<\/p>\n\n\n\n<p>Google darf die Daten nicht f\u00fcr andere Google-Dienste verwenden.<\/p>\n\n\n\n<p>Wir blockieren Daten \u00fcber vollst\u00e4ndige IP-Adressen.<\/p>\n\n\n\n<h2 class=\"wp-block-heading\">5. Sicherheit<\/h2>\n\n\n\n<p>Wir sind bestrebt, personenbezogene Daten zu sch\u00fctzen. Wir ergreifen geeignete Sicherheitsma\u00dfnahmen, um Missbrauch und unbefugten Zugriff auf personenbezogene Daten zu verhindern. Dies stellt sicher, dass nur notwendige Personen Zugang zu Ihren Daten haben, dass der Zugriff auf die Daten gesch\u00fctzt ist und dass unsere Sicherheitsma\u00dfnahmen regelm\u00e4\u00dfig \u00fcberpr\u00fcft werden.<\/p>\n\n\n\n<h2 class=\"wp-block-heading\">6.&nbsp;Websites Dritter<\/h2>\n\n\n\n<p>Diese Datenschutzerkl\u00e4rung gilt nicht f\u00fcr Websites Dritter, die \u00fcber Links auf unserer Website verbunden sind. Wir k\u00f6nnen nicht garantieren, dass diese Dritten Ihre personenbezogenen Daten zuverl\u00e4ssig oder sicher behandeln. Wir empfehlen, die Datenschutzerkl\u00e4rungen dieser Websites zu lesen, bevor Sie sie nutzen.<\/p>\n\n\n\n<h2 class=\"wp-block-heading\">7.&nbsp;\u00c4nderungen dieser Datenschutzerkl\u00e4rung<\/h2>\n\n\n\n<p>Wir behalten uns das Recht vor, \u00c4nderungen an dieser Datenschutzerkl\u00e4rung vorzunehmen. Wir empfehlen Ihnen, diese Datenschutzerkl\u00e4rung regelm\u00e4\u00dfig zu lesen, um sich \u00fcber m\u00f6gliche \u00c4nderungen zu informieren. Dar\u00fcber hinaus werden wir Sie aktiv informieren, wenn dies m\u00f6glich ist.<\/p>\n\n\n\n<h2 class=\"wp-block-heading\">8.&nbsp;Zugang zu und \u00c4nderung Ihrer Daten<\/h2>\n\n\n\n<p>Wenn Sie Fragen haben oder wissen m\u00f6chten, welche personenbezogenen Daten wir \u00fcber Sie gespeichert haben, wenden Sie sich bitte an uns. Sie k\u00f6nnen uns unter den unten angegebenen Informationen kontaktieren. Sie haben die folgenden Rechte:<\/p>\n\n\n\n<ul class=\"wp-block-list\">\n<li>Sie haben das Recht zu erfahren, warum Ihre personenbezogenen Daten ben\u00f6tigt werden, was mit ihnen geschieht und wie lange sie gespeichert werden.<\/li>\n\n\n\n<li>Recht auf Auskunft: Sie haben das Recht, auf die uns bekannten personenbezogenen Daten zuzugreifen.<\/li>\n\n\n\n<li>Recht auf Berichtigung: Sie haben das Recht, Ihre personenbezogenen Daten jederzeit zu erg\u00e4nzen, zu korrigieren, l\u00f6schen oder sperren zu lassen.<\/li>\n\n\n\n<li>Wenn Sie uns Ihre Einwilligung zur Verarbeitung Ihrer Daten erteilt haben, haben Sie das Recht, diese Einwilligung zu widerrufen und Ihre personenbezogenen Daten l\u00f6schen zu lassen.<\/li>\n\n\n\n<li>Recht auf Daten\u00fcbertragbarkeit: Sie haben das Recht, alle Ihre personenbezogenen Daten vom Verantwortlichen anzufordern und vollst\u00e4ndig an einen anderen Verantwortlichen zu \u00fcbertragen.<\/li>\n\n\n\n<li>Widerspruchsrecht: Sie k\u00f6nnen der Verarbeitung Ihrer Daten widersprechen. Wir werden dies ber\u00fccksichtigen, es sei denn, es gibt berechtigte Gr\u00fcnde f\u00fcr die Verarbeitung.<\/li>\n<\/ul>\n\n\n\n<p>Stellen Sie sicher, dass Sie immer klar angeben, wer Sie sind, damit wir sicherstellen k\u00f6nnen, dass wir keine Daten der falschen Person \u00e4ndern oder l\u00f6schen.<\/p>\n\n\n\n<h2 class=\"wp-block-heading\">9.&nbsp;Beschwerdeeinreichung<\/h2>\n\n\n\n<p>Wenn Sie mit der Art und Weise, wie wir die Verarbeitung Ihrer personenbezogenen Daten (oder eine Beschwerde dar\u00fcber) handhaben, nicht zufrieden sind, haben Sie das Recht, eine Beschwerde bei der Datenschutzbeh\u00f6rde einzureichen.<\/p>\n\n\n\n<h2 class=\"wp-block-heading\">10.&nbsp; Kontaktinformationen<\/h2>\n\n\n\n<p>RUFF Invest AB<br>H\u00e5llgatan 4<br>722 11 V\u00e4ster\u00e5s<\/p>\n\n\n\n<p>Schweden<\/p>\n\n\n\n<p>Website: https:\/\/ruffgolf.se<\/p>\n\n\n\n<p>E-Mail: info@ruffgolf.se<\/p>\n<\/div>\n<\/div><\/section>\n","protected":false},"excerpt":{"rendered":"","protected":false},"author":1,"featured_media":0,"parent":0,"menu_order":0,"comment_status":"closed","ping_status":"closed","template":"","meta":{"_acf_changed":false,"footnotes":""},"class_list":["post-2868","page","type-page","status-publish","hentry"],"acf":[],"_links":{"self":[{"href":"https:\/\/ruffgolf.eu\/ch\/wp-json\/wp\/v2\/pages\/2868","targetHints":{"allow":["GET"]}}],"collection":[{"href":"https:\/\/ruffgolf.eu\/ch\/wp-json\/wp\/v2\/pages"}],"about":[{"href":"https:\/\/ruffgolf.eu\/ch\/wp-json\/wp\/v2\/types\/page"}],"author":[{"embeddable":true,"href":"https:\/\/ruffgolf.eu\/ch\/wp-json\/wp\/v2\/users\/1"}],"replies":[{"embeddable":true,"href":"https:\/\/ruffgolf.eu\/ch\/wp-json\/wp\/v2\/comments?post=2868"}],"version-history":[{"count":3,"href":"https:\/\/ruffgolf.eu\/ch\/wp-json\/wp\/v2\/pages\/2868\/revisions"}],"predecessor-version":[{"id":3310,"href":"https:\/\/ruffgolf.eu\/ch\/wp-json\/wp\/v2\/pages\/2868\/revisions\/3310"}],"wp:attachment":[{"href":"https:\/\/ruffgolf.eu\/ch\/wp-json\/wp\/v2\/media?parent=2868"}],"curies":[{"name":"wp","href":"https:\/\/api.w.org\/{rel}","templated":true}]}}