{"id":2891,"date":"2024-09-11T19:48:50","date_gmt":"2024-09-11T17:48:50","guid":{"rendered":"https:\/\/ruffgolf.eu\/?page_id=2891"},"modified":"2025-12-12T10:34:46","modified_gmt":"2025-12-12T09:34:46","slug":"eventlocation","status":"publish","type":"page","link":"https:\/\/ruffgolf.eu\/ch\/eventlocation\/","title":{"rendered":"Eventlocation"},"content":{"rendered":"\n<section class=\"qt-section container-m wp-embed-aspect-16-9 wp-has-aspect-ratio\"><div class=\"qt-section__inner grid grid-col-1\">\n<div class=\"qt-container\">\n<p class=\"has-text-align-center is-style-eyebrow\">Versammeln sie ihre familie, freunde oder kollegen<\/p>\n\n\n\n<h1 class=\"wp-block-heading has-text-align-center\">RUFF als Eventlocation<\/h1>\n\n\n\n<p class=\"has-text-align-center\"><strong>Ist es wieder Zeit, mit den Kollegen etwas gemeinsam zu unternehmen, die Erfolge des Unternehmens zu feiern oder einfach mal eine wohlverdiente Pause nach einer stressigen Arbeitsphase einzulegen? RUFF Indoor Golf ist die perfekte M\u00f6glichkeit, um das Team zu st\u00e4rken und eine gute Zeit zu haben.<\/strong><\/p>\n\n\n\n<div class=\"wp-block-buttons is-content-justification-center is-layout-flex wp-container-core-buttons-is-layout-a89b3969 wp-block-buttons-is-layout-flex\">\n<div class=\"wp-block-button\"><a class=\"wp-block-button__link wp-element-button\" href=\"#contact\">Jetzt anfragen<\/a><\/div>\n<\/div>\n<\/div>\n<\/div><\/section>\n\n\n\n<section class=\"qt-section container-m wp-embed-aspect-16-9 wp-has-aspect-ratio\"><div class=\"qt-section__inner grid grid-col-1\">\n<div class=\"qt-container\">\n<figure class=\"wp-block-embed is-type-video is-provider-youtube wp-block-embed-youtube wp-embed-aspect-16-9 wp-has-aspect-ratio\"><div class=\"wp-block-embed__wrapper\">\n<iframe loading=\"lazy\" title=\"RUFF Golf\" width=\"500\" height=\"281\" src=\"https:\/\/www.youtube.com\/embed\/pmgBwTpfe9M?feature=oembed\" frameborder=\"0\" allow=\"accelerometer; autoplay; clipboard-write; encrypted-media; gyroscope; picture-in-picture; web-share\" referrerpolicy=\"strict-origin-when-cross-origin\" allowfullscreen><\/iframe>\n<\/div><\/figure>\n<\/div>\n<\/div><\/section>\n\n\n\n<section class=\"qt-section container-default wp-embed-aspect-16-9 wp-has-aspect-ratio\"><div class=\"qt-section__inner grid grid-col-1\">\n<div class=\"qt-container\">\n<section class=\"qt-section container-default is-style-section-image-right\"><div class=\"qt-section__inner grid grid-col-2\">\n<div class=\"qt-container is-vertically-aligned-center is-style-text\">\n<p class=\"is-style-eyebrow\">Weltklasse-aktivit\u00e4t<\/p>\n\n\n\n<h2 class=\"wp-block-heading\">RUFF Indoor Golf &#8211; Events<\/h2>\n\n\n\n<p>Steht wieder einmal ein gemeinsames Event mit Kollegen an, um den n\u00e4chsten Geburtstag zu feiern, oder steht eine Weihnachtsfeier bevor? RUFF Indoor Golf bietet das perfekte Paket f\u00fcr jedes berufliche oder private Event.<\/p>\n\n\n\n<p>Standard Paket:<\/p>\n\n\n\n<ul class=\"wp-block-list\">\n<li>Tour &amp; Einf\u00fchrung durch einen unserer Experten<\/li>\n\n\n\n<li>Essen &amp; Getr\u00e4nke<\/li>\n\n\n\n<li>Leih-Ausr\u00fcstung<\/li>\n\n\n\n<li>Begleitung durch ihren Event<\/li>\n\n\n\n<li>Jede Menge Spass und Abwechslung Garantiert <\/li>\n<\/ul>\n\n\n\n<p>Mieten Sie eine Golf-Lounge und laden Sie ihre Familie, Freunde oder Kollegen zu spannenden Indoor-Golf, k\u00f6stlichem Essen und Getr\u00e4nken in einer sch\u00f6nen Umgebung ein.<\/p>\n\n\n\n<div class=\"wp-block-buttons is-layout-flex wp-block-buttons-is-layout-flex\">\n<div class=\"wp-block-button is-style-button-with-arrow\"><a class=\"wp-block-button__link wp-element-button\" href=\"#contact\">Fragen sie ihr individuelles Angebot an<\/a><\/div>\n<\/div>\n<\/div>\n\n\n\n<div class=\"qt-container is-vertically-aligned-center is-style-image\">\n<figure class=\"wp-block-image size-3-4-medium\"><img loading=\"lazy\" decoding=\"async\" width=\"622\" height=\"829\" src=\"https:\/\/ruffgolf.eu\/wp-content\/uploads\/2024\/09\/indoor-golf-event-622x829.jpg\" alt=\"\" class=\"wp-image-1504\" srcset=\"https:\/\/ruffgolf.eu\/wp-content\/uploads\/2024\/09\/indoor-golf-event-622x829.jpg 622w, https:\/\/ruffgolf.eu\/wp-content\/uploads\/2024\/09\/indoor-golf-event-225x300.jpg 225w, https:\/\/ruffgolf.eu\/wp-content\/uploads\/2024\/09\/indoor-golf-event-768x1024.jpg 768w, https:\/\/ruffgolf.eu\/wp-content\/uploads\/2024\/09\/indoor-golf-event-347x462.jpg 347w, https:\/\/ruffgolf.eu\/wp-content\/uploads\/2024\/09\/indoor-golf-event-444x592.jpg 444w, https:\/\/ruffgolf.eu\/wp-content\/uploads\/2024\/09\/indoor-golf-event-260x347.jpg 260w, https:\/\/ruffgolf.eu\/wp-content\/uploads\/2024\/09\/indoor-golf-event-350x467.jpg 350w, https:\/\/ruffgolf.eu\/wp-content\/uploads\/2024\/09\/indoor-golf-event-462x616.jpg 462w, https:\/\/ruffgolf.eu\/wp-content\/uploads\/2024\/09\/indoor-golf-event-406x541.jpg 406w, https:\/\/ruffgolf.eu\/wp-content\/uploads\/2024\/09\/indoor-golf-event-342x456.jpg 342w, https:\/\/ruffgolf.eu\/wp-content\/uploads\/2024\/09\/indoor-golf-event.jpg 933w\" sizes=\"auto, (max-width: 622px) 100vw, 622px\" \/><\/figure>\n<\/div>\n<\/div><\/section>\n<\/div>\n\n\n\n<div class=\"qt-container\">\n<section class=\"qt-section container-default is-style-section-image-left\"><div class=\"qt-section__inner grid grid-col-2\">\n<div class=\"qt-container is-vertically-aligned-center is-style-image\">\n<figure class=\"wp-block-image size-4-3-medium\"><img loading=\"lazy\" decoding=\"async\" width=\"622\" height=\"467\" src=\"https:\/\/ruffgolf.eu\/wp-content\/uploads\/2024\/09\/rent-golf-lounge-622x467.jpg\" alt=\"\" class=\"wp-image-1516\" srcset=\"https:\/\/ruffgolf.eu\/wp-content\/uploads\/2024\/09\/rent-golf-lounge-622x467.jpg 622w, https:\/\/ruffgolf.eu\/wp-content\/uploads\/2024\/09\/rent-golf-lounge-300x225.jpg 300w, https:\/\/ruffgolf.eu\/wp-content\/uploads\/2024\/09\/rent-golf-lounge-768x576.jpg 768w, https:\/\/ruffgolf.eu\/wp-content\/uploads\/2024\/09\/rent-golf-lounge-462x347.jpg 462w, https:\/\/ruffgolf.eu\/wp-content\/uploads\/2024\/09\/rent-golf-lounge-592x444.jpg 592w, https:\/\/ruffgolf.eu\/wp-content\/uploads\/2024\/09\/rent-golf-lounge-721x541.jpg 721w, https:\/\/ruffgolf.eu\/wp-content\/uploads\/2024\/09\/rent-golf-lounge-608x456.jpg 608w, https:\/\/ruffgolf.eu\/wp-content\/uploads\/2024\/09\/rent-golf-lounge.jpg 933w\" sizes=\"auto, (max-width: 622px) 100vw, 622px\" \/><\/figure>\n<\/div>\n\n\n\n<div class=\"qt-container is-vertically-aligned-center is-style-text\">\n<p class=\"is-style-eyebrow\">Buchen Sie ein Event<\/p>\n\n\n\n<h2 class=\"wp-block-heading\">Buchen Sie die Golf-Lounge und versammeln Sie Ihre Kollegen<\/h2>\n\n\n\n<p>M\u00f6chten Sie ein Event organisieren oder einfach einen sch\u00f6nen Abend mit Familie oder Freunden verbringen? Dann senden Sie uns einfach eine Anfrage \u00fcber unser Kontaktformular. Geben Sie die Anzahl der Teilnehmer an und teilen Sie uns mit, an welchem Tag und zu welcher Uhrzeit Sie Ihre Veranstaltung durchf\u00fchren m\u00f6chten. Sobald wir Ihre Anfrage erhalten, werden wir Sie kontaktieren und eine L\u00f6sung finden, die auf Ihre Bed\u00fcrfnisse zugeschnitten ist.<\/p>\n\n\n\n<p>Wenn Sie Fragen oder Bedenken haben, k\u00f6nnen Sie uns auch telefonisch und\/oder per E-Mail kontaktieren.<\/p>\n\n\n\n<div class=\"wp-block-buttons is-layout-flex wp-block-buttons-is-layout-flex\">\n<div class=\"wp-block-button is-style-button-with-arrow\"><a class=\"wp-block-button__link wp-element-button\" href=\"#contact\">Jetzt anfragen<\/a><\/div>\n<\/div>\n<\/div>\n<\/div><\/section>\n<\/div>\n\n\n\n<div class=\"qt-container\">\n<section class=\"qt-section container-default is-style-section-image-right\"><div class=\"qt-section__inner grid grid-col-2\">\n<div class=\"qt-container is-vertically-aligned-center is-style-text\">\n<p class=\"is-style-eyebrow\">Eine Aktivit\u00e4t f\u00fcr jeden<\/p>\n\n\n\n<h2 class=\"wp-block-heading\">Schlechtes Wetter ist keine Ausrede, und das Gef\u00fchl f\u00fcr den Ball spielt keine Rolle<\/h2>\n\n\n\n<p>Indoor-Golf ist eine Aktivit\u00e4t, die Spa\u00df macht und einfach ist. Bei RUFF Indoor Golf spielst du garantiert das ganze Jahr \u00fcber, unabh\u00e4ngig vom Wetter, und jeder kann mitspielen, egal welches Vorwissen er hat. Mit den individuellen Golf-Simulationsspielen k\u00f6nnen sowohl Anf\u00e4nger als auch Profis gemeinsam eine tolle Zeit haben.<\/p>\n\n\n\n<p>Die Golf-Simulatoren von RUFF bieten dir \u00fcber 170 Golfpl\u00e4tze aus der ganzen Welt zur Auswahl. Wie w\u00e4re es, mit einer 9-Loch-Warm-up-Runde am Pebble Beach zu beginnen und auf dem 18. Loch des PGA National zu enden? Egal welchen Platz du w\u00e4hlst, wir garantieren dir ein Weltklasse-Virtual-Golf-Erlebnis.<\/p>\n\n\n\n<div class=\"wp-block-buttons is-layout-flex wp-block-buttons-is-layout-flex\">\n<div class=\"wp-block-button is-style-button-with-arrow\"><a class=\"wp-block-button__link wp-element-button\" href=\"#contact\">Jetzt anfragen<\/a><\/div>\n<\/div>\n<\/div>\n\n\n\n<div class=\"qt-container is-vertically-aligned-center is-style-image\">\n<figure class=\"wp-block-image size-4-3-medium\"><img loading=\"lazy\" decoding=\"async\" width=\"622\" height=\"467\" src=\"https:\/\/ruffgolf.eu\/wp-content\/uploads\/2024\/09\/simluator-golf-for-everyone-622x467.jpg\" alt=\"\" class=\"wp-image-1529\" srcset=\"https:\/\/ruffgolf.eu\/wp-content\/uploads\/2024\/09\/simluator-golf-for-everyone-622x467.jpg 622w, https:\/\/ruffgolf.eu\/wp-content\/uploads\/2024\/09\/simluator-golf-for-everyone-300x225.jpg 300w, https:\/\/ruffgolf.eu\/wp-content\/uploads\/2024\/09\/simluator-golf-for-everyone-768x576.jpg 768w, https:\/\/ruffgolf.eu\/wp-content\/uploads\/2024\/09\/simluator-golf-for-everyone-462x347.jpg 462w, https:\/\/ruffgolf.eu\/wp-content\/uploads\/2024\/09\/simluator-golf-for-everyone-592x444.jpg 592w, https:\/\/ruffgolf.eu\/wp-content\/uploads\/2024\/09\/simluator-golf-for-everyone-721x541.jpg 721w, https:\/\/ruffgolf.eu\/wp-content\/uploads\/2024\/09\/simluator-golf-for-everyone-608x456.jpg 608w, https:\/\/ruffgolf.eu\/wp-content\/uploads\/2024\/09\/simluator-golf-for-everyone.jpg 933w\" sizes=\"auto, (max-width: 622px) 100vw, 622px\" \/><\/figure>\n<\/div>\n<\/div><\/section>\n<\/div>\n<\/div><\/section>\n\n\n\n<section class=\"qt-section container-m wp-embed-aspect-16-9 wp-has-aspect-ratio\" id=\"contact\"><div class=\"qt-section__inner grid grid-col-1 has-background has-base-2-background-color\" style=\"background-color:#1B2B27\">\n<div class=\"qt-container\">\n<h2 class=\"wp-block-heading has-text-align-center\">Kontaktiere uns und erfahre mehr<\/h2>\n<\/div>\n\n\n\n<div class=\"qt-container\">\n\n<div class=\"wpcf7 no-js\" id=\"wpcf7-f2996-o1\" lang=\"de-CH\" dir=\"ltr\" data-wpcf7-id=\"2996\">\n<div class=\"screen-reader-response\"><p role=\"status\" aria-live=\"polite\" aria-atomic=\"true\"><\/p> <ul><\/ul><\/div>\n<form action=\"\/ch\/wp-json\/wp\/v2\/pages\/2891#wpcf7-f2996-o1\" method=\"post\" class=\"wpcf7-form init form-company-event\" aria-label=\"Contact form\" novalidate=\"novalidate\" data-status=\"init\">\n<fieldset class=\"hidden-fields-container\"><input type=\"hidden\" name=\"_wpcf7\" value=\"2996\" \/><input type=\"hidden\" name=\"_wpcf7_version\" value=\"6.1.5\" \/><input type=\"hidden\" name=\"_wpcf7_locale\" value=\"de_CH\" \/><input type=\"hidden\" name=\"_wpcf7_unit_tag\" value=\"wpcf7-f2996-o1\" \/><input type=\"hidden\" name=\"_wpcf7_container_post\" value=\"0\" \/><input type=\"hidden\" name=\"_wpcf7_posted_data_hash\" value=\"\" \/><input type=\"hidden\" name=\"_wpcf7_recaptcha_response\" value=\"\" \/>\n<\/fieldset>\n<p><label>Name<\/label><span class=\"wpcf7-form-control-wrap\" data-name=\"input-fullname\"><input size=\"40\" maxlength=\"400\" class=\"wpcf7-form-control wpcf7-text wpcf7-validates-as-required\" aria-required=\"true\" aria-invalid=\"false\" value=\"\" type=\"text\" name=\"input-fullname\" \/><\/span>\n<\/p>\n<p><label>E-Mail<\/label><span class=\"wpcf7-form-control-wrap\" data-name=\"input-email\"><input size=\"40\" maxlength=\"400\" class=\"wpcf7-form-control wpcf7-email wpcf7-validates-as-required wpcf7-text wpcf7-validates-as-email\" aria-required=\"true\" aria-invalid=\"false\" value=\"\" type=\"email\" name=\"input-email\" \/><\/span>\n<\/p>\n<p><label>Telefon<\/label><span class=\"wpcf7-form-control-wrap\" data-name=\"input-phone\"><input size=\"40\" maxlength=\"400\" class=\"wpcf7-form-control wpcf7-text\" aria-invalid=\"false\" value=\"\" type=\"text\" name=\"input-phone\" \/><\/span>\n<\/p>\n<p><label>Anzahl der Teilnehmer (mind. 4 Personen)<\/label><span class=\"wpcf7-form-control-wrap\" data-name=\"input-participants\"><input class=\"wpcf7-form-control wpcf7-number wpcf7-validates-as-required wpcf7-validates-as-number\" min=\"4\" aria-required=\"true\" aria-invalid=\"false\" value=\"\" type=\"number\" name=\"input-participants\" \/><\/span>\n<\/p>\n<p><label>Datum<\/label><span class=\"wpcf7-form-control-wrap\" data-name=\"input-date\"><input class=\"wpcf7-form-control wpcf7-date wpcf7-validates-as-required wpcf7-validates-as-date\" aria-required=\"true\" aria-invalid=\"false\" value=\"\" type=\"date\" name=\"input-date\" \/><\/span>\n<\/p>\n<p><label>Standorte<\/label><span class=\"wpcf7-form-control-wrap\" data-name=\"select-location\"><select class=\"wpcf7-form-control wpcf7-select wpcf7-validates-as-required\" aria-required=\"true\" aria-invalid=\"false\" name=\"select-location\"><option value=\"\">&#8211; Bitte ausw\u00e4hlen &#8211;<\/option><option value=\"3128\">Bern<\/option><option value=\"3129\">Luzern<\/option><\/select><\/span>\n<\/p>\n<p><label>Message<\/label><span class=\"wpcf7-form-control-wrap\" data-name=\"input-message\"><textarea cols=\"40\" rows=\"6\" maxlength=\"2000\" class=\"wpcf7-form-control wpcf7-textarea wpcf7-validates-as-required\" aria-required=\"true\" aria-invalid=\"false\" name=\"input-message\"><\/textarea><\/span>\n<\/p>\n<p class=\"acceptance\">Durch das Ausf\u00fcllen und Absenden dieses Formulars stimmen Sie zu, dass RUFF Invest AB Ihre personenbezogenen Daten gem\u00e4\u00df unserer <a href=\"\/ch\/datenschutz\/\" rel=\"nofollow noopener\" target=\"_blank\">Datenschutzrichtlinie<\/a> speichert. Diese Seite ist durch reCAPTCHA gesch\u00fctzt, und es gelten die <a href=\"https:\/\/policies.google.com\/privacy?hl=de\" rel=\"nofollow noopener\" target=\"_blank\">Datenschutzrichtlinie<\/a> und <a href=\"https:\/\/policies.google.com\/terms?hl=de\" rel=\"nofollow noopener\" target=\"_blank\">Nutzungsbedingungen<\/a> von Google.\n<\/p>\n<div class=\"submit\">\n\t<p><input class=\"wpcf7-form-control wpcf7-submit has-spinner\" type=\"submit\" value=\"Absenden\" \/>\n\t<\/p>\n<\/div><div class=\"wpcf7-response-output\" aria-hidden=\"true\"><\/div>\n<\/form>\n<\/div>\n\n<\/div>\n<\/div><\/section>\n\n\n\n<section class=\"qt-section linked-boxes\">\n\t<div class=\"qt-section__inner grid grid-col-4\">\n\t\n\t\t\t<div class=\"qt-container card-linked-box has-background\">\n\t\t\t\t<a href=\"https:\/\/ruffgolf.eu\/ch\/indoor-golf\/\" title=\"Unsere Einrichtungen\" target=\"\">\n\t\t\t\t\t<h2>Unsere Einrichtungen<\/h2>\n\t\t\t\t\t<p>Finde deine n\u00e4chste RUFF-Anlage, um die \u00d6ffnungszeiten und Veranstaltungen zu sehen.<\/p>\n\t\t\t\t<\/a>\n\t\t\t<\/div>\n\t\t\t\n\t\t\t\n\t\t\t<div class=\"qt-container card-linked-box has-background\">\n\t\t\t\t<a href=\"https:\/\/ruffgolf.eu\/ch\/franchise\/\" title=\"Franchise\" target=\"\">\n\t\t\t\t\t<h2>Franchisenehmer<\/h2>\n\t\t\t\t\t<p>Werden Sie Franchisenehmer und er\u00f6ffnen Sie Ihre eigene RUFF-Anlage.<\/p>\n\t\t\t\t<\/a>\n\t\t\t<\/div>\n\t\t\t\n\t\t\t\n\t\t\t<div class=\"qt-container card-linked-box has-background\">\n\t\t\t\t<a href=\"https:\/\/apps.apple.com\/de\/app\/ruff-golf\/id6449463765\" title=\"Laden Sie die App\" target=\"_blank\" rel=\"noopener\">\n\t\t\t\t\t<h2>RUFF App<\/h2>\n\t\t\t\t\t<p>Erhalte die neuesten Nachrichten und sammle Punkte f\u00fcr deine Eink\u00e4ufe.<\/p>\n\t\t\t\t<\/a>\n\t\t\t<\/div>\n\t\t\t\n\t\t\t\n\t\t\t<div class=\"qt-container card-linked-box has-background\">\n\t\t\t\t<a href=\"https:\/\/ruffgolf.eu\/ch\/faq\/\" title=\"Fragen und Antworten\" target=\"\">\n\t\t\t\t\t<h2>Fragen und Antworten<\/h2>\n\t\t\t\t\t<p>Hier findest du Antworten auf unsere h\u00e4ufigsten Fragen.<\/p>\n\t\t\t\t<\/a>\n\t\t\t<\/div>\n\t\t\t\n\t\t\t\t<\/div>\n<\/section>\n","protected":false},"excerpt":{"rendered":"","protected":false},"author":1,"featured_media":0,"parent":0,"menu_order":0,"comment_status":"closed","ping_status":"closed","template":"","meta":{"_acf_changed":false,"footnotes":""},"class_list":["post-2891","page","type-page","status-publish","hentry"],"acf":[],"_links":{"self":[{"href":"https:\/\/ruffgolf.eu\/ch\/wp-json\/wp\/v2\/pages\/2891","targetHints":{"allow":["GET"]}}],"collection":[{"href":"https:\/\/ruffgolf.eu\/ch\/wp-json\/wp\/v2\/pages"}],"about":[{"href":"https:\/\/ruffgolf.eu\/ch\/wp-json\/wp\/v2\/types\/page"}],"author":[{"embeddable":true,"href":"https:\/\/ruffgolf.eu\/ch\/wp-json\/wp\/v2\/users\/1"}],"replies":[{"embeddable":true,"href":"https:\/\/ruffgolf.eu\/ch\/wp-json\/wp\/v2\/comments?post=2891"}],"version-history":[{"count":5,"href":"https:\/\/ruffgolf.eu\/ch\/wp-json\/wp\/v2\/pages\/2891\/revisions"}],"predecessor-version":[{"id":7371,"href":"https:\/\/ruffgolf.eu\/ch\/wp-json\/wp\/v2\/pages\/2891\/revisions\/7371"}],"wp:attachment":[{"href":"https:\/\/ruffgolf.eu\/ch\/wp-json\/wp\/v2\/media?parent=2891"}],"curies":[{"name":"wp","href":"https:\/\/api.w.org\/{rel}","templated":true}]}}