{"id":2913,"date":"2024-09-11T19:51:01","date_gmt":"2024-09-11T17:51:01","guid":{"rendered":"https:\/\/ruffgolf.eu\/?page_id=2913"},"modified":"2024-10-22T12:05:48","modified_gmt":"2024-10-22T10:05:48","slug":"events-aktivitaten","status":"publish","type":"page","link":"https:\/\/ruffgolf.eu\/ch\/events-aktivitaten\/","title":{"rendered":"Events &#038; Aktivit\u00e4ten"},"content":{"rendered":"\n<section class=\"qt-section container-s\"><div class=\"qt-section__inner grid grid-col-1\">\n<div class=\"qt-container\">\n<p class=\"has-text-align-center is-style-eyebrow\">F\u00fcr alle die golf lieben<\/p>\n\n\n\n<h1 class=\"wp-block-heading has-text-align-center\">Events &amp; Aktivit\u00e4ten<\/h1>\n\n\n\n<p class=\"has-text-align-center\"><strong>Hier teilen wir alle anstehenden Veranstaltungen und Aktivit\u00e4ten. Folge uns auf Instagram, um bei neuen Events immer auf dem Laufenden zu bleiben!<\/strong><\/p>\n<\/div>\n<\/div><\/section>\n\n\n\n\n<section class=\"qt-section container-default events\">\n\t<div class=\"qt-section__inner grid grid-col-1\">\n\n\t\t<div class=\"qt-container filter-buttons\">\n\t\t\t<div class=\"wp-block-buttons is-content-justification-center\">\n\t\t\t\t<div class=\"wp-block-button is-style-fill\">\n\t\t\t\t\t<a href=\"\/ch\/wp-json\/wp\/v2\/pages\/2913\"\n\t\t\t\t\t\tclass=\"wp-block-button__link is-active\">\n\t\t\t\t\t\tAlle anzeigen\t\t\t\t\t<\/a>\n\t\t\t\t<\/div>\n\n\t\t\t\t\t\t\t\t\t<div class=\"wp-block-button is-style-fill\">\n\t\t\t\t\t\t<a href=\"\/ch\/wp-json\/wp\/v2\/pages\/2913?l=luzern\"\n\t\t\t\t\t\t\tclass=\"wp-block-button__link \">\n\t\t\t\t\t\t\tLuzern\t\t\t\t\t\t<\/a>\n\t\t\t\t\t<\/div>\n\t\t\t\t\t\t\t\t\t<div class=\"wp-block-button is-style-fill\">\n\t\t\t\t\t\t<a href=\"\/ch\/wp-json\/wp\/v2\/pages\/2913?l=bern\"\n\t\t\t\t\t\t\tclass=\"wp-block-button__link \">\n\t\t\t\t\t\t\tBern\t\t\t\t\t\t<\/a>\n\t\t\t\t\t<\/div>\n\t\t\t\t\t\t\t<\/div>\n\t\t<\/div>\n\n\t\t<div class=\"qt-container\">\n\t\t\t<section class=\"qt-section container-default\">\n\t\t\t\t<div class=\"qt-section__inner grid grid-col-3\">\n\t\t\t\t\t<p>Keine Veranstaltungen gefunden.<\/p>\t\t\t\t<\/div>\n\t\t\t<\/section>\n\t\t<\/div>\n\t<\/div>\n<\/section>\n\n\n\n\n<section class=\"qt-section container-default is-style-section-image-right\"><div class=\"qt-section__inner grid grid-col-2\">\n<div class=\"qt-container is-vertically-aligned-center is-style-text\">\n<p class=\"is-style-eyebrow\">RUFF App<\/p>\n\n\n\n<h2 class=\"wp-block-heading\">Verpasse keine Veranstaltungen \u2013 lade die App herunter<\/h2>\n\n\n\n<p>Mit unserer App bleibst du st\u00e4ndig \u00fcber all unsere Veranstaltungen und Aktivit\u00e4ten informiert, damit du nichts verpasst, was dich interessiert. Au\u00dferdem erh\u00e4ltst du exklusive Angebote und Boni, die nur f\u00fcr App-Nutzer verf\u00fcgbar sind. Sei der Erste, der von unseren neuesten Nachrichten und Vorteilen erf\u00e4hrt \u2013 alles direkt auf deinem Handy.<\/p>\n\n\n\t<div class=\"download-app\">\n\t\t\t\n\t\t<div class=\"dowload-app__item\">\n\t\t\t<a href=\"https:\/\/play.google.com\/store\/apps\/details?id=at.helloagain.ruffgolf\" title=\"RUFF Golf im Google Play\" target=\"_blank\" rel=\"nofollow noopener\">\n\t\t\t\t<figure>\n\t\t\t\t\t<img loading=\"lazy\" decoding=\"async\" src=\"https:\/\/ruffgolf.eu\/wp-content\/uploads\/2024\/09\/download-on-google-play-2.svg\" alt=\"\" width=\"140\" height=\"40\">\n\t\t\t\t<\/figure>\n\t\t\t<\/a>\n\t\t<\/div>\n\n\t\t\t\t\n\t\t<div class=\"dowload-app__item\">\n\t\t\t<a href=\"https:\/\/apps.apple.com\/de\/app\/ruff-golf\/id6449463765\" title=\"RUFF Golf im App Store\" target=\"_blank\" rel=\"nofollow noopener\">\n\t\t\t\t<figure>\n\t\t\t\t\t<img loading=\"lazy\" decoding=\"async\" src=\"https:\/\/ruffgolf.eu\/wp-content\/uploads\/2024\/09\/download-app-store.svg\" alt=\"\" width=\"140\" height=\"40\">\n\t\t\t\t<\/figure>\n\t\t\t<\/a>\n\t\t<\/div>\n\n\t\t\t<\/div>\n\n\t<\/div>\n\n\n\n<div class=\"qt-container is-vertically-aligned-center is-style-image\">\n<figure class=\"wp-block-image size-4-3-medium\"><img loading=\"lazy\" decoding=\"async\" width=\"622\" height=\"467\" src=\"https:\/\/ruffgolf.eu\/wp-content\/uploads\/2024\/09\/download-the-ruff-app-622x467.jpg\" alt=\"Download the RUFF app\" class=\"wp-image-1321\" srcset=\"https:\/\/ruffgolf.eu\/wp-content\/uploads\/2024\/09\/download-the-ruff-app-622x467.jpg 622w, https:\/\/ruffgolf.eu\/wp-content\/uploads\/2024\/09\/download-the-ruff-app-300x225.jpg 300w, https:\/\/ruffgolf.eu\/wp-content\/uploads\/2024\/09\/download-the-ruff-app-768x576.jpg 768w, https:\/\/ruffgolf.eu\/wp-content\/uploads\/2024\/09\/download-the-ruff-app-462x347.jpg 462w, https:\/\/ruffgolf.eu\/wp-content\/uploads\/2024\/09\/download-the-ruff-app-592x444.jpg 592w, https:\/\/ruffgolf.eu\/wp-content\/uploads\/2024\/09\/download-the-ruff-app-721x541.jpg 721w, https:\/\/ruffgolf.eu\/wp-content\/uploads\/2024\/09\/download-the-ruff-app-608x456.jpg 608w, https:\/\/ruffgolf.eu\/wp-content\/uploads\/2024\/09\/download-the-ruff-app.jpg 933w\" sizes=\"auto, (max-width: 622px) 100vw, 622px\" \/><\/figure>\n<\/div>\n<\/div><\/section>\n\n\n\n<section class=\"qt-section container-default cta-large\">\n\t<div class=\"qt-section__inner grid grid-col-1\">\n\t\t<div class=\"qt-container\">\n\t\t\t<h2 class=\"wp-block-heading has-text-align-center has-accent-1-color has-text-color has-xxl-font-size\">Werde Mitglied bei uns<\/h2>\n\t\t\t<div class=\"wp-block-buttons is-content-justification-center\">\n\t\t\t\t<div class=\"wp-block-button is-style-button-cta\">\n\t\t\t\t\t<a href=\"https:\/\/ruffgolf.eu\/ch\/mitgliedschaft\/\" class=\"wp-block-button__link wp-element-button\" title=\"Heute beitreten\" target=\"\">Heute beitreten<\/a>\n\t\t\t\t<\/div>\n\t\t\t<\/div>\n\t\t<\/div>\n\t<\/div>\n<\/section>\n","protected":false},"excerpt":{"rendered":"","protected":false},"author":1,"featured_media":0,"parent":0,"menu_order":0,"comment_status":"closed","ping_status":"closed","template":"","meta":{"_acf_changed":false,"footnotes":""},"class_list":["post-2913","page","type-page","status-publish","hentry"],"acf":[],"_links":{"self":[{"href":"https:\/\/ruffgolf.eu\/ch\/wp-json\/wp\/v2\/pages\/2913","targetHints":{"allow":["GET"]}}],"collection":[{"href":"https:\/\/ruffgolf.eu\/ch\/wp-json\/wp\/v2\/pages"}],"about":[{"href":"https:\/\/ruffgolf.eu\/ch\/wp-json\/wp\/v2\/types\/page"}],"author":[{"embeddable":true,"href":"https:\/\/ruffgolf.eu\/ch\/wp-json\/wp\/v2\/users\/1"}],"replies":[{"embeddable":true,"href":"https:\/\/ruffgolf.eu\/ch\/wp-json\/wp\/v2\/comments?post=2913"}],"version-history":[{"count":2,"href":"https:\/\/ruffgolf.eu\/ch\/wp-json\/wp\/v2\/pages\/2913\/revisions"}],"predecessor-version":[{"id":2981,"href":"https:\/\/ruffgolf.eu\/ch\/wp-json\/wp\/v2\/pages\/2913\/revisions\/2981"}],"wp:attachment":[{"href":"https:\/\/ruffgolf.eu\/ch\/wp-json\/wp\/v2\/media?parent=2913"}],"curies":[{"name":"wp","href":"https:\/\/api.w.org\/{rel}","templated":true}]}}