{"id":2944,"date":"2024-09-11T13:07:03","date_gmt":"2024-09-11T11:07:03","guid":{"rendered":"https:\/\/ruffgolf.eu\/?page_id=2944"},"modified":"2024-11-20T15:09:41","modified_gmt":"2024-11-20T14:09:41","slug":"kontakt","status":"publish","type":"page","link":"https:\/\/ruffgolf.eu\/ch\/kontakt\/","title":{"rendered":"Kontakt"},"content":{"rendered":"\n<section class=\"qt-section container-m wp-embed-aspect-16-9 wp-has-aspect-ratio\"><div class=\"qt-section__inner grid grid-col-1\">\n<div class=\"qt-container\">\n<p class=\"has-text-align-center is-style-eyebrow\">WIR SIND HIER IHNEN ZU HELFEN<\/p>\n\n\n\n<h1 class=\"wp-block-heading has-text-align-center\">Nehmen Sie Kontakt mit uns auf<\/h1>\n\n\n\n<p class=\"has-text-align-center\">Bist du daran interessiert, mehr \u00fcber eine unserer Anlagen zu erfahren, oder hast du noch andere Fragen? Wir sind hier, um dir bei deinen Fragen zu helfen und dich auf dem Weg zu deinem perfekten Erlebnis zu unterst\u00fctzen. Melde dich bei uns, wir k\u00f6nnen es kaum erwarten, von dir zu h\u00f6ren.<\/p>\n<\/div>\n<\/div><\/section>\n\n\n\n<section class=\"qt-section container-m wp-embed-aspect-16-9 wp-has-aspect-ratio\" id=\"contact\"><div class=\"qt-section__inner grid grid-col-1 has-background has-base-2-background-color\" style=\"background-color:#1B2B27\">\n<div class=\"qt-container\">\n<h2 class=\"wp-block-heading has-text-align-center\">Nehmen Sie Kontakt mit uns auf<\/h2>\n<\/div>\n\n\n\n<div class=\"qt-container\">\n\n<div class=\"wpcf7 no-js\" id=\"wpcf7-f2997-o1\" lang=\"de-CH\" dir=\"ltr\" data-wpcf7-id=\"2997\">\n<div class=\"screen-reader-response\"><p role=\"status\" aria-live=\"polite\" aria-atomic=\"true\"><\/p> <ul><\/ul><\/div>\n<form action=\"\/ch\/wp-json\/wp\/v2\/pages\/2944#wpcf7-f2997-o1\" method=\"post\" class=\"wpcf7-form init\" aria-label=\"Contact form\" novalidate=\"novalidate\" data-status=\"init\">\n<fieldset class=\"hidden-fields-container\"><input type=\"hidden\" name=\"_wpcf7\" value=\"2997\" \/><input type=\"hidden\" name=\"_wpcf7_version\" value=\"6.1.5\" \/><input type=\"hidden\" name=\"_wpcf7_locale\" value=\"de_CH\" \/><input type=\"hidden\" name=\"_wpcf7_unit_tag\" value=\"wpcf7-f2997-o1\" \/><input type=\"hidden\" name=\"_wpcf7_container_post\" value=\"0\" \/><input type=\"hidden\" name=\"_wpcf7_posted_data_hash\" value=\"\" \/><input type=\"hidden\" name=\"_wpcf7_recaptcha_response\" value=\"\" \/>\n<\/fieldset>\n<p><label>Name<\/label><span class=\"wpcf7-form-control-wrap\" data-name=\"input-fullname\"><input size=\"40\" maxlength=\"400\" class=\"wpcf7-form-control wpcf7-text wpcf7-validates-as-required\" aria-required=\"true\" aria-invalid=\"false\" value=\"\" type=\"text\" name=\"input-fullname\" \/><\/span>\n<\/p>\n<p><label>E-Mail<\/label><span class=\"wpcf7-form-control-wrap\" data-name=\"input-email\"><input size=\"40\" maxlength=\"400\" class=\"wpcf7-form-control wpcf7-email wpcf7-validates-as-required wpcf7-text wpcf7-validates-as-email\" aria-required=\"true\" aria-invalid=\"false\" value=\"\" type=\"email\" name=\"input-email\" \/><\/span>\n<\/p>\n<p><label>Telefon<\/label><span class=\"wpcf7-form-control-wrap\" data-name=\"input-phone\"><input size=\"40\" maxlength=\"400\" class=\"wpcf7-form-control wpcf7-text\" aria-invalid=\"false\" value=\"\" type=\"text\" name=\"input-phone\" \/><\/span>\n<\/p>\n<p><label>Standorte<\/label><span class=\"wpcf7-form-control-wrap\" data-name=\"select-location\"><select class=\"wpcf7-form-control wpcf7-select wpcf7-validates-as-required\" aria-required=\"true\" aria-invalid=\"false\" name=\"select-location\"><option value=\"\">&#8211; Bitte ausw\u00e4hlen &#8211;<\/option><option value=\"3128\">Bern<\/option><option value=\"3129\">Luzern<\/option><\/select><\/span>\n<\/p>\n<p><label>Betreff<\/label><span class=\"wpcf7-form-control-wrap\" data-name=\"input-subject\"><input size=\"40\" maxlength=\"400\" class=\"wpcf7-form-control wpcf7-text wpcf7-validates-as-required\" aria-required=\"true\" aria-invalid=\"false\" value=\"\" type=\"text\" name=\"input-subject\" \/><\/span>\n<\/p>\n<p><label>Message<\/label><span class=\"wpcf7-form-control-wrap\" data-name=\"input-message\"><textarea cols=\"40\" rows=\"6\" maxlength=\"2000\" class=\"wpcf7-form-control wpcf7-textarea wpcf7-validates-as-required\" aria-required=\"true\" aria-invalid=\"false\" name=\"input-message\"><\/textarea><\/span>\n<\/p>\n<p class=\"acceptance\">Durch das Ausf\u00fcllen und Absenden dieses Formulars stimmen Sie zu, dass RUFF Invest AB Ihre personenbezogenen Daten gem\u00e4\u00df unserer <a href=\"\/ch\/datenschutz\/\" rel=\"nofollow noopener\" target=\"_blank\">Datenschutzrichtlinie<\/a> speichert. Diese Seite ist durch reCAPTCHA gesch\u00fctzt, und es gelten die <a href=\"https:\/\/policies.google.com\/privacy?hl=de\" rel=\"nofollow noopener\" target=\"_blank\">Datenschutzrichtlinie<\/a> und <a href=\"https:\/\/policies.google.com\/terms?hl=de\" rel=\"nofollow noopener\" target=\"_blank\">Nutzungsbedingungen<\/a> von Google.\n<\/p>\n<div class=\"submit\">\n\t<p><input class=\"wpcf7-form-control wpcf7-submit has-spinner\" type=\"submit\" value=\"Absenden\" \/>\n\t<\/p>\n<\/div><div class=\"wpcf7-response-output\" aria-hidden=\"true\"><\/div>\n<\/form>\n<\/div>\n\n<\/div>\n<\/div><\/section>\n\n\n\n<section class=\"qt-section container-default is-style-section-image-right\"><div class=\"qt-section__inner grid grid-col-2\">\n<div class=\"qt-container is-vertically-aligned-center is-style-text\">\n<p class=\"is-style-eyebrow\">Komm mit<\/p>\n\n\n\n<h2 class=\"wp-block-heading\">Folge uns auf Social Media<\/h2>\n\n\n\n<p>M\u00f6chten Sie mehr \u00fcber RUFF erfahren? Auf unseren Social-Media-Kan\u00e4len k\u00f6nnen Sie hinter die Kulissen blicken und bleiben so immer am Laufenden. Neben Informationen zu unseren Turnieren und Events, erfahren Sie auch aus erster Hand, wenn es Aktionen oder andere Neuigkeiten gibt.<\/p>\n\n\n\n<div class=\"wp-block-buttons is-layout-flex wp-block-buttons-is-layout-flex\">\n<div class=\"wp-block-button is-style-button-with-arrow\"><a class=\"wp-block-button__link wp-element-button\" href=\"https:\/\/www.youtube.com\/channel\/UCvjyC2YyZIbo65znmL1EmcA\" target=\"_blank\" rel=\"noreferrer noopener nofollow\">YouTube<\/a><\/div>\n\n\n\n<div class=\"wp-block-button is-style-button-with-arrow\"><a class=\"wp-block-button__link wp-element-button\" href=\"https:\/\/www.facebook.com\/RUFFDACH\" target=\"_blank\" rel=\"noreferrer noopener nofollow\">Facebook<\/a><\/div>\n\n\n\n<div class=\"wp-block-button is-style-button-with-arrow\"><a class=\"wp-block-button__link wp-element-button\" href=\"https:\/\/www.instagram.com\/ruffdach\/\" target=\"_blank\" rel=\"noreferrer noopener nofollow\">Instagram<\/a><\/div>\n<\/div>\n<\/div>\n\n\n\n<div class=\"qt-container is-vertically-aligned-center is-style-image\">\n<figure class=\"wp-block-image size-4-3-medium\"><img loading=\"lazy\" decoding=\"async\" width=\"622\" height=\"467\" src=\"https:\/\/ruffgolf.eu\/wp-content\/uploads\/2024\/09\/follow-us-on-youtube-622x467.jpg\" alt=\"\" class=\"wp-image-1536\" srcset=\"https:\/\/ruffgolf.eu\/wp-content\/uploads\/2024\/09\/follow-us-on-youtube-622x467.jpg 622w, https:\/\/ruffgolf.eu\/wp-content\/uploads\/2024\/09\/follow-us-on-youtube-300x225.jpg 300w, https:\/\/ruffgolf.eu\/wp-content\/uploads\/2024\/09\/follow-us-on-youtube-768x576.jpg 768w, https:\/\/ruffgolf.eu\/wp-content\/uploads\/2024\/09\/follow-us-on-youtube-462x347.jpg 462w, https:\/\/ruffgolf.eu\/wp-content\/uploads\/2024\/09\/follow-us-on-youtube-592x444.jpg 592w, https:\/\/ruffgolf.eu\/wp-content\/uploads\/2024\/09\/follow-us-on-youtube-721x541.jpg 721w, https:\/\/ruffgolf.eu\/wp-content\/uploads\/2024\/09\/follow-us-on-youtube-608x456.jpg 608w, https:\/\/ruffgolf.eu\/wp-content\/uploads\/2024\/09\/follow-us-on-youtube.jpg 933w\" sizes=\"auto, (max-width: 622px) 100vw, 622px\" \/><\/figure>\n<\/div>\n<\/div><\/section>\n\n\n\n<section class=\"qt-section container-default cta-large\">\n\t<div class=\"qt-section__inner grid grid-col-1\">\n\t\t<div class=\"qt-container\">\n\t\t\t<h2 class=\"wp-block-heading has-text-align-center has-accent-1-color has-text-color has-xxl-font-size\">Finden Sie den n\u00e4chstgelegenen Standort<\/h2>\n\t\t\t<div class=\"wp-block-buttons is-content-justification-center\">\n\t\t\t\t<div class=\"wp-block-button is-style-button-cta\">\n\t\t\t\t\t<a href=\"https:\/\/ruffgolf.eu\/ch\/indoor-golf\/\" class=\"wp-block-button__link wp-element-button\" title=\"Unsere Standorte\" target=\"\">Unsere Standorte<\/a>\n\t\t\t\t<\/div>\n\t\t\t<\/div>\n\t\t<\/div>\n\t<\/div>\n<\/section>\n\n\n\n<section class=\"qt-section linked-boxes\">\n\t<div class=\"qt-section__inner grid grid-col-4\">\n\t\n\t\t\t<div class=\"qt-container card-linked-box has-background\">\n\t\t\t\t<a href=\"https:\/\/ruffgolf.eu\/ch\/indoor-golf\/\" title=\"Unsere Einrichtungen\" target=\"\">\n\t\t\t\t\t<h2>Unsere Standorte<\/h2>\n\t\t\t\t\t<p>Finde deine n\u00e4chste RUFF-Anlage, um die \u00d6ffnungszeiten und Veranstaltungen zu sehen.<\/p>\n\t\t\t\t<\/a>\n\t\t\t<\/div>\n\t\t\t\n\t\t\t\n\t\t\t<div class=\"qt-container card-linked-box has-background\">\n\t\t\t\t<a href=\"https:\/\/ruffgolf.eu\/ch\/franchise\/\" title=\"Franchise\" target=\"\">\n\t\t\t\t\t<h2>RUFF Franchise<\/h2>\n\t\t\t\t\t<p>Werden Sie Franchisenehmer und er\u00f6ffnen Sie Ihre eigene RUFF-Anlage.<\/p>\n\t\t\t\t<\/a>\n\t\t\t<\/div>\n\t\t\t\n\t\t\t\n\t\t\t<div class=\"qt-container card-linked-box has-background\">\n\t\t\t\t<a href=\"https:\/\/apps.apple.com\/de\/app\/ruff-golf\/id6449463765\" title=\"Laden Sie die App\" target=\"_blank\" rel=\"noopener\">\n\t\t\t\t\t<h2>RUFF App<\/h2>\n\t\t\t\t\t<p>Erhalte die neuesten Nachrichten und sammle Punkte f\u00fcr deine Eink\u00e4ufe.<\/p>\n\t\t\t\t<\/a>\n\t\t\t<\/div>\n\t\t\t\n\t\t\t\n\t\t\t<div class=\"qt-container card-linked-box has-background\">\n\t\t\t\t<a href=\"https:\/\/ruffgolf.eu\/ch\/faq\/\" title=\"Fragen und Antworten\" target=\"\">\n\t\t\t\t\t<h2>Fragen und Antworten<\/h2>\n\t\t\t\t\t<p>Hier findest du Antworten auf unsere h\u00e4ufigsten Fragen.<\/p>\n\t\t\t\t<\/a>\n\t\t\t<\/div>\n\t\t\t\n\t\t\t\t<\/div>\n<\/section>\n","protected":false},"excerpt":{"rendered":"","protected":false},"author":1,"featured_media":0,"parent":0,"menu_order":0,"comment_status":"closed","ping_status":"closed","template":"","meta":{"_acf_changed":false,"footnotes":""},"class_list":["post-2944","page","type-page","status-publish","hentry"],"acf":[],"_links":{"self":[{"href":"https:\/\/ruffgolf.eu\/ch\/wp-json\/wp\/v2\/pages\/2944","targetHints":{"allow":["GET"]}}],"collection":[{"href":"https:\/\/ruffgolf.eu\/ch\/wp-json\/wp\/v2\/pages"}],"about":[{"href":"https:\/\/ruffgolf.eu\/ch\/wp-json\/wp\/v2\/types\/page"}],"author":[{"embeddable":true,"href":"https:\/\/ruffgolf.eu\/ch\/wp-json\/wp\/v2\/users\/1"}],"replies":[{"embeddable":true,"href":"https:\/\/ruffgolf.eu\/ch\/wp-json\/wp\/v2\/comments?post=2944"}],"version-history":[{"count":4,"href":"https:\/\/ruffgolf.eu\/ch\/wp-json\/wp\/v2\/pages\/2944\/revisions"}],"predecessor-version":[{"id":4192,"href":"https:\/\/ruffgolf.eu\/ch\/wp-json\/wp\/v2\/pages\/2944\/revisions\/4192"}],"wp:attachment":[{"href":"https:\/\/ruffgolf.eu\/ch\/wp-json\/wp\/v2\/media?parent=2944"}],"curies":[{"name":"wp","href":"https:\/\/api.w.org\/{rel}","templated":true}]}}