{"id":5106,"date":"2025-02-17T15:08:52","date_gmt":"2025-02-17T14:08:52","guid":{"rendered":"https:\/\/ruffgolf.eu\/?page_id=5106"},"modified":"2025-02-19T13:26:06","modified_gmt":"2025-02-19T12:26:06","slug":"minigolf","status":"publish","type":"page","link":"https:\/\/ruffgolf.eu\/ch\/minigolf\/","title":{"rendered":"Minigolf"},"content":{"rendered":"\n<section class=\"qt-section container-m\"><div class=\"qt-section__inner grid grid-col-1\">\n<div class=\"qt-container\">\n<figure class=\"wp-block-image aligncenter size-full is-style-default\"><img loading=\"lazy\" decoding=\"async\" width=\"169\" height=\"63\" src=\"https:\/\/ruffgolf.eu\/wp-content\/uploads\/2025\/02\/ruff-minigolf-standalone.png\" alt=\"\" class=\"wp-image-5079\" style=\"object-fit:cover\"\/><\/figure>\n<\/div>\n\n\n\n<div class=\"qt-container\">\n<h1 class=\"wp-block-heading has-text-align-center has-xxl-font-size\"><strong>MINIGOLF AUF NEUE WEISE!<\/strong><\/h1>\n<\/div>\n\n\n\n<div class=\"qt-container\">\n<div class=\"wp-block-buttons is-content-justification-center is-layout-flex wp-container-core-buttons-is-layout-a89b3969 wp-block-buttons-is-layout-flex\">\n<div class=\"wp-block-button is-style-fill\"><a class=\"wp-block-button__link wp-element-button\" href=\"http:\/\/ruffgolf.eu\/franchise\/ \u2197\"><strong><strong>Starte deine Anlage<\/strong><\/strong><\/a><\/div>\n<\/div>\n<\/div>\n<\/div><\/section>\n\n\n\n<section class=\"qt-section container-fullwidth\"><div class=\"qt-section__inner grid grid-col-1\">\n<div class=\"qt-container\">\n<figure class=\"wp-block-image size-full is-style-image-fullwidth\"><img decoding=\"async\" src=\"https:\/\/ruffgolf.eu\/wp-content\/uploads\/2025\/02\/minigolf-heartbeat.svg\" alt=\"\" class=\"wp-image-5114\" style=\"object-fit:cover\"\/><\/figure>\n<\/div>\n<\/div><\/section>\n\n\n\n<section class=\"qt-section container-default\"><div class=\"qt-section__inner grid grid-col-1\">\n<div class=\"qt-container\">\n<h2 class=\"wp-block-heading has-text-align-center\"><strong>Er\u00f6ffnet bald<\/strong><\/h2>\n\n\n\n<p style=\"text-align: center\">Es wurden keine Standorte mit Minigolf gefunden.<\/p>\n<\/div>\n<\/div><\/section>\n\n\n\n<section class=\"qt-section container-default cta-large\">\n\t<div class=\"qt-section__inner grid grid-col-1\">\n\t\t<div class=\"qt-container\">\n\t\t\t<h2 class=\"wp-block-heading has-text-align-center has-accent-1-color has-text-color has-xxl-font-size\">Bereit f\u00fcr eine tolle Nacht?<\/h2>\n\t\t\t<div class=\"wp-block-buttons is-content-justification-center\">\n\t\t\t\t<div class=\"wp-block-button is-style-button-cta\">\n\t\t\t\t\t<a href=\"https:\/\/ruffgolf.eu\/ch\/indoor-golf\/\" class=\"wp-block-button__link wp-element-button\" title=\"Jetzt buchen\" target=\"\">Jetzt buchen<\/a>\n\t\t\t\t<\/div>\n\t\t\t<\/div>\n\t\t<\/div>\n\t<\/div>\n<\/section>\n\n\n\n<section class=\"qt-section container-default\"><div class=\"qt-section__inner grid grid-col-1\">\n<div class=\"qt-container\">\n<section class=\"qt-section container-default is-style-section-image-right\"><div class=\"qt-section__inner grid grid-col-2\">\n<div class=\"qt-container is-vertically-aligned-center is-style-text\">\n<p class=\"is-style-eyebrow\"><strong>Minigolf wie du es noch nie erlebt hast<\/strong><\/p>\n\n\n\n<h2 class=\"wp-block-heading\"><strong>DAS IST RUFF MINIGOLF<\/strong><\/h2>\n\n\n\n<p>Angetrieben von unserer Leidenschaft, mehr Menschen f\u00fcr Golf zu begeistern und das Spiel zu erleben, haben wir ein Minigolf-Erlebnis geschaffen, das es so noch nie gab.<\/p>\n\n\n\n<p>Unsere Bahnen sind so gestaltet, dass sie echten Golfpl\u00e4tzen \u00e4hneln \u2013 mit Rough, Bunkern und Wellen \u2013 und machen das Spiel sowohl f\u00fcr Anf\u00e4nger als auch f\u00fcr erfahrene Golfer herausfordernd. Wir definieren das Spiel neu und revolutionieren das Golferlebnis. Bist du bereit f\u00fcr eine epische Runde?<\/p>\n\n\n\n<p>Minigolf neu erfunden \u2013 Eine Franchise-Chance wie keine andere<\/p>\n\n\n\n<p>Minigolf ist l\u00e4ngst mehr als nur ein Freizeitspa\u00df \u2013 es ist ein immersives Erlebnis, das Familien, Freunde und wettbewerbsorientierte Spieler gleicherma\u00dfen anzieht. Durch die Kombination aus innovativem Platzdesign und einer geselligen, unterhaltungsorientierten Atmosph\u00e4re haben wir Minigolf in ein skalierbares und profitables Gesch\u00e4ftsmodell verwandelt.<\/p>\n\n\n\n<div class=\"wp-block-buttons is-layout-flex wp-block-buttons-is-layout-flex\">\n<div class=\"wp-block-button is-style-button-with-arrow\"><a class=\"wp-block-button__link wp-element-button\" href=\"https:\/\/ruffgolf.eu\/ch\/uber-uns\/\"><strong>Erfahre mehr \u00fcber uns<\/strong><\/a><\/div>\n<\/div>\n<\/div>\n\n\n\n<div class=\"qt-container is-vertically-aligned-center is-style-image\">\n<figure class=\"wp-block-image size-4-3-medium\"><img loading=\"lazy\" decoding=\"async\" width=\"622\" height=\"467\" src=\"https:\/\/ruffgolf.eu\/wp-content\/uploads\/2025\/01\/Untitled-design-1-622x467.jpg\" alt=\"\" class=\"wp-image-4920\" srcset=\"https:\/\/ruffgolf.eu\/wp-content\/uploads\/2025\/01\/Untitled-design-1-622x467.jpg 622w, https:\/\/ruffgolf.eu\/wp-content\/uploads\/2025\/01\/Untitled-design-1-300x225.jpg 300w, https:\/\/ruffgolf.eu\/wp-content\/uploads\/2025\/01\/Untitled-design-1-768x576.jpg 768w, https:\/\/ruffgolf.eu\/wp-content\/uploads\/2025\/01\/Untitled-design-1-462x347.jpg 462w, https:\/\/ruffgolf.eu\/wp-content\/uploads\/2025\/01\/Untitled-design-1-592x444.jpg 592w, https:\/\/ruffgolf.eu\/wp-content\/uploads\/2025\/01\/Untitled-design-1-721x541.jpg 721w, https:\/\/ruffgolf.eu\/wp-content\/uploads\/2025\/01\/Untitled-design-1-608x456.jpg 608w, https:\/\/ruffgolf.eu\/wp-content\/uploads\/2025\/01\/Untitled-design-1.jpg 933w\" sizes=\"auto, (max-width: 622px) 100vw, 622px\" \/><\/figure>\n<\/div>\n<\/div><\/section>\n<\/div>\n\n\n\n<div class=\"qt-container\">\n<section class=\"qt-section container-default is-style-section-image-left\"><div class=\"qt-section__inner grid grid-col-2\">\n<div class=\"qt-container is-vertically-aligned-center is-style-image\">\n<figure class=\"wp-block-image size-full is-style-default\"><img loading=\"lazy\" decoding=\"async\" width=\"592\" height=\"440\" src=\"https:\/\/ruffgolf.eu\/wp-content\/uploads\/2025\/02\/ruff-minigolf-neon-sign3.jpg\" alt=\"\" class=\"wp-image-5065\" srcset=\"https:\/\/ruffgolf.eu\/wp-content\/uploads\/2025\/02\/ruff-minigolf-neon-sign3.jpg 592w, https:\/\/ruffgolf.eu\/wp-content\/uploads\/2025\/02\/ruff-minigolf-neon-sign3-300x223.jpg 300w, https:\/\/ruffgolf.eu\/wp-content\/uploads\/2025\/02\/ruff-minigolf-neon-sign3-462x343.jpg 462w\" sizes=\"auto, (max-width: 592px) 100vw, 592px\" \/><\/figure>\n<\/div>\n\n\n\n<div class=\"qt-container is-vertically-aligned-center is-style-text\">\n<p class=\"is-style-eyebrow\"><strong>Minigolf entwickelt sich<\/strong><\/p>\n\n\n\n<h2 class=\"wp-block-heading\"><strong>Bist du bereit, die Ver\u00e4nderung zu f\u00fchren?<\/strong><\/h2>\n\n\n\n<p><strong>Warum eine Franchise mit uns?<\/strong><\/p>\n\n\n\n<p>Ein einzigartiges Erlebnis \u2013 Unsere Bahnen sind anders als herk\u00f6mmliche Minigolfpl\u00e4tze. Mit Rough, Bunkern und welligen Gr\u00fcns \u00e4hneln sie echten Golfbahnen und bieten eine spannende Herausforderung f\u00fcr erfahrene Spieler, w\u00e4hrend sie gleichzeitig Spa\u00df f\u00fcr alle garantieren.<\/p>\n\n\n\n<p>Bew\u00e4hrtes Gesch\u00e4ftsmodell \u2013 Unser Konzept vereint Sport, Unterhaltung und soziale Erlebnisse, wodurch unsere Standorte eine hohe Kundenbindung, starke Wiederbesuchsquoten und hervorragendes Umsatzpotenzial erzielen.<\/p>\n\n\n\n<p>Schl\u00fcsselfertige L\u00f6sung \u2013 Wir unterst\u00fctzen dich umfassend bei Standortwahl, Bau, Marketing und Betrieb, um eine reibungslose Er\u00f6ffnung und langfristigen Erfolg zu gew\u00e4hrleisten.<\/p>\n\n\n\n<p>Skalierbarkeit &amp; Wachstum \u2013 Unser Franchise-Modell ist auf Expansion ausgelegt und bietet dir die M\u00f6glichkeit, dein Gesch\u00e4ft schnell mit einer starken Marke und einer treuen Kundenbasis auszubauen.<\/p>\n\n\n\n<p>Minigolf entwickelt sich weiter \u2013 bist du bereit, diese Ver\u00e4nderung aktiv mitzugestalten? Werde Teil unserer Mission, das Golferlebnis neu zu erfinden und baue ein erfolgreiches Gesch\u00e4ft in einem rasant wachsenden Markt auf.<\/p>\n\n\n\n<p>Lass uns sprechen!<\/p>\n<\/div>\n<\/div><\/section>\n<\/div>\n<\/div><\/section>\n\n\n\n<section class=\"qt-section linked-boxes\">\n\t<div class=\"qt-section__inner grid grid-col-4\">\n\t\n\t\t\t<div class=\"qt-container card-linked-box has-background\">\n\t\t\t\t<a href=\"https:\/\/ruffgolf.eu\/ch\/indoor-golf\/\" title=\"Anl\u00e4ggningar\" target=\"\">\n\t\t\t\t\t<h2>Unsere Anlagen<\/h2>\n\t\t\t\t\t<p>Finde dein n\u00e4chstes RUFF, um \u00d6ffnungszeiten und Veranstaltungen zu sehen.<\/p>\n\t\t\t\t<\/a>\n\t\t\t<\/div>\n\t\t\t\n\t\t\t\n\t\t\t<div class=\"qt-container card-linked-box has-background\">\n\t\t\t\t<a href=\"https:\/\/ruffgolf.eu\/ch\/franchise\/\" title=\"Franchise\" target=\"\">\n\t\t\t\t\t<h2>Franchise<\/h2>\n\t\t\t\t\t<p>Werde Franchisenehmer und starte deine eigene RUFF-Anlage.<\/p>\n\t\t\t\t<\/a>\n\t\t\t<\/div>\n\t\t\t\n\t\t\t\n\t\t\t<div class=\"qt-container card-linked-box has-background\">\n\t\t\t\t<a href=\"https:\/\/apps.apple.com\/se\/app\/ruff-golf\/id6449463765\" title=\"Ladda ner appen\" target=\"_blank\" rel=\"noopener\">\n\t\t\t\t\t<h2>Lade die App herunter<\/h2>\n\t\t\t\t\t<p>Profitiere von attraktiven Angeboten und Bonussystemen.<\/p>\n\t\t\t\t<\/a>\n\t\t\t<\/div>\n\t\t\t\n\t\t\t\n\t\t\t<div class=\"qt-container card-linked-box has-background\">\n\t\t\t\t<a href=\"https:\/\/ruffgolf.eu\/ch\/faq\/\" title=\"Fr\u00e5gor och svar\" target=\"\">\n\t\t\t\t\t<h2>Fragen und Antworten<\/h2>\n\t\t\t\t\t<p>Wir sind f\u00fcr dich da! Hier findest du die Antworten auf die h\u00e4ufigsten Fragen.<\/p>\n\t\t\t\t<\/a>\n\t\t\t<\/div>\n\t\t\t\n\t\t\t\t<\/div>\n<\/section>\n\n\n\n<p><\/p>\n","protected":false},"excerpt":{"rendered":"","protected":false},"author":1,"featured_media":0,"parent":0,"menu_order":0,"comment_status":"closed","ping_status":"closed","template":"page-mini-golf","meta":{"_acf_changed":false,"footnotes":""},"class_list":["post-5106","page","type-page","status-publish","hentry"],"acf":[],"_links":{"self":[{"href":"https:\/\/ruffgolf.eu\/ch\/wp-json\/wp\/v2\/pages\/5106","targetHints":{"allow":["GET"]}}],"collection":[{"href":"https:\/\/ruffgolf.eu\/ch\/wp-json\/wp\/v2\/pages"}],"about":[{"href":"https:\/\/ruffgolf.eu\/ch\/wp-json\/wp\/v2\/types\/page"}],"author":[{"embeddable":true,"href":"https:\/\/ruffgolf.eu\/ch\/wp-json\/wp\/v2\/users\/1"}],"replies":[{"embeddable":true,"href":"https:\/\/ruffgolf.eu\/ch\/wp-json\/wp\/v2\/comments?post=5106"}],"version-history":[{"count":5,"href":"https:\/\/ruffgolf.eu\/ch\/wp-json\/wp\/v2\/pages\/5106\/revisions"}],"predecessor-version":[{"id":5156,"href":"https:\/\/ruffgolf.eu\/ch\/wp-json\/wp\/v2\/pages\/5106\/revisions\/5156"}],"wp:attachment":[{"href":"https:\/\/ruffgolf.eu\/ch\/wp-json\/wp\/v2\/media?parent=5106"}],"curies":[{"name":"wp","href":"https:\/\/api.w.org\/{rel}","templated":true}]}}