{"id":2700,"date":"2024-08-28T14:24:53","date_gmt":"2024-08-28T12:24:53","guid":{"rendered":"https:\/\/ruffgolf.eu\/?page_id=2700"},"modified":"2026-01-18T22:48:02","modified_gmt":"2026-01-18T21:48:02","slug":"deutschland","status":"publish","type":"page","link":"https:\/\/ruffgolf.eu\/de\/","title":{"rendered":"Deutschland"},"content":{"rendered":"\n<section class=\"qt-section container-fullwidth is-style-hero\"><div class=\"qt-section__inner grid grid-col-1\">\n<div class=\"qt-container\">\n<div class=\"wp-block-cover is-light\"><video class=\"wp-block-cover__video-background intrinsic-ignore\" autoplay muted loop playsinline src=\"https:\/\/ruffgolf.eu\/wp-content\/uploads\/2026\/01\/heromovie-1.m4v\" data-object-fit=\"cover\"><\/video><span aria-hidden=\"true\" class=\"wp-block-cover__background has-black-background-color has-background-dim-40 has-background-dim\"><\/span><div class=\"wp-block-cover__inner-container is-layout-constrained wp-block-cover-is-layout-constrained\">\n<section class=\"qt-section container-s\"><div class=\"qt-section__inner grid grid-col-1\">\n<div class=\"qt-container\">\n<p class=\"has-text-align-center is-style-eyebrow\">RUFF Indoor Golf<\/p>\n\n\n\n<h1 class=\"wp-block-heading has-text-align-center has-base-1-color has-text-color has-link-color has-xxl-font-size wp-elements-38f5b103a907edee52ba2c2e74072605\">reinventing the&nbsp;golf experience<\/h1>\n\n\n\n<div class=\"wp-block-buttons is-content-justification-center is-layout-flex wp-container-core-buttons-is-layout-a89b3969 wp-block-buttons-is-layout-flex\">\n<div class=\"wp-block-button\"><a class=\"wp-block-button__link wp-element-button\" href=\"#booking\">Jetzt buchen<\/a><\/div>\n<\/div>\n<\/div>\n<\/div><\/section>\n<\/div><\/div>\n<\/div>\n<\/div><\/section>\n\n\n\n<section class=\"qt-section polaroid-cards\" data-animation-scene data-animation-type=\"cards\">\n\t<div class=\"qt-section__inner grid grid-col-4\">\n\t\t\t\t<div class=\"qt-container card-polaroid has-background\" data-animation-card>\n\t\t\t\t<a href=\"#booking\" title=\"Buchen\" target=\"\">\n\t\t\t\t\t<h2>Golf buchen<\/h2>\n\t\t\t\t\t<figure class=\"wp-block-image\">\n\t\t\t\t\t<img loading=\"lazy\" decoding=\"async\" width=\"693\" height=\"694\" src=\"https:\/\/ruffgolf.eu\/wp-content\/uploads\/2024\/09\/polaroid-book.jpg\" class=\"attachment-small-1-1 size-small-1-1\" alt=\"\" srcset=\"https:\/\/ruffgolf.eu\/wp-content\/uploads\/2024\/09\/polaroid-book.jpg 693w, https:\/\/ruffgolf.eu\/wp-content\/uploads\/2024\/09\/polaroid-book-622x623.jpg 622w, https:\/\/ruffgolf.eu\/wp-content\/uploads\/2024\/09\/polaroid-book-150x150.jpg 150w, https:\/\/ruffgolf.eu\/wp-content\/uploads\/2024\/09\/polaroid-book-300x300.jpg 300w, https:\/\/ruffgolf.eu\/wp-content\/uploads\/2024\/09\/polaroid-book-462x463.jpg 462w, https:\/\/ruffgolf.eu\/wp-content\/uploads\/2024\/09\/polaroid-book-592x592.jpg 592w, https:\/\/ruffgolf.eu\/wp-content\/uploads\/2024\/09\/polaroid-book-347x347.jpg 347w, https:\/\/ruffgolf.eu\/wp-content\/uploads\/2024\/09\/polaroid-book-466x467.jpg 466w, https:\/\/ruffgolf.eu\/wp-content\/uploads\/2024\/09\/polaroid-book-540x541.jpg 540w, https:\/\/ruffgolf.eu\/wp-content\/uploads\/2024\/09\/polaroid-book-455x456.jpg 455w\" sizes=\"auto, (max-width: 693px) 100vw, 693px\" \/>\t\t\t\t\t<\/figure>\n\t\t\t\t<\/a>\n\t\t\t<\/div>\n\t\t\t\n\t\t\t\t\t\t<div class=\"qt-container card-polaroid has-background\" data-animation-card>\n\t\t\t\t<a href=\"https:\/\/ruffgolf.eu\/de\/mitgliedschaft\/\" title=\"Mitgliedschaft\" target=\"\">\n\t\t\t\t\t<h2>Mitglied werden<\/h2>\n\t\t\t\t\t<figure class=\"wp-block-image\">\n\t\t\t\t\t<img loading=\"lazy\" decoding=\"async\" width=\"693\" height=\"693\" src=\"https:\/\/ruffgolf.eu\/wp-content\/uploads\/2024\/09\/polaroid-membership.jpg\" class=\"attachment-small-1-1 size-small-1-1\" alt=\"\" srcset=\"https:\/\/ruffgolf.eu\/wp-content\/uploads\/2024\/09\/polaroid-membership.jpg 693w, https:\/\/ruffgolf.eu\/wp-content\/uploads\/2024\/09\/polaroid-membership-622x622.jpg 622w, https:\/\/ruffgolf.eu\/wp-content\/uploads\/2024\/09\/polaroid-membership-150x150.jpg 150w, https:\/\/ruffgolf.eu\/wp-content\/uploads\/2024\/09\/polaroid-membership-300x300.jpg 300w, https:\/\/ruffgolf.eu\/wp-content\/uploads\/2024\/09\/polaroid-membership-462x462.jpg 462w, https:\/\/ruffgolf.eu\/wp-content\/uploads\/2024\/09\/polaroid-membership-592x592.jpg 592w, https:\/\/ruffgolf.eu\/wp-content\/uploads\/2024\/09\/polaroid-membership-347x347.jpg 347w, https:\/\/ruffgolf.eu\/wp-content\/uploads\/2024\/09\/polaroid-membership-467x467.jpg 467w, https:\/\/ruffgolf.eu\/wp-content\/uploads\/2024\/09\/polaroid-membership-541x541.jpg 541w, https:\/\/ruffgolf.eu\/wp-content\/uploads\/2024\/09\/polaroid-membership-456x456.jpg 456w\" sizes=\"auto, (max-width: 693px) 100vw, 693px\" \/>\t\t\t\t\t<\/figure>\n\t\t\t\t<\/a>\n\t\t\t<\/div>\n\t\t\t\n\t\t\t\t\t\t<div class=\"qt-container card-polaroid has-background\" data-animation-card>\n\t\t\t\t<a href=\"https:\/\/ruffgolf.eu\/de\/eventlocation\/\" title=\"Eventlocation\" target=\"\">\n\t\t\t\t\t<h2>Events<\/h2>\n\t\t\t\t\t<figure class=\"wp-block-image\">\n\t\t\t\t\t<img loading=\"lazy\" decoding=\"async\" width=\"693\" height=\"693\" src=\"https:\/\/ruffgolf.eu\/wp-content\/uploads\/2024\/09\/polaroid-hamburger.jpg\" class=\"attachment-small-1-1 size-small-1-1\" alt=\"\" srcset=\"https:\/\/ruffgolf.eu\/wp-content\/uploads\/2024\/09\/polaroid-hamburger.jpg 693w, https:\/\/ruffgolf.eu\/wp-content\/uploads\/2024\/09\/polaroid-hamburger-622x622.jpg 622w, https:\/\/ruffgolf.eu\/wp-content\/uploads\/2024\/09\/polaroid-hamburger-150x150.jpg 150w, https:\/\/ruffgolf.eu\/wp-content\/uploads\/2024\/09\/polaroid-hamburger-300x300.jpg 300w, https:\/\/ruffgolf.eu\/wp-content\/uploads\/2024\/09\/polaroid-hamburger-462x462.jpg 462w, https:\/\/ruffgolf.eu\/wp-content\/uploads\/2024\/09\/polaroid-hamburger-592x592.jpg 592w, https:\/\/ruffgolf.eu\/wp-content\/uploads\/2024\/09\/polaroid-hamburger-347x347.jpg 347w, https:\/\/ruffgolf.eu\/wp-content\/uploads\/2024\/09\/polaroid-hamburger-467x467.jpg 467w, https:\/\/ruffgolf.eu\/wp-content\/uploads\/2024\/09\/polaroid-hamburger-541x541.jpg 541w, https:\/\/ruffgolf.eu\/wp-content\/uploads\/2024\/09\/polaroid-hamburger-456x456.jpg 456w\" sizes=\"auto, (max-width: 693px) 100vw, 693px\" \/>\t\t\t\t\t<\/figure>\n\t\t\t\t<\/a>\n\t\t\t<\/div>\n\t\t\t\n\t\t\t\t\t\t<div class=\"qt-container card-polaroid has-background\" data-animation-card>\n\t\t\t\t<a href=\"https:\/\/ruffgolf.eu\/de\/franchise\/\" title=\"Franchise\" target=\"\">\n\t\t\t\t\t<h2>Franchisenehmer<\/h2>\n\t\t\t\t\t<figure class=\"wp-block-image\">\n\t\t\t\t\t<img loading=\"lazy\" decoding=\"async\" width=\"693\" height=\"693\" src=\"https:\/\/ruffgolf.eu\/wp-content\/uploads\/2024\/09\/polaroid-event.jpg\" class=\"attachment-small-1-1 size-small-1-1\" alt=\"\" srcset=\"https:\/\/ruffgolf.eu\/wp-content\/uploads\/2024\/09\/polaroid-event.jpg 693w, https:\/\/ruffgolf.eu\/wp-content\/uploads\/2024\/09\/polaroid-event-622x622.jpg 622w, https:\/\/ruffgolf.eu\/wp-content\/uploads\/2024\/09\/polaroid-event-150x150.jpg 150w, https:\/\/ruffgolf.eu\/wp-content\/uploads\/2024\/09\/polaroid-event-300x300.jpg 300w, https:\/\/ruffgolf.eu\/wp-content\/uploads\/2024\/09\/polaroid-event-462x462.jpg 462w, https:\/\/ruffgolf.eu\/wp-content\/uploads\/2024\/09\/polaroid-event-592x592.jpg 592w, https:\/\/ruffgolf.eu\/wp-content\/uploads\/2024\/09\/polaroid-event-347x347.jpg 347w, https:\/\/ruffgolf.eu\/wp-content\/uploads\/2024\/09\/polaroid-event-467x467.jpg 467w, https:\/\/ruffgolf.eu\/wp-content\/uploads\/2024\/09\/polaroid-event-541x541.jpg 541w, https:\/\/ruffgolf.eu\/wp-content\/uploads\/2024\/09\/polaroid-event-456x456.jpg 456w\" sizes=\"auto, (max-width: 693px) 100vw, 693px\" \/>\t\t\t\t\t<\/figure>\n\t\t\t\t<\/a>\n\t\t\t<\/div>\n\t\t\t\n\t\t\t\t<\/div>\n<\/section>\n\n\n\n<section class=\"qt-section container-default\"><div class=\"qt-section__inner grid grid-col-1\">\n<div class=\"qt-container\">\n<h2 class=\"wp-block-heading has-text-align-center\">Unsere Standorte<\/h2>\n<\/div>\n\n\n\n<div class=\"qt-container\">\n\n\t<section class=\"qt-section container-default locations\">\n\t\t<div class=\"qt-section__inner grid grid-col-4\">\n\t\t\t\n<div class=\"qt-container card-location has-background\">\n\t\t\t<a href=\"https:\/\/ruffgolf.eu\/de\/locations\/dreieich\/\" title=\"RUFF Dreieich\" target=\"_self\">\n\t\t\t<h2 class=\"location__name\">Dreieich<\/h2>\n\t\t\t<p class=\"location__address\">\n\t\t\t\t<img loading=\"lazy\" decoding=\"async\" src=\"https:\/\/ruffgolf.eu\/wp-content\/themes\/q-theme\/assets\/images\/location-pin.svg\" alt=\"Location pin\" width=\"13\" height=\"17\">\n\t\t\t\tFrankfurter Stra\u00dfe 151 C, 63303 Dreieich\t\t\t<\/p>\n\t\t<\/a>\n\t<\/div>\n\n<div class=\"qt-container card-location has-background\">\n\t\t\t<h2 class=\"location__name\">Dreieich Minigolf<\/h2>\n\t\t<div class=\"badge coming-soon\">\n\t\t\t<p>\u00d6ffnet bald<\/p>\n\t\t<\/div>\n\t<\/div>\n\n<div class=\"qt-container card-location has-background\">\n\t\t\t<a href=\"https:\/\/ruffgolf.eu\/de\/locations\/duesseldorf\/\" title=\"RUFF D\u00fcsseldorf\" target=\"_self\">\n\t\t\t<h2 class=\"location__name\">D\u00fcsseldorf<\/h2>\n\t\t\t<p class=\"location__address\">\n\t\t\t\t<img loading=\"lazy\" decoding=\"async\" src=\"https:\/\/ruffgolf.eu\/wp-content\/themes\/q-theme\/assets\/images\/location-pin.svg\" alt=\"Location pin\" width=\"13\" height=\"17\">\n\t\t\t\tFritz-Vomfelde-Stra\u00dfe 34\t\t\t<\/p>\n\t\t<\/a>\n\t<\/div>\n\n<div class=\"qt-container card-location has-background\">\n\t\t\t<a href=\"https:\/\/ruffgolf.eu\/de\/locations\/ostsee\/\" title=\"RUFF Ostsee\" target=\"_self\">\n\t\t\t<h2 class=\"location__name\">Ostsee<\/h2>\n\t\t\t<p class=\"location__address\">\n\t\t\t\t<img loading=\"lazy\" decoding=\"async\" src=\"https:\/\/ruffgolf.eu\/wp-content\/themes\/q-theme\/assets\/images\/location-pin.svg\" alt=\"Location pin\" width=\"13\" height=\"17\">\n\t\t\t\tBlauenkrog 12\t\t\t<\/p>\n\t\t<\/a>\n\t<\/div>\n\t\t<\/div>\n\t<\/section>\n\n\t\n<\/div>\n<\/div><\/section>\n\n\n\n<section class=\"qt-section container-default is-style-tilt-background\"><div class=\"qt-section__inner grid grid-col-1\">\n<div class=\"qt-container\">\n<section class=\"qt-section container-default is-style-section-image-right\"><div class=\"qt-section__inner grid grid-col-2\">\n<div class=\"qt-container is-vertically-aligned-center is-style-text\">\n<p class=\"is-style-eyebrow\">Erkl\u00e4rt<\/p>\n\n\n\n<h2 class=\"wp-block-heading\">Das ist RUFF<\/h2>\n\n\n\n<p>RUFF Golf entstand aus der gemeinsamen Liebe und Leidenschaft f\u00fcr den Golfsport. Unsere Vision war es, den fehlenden Puzzleteil des Golfsports zu erg\u00e4nzen. RUFF ist ein Ort, an dem Golf im Mittelpunkt steht und man ganzj\u00e4hrig mit Freunden, Familie, Kollegen und Gesch\u00e4ftspartnern eine tolle Zeit verbringen kann.<\/p>\n\n\n\n<p>RUFF, eine Weltklasse Indoor Golf-Lounge.<\/p>\n\n\n\n<div class=\"wp-block-buttons is-layout-flex wp-block-buttons-is-layout-flex\">\n<div class=\"wp-block-button is-style-button-with-arrow\"><a class=\"wp-block-button__link wp-element-button\" href=\"https:\/\/ruffgolf.eu\/de\/uber-uns\/\">Erfahren sie mehr \u00fcber uns<\/a><\/div>\n<\/div>\n<\/div>\n\n\n\n<div class=\"qt-container is-vertically-aligned-center is-style-image\">\n<figure class=\"wp-block-image size-4-3-medium\"><img loading=\"lazy\" decoding=\"async\" width=\"622\" height=\"467\" src=\"https:\/\/ruffgolf.eu\/wp-content\/uploads\/2024\/09\/this-is-ruff-622x467.jpg\" alt=\"\" class=\"wp-image-1394\" srcset=\"https:\/\/ruffgolf.eu\/wp-content\/uploads\/2024\/09\/this-is-ruff-622x467.jpg 622w, https:\/\/ruffgolf.eu\/wp-content\/uploads\/2024\/09\/this-is-ruff-300x225.jpg 300w, https:\/\/ruffgolf.eu\/wp-content\/uploads\/2024\/09\/this-is-ruff-768x576.jpg 768w, https:\/\/ruffgolf.eu\/wp-content\/uploads\/2024\/09\/this-is-ruff-462x347.jpg 462w, https:\/\/ruffgolf.eu\/wp-content\/uploads\/2024\/09\/this-is-ruff-592x444.jpg 592w, https:\/\/ruffgolf.eu\/wp-content\/uploads\/2024\/09\/this-is-ruff-721x541.jpg 721w, https:\/\/ruffgolf.eu\/wp-content\/uploads\/2024\/09\/this-is-ruff-608x456.jpg 608w, https:\/\/ruffgolf.eu\/wp-content\/uploads\/2024\/09\/this-is-ruff.jpg 933w\" sizes=\"auto, (max-width: 622px) 100vw, 622px\" \/><\/figure>\n<\/div>\n<\/div><\/section>\n<\/div>\n\n\n\n<div class=\"qt-container\">\n<section class=\"qt-section container-default is-style-section-image-left\"><div class=\"qt-section__inner grid grid-col-2\">\n<div class=\"qt-container is-vertically-aligned-center is-style-image\">\n<figure class=\"wp-block-image size-4-3-medium\"><img loading=\"lazy\" decoding=\"async\" width=\"622\" height=\"467\" src=\"https:\/\/ruffgolf.eu\/wp-content\/uploads\/2024\/09\/how-simulator-golf-works-622x467.jpg\" alt=\"\" class=\"wp-image-1386\" srcset=\"https:\/\/ruffgolf.eu\/wp-content\/uploads\/2024\/09\/how-simulator-golf-works-622x467.jpg 622w, https:\/\/ruffgolf.eu\/wp-content\/uploads\/2024\/09\/how-simulator-golf-works-300x225.jpg 300w, https:\/\/ruffgolf.eu\/wp-content\/uploads\/2024\/09\/how-simulator-golf-works-768x576.jpg 768w, https:\/\/ruffgolf.eu\/wp-content\/uploads\/2024\/09\/how-simulator-golf-works-462x347.jpg 462w, https:\/\/ruffgolf.eu\/wp-content\/uploads\/2024\/09\/how-simulator-golf-works-592x444.jpg 592w, https:\/\/ruffgolf.eu\/wp-content\/uploads\/2024\/09\/how-simulator-golf-works-721x541.jpg 721w, https:\/\/ruffgolf.eu\/wp-content\/uploads\/2024\/09\/how-simulator-golf-works-608x456.jpg 608w, https:\/\/ruffgolf.eu\/wp-content\/uploads\/2024\/09\/how-simulator-golf-works.jpg 933w\" sizes=\"auto, (max-width: 622px) 100vw, 622px\" \/><\/figure>\n<\/div>\n\n\n\n<div class=\"qt-container is-vertically-aligned-center is-style-text\">\n<p class=\"is-style-eyebrow\">Golf f\u00fcr alle<\/p>\n\n\n\n<h2 class=\"wp-block-heading\">So funktioniert Simulatorgolf bei RUFF<\/h2>\n\n\n\n<p>Egal ob du ein erfahrener Spieler, leidenschaftlicher Enthusiast oder v\u00f6lliger Neuling bist \u2013 wir bieten Golferlebnisse der Spitzenklasse. Einfacher geht es nicht. <a href=\"https:\/\/ruffgolf.eu\/de\/die-technologie\/\" data-type=\"page\" data-id=\"1903\">Mehr \u00fcber die Technik erf\u00e4hrst du hier<\/a>.<\/p>\n\n\n\n<ul class=\"wp-block-list\">\n<li><strong>Ganzjahres-Golf<\/strong><\/li>\n\n\n\n<li><strong>Kostenlose Leihschl\u00e4ger<\/strong><\/li>\n\n\n\n<li><strong>Betreute Anlagen<\/strong><\/li>\n\n\n\n<li><strong>Preis ab \u20ac30&nbsp;pro Stunde<\/strong><\/li>\n<\/ul>\n\n\n\n<div class=\"wp-block-buttons is-layout-flex wp-block-buttons-is-layout-flex\">\n<div class=\"wp-block-button is-style-button-with-arrow\"><a class=\"wp-block-button__link wp-element-button\" href=\"#booking\">Simulatorgolf buchen<\/a><\/div>\n<\/div>\n<\/div>\n<\/div><\/section>\n<\/div>\n<\/div><\/section>\n\n\n\n<section class=\"qt-section container-default cta-large\">\n\t<div class=\"qt-section__inner grid grid-col-1\">\n\t\t<div class=\"qt-container\">\n\t\t\t<h2 class=\"wp-block-heading has-text-align-center has-accent-1-color has-text-color has-xxl-font-size\">Bereit, eine Runde zu spielen?<\/h2>\n\t\t\t<div class=\"wp-block-buttons is-content-justification-center\">\n\t\t\t\t<div class=\"wp-block-button is-style-button-cta\">\n\t\t\t\t\t<a href=\"#booking\" class=\"wp-block-button__link wp-element-button\" title=\"Jetzt buchen\" target=\"\">Jetzt buchen<\/a>\n\t\t\t\t<\/div>\n\t\t\t<\/div>\n\t\t<\/div>\n\t<\/div>\n<\/section>\n\n\n\n<section class=\"qt-section linked-boxes\">\n\t<div class=\"qt-section__inner grid grid-col-4\">\n\t\n\t\t\t<div class=\"qt-container card-linked-box has-background\">\n\t\t\t\t<a href=\"https:\/\/apps.apple.com\/de\/app\/ruff-golf\/id6449463765\" title=\"App herunterladen\" target=\"_blank\" rel=\"noopener\">\n\t\t\t\t\t<h2>App herunterladen<\/h2>\n\t\t\t\t\t<p>Profitieren Sie von g\u00fcnstigen Angeboten und Bonussystemen.<\/p>\n\t\t\t\t<\/a>\n\t\t\t<\/div>\n\t\t\t\n\t\t\t\n\t\t\t<div class=\"qt-container card-linked-box has-background\">\n\t\t\t\t<a href=\"https:\/\/ruffgolf.eu\/de\/faq\/\" title=\"Fragen und Antworten\" target=\"\">\n\t\t\t\t\t<h2>Fragen und Antworten<\/h2>\n\t\t\t\t\t<p>Wir sind f\u00fcr dich da! Hier findest du Antworten auf unsere h\u00e4ufigsten Fragen.<\/p>\n\t\t\t\t<\/a>\n\t\t\t<\/div>\n\t\t\t\n\t\t\t\n\t\t\t<div class=\"qt-container card-linked-box has-background\">\n\t\t\t\t<a href=\"https:\/\/ruffgolf.eu\/de\/partnerschaften\/\" title=\"Partnerschaft\" target=\"\">\n\t\t\t\t\t<h2>Partnerschaft<\/h2>\n\t\t\t\t\t<p>F\u00fcr Unternehmen und Golfclubs. Werden Sie Loch- oder Simulatorsponsor bei RUFF.<\/p>\n\t\t\t\t<\/a>\n\t\t\t<\/div>\n\t\t\t\n\t\t\t\n\t\t\t<div class=\"qt-container card-linked-box has-background\">\n\t\t\t\t<a href=\"https:\/\/ruffgolf.eu\/de\/kontakt\/\" title=\"Kontaktieren Sie uns\" target=\"\">\n\t\t\t\t\t<h2>Kontaktieren Sie uns<\/h2>\n\t\t\t\t\t<p>Fragen? Kontaktiere uns, wir helfen dir gerne weiter.<\/p>\n\t\t\t\t<\/a>\n\t\t\t<\/div>\n\t\t\t\n\t\t\t\t<\/div>\n<\/section>\n\n\n\n<section class=\"qt-section container-default\"><div class=\"qt-section__inner grid grid-col-1\">\n<div class=\"qt-container\">\n<section class=\"qt-section container-default is-style-section-image-right\"><div class=\"qt-section__inner grid grid-col-2\">\n<div class=\"qt-container is-vertically-aligned-center is-style-text\">\n<p class=\"is-style-eyebrow\">Mitgliedschaft<\/p>\n\n\n\n<h2 class=\"wp-block-heading\">Genie\u00dfe das Beste \u2013 werde Mitglied<\/h2>\n\n\n\n<p>Willkommen im entspanntesten Golfclub Deutschlands. Als Mitglied bei RUFF Indoor Golf profitierst du von zahlreichen attraktiven Angeboten.<\/p>\n\n\n\n<ul class=\"wp-block-list\">\n<li>Erm\u00e4\u00dfigte Preise<\/li>\n\n\n\n<li>Einladungen zu Events<\/li>\n\n\n\n<li>Wettbewerbe<\/li>\n<\/ul>\n\n\n\n<div class=\"wp-block-buttons is-layout-flex wp-block-buttons-is-layout-flex\">\n<div class=\"wp-block-button is-style-button-with-arrow\"><a class=\"wp-block-button__link wp-element-button\" href=\"https:\/\/ruffgolf.eu\/de\/mitgliedschaft\/\">Mitglied werden<\/a><\/div>\n<\/div>\n<\/div>\n\n\n\n<div class=\"qt-container is-vertically-aligned-center is-style-image\">\n<figure class=\"wp-block-image size-4-3-medium\"><img loading=\"lazy\" decoding=\"async\" width=\"622\" height=\"467\" src=\"https:\/\/ruffgolf.eu\/wp-content\/uploads\/2024\/09\/sign-up-member-622x467.jpg\" alt=\"\" class=\"wp-image-1662\" srcset=\"https:\/\/ruffgolf.eu\/wp-content\/uploads\/2024\/09\/sign-up-member-622x467.jpg 622w, https:\/\/ruffgolf.eu\/wp-content\/uploads\/2024\/09\/sign-up-member-300x225.jpg 300w, https:\/\/ruffgolf.eu\/wp-content\/uploads\/2024\/09\/sign-up-member-768x576.jpg 768w, https:\/\/ruffgolf.eu\/wp-content\/uploads\/2024\/09\/sign-up-member-462x347.jpg 462w, https:\/\/ruffgolf.eu\/wp-content\/uploads\/2024\/09\/sign-up-member-592x444.jpg 592w, https:\/\/ruffgolf.eu\/wp-content\/uploads\/2024\/09\/sign-up-member-721x541.jpg 721w, https:\/\/ruffgolf.eu\/wp-content\/uploads\/2024\/09\/sign-up-member-608x456.jpg 608w, https:\/\/ruffgolf.eu\/wp-content\/uploads\/2024\/09\/sign-up-member.jpg 933w\" sizes=\"auto, (max-width: 622px) 100vw, 622px\" \/><\/figure>\n<\/div>\n<\/div><\/section>\n<\/div>\n\n\n\n<div class=\"qt-container\">\n<section class=\"qt-section container-default is-style-section-image-left\"><div class=\"qt-section__inner grid grid-col-2\">\n<div class=\"qt-container is-vertically-aligned-center is-style-image\">\n<figure class=\"wp-block-image size-4-3-medium\"><img loading=\"lazy\" decoding=\"async\" width=\"622\" height=\"467\" src=\"https:\/\/ruffgolf.eu\/wp-content\/uploads\/2024\/09\/all-our-locations-622x467.jpg\" alt=\"\" class=\"wp-image-1666\" srcset=\"https:\/\/ruffgolf.eu\/wp-content\/uploads\/2024\/09\/all-our-locations-622x467.jpg 622w, https:\/\/ruffgolf.eu\/wp-content\/uploads\/2024\/09\/all-our-locations-300x225.jpg 300w, https:\/\/ruffgolf.eu\/wp-content\/uploads\/2024\/09\/all-our-locations-768x576.jpg 768w, https:\/\/ruffgolf.eu\/wp-content\/uploads\/2024\/09\/all-our-locations-462x347.jpg 462w, https:\/\/ruffgolf.eu\/wp-content\/uploads\/2024\/09\/all-our-locations-592x444.jpg 592w, https:\/\/ruffgolf.eu\/wp-content\/uploads\/2024\/09\/all-our-locations-721x541.jpg 721w, https:\/\/ruffgolf.eu\/wp-content\/uploads\/2024\/09\/all-our-locations-608x456.jpg 608w, https:\/\/ruffgolf.eu\/wp-content\/uploads\/2024\/09\/all-our-locations.jpg 933w\" sizes=\"auto, (max-width: 622px) 100vw, 622px\" \/><\/figure>\n<\/div>\n\n\n\n<div class=\"qt-container is-vertically-aligned-center is-style-text\">\n<p class=\"is-style-eyebrow\">Wo Sie uns finden<\/p>\n\n\n\n<h2 class=\"wp-block-heading\">Unsere Standorte<\/h2>\n\n\n\n<p><strong>In jeder RUFF-Anlage bieten wir mehr als nur Golf; hier kannst du k\u00f6stliches Essen und Getr\u00e4nke in einer gem\u00fctlichen und einladenden Umgebung genie\u00dfen. Mit einer entspannten Atmosph\u00e4re ist es leicht, sich zu erholen und Spa\u00df zu haben, egal ob du ein erfahrener Golfer oder Anf\u00e4nger bist. Herzlich willkommen!<\/strong><\/p>\n\n\n\n<div class=\"wp-block-buttons is-layout-flex wp-block-buttons-is-layout-flex\">\n<div class=\"wp-block-button is-style-button-with-arrow\"><a class=\"wp-block-button__link wp-element-button\" href=\"https:\/\/ruffgolf.eu\/de\/indoor-golf\/\">Unsere Standorte<\/a><\/div>\n<\/div>\n<\/div>\n<\/div><\/section>\n<\/div>\n<\/div><\/section>\n","protected":false},"excerpt":{"rendered":"","protected":false},"author":1,"featured_media":0,"parent":0,"menu_order":0,"comment_status":"closed","ping_status":"closed","template":"","meta":{"_acf_changed":false,"footnotes":""},"class_list":["post-2700","page","type-page","status-publish","hentry"],"acf":[],"_links":{"self":[{"href":"https:\/\/ruffgolf.eu\/de\/wp-json\/wp\/v2\/pages\/2700","targetHints":{"allow":["GET"]}}],"collection":[{"href":"https:\/\/ruffgolf.eu\/de\/wp-json\/wp\/v2\/pages"}],"about":[{"href":"https:\/\/ruffgolf.eu\/de\/wp-json\/wp\/v2\/types\/page"}],"author":[{"embeddable":true,"href":"https:\/\/ruffgolf.eu\/de\/wp-json\/wp\/v2\/users\/1"}],"replies":[{"embeddable":true,"href":"https:\/\/ruffgolf.eu\/de\/wp-json\/wp\/v2\/comments?post=2700"}],"version-history":[{"count":23,"href":"https:\/\/ruffgolf.eu\/de\/wp-json\/wp\/v2\/pages\/2700\/revisions"}],"predecessor-version":[{"id":7856,"href":"https:\/\/ruffgolf.eu\/de\/wp-json\/wp\/v2\/pages\/2700\/revisions\/7856"}],"wp:attachment":[{"href":"https:\/\/ruffgolf.eu\/de\/wp-json\/wp\/v2\/media?parent=2700"}],"curies":[{"name":"wp","href":"https:\/\/api.w.org\/{rel}","templated":true}]}}