{"id":2712,"date":"2024-09-11T12:33:37","date_gmt":"2024-09-11T10:33:37","guid":{"rendered":"https:\/\/ruffgolf.eu\/?page_id=2712"},"modified":"2026-03-30T10:24:14","modified_gmt":"2026-03-30T08:24:14","slug":"die-technologie","status":"publish","type":"page","link":"https:\/\/ruffgolf.eu\/de\/die-technologie\/","title":{"rendered":"Die Technologie"},"content":{"rendered":"\n<section class=\"qt-section container-m\"><div class=\"qt-section__inner grid grid-col-1\">\n<div class=\"qt-container\">\n<p class=\"has-text-align-center is-style-eyebrow\">Nur das beste ist gut genug<\/p>\n\n\n\n<h1 class=\"wp-block-heading has-text-align-center\">\u00dcber unsere Technologie<\/h1>\n\n\n\n<figure class=\"wp-block-image size-16-9-large\"><img loading=\"lazy\" decoding=\"async\" width=\"811\" height=\"456\" src=\"https:\/\/ruffgolf.eu\/wp-content\/uploads\/2024\/09\/om-tekniken-1-811x456.jpg\" alt=\"\" class=\"wp-image-1028\" srcset=\"https:\/\/ruffgolf.eu\/wp-content\/uploads\/2024\/09\/om-tekniken-1-811x456.jpg 811w, https:\/\/ruffgolf.eu\/wp-content\/uploads\/2024\/09\/om-tekniken-1-622x350.jpg 622w, https:\/\/ruffgolf.eu\/wp-content\/uploads\/2024\/09\/om-tekniken-1-300x169.jpg 300w, https:\/\/ruffgolf.eu\/wp-content\/uploads\/2024\/09\/om-tekniken-1-768x432.jpg 768w, https:\/\/ruffgolf.eu\/wp-content\/uploads\/2024\/09\/om-tekniken-1-1024x576.jpg 1024w, https:\/\/ruffgolf.eu\/wp-content\/uploads\/2024\/09\/om-tekniken-1-462x260.jpg 462w, https:\/\/ruffgolf.eu\/wp-content\/uploads\/2024\/09\/om-tekniken-1-592x333.jpg 592w, https:\/\/ruffgolf.eu\/wp-content\/uploads\/2024\/09\/om-tekniken-1.jpg 1217w\" sizes=\"auto, (max-width: 811px) 100vw, 811px\" \/><\/figure>\n<\/div>\n\n\n\n<div class=\"qt-container\">\n<h2 class=\"wp-block-heading\">Wir k\u00fcmmern uns um die Details<\/h2>\n\n\n\n<p>Manche w\u00fcrden uns pingelig nennen. Wir nennen es Standard. Bei RUFF schaffen wir ein Indoor-Golferlebnis, bei dem jedes Detail optimiert ist \u2013 von der Technik bis zur Umgebung \u2013, um dir ein m\u00f6glichst realistisches Spielgef\u00fchl zu bieten.<\/p>\n\n\n\n<p>Alle unsere Anlagen sind mit modernen TrackMan-Simulatoren ausgestattet, sodass du pr\u00e4zise Balldaten und ein Spielerlebnis erh\u00e4ltst, das echtem Golf sehr nahekommt. Unsere gro\u00dfz\u00fcgigen Bays, hochwertigen Schlagfl\u00e4chen und sorgf\u00e4ltig ausgew\u00e4hlten Untergr\u00fcnde sorgen daf\u00fcr, dass sich jeder Schlag nat\u00fcrlich anf\u00fchlt \u2013 egal, ob du trainierst oder mit Freunden spielst.<\/p>\n\n\n\n<p>Du hast keine eigenen Schl\u00e4ger? Bei uns kannst du ganz einfach Premium-Schl\u00e4ger von Takomo mieten, damit du f\u00fcr deine Runde immer optimal ausgestattet bist.<\/p>\n\n\n\n<p>Doch bei RUFF geht es nicht nur um Technik und Equipment. Es geht um das Gesamterlebnis. Unsere Golflounges sind so gestaltet, dass sie entspannt, gesellig und einladend sind \u2013 ganz gleich, ob du zum Spielen, zum Zusammensein oder einfach zum Ausprobieren kommst.<\/p>\n\n\n\n<p>Und wenn du Unterst\u00fctzung brauchst, sind wir immer in deiner N\u00e4he. Starte im Simulator, leihe dir Schl\u00e4ger oder hol dir etwas Einfaches an der Bar \u2013 wir sorgen daf\u00fcr, dass dein Erlebnis von Anfang bis Ende reibungslos verl\u00e4uft.<\/p>\n<\/div>\n<\/div><\/section>\n\n\n\n<section class=\"qt-section container-m cta-small\">\n\t<div class=\"qt-section__inner grid grid-col-2 has-background\">\n\t\t<div class=\"qt-container\">\n\t\t\t<h2 class=\"wp-block-heading has-base-2-color has-text-color has-l-font-size\">Finden Sie den n\u00e4chstgelegenen Standort<\/h2>\n\t\t<\/div>\n\t\t<div class=\"qt-container \">\n\t\t\t<div class=\"wp-block-buttons\">\n\t\t\t\t<div class=\"wp-block-button is-style-fill\">\n\t\t\t\t\t<a href=\"https:\/\/ruffgolf.eu\/de\/indoor-golf\/\" class=\"wp-block-button__link wp-element-button\" title=\"Unsere Standorte\" target=\"\">Unsere Standorte<\/a>\n\t\t\t\t<\/div>\n\t\t\t<\/div>\n\t\t<\/div>\n\t<\/div>\n<\/section>\n\n\n\n<section class=\"qt-section container-m\"><div class=\"qt-section__inner grid grid-col-1\">\n<div class=\"qt-container\">\n<figure class=\"wp-block-embed is-type-video is-provider-youtube wp-block-embed-youtube wp-embed-aspect-16-9 wp-has-aspect-ratio\"><div class=\"wp-block-embed__wrapper\">\n<iframe loading=\"lazy\" title=\"RUFF Golf\" width=\"500\" height=\"281\" src=\"https:\/\/www.youtube.com\/embed\/pmgBwTpfe9M?feature=oembed\" frameborder=\"0\" allow=\"accelerometer; autoplay; clipboard-write; encrypted-media; gyroscope; picture-in-picture; web-share\" referrerpolicy=\"strict-origin-when-cross-origin\" allowfullscreen><\/iframe>\n<\/div><\/figure>\n<\/div>\n\n\n\n<div class=\"qt-container\">\n<h2 class=\"wp-block-heading\">Bitte Tracy um Hilfe<\/h2>\n\n\n\n<p>Egal, ob Sie ein erfahrener Spieler oder ein absoluter Neuling sind, der in TrackMan integrierte KI-Coach Tracy kann Ihnen helfen, eine verbesserte Spieltechnik zu entwickeln, zu verstehen und langfristig beizubehalten. Durch die Analyse von insgesamt 28 Datenpunkten bei jedem Schlag wird jede Bewegung mit einzigartiger Pr\u00e4zision analysiert.<\/p>\n\n\n\n<p>Mit Hilfe von Tracys Erkenntnissen wird Ihr Schwung verst\u00e4ndlicher und effektiver. Sie erhalten einfaches Feedback, in dem Verbesserungspotenziale klar und unmittelbar aufgezeigt werden. Durch diese Unterst\u00fctzung gewinnen Sie wertvolle Zeit, in der sich der Festigung Ihrer Technik und Ihres Schwunges widmen k\u00f6nnen.<\/p>\n\n\n\n<p>Tracy arbeitet st\u00e4ndig daran, Sie als Spieler, Ihre Technik und Ihre Schwung-DNA zu optimieren. Mit Tracys Hilfe werden alle durch TrackMan erfassten Parameter ausgewertet und Sie erhalten wertvolle Vorschl\u00e4ge, was Sie tun k\u00f6nnen, um Ihre F\u00e4higkeiten zu verbessern.<\/p>\n\n\n\n<p>Die Runden auf dem Golfplatz mit Indoor Aktivit\u00e4ten bei RUFF zu erg\u00e4nzen ist der perfekte Weg, Ihre F\u00e4higkeiten bewusst weiterzuentwickeln und Ihre Technik zu verfeinern \u2013 gezieltes, zeitsparendes und wertvolles Training, wann immer es Ihnen passt.<\/p>\n\n\n\n<p>M\u00f6chten Sie Ihre eigenen F\u00e4higkeiten und Techniken weiterentwickeln? Besuchen Sie uns und sagen Sie, dass Sie Tracy kennenlernen m\u00f6chten.<\/p>\n<\/div>\n<\/div><\/section>\n\n\n\n<section class=\"qt-section container-default is-style-section-image-right\"><div class=\"qt-section__inner grid grid-col-2\">\n<div class=\"qt-container is-vertically-aligned-center is-style-text\">\n<p class=\"is-style-eyebrow\">UNBEGRENZTE M\u00d6GLICHKEITEN<\/p>\n\n\n\n<h2 class=\"wp-block-heading\">Tolles Wetter, das ganze Jahr \u00fcber<\/h2>\n\n\n\n<p>Im TrackMan-Simulator k\u00f6nnen Sie aus \u00fcber 170 Golfpl\u00e4tzen aus aller Welt w\u00e4hlen. Hier finden Sie alles von weltber\u00fchmten Pl\u00e4tzen wie dem St. Andrews Old Course, Valderama und Muirfield Village bis hin zum \u00f6sterreichischen Golfclub Gut Murst\u00e4tten. TrackMan bietet auch eine gro\u00dfe Auswahl an Par-3-Pl\u00e4tzen sowie g\u00e4nzlich virtuellen Pl\u00e4tzen, die nur am Simulator erlebt werden k\u00f6nnen.<\/p>\n\n\n\n<p>Mit der hochpr\u00e4zisen Technologie von TrackMan wird das Spiel realistisch erlebt, und mit Einfl\u00fcssen wie schlechtem Wetter, h\u00e4rteren Fairways und schnellen Gr\u00fcns k\u00f6nnen Sie jederzeit zus\u00e4tzliche Herausforderungen in ihr Spiel einflie\u00dfen lassen. F\u00fcr gem\u00fctliche Abende mit Familie und Freunde oder f\u00fcr Anf\u00e4nger gibt es auch eine Vielzahl von einfacheren Pl\u00e4tzen oder Spielen wie \u201eCapture the flag\u201c, \u201eBullseye\u201c oder \u201eClosest to the pin\u201c.<\/p>\n<\/div>\n\n\n\n<div class=\"qt-container is-vertically-aligned-center is-style-image\">\n<figure class=\"wp-block-image size-4-3-medium\"><img loading=\"lazy\" decoding=\"async\" width=\"622\" height=\"467\" src=\"https:\/\/ruffgolf.eu\/wp-content\/uploads\/2024\/09\/unlimited-gaming-possibilities-622x467.jpg\" alt=\"\" class=\"wp-image-1551\" srcset=\"https:\/\/ruffgolf.eu\/wp-content\/uploads\/2024\/09\/unlimited-gaming-possibilities-622x467.jpg 622w, https:\/\/ruffgolf.eu\/wp-content\/uploads\/2024\/09\/unlimited-gaming-possibilities-300x225.jpg 300w, https:\/\/ruffgolf.eu\/wp-content\/uploads\/2024\/09\/unlimited-gaming-possibilities-768x576.jpg 768w, https:\/\/ruffgolf.eu\/wp-content\/uploads\/2024\/09\/unlimited-gaming-possibilities-462x347.jpg 462w, https:\/\/ruffgolf.eu\/wp-content\/uploads\/2024\/09\/unlimited-gaming-possibilities-592x444.jpg 592w, https:\/\/ruffgolf.eu\/wp-content\/uploads\/2024\/09\/unlimited-gaming-possibilities-721x541.jpg 721w, https:\/\/ruffgolf.eu\/wp-content\/uploads\/2024\/09\/unlimited-gaming-possibilities-608x456.jpg 608w, https:\/\/ruffgolf.eu\/wp-content\/uploads\/2024\/09\/unlimited-gaming-possibilities.jpg 933w\" sizes=\"auto, (max-width: 622px) 100vw, 622px\" \/><\/figure>\n<\/div>\n<\/div><\/section>\n\n\n\n<section class=\"qt-section container-m\"><div class=\"qt-section__inner grid grid-col-1\">\n<div class=\"qt-container\">\n<h2 class=\"wp-block-heading is-style-default\">M\u00f6ge der beste Spieler gewinnen<\/h2>\n\n\n\n<p>Halten Sie sich f\u00fcr einen besseren Spieler als Ihre Freunde? Hier ist Ihre Chance, es zu beweisen! Krempeln Sie die \u00c4rmel hoch und bereiten Sie sich auf den Wettbewerb vor. Mit den virtuellen Spielen von TrackMan werden Sie und Ihre Freunde mit verschiedenen herausfordernden und nervenaufreibenden Pr\u00fcfungen konfrontiert, die f\u00fcr stundenlange Unterhaltung sorgen werden.<\/p>\n\n\n\n<h3 class=\"wp-block-heading\">Closest to the pin<\/h3>\n\n\n\n<p>Der Name deutet an, welche Herausforderung Sie erwartet. Wer in Ihrem Freundeskreis schafft es, den Ball am n\u00e4chsten zur Fahne zu legen? Einigen Sie sich auf ein Loch und schnappen Sie sich Ihre Golfschl\u00e4ger. Hier ist es besonders wichtig, so nah wie m\u00f6glich an die Fahne zu kommen. Wie w\u00e4re es, das ber\u00fchmte achte Loch auf dem Royal Troon zu testen? Bei \u00fcber 300 Par-3-L\u00f6chern gibt es immer wieder neue Herausforderungen!<\/p>\n\n\n\n<h3 class=\"wp-block-heading\">Longest drive<\/h3>\n\n\n\n<p>Nimm den Driver und gib alles. In diesem Spiel m\u00fcssen Sie, genau wie bei der WLD Championship, den l\u00e4ngsten Drive hinlegen. Legen Sie das Zeitlimit fest, die Anzahl der Schl\u00e4ge, die jeder Spieler erh\u00e4lt, und bereiten Sie sich auf ein Match gegen Ihre Freunde vor. W\u00e4hrend TrackMan den \u00dcberblick \u00fcber die Rangliste beh\u00e4lt, k\u00f6nnen Sie sich ganz darauf konzentrieren, Ihre Gegner zu besiegen oder den ersten Platz zu verteidigen. Sind Sie bereit, die Herausforderung anzunehmen?<\/p>\n\n\n\n<h3 class=\"wp-block-heading\">Capture the flag<\/h3>\n\n\n\n<p>Die Regeln sind einfach. Hier ist es wichtig, so viele Flaggen wie m\u00f6glich zu erobern. Bei Capture The Flag geht es um Technik, Strategie und die F\u00e4higkeit, die Nerven im Zaum zu halten. Haben Sie das Zeug dazu, Ihre Freunde zu schlagen?<\/p>\n\n\n\n<h3 class=\"wp-block-heading\">Bullseye<\/h3>\n\n\n\n<p>Bullseye ist ein lustiges, unterhaltsames und herausforderndes Punktespiel, das f\u00fcr jeden geeignet ist, der einen Golfball mit einem Schl\u00e4ger treffen kann. W\u00e4hlen Sie aus vielen verschiedenen virtuellen Umgebungen. Wie w\u00e4re es zum Beispiel mit einer Runde auf den Wolkenkratzern der Gro\u00dfstadt? Oder wie w\u00e4re es mit einer westlich inspirierten Stadt mitten in der W\u00fcste?<\/p>\n<\/div>\n<\/div><\/section>\n\n\n\n<section class=\"qt-section container-default cta-large\">\n\t<div class=\"qt-section__inner grid grid-col-1\">\n\t\t<div class=\"qt-container\">\n\t\t\t<h2 class=\"wp-block-heading has-text-align-center has-accent-1-color has-text-color has-xxl-font-size\"> Bereit, eine Runde zu spielen?<\/h2>\n\t\t\t<div class=\"wp-block-buttons is-content-justification-center\">\n\t\t\t\t<div class=\"wp-block-button is-style-button-cta\">\n\t\t\t\t\t<a href=\"#booking\" class=\"wp-block-button__link wp-element-button\" title=\"Jetzt buchen\" target=\"\">Jetzt buchen<\/a>\n\t\t\t\t<\/div>\n\t\t\t<\/div>\n\t\t<\/div>\n\t<\/div>\n<\/section>\n","protected":false},"excerpt":{"rendered":"","protected":false},"author":1,"featured_media":0,"parent":0,"menu_order":0,"comment_status":"closed","ping_status":"closed","template":"","meta":{"_acf_changed":false,"footnotes":""},"class_list":["post-2712","page","type-page","status-publish","hentry"],"acf":[],"_links":{"self":[{"href":"https:\/\/ruffgolf.eu\/de\/wp-json\/wp\/v2\/pages\/2712","targetHints":{"allow":["GET"]}}],"collection":[{"href":"https:\/\/ruffgolf.eu\/de\/wp-json\/wp\/v2\/pages"}],"about":[{"href":"https:\/\/ruffgolf.eu\/de\/wp-json\/wp\/v2\/types\/page"}],"author":[{"embeddable":true,"href":"https:\/\/ruffgolf.eu\/de\/wp-json\/wp\/v2\/users\/1"}],"replies":[{"embeddable":true,"href":"https:\/\/ruffgolf.eu\/de\/wp-json\/wp\/v2\/comments?post=2712"}],"version-history":[{"count":4,"href":"https:\/\/ruffgolf.eu\/de\/wp-json\/wp\/v2\/pages\/2712\/revisions"}],"predecessor-version":[{"id":8641,"href":"https:\/\/ruffgolf.eu\/de\/wp-json\/wp\/v2\/pages\/2712\/revisions\/8641"}],"wp:attachment":[{"href":"https:\/\/ruffgolf.eu\/de\/wp-json\/wp\/v2\/media?parent=2712"}],"curies":[{"name":"wp","href":"https:\/\/api.w.org\/{rel}","templated":true}]}}