{"id":2756,"date":"2024-09-10T16:42:58","date_gmt":"2024-09-10T14:42:58","guid":{"rendered":"https:\/\/ruffgolf.eu\/?page_id=2756"},"modified":"2024-12-16T15:11:05","modified_gmt":"2024-12-16T14:11:05","slug":"faq","status":"publish","type":"page","link":"https:\/\/ruffgolf.eu\/de\/faq\/","title":{"rendered":"FAQ"},"content":{"rendered":"\n<section class=\"qt-section container-m\"><div class=\"qt-section__inner grid grid-col-1\">\n<div class=\"qt-container container-s is-style-default\">\n<p class=\"has-text-align-center is-style-eyebrow\">Whenever you need us. We are here for you.<\/p>\n\n\n\n<h1 class=\"wp-block-heading has-text-align-center\">FAQ<\/h1>\n\n\n\n<p class=\"has-text-align-center\">Hier findest du die Antworten auf unsere h\u00e4ufigsten Fragen. Wenn du die Antwort auf deine Frage nicht findest, kannst du uns gerne kontaktieren, und wir helfen dir!<\/p>\n\n\n\n<div class=\"wp-block-buttons is-content-justification-center is-layout-flex wp-container-core-buttons-is-layout-a89b3969 wp-block-buttons-is-layout-flex\">\n<div class=\"wp-block-button is-style-fill\"><a class=\"wp-block-button__link wp-element-button\" href=\"https:\/\/ruffgolf.eu\/de\/kontakt\/\">Kontaktieren Sie uns<\/a><\/div>\n<\/div>\n<\/div>\n<\/div><\/section>\n\n\n\n<section class=\"qt-section container-m\"><div class=\"qt-section__inner grid grid-col-1\">\n<div class=\"qt-container\">\t<div class=\"faq\">\n\t\t\t<div class=\"accordion-item\">\n\t\t\t<div class=\"accordion-item__heading\">\n\t\t\t\t<h2>Wo kann ich einen RUFF Standort finden?<\/h2>\n\t\t\t\t<span class=\"accordion-item__icon\">\n\t\t\t\t\t<span class=\"accordion-icon__inner\">\n\t\t\t\t\t\t<img loading=\"lazy\" decoding=\"async\" src=\"https:\/\/ruffgolf.eu\/wp-content\/themes\/q-theme\/assets\/images\/caret.svg\" alt=\"Downward-facing arrow\" width=\"12\" height=\"12\">\n\t\t\t\t\t<\/span>\n\t\t\t\t<\/span>\n\t\t\t<\/div>\n\t\t\t<div class=\"accordion-item__content\">\n\t\t\t\t<div class=\"accordion-content__inner\">\n\t\t\t\t\t<p>Die aktuellen Standorte finden Sie hier:<a href=\"https:\/\/ruffgolf.eu\/de\/standorte\/\">\u00a0Alle Einrichtungen finden Sie hier.<\/a><\/p>\n\t\t\t\t<\/div>\n\t\t\t<\/div>\n\t\t<\/div>\n\t\t\t\t<div class=\"accordion-item\">\n\t\t\t<div class=\"accordion-item__heading\">\n\t\t\t\t<h2>Wie kann ich buchen und bezahlen?<\/h2>\n\t\t\t\t<span class=\"accordion-item__icon\">\n\t\t\t\t\t<span class=\"accordion-icon__inner\">\n\t\t\t\t\t\t<img loading=\"lazy\" decoding=\"async\" src=\"https:\/\/ruffgolf.eu\/wp-content\/themes\/q-theme\/assets\/images\/caret.svg\" alt=\"Downward-facing arrow\" width=\"12\" height=\"12\">\n\t\t\t\t\t<\/span>\n\t\t\t\t<\/span>\n\t\t\t<\/div>\n\t\t\t<div class=\"accordion-item__content\">\n\t\t\t\t<div class=\"accordion-content__inner\">\n\t\t\t\t\t<p>Die Buchung und Bezahlung erfolgt online \u00fcber die <a href=\"https:\/\/apps.apple.com\/de\/app\/ruff-golf\/id6449463765\" target=\"_blank\" rel=\"noopener\">RUFF-App<\/a>, <a href=\"https:\/\/ruffgolf.eu\/at\/indoor-golf\/\">auf der Seite Ihrer Anlage<\/a> oder direkt vor Ort.<\/p>\n\t\t\t\t<\/div>\n\t\t\t<\/div>\n\t\t<\/div>\n\t\t\t\t<div class=\"accordion-item\">\n\t\t\t<div class=\"accordion-item__heading\">\n\t\t\t\t<h2>Wie viele k\u00f6nnen gleichzeitig spielen?<\/h2>\n\t\t\t\t<span class=\"accordion-item__icon\">\n\t\t\t\t\t<span class=\"accordion-icon__inner\">\n\t\t\t\t\t\t<img loading=\"lazy\" decoding=\"async\" src=\"https:\/\/ruffgolf.eu\/wp-content\/themes\/q-theme\/assets\/images\/caret.svg\" alt=\"Downward-facing arrow\" width=\"12\" height=\"12\">\n\t\t\t\t\t<\/span>\n\t\t\t\t<\/span>\n\t\t\t<\/div>\n\t\t\t<div class=\"accordion-item__content\">\n\t\t\t\t<div class=\"accordion-content__inner\">\n\t\t\t\t\t<p>Wir empfehlen eine maximale Teilnehmerzahl von 4 Personen pro Simulator.<\/p>\n\t\t\t\t<\/div>\n\t\t\t<\/div>\n\t\t<\/div>\n\t\t\t\t<div class=\"accordion-item\">\n\t\t\t<div class=\"accordion-item__heading\">\n\t\t\t\t<h2>Muss ich Golf spielen k\u00f6nnen, um RUFF zu besuchen?<\/h2>\n\t\t\t\t<span class=\"accordion-item__icon\">\n\t\t\t\t\t<span class=\"accordion-icon__inner\">\n\t\t\t\t\t\t<img loading=\"lazy\" decoding=\"async\" src=\"https:\/\/ruffgolf.eu\/wp-content\/themes\/q-theme\/assets\/images\/caret.svg\" alt=\"Downward-facing arrow\" width=\"12\" height=\"12\">\n\t\t\t\t\t<\/span>\n\t\t\t\t<\/span>\n\t\t\t<\/div>\n\t\t\t<div class=\"accordion-item__content\">\n\t\t\t\t<div class=\"accordion-content__inner\">\n\t\t\t\t\t<p>Nein. Jeder ist willkommen, egal ob Sie ein Profi sind, ein ambitionierter Amateur oder noch nie einen Golfschl\u00e4ger in der Hand hatten. Ein Besuch bei RUFF ist die perfekte M\u00f6glichkeit, den Golfsport auszuprobieren und seine F\u00e4higkeiten zu verbessern.<\/p>\n\t\t\t\t<\/div>\n\t\t\t<\/div>\n\t\t<\/div>\n\t\t\t\t<div class=\"accordion-item\">\n\t\t\t<div class=\"accordion-item__heading\">\n\t\t\t\t<h2>Wie kann ich mehr \u00fcber die TrackMan Technologie erfahren?<\/h2>\n\t\t\t\t<span class=\"accordion-item__icon\">\n\t\t\t\t\t<span class=\"accordion-icon__inner\">\n\t\t\t\t\t\t<img loading=\"lazy\" decoding=\"async\" src=\"https:\/\/ruffgolf.eu\/wp-content\/themes\/q-theme\/assets\/images\/caret.svg\" alt=\"Downward-facing arrow\" width=\"12\" height=\"12\">\n\t\t\t\t\t<\/span>\n\t\t\t\t<\/span>\n\t\t\t<\/div>\n\t\t\t<div class=\"accordion-item__content\">\n\t\t\t\t<div class=\"accordion-content__inner\">\n\t\t\t\t\t<p>Alle RUFF Standorte verf\u00fcgen \u00fcber ausgebildete Mitarbeiter, die Ihnen helfen, sich mit TrackMan zurechtzufinden. Wenn Sie mehr \u00fcber TrackMan erfahren m\u00f6chten, besuchen Sie\u00a0<a href=\"https:\/\/www.trackman.com\/\" target=\"_blank\" rel=\"noopener\">TrackMansGolf.com<\/a><\/p>\n\t\t\t\t<\/div>\n\t\t\t<\/div>\n\t\t<\/div>\n\t\t\t\t<div class=\"accordion-item\">\n\t\t\t<div class=\"accordion-item__heading\">\n\t\t\t\t<h2>Mitgliedschaft<\/h2>\n\t\t\t\t<span class=\"accordion-item__icon\">\n\t\t\t\t\t<span class=\"accordion-icon__inner\">\n\t\t\t\t\t\t<img loading=\"lazy\" decoding=\"async\" src=\"https:\/\/ruffgolf.eu\/wp-content\/themes\/q-theme\/assets\/images\/caret.svg\" alt=\"Downward-facing arrow\" width=\"12\" height=\"12\">\n\t\t\t\t\t<\/span>\n\t\t\t\t<\/span>\n\t\t\t<\/div>\n\t\t\t<div class=\"accordion-item__content\">\n\t\t\t\t<div class=\"accordion-content__inner\">\n\t\t\t\t\t<p>Sie k\u00f6nnen in allen unseren Standorten eine Mitgliedschaft abschlie\u00dfen. Die \u201eMitgliedschaft\u201c beinhaltet eine Reihe von Vorteilen. <a href=\"https:\/\/ruffgolf.eu\/de\/mitgliedschaft\/\">https:\/\/ruffgolf.eu\/de\/mitgliedschaft\/<\/a><\/p>\n<p>&nbsp;<\/p>\n\t\t\t\t<\/div>\n\t\t\t<\/div>\n\t\t<\/div>\n\t\t\t\t<div class=\"accordion-item\">\n\t\t\t<div class=\"accordion-item__heading\">\n\t\t\t\t<h2>Wie bewerbe ich mich um eine Stelle?<\/h2>\n\t\t\t\t<span class=\"accordion-item__icon\">\n\t\t\t\t\t<span class=\"accordion-icon__inner\">\n\t\t\t\t\t\t<img loading=\"lazy\" decoding=\"async\" src=\"https:\/\/ruffgolf.eu\/wp-content\/themes\/q-theme\/assets\/images\/caret.svg\" alt=\"Downward-facing arrow\" width=\"12\" height=\"12\">\n\t\t\t\t\t<\/span>\n\t\t\t\t<\/span>\n\t\t\t<\/div>\n\t\t\t<div class=\"accordion-item__content\">\n\t\t\t\t<div class=\"accordion-content__inner\">\n\t\t\t\t\t<p>RUFF befindet sich in einer Expansionsphase und wir sind st\u00e4ndig auf der Suche nach neuen Talenten, die unser Team verst\u00e4rken. Wir lieben Golf und Menschen, und suchen Personen, die diese Leidenschaft mit uns teilen. Wenn Sich angesprochen f\u00fchlen, k\u00f6nnten Sie gut in unser Team passen.<\/p>\n<p>Senden Sie Ihre Bewerbung an:\u00a0<a href=\"mailto:info@ruffgolf.at\">info@ruffgolf.at<\/a><\/p>\n\t\t\t\t<\/div>\n\t\t\t<\/div>\n\t\t<\/div>\n\t\t\t\t<div class=\"accordion-item\">\n\t\t\t<div class=\"accordion-item__heading\">\n\t\t\t\t<h2>Ist es m\u00f6glich, einen RUFF Standort zu mieten?<\/h2>\n\t\t\t\t<span class=\"accordion-item__icon\">\n\t\t\t\t\t<span class=\"accordion-icon__inner\">\n\t\t\t\t\t\t<img loading=\"lazy\" decoding=\"async\" src=\"https:\/\/ruffgolf.eu\/wp-content\/themes\/q-theme\/assets\/images\/caret.svg\" alt=\"Downward-facing arrow\" width=\"12\" height=\"12\">\n\t\t\t\t\t<\/span>\n\t\t\t\t<\/span>\n\t\t\t<\/div>\n\t\t\t<div class=\"accordion-item__content\">\n\t\t\t\t<div class=\"accordion-content__inner\">\n\t\t\t\t\t<p>Ja, das ist m\u00f6glich! Wenden Sie sich bitte direkt an den Standort f\u00fcr den Sie sich interessieren oder senden Sie uns eine Email an <a href=\"mailto:info@ruffgolf.at\">info@ruffgolf.at<\/a><\/p>\n\t\t\t\t<\/div>\n\t\t\t<\/div>\n\t\t<\/div>\n\t\t\t<\/div>\n\n\t<\/div>\n<\/div><\/section>\n\n\n\n<section class=\"qt-section container-default cta-large\">\n\t<div class=\"qt-section__inner grid grid-col-1\">\n\t\t<div class=\"qt-container\">\n\t\t\t<h2 class=\"wp-block-heading has-text-align-center has-accent-1-color has-text-color has-xxl-font-size\">Bereit, eine Runde zu spielen?<\/h2>\n\t\t\t<div class=\"wp-block-buttons is-content-justification-center\">\n\t\t\t\t<div class=\"wp-block-button is-style-button-cta\">\n\t\t\t\t\t<a href=\"#booking\" class=\"wp-block-button__link wp-element-button\" title=\"Jetzt buchen\" target=\"\">Jetzt buchen<\/a>\n\t\t\t\t<\/div>\n\t\t\t<\/div>\n\t\t<\/div>\n\t<\/div>\n<\/section>\n\n\n\n<section class=\"qt-section linked-boxes\">\n\t<div class=\"qt-section__inner grid grid-col-4\">\n\t\n\t\t\t<div class=\"qt-container card-linked-box has-background\">\n\t\t\t\t<a href=\"https:\/\/ruffgolf.eu\/de\/indoor-golf\/\" title=\"Unsere Einrichtungen\" target=\"\">\n\t\t\t\t\t<h2>Unsere Einrichtungen<\/h2>\n\t\t\t\t\t<p>Finde deine n\u00e4chste RUFF-Anlage, um die \u00d6ffnungszeiten und Veranstaltungen zu sehen.<\/p>\n\t\t\t\t<\/a>\n\t\t\t<\/div>\n\t\t\t\n\t\t\t\n\t\t\t<div class=\"qt-container card-linked-box has-background\">\n\t\t\t\t<a href=\"https:\/\/ruffgolf.eu\/de\/partnerschaften\/\" title=\"Partnerschaft\" target=\"\">\n\t\t\t\t\t<h2>Partnerschaft<\/h2>\n\t\t\t\t\t<p>F\u00fcr Unternehmen und Golfclubs. Werden Sie Loch- oder Simulatorsponsor bei RUFF.<\/p>\n\t\t\t\t<\/a>\n\t\t\t<\/div>\n\t\t\t\n\t\t\t\n\t\t\t<div class=\"qt-container card-linked-box has-background\">\n\t\t\t\t<a href=\"https:\/\/apps.apple.com\/de\/app\/ruff-golf\/id6449463765\" title=\"Laden Sie die App\" target=\"_blank\" rel=\"noopener\">\n\t\t\t\t\t<h2>RUFF App<\/h2>\n\t\t\t\t\t<p>Erhalte die neuesten Nachrichten und sammle Punkte f\u00fcr deine Eink\u00e4ufe.<\/p>\n\t\t\t\t<\/a>\n\t\t\t<\/div>\n\t\t\t\n\t\t\t\n\t\t\t<div class=\"qt-container card-linked-box has-background\">\n\t\t\t\t<a href=\"https:\/\/ruffgolf.eu\/de\/franchise\/\" title=\"Franchise\" target=\"\">\n\t\t\t\t\t<h2>Franchisenehmer<\/h2>\n\t\t\t\t\t<p>Werden Sie Franchisenehmer und er\u00f6ffnen Sie Ihre eigene RUFF-Anlage.<\/p>\n\t\t\t\t<\/a>\n\t\t\t<\/div>\n\t\t\t\n\t\t\t\t<\/div>\n<\/section>\n","protected":false},"excerpt":{"rendered":"","protected":false},"author":1,"featured_media":0,"parent":0,"menu_order":0,"comment_status":"closed","ping_status":"closed","template":"","meta":{"_acf_changed":false,"footnotes":""},"class_list":["post-2756","page","type-page","status-publish","hentry"],"acf":[],"_links":{"self":[{"href":"https:\/\/ruffgolf.eu\/de\/wp-json\/wp\/v2\/pages\/2756","targetHints":{"allow":["GET"]}}],"collection":[{"href":"https:\/\/ruffgolf.eu\/de\/wp-json\/wp\/v2\/pages"}],"about":[{"href":"https:\/\/ruffgolf.eu\/de\/wp-json\/wp\/v2\/types\/page"}],"author":[{"embeddable":true,"href":"https:\/\/ruffgolf.eu\/de\/wp-json\/wp\/v2\/users\/1"}],"replies":[{"embeddable":true,"href":"https:\/\/ruffgolf.eu\/de\/wp-json\/wp\/v2\/comments?post=2756"}],"version-history":[{"count":8,"href":"https:\/\/ruffgolf.eu\/de\/wp-json\/wp\/v2\/pages\/2756\/revisions"}],"predecessor-version":[{"id":4447,"href":"https:\/\/ruffgolf.eu\/de\/wp-json\/wp\/v2\/pages\/2756\/revisions\/4447"}],"wp:attachment":[{"href":"https:\/\/ruffgolf.eu\/de\/wp-json\/wp\/v2\/media?parent=2756"}],"curies":[{"name":"wp","href":"https:\/\/api.w.org\/{rel}","templated":true}]}}