{"id":2790,"date":"2024-09-09T18:21:23","date_gmt":"2024-09-09T16:21:23","guid":{"rendered":"https:\/\/ruffgolf.eu\/?page_id=2790"},"modified":"2024-12-10T12:35:53","modified_gmt":"2024-12-10T11:35:53","slug":"mitgliedschaft","status":"publish","type":"page","link":"https:\/\/ruffgolf.eu\/de\/mitgliedschaft\/","title":{"rendered":"Mitgliedschaft"},"content":{"rendered":"\n<section class=\"qt-section container-m\"><div class=\"qt-section__inner grid grid-col-1\">\n<div class=\"qt-container\">\n<p class=\"has-text-align-center is-style-eyebrow\">Ihr zugang zu allen vorteilen<\/p>\n\n\n\n<h1 class=\"wp-block-heading has-text-align-center\">Werde Teil der RUFF Community<\/h1>\n\n\n\n<p class=\"has-text-align-center\">Bei RUFF treffen sich Golfbegeisterte aus dem ganzen Land, um die beste Indoor-Golf Experience zu erleben. Als RUFF Mitglied kommst du in den Genuss einer Reihe von exklusiven Angeboten wie beispielweise erm\u00e4\u00dfigten Spielgeb\u00fchren, Mitgliederaktivit\u00e4ten, exklusiven Einladungen und vielem mehr.<\/p>\n\n\n\n<p class=\"has-text-align-center\">W\u00e4hle den n\u00e4chstgelegenen RUFF Standort in deiner N\u00e4he und werde heute noch Mitglied.<\/p>\n\n\n\n<ul class=\"wp-block-list is-style-horizontal-list\">\n<li>Erm\u00e4\u00dfigte weitere Spielzeiten<\/li>\n\n\n\n<li>Einladungen zu Events<\/li>\n\n\n\n<li>Wettbewerbe<\/li>\n<\/ul>\n<\/div>\n<\/div><\/section>\n\n\n\n<section class=\"qt-section container-default is-style-section-image-left\" id=\"anmeldung\"><div class=\"qt-section__inner grid grid-col-2\">\n<div class=\"qt-container is-vertically-aligned-center is-style-image\">\n<figure class=\"wp-block-image size-1-1-medium\"><img loading=\"lazy\" decoding=\"async\" width=\"592\" height=\"471\" src=\"https:\/\/ruffgolf.eu\/wp-content\/uploads\/2024\/10\/ruff-card-592x471.webp\" alt=\"Member card\" class=\"wp-image-3205\" style=\"aspect-ratio:1;object-fit:contain\" srcset=\"https:\/\/ruffgolf.eu\/wp-content\/uploads\/2024\/10\/ruff-card-592x471.webp 592w, https:\/\/ruffgolf.eu\/wp-content\/uploads\/2024\/10\/ruff-card-300x239.webp 300w, https:\/\/ruffgolf.eu\/wp-content\/uploads\/2024\/10\/ruff-card-1024x815.webp 1024w, https:\/\/ruffgolf.eu\/wp-content\/uploads\/2024\/10\/ruff-card-768x611.webp 768w, https:\/\/ruffgolf.eu\/wp-content\/uploads\/2024\/10\/ruff-card-462x368.webp 462w, https:\/\/ruffgolf.eu\/wp-content\/uploads\/2024\/10\/ruff-card-436x347.webp 436w, https:\/\/ruffgolf.eu\/wp-content\/uploads\/2024\/10\/ruff-card-587x467.webp 587w, https:\/\/ruffgolf.eu\/wp-content\/uploads\/2024\/10\/ruff-card-622x495.webp 622w, https:\/\/ruffgolf.eu\/wp-content\/uploads\/2024\/10\/ruff-card-680x541.webp 680w, https:\/\/ruffgolf.eu\/wp-content\/uploads\/2024\/10\/ruff-card-573x456.webp 573w, https:\/\/ruffgolf.eu\/wp-content\/uploads\/2024\/10\/ruff-card.webp 1074w\" sizes=\"auto, (max-width: 592px) 100vw, 592px\" \/><\/figure>\n<\/div>\n\n\n\n<div class=\"qt-container is-vertically-aligned-center is-style-text\">\n<p class=\"is-style-eyebrow\">wie wird man mitglied?<\/p>\n\n\n\n<h2 class=\"wp-block-heading\">Anmeldung zur Mitgliedschaft<\/h2>\n\n\n\n<p>Eine Mitgliedschaft kann einfach online \u00fcber das Buchungssystem des jeweiligen\u00a0<a href=\"https:\/\/ruffgolf.eu\/de\/standorte\/\" data-type=\"page\" data-id=\"2804\">Standortes<\/a>\u00a0oder die\u00a0<a href=\"https:\/\/api.helloagain.at\/app\/ruffgolf\/c\/app\/\" target=\"_blank\" rel=\"noreferrer noopener nofollow\">RUFF App<\/a>\u00a0abgeschlossen werden. Sie werden nicht automatisch verl\u00e4ngert und verlieren nach Ablauf Ihre G\u00fcltigkeit.<\/p>\n\n\n\n<p>F\u00fcr Firmenmitgliedschaften kontaktieren Sie bitte den jeweiligen Standort \u00fcber das&nbsp;<a href=\"https:\/\/ruffgolf.eu\/de\/kontakt\/\" data-type=\"page\" data-id=\"2944\">Kontaktformular<\/a>.<\/p>\n\n\n\n<div class=\"wp-block-buttons is-layout-flex wp-block-buttons-is-layout-flex\">\n<div class=\"wp-block-button\"><a class=\"wp-block-button__link wp-element-button\" href=\"https:\/\/ruffgolf.eu\/de\/standorte\/\">Finden Sie den n\u00e4chstgelegenen Standort<\/a><\/div>\n<\/div>\n<\/div>\n<\/div><\/section>\n\n\n\n<section class=\"qt-section container-m\" id=\"contact\"><div class=\"qt-section__inner grid grid-col-1 has-background has-base-2-background-color\" style=\"background-color:#1B2B27\">\n<div class=\"qt-container\">\n<h2 class=\"wp-block-heading has-text-align-center\">Haben Sie Fragen? Kontaktieren Sie uns<\/h2>\n<\/div>\n\n\n\n<div class=\"qt-container\">\n\n<div class=\"wpcf7 no-js\" id=\"wpcf7-f2840-o1\" lang=\"de-DE\" dir=\"ltr\" data-wpcf7-id=\"2840\">\n<div class=\"screen-reader-response\"><p role=\"status\" aria-live=\"polite\" aria-atomic=\"true\"><\/p> <ul><\/ul><\/div>\n<form action=\"\/de\/wp-json\/wp\/v2\/pages\/2790#wpcf7-f2840-o1\" method=\"post\" class=\"wpcf7-form init\" aria-label=\"Kontaktformular\" novalidate=\"novalidate\" data-status=\"init\">\n<fieldset class=\"hidden-fields-container\"><input type=\"hidden\" name=\"_wpcf7\" value=\"2840\" \/><input type=\"hidden\" name=\"_wpcf7_version\" value=\"6.1.5\" \/><input type=\"hidden\" name=\"_wpcf7_locale\" value=\"de_DE\" \/><input type=\"hidden\" name=\"_wpcf7_unit_tag\" value=\"wpcf7-f2840-o1\" \/><input type=\"hidden\" name=\"_wpcf7_container_post\" value=\"0\" \/><input type=\"hidden\" name=\"_wpcf7_posted_data_hash\" value=\"\" \/><input type=\"hidden\" name=\"_wpcf7_recaptcha_response\" value=\"\" \/>\n<\/fieldset>\n<p><label>Name<\/label><span class=\"wpcf7-form-control-wrap\" data-name=\"input-fullname\"><input size=\"40\" maxlength=\"400\" class=\"wpcf7-form-control wpcf7-text wpcf7-validates-as-required\" aria-required=\"true\" aria-invalid=\"false\" value=\"\" type=\"text\" name=\"input-fullname\" \/><\/span>\n<\/p>\n<p><label>E-Mail<\/label><span class=\"wpcf7-form-control-wrap\" data-name=\"input-email\"><input size=\"40\" maxlength=\"400\" class=\"wpcf7-form-control wpcf7-email wpcf7-validates-as-required wpcf7-text wpcf7-validates-as-email\" aria-required=\"true\" aria-invalid=\"false\" value=\"\" type=\"email\" name=\"input-email\" \/><\/span>\n<\/p>\n<p><label>Telefon<\/label><span class=\"wpcf7-form-control-wrap\" data-name=\"input-phone\"><input size=\"40\" maxlength=\"400\" class=\"wpcf7-form-control wpcf7-text\" aria-invalid=\"false\" value=\"\" type=\"text\" name=\"input-phone\" \/><\/span>\n<\/p>\n<p><label>Standorte<\/label><span class=\"wpcf7-form-control-wrap\" data-name=\"select-location\"><select class=\"wpcf7-form-control wpcf7-select wpcf7-validates-as-required\" aria-required=\"true\" aria-invalid=\"false\" name=\"select-location\"><option value=\"\">&#8211; Bitte ausw\u00e4hlen &#8211;<\/option><option value=\"5401\">Dreieich<\/option><option value=\"6232\">Dreieich Minigolf<\/option><option value=\"3130\">D\u00fcsseldorf<\/option><option value=\"3133\">Ostsee<\/option><\/select><\/span>\n<\/p>\n<p><label>Betreff<\/label><span class=\"wpcf7-form-control-wrap\" data-name=\"input-subject\"><input size=\"40\" maxlength=\"400\" class=\"wpcf7-form-control wpcf7-text wpcf7-validates-as-required\" aria-required=\"true\" aria-invalid=\"false\" value=\"\" type=\"text\" name=\"input-subject\" \/><\/span>\n<\/p>\n<p><label>Message<\/label><span class=\"wpcf7-form-control-wrap\" data-name=\"input-message\"><textarea cols=\"40\" rows=\"6\" maxlength=\"2000\" class=\"wpcf7-form-control wpcf7-textarea wpcf7-validates-as-required\" aria-required=\"true\" aria-invalid=\"false\" name=\"input-message\"><\/textarea><\/span>\n<\/p>\n<p class=\"acceptance\">Durch das Ausf\u00fcllen und Absenden dieses Formulars stimmen Sie zu, dass RUFF Invest AB Ihre personenbezogenen Daten gem\u00e4\u00df unserer <a href=\"\/de\/datenschutz\/\" rel=\"nofollow noopener\" target=\"_blank\">Datenschutzrichtlinie<\/a> speichert. Diese Seite ist durch reCAPTCHA gesch\u00fctzt, und es gelten die <a href=\"https:\/\/policies.google.com\/privacy?hl=de\" rel=\"nofollow noopener\" target=\"_blank\">Datenschutzrichtlinie<\/a> und <a href=\"https:\/\/policies.google.com\/terms?hl=de\" rel=\"nofollow noopener\" target=\"_blank\">Nutzungsbedingungen<\/a> von Google.\n<\/p>\n<div class=\"submit\">\n\t<p><input class=\"wpcf7-form-control wpcf7-submit has-spinner\" type=\"submit\" value=\"Absenden\" \/>\n\t<\/p>\n<\/div><div class=\"wpcf7-response-output\" aria-hidden=\"true\"><\/div>\n<\/form>\n<\/div>\n\n<\/div>\n<\/div><\/section>\n\n\n\n<section class=\"qt-section container-default cta-large\">\n\t<div class=\"qt-section__inner grid grid-col-1\">\n\t\t<div class=\"qt-container\">\n\t\t\t<h2 class=\"wp-block-heading has-text-align-center has-accent-1-color has-text-color has-xxl-font-size\">Bereit f\u00fcr einen coolen Abend?<\/h2>\n\t\t\t<div class=\"wp-block-buttons is-content-justification-center\">\n\t\t\t\t<div class=\"wp-block-button is-style-button-cta\">\n\t\t\t\t\t<a href=\"#booking\" class=\"wp-block-button__link wp-element-button\" title=\"Jetzt buchen\" target=\"\">Jetzt buchen<\/a>\n\t\t\t\t<\/div>\n\t\t\t<\/div>\n\t\t<\/div>\n\t<\/div>\n<\/section>\n","protected":false},"excerpt":{"rendered":"","protected":false},"author":1,"featured_media":0,"parent":0,"menu_order":0,"comment_status":"closed","ping_status":"closed","template":"","meta":{"_acf_changed":false,"footnotes":""},"class_list":["post-2790","page","type-page","status-publish","hentry"],"acf":[],"_links":{"self":[{"href":"https:\/\/ruffgolf.eu\/de\/wp-json\/wp\/v2\/pages\/2790","targetHints":{"allow":["GET"]}}],"collection":[{"href":"https:\/\/ruffgolf.eu\/de\/wp-json\/wp\/v2\/pages"}],"about":[{"href":"https:\/\/ruffgolf.eu\/de\/wp-json\/wp\/v2\/types\/page"}],"author":[{"embeddable":true,"href":"https:\/\/ruffgolf.eu\/de\/wp-json\/wp\/v2\/users\/1"}],"replies":[{"embeddable":true,"href":"https:\/\/ruffgolf.eu\/de\/wp-json\/wp\/v2\/comments?post=2790"}],"version-history":[{"count":18,"href":"https:\/\/ruffgolf.eu\/de\/wp-json\/wp\/v2\/pages\/2790\/revisions"}],"predecessor-version":[{"id":6848,"href":"https:\/\/ruffgolf.eu\/de\/wp-json\/wp\/v2\/pages\/2790\/revisions\/6848"}],"wp:attachment":[{"href":"https:\/\/ruffgolf.eu\/de\/wp-json\/wp\/v2\/media?parent=2790"}],"curies":[{"name":"wp","href":"https:\/\/api.w.org\/{rel}","templated":true}]}}