{"id":2804,"date":"2024-09-10T16:41:54","date_gmt":"2024-09-10T14:41:54","guid":{"rendered":"https:\/\/ruffgolf.eu\/?page_id=2804"},"modified":"2024-10-24T11:32:25","modified_gmt":"2024-10-24T09:32:25","slug":"standorte","status":"publish","type":"page","link":"https:\/\/ruffgolf.eu\/de\/standorte\/","title":{"rendered":"Standorte"},"content":{"rendered":"\n<section class=\"qt-section container-m\"><div class=\"qt-section__inner grid grid-col-1\">\n<div class=\"qt-container\">\n<p class=\"has-text-align-center is-style-eyebrow\">Wo Sie uns finden<\/p>\n\n\n\n<h1 class=\"wp-block-heading has-text-align-center\">Unsere Indoor-Golf Standorte<\/h1>\n\n\n\n<p class=\"has-text-align-center\">Unsere Anlagen sind f\u00fcr alle Golfenthusiasten da \u2013 ganz gleich, ob du Anf\u00e4nger oder erfahrener Spieler bist! Wenn du auf der Suche nach spannenden Pl\u00e4tzen, gro\u00dfartigen Trainingsm\u00f6glichkeiten oder einfach einer entspannten Zeit mit Freunden bist, bist du hier genau richtig. Entdecke unsere Anlagen und erlebe, wie wir die Begeisterung f\u00fcr Golf mit einer einladenden und gem\u00fctlichen Atmosph\u00e4re verbinden.<\/p>\n\n\n\n<div class=\"wp-block-buttons is-content-justification-center is-layout-flex wp-container-core-buttons-is-layout-a89b3969 wp-block-buttons-is-layout-flex\">\n<div class=\"wp-block-button is-style-fill\"><a class=\"wp-block-button__link wp-element-button\" href=\"#booking\">Jetzt buchen<\/a><\/div>\n<\/div>\n<\/div>\n<\/div><\/section>\n\n\n\n<section class=\"qt-section container-default\"><div class=\"qt-section__inner grid grid-col-1\">\n<div class=\"qt-container\">\n\n\t<section class=\"qt-section container-default locations\">\n\t\t<div class=\"qt-section__inner grid grid-col-4\">\n\t\t\t\n<div class=\"qt-container card-location has-background\">\n\t\t\t<a href=\"https:\/\/ruffgolf.eu\/de\/locations\/dreieich\/\" title=\"RUFF Dreieich\" target=\"_self\">\n\t\t\t<h2 class=\"location__name\">Dreieich<\/h2>\n\t\t\t<p class=\"location__address\">\n\t\t\t\t<img loading=\"lazy\" decoding=\"async\" src=\"https:\/\/ruffgolf.eu\/wp-content\/themes\/q-theme\/assets\/images\/location-pin.svg\" alt=\"Location pin\" width=\"13\" height=\"17\">\n\t\t\t\tFrankfurter Stra\u00dfe 151 C, 63303 Dreieich\t\t\t<\/p>\n\t\t<\/a>\n\t<\/div>\n\n<div class=\"qt-container card-location has-background\">\n\t\t\t<h2 class=\"location__name\">Dreieich Minigolf<\/h2>\n\t\t<div class=\"badge coming-soon\">\n\t\t\t<p>\u00d6ffnet bald<\/p>\n\t\t<\/div>\n\t<\/div>\n\n<div class=\"qt-container card-location has-background\">\n\t\t\t<a href=\"https:\/\/ruffgolf.eu\/de\/locations\/duesseldorf\/\" title=\"RUFF D\u00fcsseldorf\" target=\"_self\">\n\t\t\t<h2 class=\"location__name\">D\u00fcsseldorf<\/h2>\n\t\t\t<p class=\"location__address\">\n\t\t\t\t<img loading=\"lazy\" decoding=\"async\" src=\"https:\/\/ruffgolf.eu\/wp-content\/themes\/q-theme\/assets\/images\/location-pin.svg\" alt=\"Location pin\" width=\"13\" height=\"17\">\n\t\t\t\tFritz-Vomfelde-Stra\u00dfe 34\t\t\t<\/p>\n\t\t<\/a>\n\t<\/div>\n\t\t<\/div>\n\t<\/section>\n\n\t\n<\/div>\n<\/div><\/section>\n\n\n\n<section class=\"qt-section container-m cta-small\">\n\t<div class=\"qt-section__inner grid grid-col-2 has-background\">\n\t\t<div class=\"qt-container\">\n\t\t\t<h2 class=\"wp-block-heading has-base-2-color has-text-color has-l-font-size\">Finden Sie den n\u00e4chstgelegenen Standort<\/h2>\n\t\t<\/div>\n\t\t<div class=\"qt-container \">\n\t\t\t<div class=\"wp-block-buttons\">\n\t\t\t\t<div class=\"wp-block-button is-style-fill\">\n\t\t\t\t\t<a href=\"https:\/\/ruffgolf.eu\/\" class=\"wp-block-button__link wp-element-button\" title=\"Unsere Standorte\" target=\"\">Unsere Standorte<\/a>\n\t\t\t\t<\/div>\n\t\t\t<\/div>\n\t\t<\/div>\n\t<\/div>\n<\/section>\n\n\n\n<section class=\"qt-section container-default\"><div class=\"qt-section__inner grid grid-col-1\">\n<div class=\"qt-container\">\n<section class=\"qt-section container-default is-style-section-image-right\"><div class=\"qt-section__inner grid grid-col-2\">\n<div class=\"qt-container is-vertically-aligned-center is-style-text\">\n<p class=\"is-style-eyebrow\">Erkl\u00e4rt<\/p>\n\n\n\n<h2 class=\"wp-block-heading\">Das ist RUFf<\/h2>\n\n\n\n<p>RUFF Golf entstand aus der gemeinsamen Liebe und Leidenschaft f\u00fcr den Golfsport. Unsere Vision war es, den fehlenden Puzzleteil des Golfsports zu erg\u00e4nzen. RUFF ist ein Ort, an dem Golf im Mittelpunkt steht und man ganzj\u00e4hrig mit Freunden, Familie, Kollegen und Gesch\u00e4ftspartnern eine tolle Zeit verbringen kann.<\/p>\n\n\n\n<p>RUFF, eine Weltklasse Indoor Golf-Lounge.<\/p>\n\n\n\n<div class=\"wp-block-buttons is-layout-flex wp-block-buttons-is-layout-flex\">\n<div class=\"wp-block-button is-style-button-with-arrow\"><a class=\"wp-block-button__link wp-element-button\" href=\"https:\/\/ruffgolf.eu\/de\/uber-uns\/\">Erfahren sie mehr \u00fcber uns<\/a><\/div>\n<\/div>\n<\/div>\n\n\n\n<div class=\"qt-container is-vertically-aligned-center is-style-image\">\n<figure class=\"wp-block-image size-4-3-medium\"><img loading=\"lazy\" decoding=\"async\" width=\"622\" height=\"467\" src=\"https:\/\/ruffgolf.eu\/wp-content\/uploads\/2024\/09\/this-is-ruff-622x467.jpg\" alt=\"\" class=\"wp-image-1394\" srcset=\"https:\/\/ruffgolf.eu\/wp-content\/uploads\/2024\/09\/this-is-ruff-622x467.jpg 622w, https:\/\/ruffgolf.eu\/wp-content\/uploads\/2024\/09\/this-is-ruff-300x225.jpg 300w, https:\/\/ruffgolf.eu\/wp-content\/uploads\/2024\/09\/this-is-ruff-768x576.jpg 768w, https:\/\/ruffgolf.eu\/wp-content\/uploads\/2024\/09\/this-is-ruff-462x347.jpg 462w, https:\/\/ruffgolf.eu\/wp-content\/uploads\/2024\/09\/this-is-ruff-592x444.jpg 592w, https:\/\/ruffgolf.eu\/wp-content\/uploads\/2024\/09\/this-is-ruff-721x541.jpg 721w, https:\/\/ruffgolf.eu\/wp-content\/uploads\/2024\/09\/this-is-ruff-608x456.jpg 608w, https:\/\/ruffgolf.eu\/wp-content\/uploads\/2024\/09\/this-is-ruff.jpg 933w\" sizes=\"auto, (max-width: 622px) 100vw, 622px\" \/><\/figure>\n<\/div>\n<\/div><\/section>\n<\/div>\n\n\n\n<div class=\"qt-container\">\n<section class=\"qt-section container-default is-style-section-image-left\"><div class=\"qt-section__inner grid grid-col-2\">\n<div class=\"qt-container is-vertically-aligned-center is-style-image\">\n<figure class=\"wp-block-image size-4-3-medium\"><img loading=\"lazy\" decoding=\"async\" width=\"622\" height=\"467\" src=\"https:\/\/ruffgolf.eu\/wp-content\/uploads\/2024\/09\/how-simulator-golf-works-622x467.jpg\" alt=\"\" class=\"wp-image-1386\" srcset=\"https:\/\/ruffgolf.eu\/wp-content\/uploads\/2024\/09\/how-simulator-golf-works-622x467.jpg 622w, https:\/\/ruffgolf.eu\/wp-content\/uploads\/2024\/09\/how-simulator-golf-works-300x225.jpg 300w, https:\/\/ruffgolf.eu\/wp-content\/uploads\/2024\/09\/how-simulator-golf-works-768x576.jpg 768w, https:\/\/ruffgolf.eu\/wp-content\/uploads\/2024\/09\/how-simulator-golf-works-462x347.jpg 462w, https:\/\/ruffgolf.eu\/wp-content\/uploads\/2024\/09\/how-simulator-golf-works-592x444.jpg 592w, https:\/\/ruffgolf.eu\/wp-content\/uploads\/2024\/09\/how-simulator-golf-works-721x541.jpg 721w, https:\/\/ruffgolf.eu\/wp-content\/uploads\/2024\/09\/how-simulator-golf-works-608x456.jpg 608w, https:\/\/ruffgolf.eu\/wp-content\/uploads\/2024\/09\/how-simulator-golf-works.jpg 933w\" sizes=\"auto, (max-width: 622px) 100vw, 622px\" \/><\/figure>\n<\/div>\n\n\n\n<div class=\"qt-container is-vertically-aligned-center is-style-text\">\n<p class=\"is-style-eyebrow\">NUR DAS BESTE IST GUT GENUG<\/p>\n\n\n\n<h2 class=\"wp-block-heading\">Eine Weltklasse Golf Lounge<\/h2>\n\n\n\n<p>Unser Ziel ist es, Ihnen ein au\u00dfergew\u00f6hnliches Erlebnis zu bieten. Ganz gleich, ob Sie Golf bereits lieben oder erstmal nur daran interessiert sind. Wir sind sehr stolz auf unsere erstklassigen Simulatoren, die gro\u00dfz\u00fcgig dimensionierten Boxen, die hochwertigen Bildschirme, Projektoren und den realit\u00e4tsnahen Kunstrasen. Bringen Sie Ihre eigene Ausr\u00fcstung mit oder leihen Sie diese bei uns aus. Wir bieten eine feine Auswahl an Speisen und Getr\u00e4nken und unsere freundlichen und erfahrenen Mitarbeiter stehen Ihnen jederzeit mit Rat und Tat zur Seite.<\/p>\n\n\n\n<div class=\"wp-block-buttons is-layout-flex wp-block-buttons-is-layout-flex\">\n<div class=\"wp-block-button is-style-button-with-arrow\"><a class=\"wp-block-button__link wp-element-button\" href=\"https:\/\/ruffgolf.eu\/de\/die-technologie\/\">Lesen Sie mehr \u00fcber unsere Technologie<\/a><\/div>\n<\/div>\n<\/div>\n<\/div><\/section>\n<\/div>\n<\/div><\/section>\n\n\n\n<section class=\"qt-section container-default cta-large\">\n\t<div class=\"qt-section__inner grid grid-col-1\">\n\t\t<div class=\"qt-container\">\n\t\t\t<h2 class=\"wp-block-heading has-text-align-center has-accent-1-color has-text-color has-xxl-font-size\">Werde Mitglied bei uns<\/h2>\n\t\t\t<div class=\"wp-block-buttons is-content-justification-center\">\n\t\t\t\t<div class=\"wp-block-button is-style-button-cta\">\n\t\t\t\t\t<a href=\"https:\/\/ruffgolf.eu\/at\/mitgliedschaft\/\" class=\"wp-block-button__link wp-element-button\" title=\"Mitglied werden\" target=\"\">Mitglied werden<\/a>\n\t\t\t\t<\/div>\n\t\t\t<\/div>\n\t\t<\/div>\n\t<\/div>\n<\/section>\n\n\n\n<section class=\"qt-section linked-boxes\">\n\t<div class=\"qt-section__inner grid grid-col-4\">\n\t\n\t\t\t<div class=\"qt-container card-linked-box has-background\">\n\t\t\t\t<a href=\"https:\/\/ruffgolf.eu\/de\/franchise\/\" title=\"Franchise\" target=\"\">\n\t\t\t\t\t<h2>Franchisenehmer<\/h2>\n\t\t\t\t\t<p>Werden Sie Franchisenehmer und er\u00f6ffnen Sie Ihre eigene RUFF-Anlage.<\/p>\n\t\t\t\t<\/a>\n\t\t\t<\/div>\n\t\t\t\n\t\t\t\n\t\t\t<div class=\"qt-container card-linked-box has-background\">\n\t\t\t\t<a href=\"https:\/\/ruffgolf.eu\/de\/partnerschaften\/\" title=\"Partnerschaft\" target=\"\">\n\t\t\t\t\t<h2>Partnerschaft<\/h2>\n\t\t\t\t\t<p>F\u00fcr Unternehmen und Golfclubs. Werden Sie Loch- oder Simulatorsponsor bei RUFF.<\/p>\n\t\t\t\t<\/a>\n\t\t\t<\/div>\n\t\t\t\n\t\t\t\n\t\t\t<div class=\"qt-container card-linked-box has-background\">\n\t\t\t\t<a href=\"https:\/\/apps.apple.com\/de\/app\/ruff-golf\/id6449463765\" title=\"App herunterladen\" target=\"_blank\" rel=\"noopener\">\n\t\t\t\t\t<h2>App herunterladen<\/h2>\n\t\t\t\t\t<p>Profitieren Sie von g\u00fcnstigen Angeboten und Bonussystemen.<\/p>\n\t\t\t\t<\/a>\n\t\t\t<\/div>\n\t\t\t\n\t\t\t\n\t\t\t<div class=\"qt-container card-linked-box has-background\">\n\t\t\t\t<a href=\"https:\/\/ruffgolf.eu\/de\/kontakt\/\" title=\"Kontaktieren Sie uns\" target=\"\">\n\t\t\t\t\t<h2>Kontaktieren Sie uns<\/h2>\n\t\t\t\t\t<p>Fragen? Kontaktiere uns, wir helfen dir gerne weiter.<\/p>\n\t\t\t\t<\/a>\n\t\t\t<\/div>\n\t\t\t\n\t\t\t\t<\/div>\n<\/section>\n","protected":false},"excerpt":{"rendered":"","protected":false},"author":1,"featured_media":0,"parent":0,"menu_order":0,"comment_status":"closed","ping_status":"closed","template":"","meta":{"_acf_changed":false,"footnotes":""},"class_list":["post-2804","page","type-page","status-publish","hentry"],"acf":[],"_links":{"self":[{"href":"https:\/\/ruffgolf.eu\/de\/wp-json\/wp\/v2\/pages\/2804","targetHints":{"allow":["GET"]}}],"collection":[{"href":"https:\/\/ruffgolf.eu\/de\/wp-json\/wp\/v2\/pages"}],"about":[{"href":"https:\/\/ruffgolf.eu\/de\/wp-json\/wp\/v2\/types\/page"}],"author":[{"embeddable":true,"href":"https:\/\/ruffgolf.eu\/de\/wp-json\/wp\/v2\/users\/1"}],"replies":[{"embeddable":true,"href":"https:\/\/ruffgolf.eu\/de\/wp-json\/wp\/v2\/comments?post=2804"}],"version-history":[{"count":5,"href":"https:\/\/ruffgolf.eu\/de\/wp-json\/wp\/v2\/pages\/2804\/revisions"}],"predecessor-version":[{"id":3199,"href":"https:\/\/ruffgolf.eu\/de\/wp-json\/wp\/v2\/pages\/2804\/revisions\/3199"}],"wp:attachment":[{"href":"https:\/\/ruffgolf.eu\/de\/wp-json\/wp\/v2\/media?parent=2804"}],"curies":[{"name":"wp","href":"https:\/\/api.w.org\/{rel}","templated":true}]}}