{"id":3580,"date":"2024-09-11T19:41:06","date_gmt":"2024-09-11T17:41:06","guid":{"rendered":"https:\/\/ruffgolf.eu\/?page_id=3580"},"modified":"2025-08-15T09:01:02","modified_gmt":"2025-08-15T07:01:02","slug":"ruff-travel-club","status":"publish","type":"page","link":"https:\/\/ruffgolf.eu\/de\/ruff-travel-club\/","title":{"rendered":"RUFF Travel Club"},"content":{"rendered":"\n<section class=\"qt-section container-m\"><div class=\"qt-section__inner grid grid-col-1\">\n<div class=\"qt-container\">\n<p class=\"has-text-align-center is-style-eyebrow\">Uppt\u00e4ck v\u00e4rldens banor<\/p>\n\n\n\n<h1 class=\"wp-block-heading has-text-align-center\">RUFF Travel Club<\/h1>\n\n\n\n<figure class=\"wp-block-image size-16-9-large\"><img loading=\"lazy\" decoding=\"async\" width=\"811\" height=\"456\" src=\"https:\/\/ruffgolf.eu\/wp-content\/uploads\/2024\/09\/ruff-travel-club-811x456.jpg\" alt=\"\" class=\"wp-image-1082\" srcset=\"https:\/\/ruffgolf.eu\/wp-content\/uploads\/2024\/09\/ruff-travel-club-811x456.jpg 811w, https:\/\/ruffgolf.eu\/wp-content\/uploads\/2024\/09\/ruff-travel-club-622x350.jpg 622w, https:\/\/ruffgolf.eu\/wp-content\/uploads\/2024\/09\/ruff-travel-club-300x169.jpg 300w, https:\/\/ruffgolf.eu\/wp-content\/uploads\/2024\/09\/ruff-travel-club-768x432.jpg 768w, https:\/\/ruffgolf.eu\/wp-content\/uploads\/2024\/09\/ruff-travel-club-1024x576.jpg 1024w, https:\/\/ruffgolf.eu\/wp-content\/uploads\/2024\/09\/ruff-travel-club-462x260.jpg 462w, https:\/\/ruffgolf.eu\/wp-content\/uploads\/2024\/09\/ruff-travel-club-592x333.jpg 592w, https:\/\/ruffgolf.eu\/wp-content\/uploads\/2024\/09\/ruff-travel-club.jpg 1217w\" sizes=\"auto, (max-width: 811px) 100vw, 811px\" \/><\/figure>\n<\/div>\n\n\n\n<div class=\"qt-container\">\n<h2 class=\"wp-block-heading\">Exklusiva golfresor<\/h2>\n\n\n\n<p>RUFF Travel Club arrangerar exklusiva golfresor v\u00e4rlden \u00f6ver. Vad s\u00e4gs till exempel om en resa till Florida f\u00f6r att spela p\u00e5 eftertraktade Bay Hill och TPC Saw Grass? Eller varf\u00f6r inte kombinera lyx p\u00e5 n\u00e5gra av de b\u00e4sta banorna med ett bes\u00f6k till The Masters?<\/p>\n\n\n\n<p>RUFF Travel Club erbjuds exklusivt till medlemmar i RUFFs medlemsklubb. Golfresorna \u00e4r skr\u00e4ddarsydda och ger dig m\u00f6jlighet att kombinera rundor p\u00e5 de mest exklusiva banorna med stora evenemang i sportkalendern.<\/p>\n<\/div>\n<\/div><\/section>\n\n\n\n<section class=\"qt-section container-m\"><div class=\"qt-section__inner grid grid-col-1\">\n<div class=\"qt-container\">\n<p class=\"has-text-align-center is-style-eyebrow\">F\u00d6LJ MED OSS!<\/p>\n\n\n\n<h1 class=\"wp-block-heading has-text-align-center\">KOMMANDE RESOR<\/h1>\n\n\n\n<figure class=\"wp-block-image size-16-9-large\"><img loading=\"lazy\" decoding=\"async\" width=\"811\" height=\"456\" src=\"https:\/\/ruffgolf.eu\/wp-content\/uploads\/2024\/10\/Copy-of-TRAVEL-WEEK-Presentation-811x456.jpg\" alt=\"\" class=\"wp-image-3549\" srcset=\"https:\/\/ruffgolf.eu\/wp-content\/uploads\/2024\/10\/Copy-of-TRAVEL-WEEK-Presentation-811x456.jpg 811w, https:\/\/ruffgolf.eu\/wp-content\/uploads\/2024\/10\/Copy-of-TRAVEL-WEEK-Presentation-300x169.jpg 300w, https:\/\/ruffgolf.eu\/wp-content\/uploads\/2024\/10\/Copy-of-TRAVEL-WEEK-Presentation-1024x576.jpg 1024w, https:\/\/ruffgolf.eu\/wp-content\/uploads\/2024\/10\/Copy-of-TRAVEL-WEEK-Presentation-768x432.jpg 768w, https:\/\/ruffgolf.eu\/wp-content\/uploads\/2024\/10\/Copy-of-TRAVEL-WEEK-Presentation-1536x864.jpg 1536w, https:\/\/ruffgolf.eu\/wp-content\/uploads\/2024\/10\/Copy-of-TRAVEL-WEEK-Presentation-462x260.jpg 462w, https:\/\/ruffgolf.eu\/wp-content\/uploads\/2024\/10\/Copy-of-TRAVEL-WEEK-Presentation-592x333.jpg 592w, https:\/\/ruffgolf.eu\/wp-content\/uploads\/2024\/10\/Copy-of-TRAVEL-WEEK-Presentation-622x350.jpg 622w, https:\/\/ruffgolf.eu\/wp-content\/uploads\/2024\/10\/Copy-of-TRAVEL-WEEK-Presentation.jpg 1920w\" sizes=\"auto, (max-width: 811px) 100vw, 811px\" \/><\/figure>\n<\/div>\n\n\n\n<div class=\"qt-container\">\n<h2 class=\"wp-block-heading\">BELEK TRAVEL WEEK<\/h2>\n\n\n\n<p>7 N\u00e4tter All-Inclusive Hotell: Titanic Deluxe 5* All-Inclusive<\/p>\n\n\n\n<p>Alternativ A: \u20ac1.399,- per person i dubbelrum <\/p>\n\n\n\n<p>Alternativ B: \u20ac1.699,- i enkelrum <\/p>\n\n\n\n<p>Flyg ing\u00e5r ej. <\/p>\n\n\n\n<p>Golfbanor: Cullinan Aspendes, Cullinan Olympus, Lykia Links, Gloria (Gamla \/ Nya banan) <\/p>\n\n\n\n<p>Mat och dryck ING\u00c5R p\u00e5 golfbanorna, f\u00f6rutom p\u00e5 Lykia Links.<\/p>\n\n\n\n<p>Kontakta din n\u00e4rmaste RUFF f\u00f6r mer information och bokning!<\/p>\n\n\n\n<p><\/p>\n<\/div>\n<\/div><\/section>\n\n\n\n<section class=\"qt-section container-m cta-small\">\n\t<div class=\"qt-section__inner grid grid-col-2 has-background\">\n\t\t<div class=\"qt-container\">\n\t\t\t<h2 class=\"wp-block-heading has-base-2-color has-text-color has-l-font-size\">Har du inte riktigt tid med en golfresa?<\/h2>\n\t\t<\/div>\n\t\t<div class=\"qt-container \">\n\t\t\t<div class=\"wp-block-buttons\">\n\t\t\t\t<div class=\"wp-block-button is-style-fill\">\n\t\t\t\t\t<a href=\"#booking\" class=\"wp-block-button__link wp-element-button\" title=\"Boka simulatorgolf\" target=\"\">Boka simulatorgolf<\/a>\n\t\t\t\t<\/div>\n\t\t\t<\/div>\n\t\t<\/div>\n\t<\/div>\n<\/section>\n\n\n\n<section class=\"qt-section container-default is-style-section-image-right\"><div class=\"qt-section__inner grid grid-col-2\">\n<div class=\"qt-container is-vertically-aligned-center is-style-text\">\n<p class=\"is-style-eyebrow\">RUFF medlem<\/p>\n\n\n\n<h2 class=\"wp-block-heading\">Ta del av det goda<\/h2>\n\n\n\n<p>V\u00e4lkommen till Sveriges sk\u00f6naste golfklubb f\u00f6r indoor golf. Som medlem i RUFF f\u00e5r du ta del av en rad f\u00f6rm\u00e5nliga erbjudanden.<\/p>\n\n\n\n<div class=\"wp-block-buttons is-layout-flex wp-block-buttons-is-layout-flex\">\n<div class=\"wp-block-button is-style-fill\"><a class=\"wp-block-button__link wp-element-button\" href=\"https:\/\/ruffgolf.eu\/de\/mitgliedschaft\/\">Bli medlem<\/a><\/div>\n<\/div>\n<\/div>\n\n\n\n<div class=\"qt-container is-vertically-aligned-center is-style-image\">\n<figure class=\"wp-block-image size-4-3-medium\"><img loading=\"lazy\" decoding=\"async\" width=\"622\" height=\"467\" src=\"https:\/\/ruffgolf.eu\/wp-content\/uploads\/2024\/09\/join-the-club-622x467.jpg\" alt=\"\" class=\"wp-image-1541\" srcset=\"https:\/\/ruffgolf.eu\/wp-content\/uploads\/2024\/09\/join-the-club-622x467.jpg 622w, https:\/\/ruffgolf.eu\/wp-content\/uploads\/2024\/09\/join-the-club-300x225.jpg 300w, https:\/\/ruffgolf.eu\/wp-content\/uploads\/2024\/09\/join-the-club-768x576.jpg 768w, https:\/\/ruffgolf.eu\/wp-content\/uploads\/2024\/09\/join-the-club-462x347.jpg 462w, https:\/\/ruffgolf.eu\/wp-content\/uploads\/2024\/09\/join-the-club-592x444.jpg 592w, https:\/\/ruffgolf.eu\/wp-content\/uploads\/2024\/09\/join-the-club-721x541.jpg 721w, https:\/\/ruffgolf.eu\/wp-content\/uploads\/2024\/09\/join-the-club-608x456.jpg 608w, https:\/\/ruffgolf.eu\/wp-content\/uploads\/2024\/09\/join-the-club.jpg 933w\" sizes=\"auto, (max-width: 622px) 100vw, 622px\" \/><\/figure>\n<\/div>\n<\/div><\/section>\n\n\n\n<section class=\"qt-section container-default cta-large\">\n\t<div class=\"qt-section__inner grid grid-col-1\">\n\t\t<div class=\"qt-container\">\n\t\t\t<h2 class=\"wp-block-heading has-text-align-center has-accent-1-color has-text-color has-xxl-font-size\">Dags f\u00f6r n\u00e4sta golfrunda?<\/h2>\n\t\t\t<div class=\"wp-block-buttons is-content-justification-center\">\n\t\t\t\t<div class=\"wp-block-button is-style-button-cta\">\n\t\t\t\t\t<a href=\"#booking\" class=\"wp-block-button__link wp-element-button\" title=\"Boka nu\" target=\"\">Boka nu<\/a>\n\t\t\t\t<\/div>\n\t\t\t<\/div>\n\t\t<\/div>\n\t<\/div>\n<\/section>\n","protected":false},"excerpt":{"rendered":"","protected":false},"author":1,"featured_media":0,"parent":0,"menu_order":0,"comment_status":"closed","ping_status":"closed","template":"","meta":{"_acf_changed":false,"footnotes":""},"class_list":["post-3580","page","type-page","status-publish","hentry"],"acf":[],"_links":{"self":[{"href":"https:\/\/ruffgolf.eu\/de\/wp-json\/wp\/v2\/pages\/3580","targetHints":{"allow":["GET"]}}],"collection":[{"href":"https:\/\/ruffgolf.eu\/de\/wp-json\/wp\/v2\/pages"}],"about":[{"href":"https:\/\/ruffgolf.eu\/de\/wp-json\/wp\/v2\/types\/page"}],"author":[{"embeddable":true,"href":"https:\/\/ruffgolf.eu\/de\/wp-json\/wp\/v2\/users\/1"}],"replies":[{"embeddable":true,"href":"https:\/\/ruffgolf.eu\/de\/wp-json\/wp\/v2\/comments?post=3580"}],"version-history":[{"count":1,"href":"https:\/\/ruffgolf.eu\/de\/wp-json\/wp\/v2\/pages\/3580\/revisions"}],"predecessor-version":[{"id":3581,"href":"https:\/\/ruffgolf.eu\/de\/wp-json\/wp\/v2\/pages\/3580\/revisions\/3581"}],"wp:attachment":[{"href":"https:\/\/ruffgolf.eu\/de\/wp-json\/wp\/v2\/media?parent=3580"}],"curies":[{"name":"wp","href":"https:\/\/api.w.org\/{rel}","templated":true}]}}