{"id":8776,"date":"2026-04-02T11:49:51","date_gmt":"2026-04-02T09:49:51","guid":{"rendered":"https:\/\/ruffgolf.eu\/?page_id=8776"},"modified":"2026-04-02T14:27:53","modified_gmt":"2026-04-02T12:27:53","slug":"faq-ruff-dreieich","status":"publish","type":"page","link":"https:\/\/ruffgolf.eu\/de\/faq-ruff-dreieich\/","title":{"rendered":"FAQ RUFF Dreieich"},"content":{"rendered":"\n<section class=\"qt-section container-m\"><div class=\"qt-section__inner grid grid-col-1\">\n<div class=\"qt-container container-s is-style-default\">\n<h1 class=\"wp-block-heading has-text-align-center\">FAQ<\/h1>\n<\/div>\n<\/div><\/section>\n\n\n\n<section class=\"qt-section container-m\"><div class=\"qt-section__inner grid grid-col-1\">\n<div class=\"qt-container\">\t<div class=\"faq\">\n\t\t\t<div class=\"accordion-item\">\n\t\t\t<div class=\"accordion-item__heading\">\n\t\t\t\t<h2>Muss ich meine eigenen Schl\u00e4ger mitbringen?<\/h2>\n\t\t\t\t<span class=\"accordion-item__icon\">\n\t\t\t\t\t<span class=\"accordion-icon__inner\">\n\t\t\t\t\t\t<img loading=\"lazy\" decoding=\"async\" src=\"https:\/\/ruffgolf.eu\/wp-content\/themes\/q-theme\/assets\/images\/caret.svg\" alt=\"Downward-facing arrow\" width=\"12\" height=\"12\">\n\t\t\t\t\t<\/span>\n\t\t\t\t<\/span>\n\t\t\t<\/div>\n\t\t\t<div class=\"accordion-item__content\">\n\t\t\t\t<div class=\"accordion-content__inner\">\n\t\t\t\t\t<p>Kannst du gerne, musst du aber nicht. Wir haben vor Ort Schl\u00e4ger von Takomo f\u00fcr Rechts- und Linksh\u00e4nder, die du kostenlos zu jeder Buchung nutzen kannst.<\/p>\n\t\t\t\t<\/div>\n\t\t\t<\/div>\n\t\t<\/div>\n\t\t\t\t<div class=\"accordion-item\">\n\t\t\t<div class=\"accordion-item__heading\">\n\t\t\t\t<h2>Brauche ich Golf Kenntnisse?<\/h2>\n\t\t\t\t<span class=\"accordion-item__icon\">\n\t\t\t\t\t<span class=\"accordion-icon__inner\">\n\t\t\t\t\t\t<img loading=\"lazy\" decoding=\"async\" src=\"https:\/\/ruffgolf.eu\/wp-content\/themes\/q-theme\/assets\/images\/caret.svg\" alt=\"Downward-facing arrow\" width=\"12\" height=\"12\">\n\t\t\t\t\t<\/span>\n\t\t\t\t<\/span>\n\t\t\t<\/div>\n\t\t\t<div class=\"accordion-item__content\">\n\t\t\t\t<div class=\"accordion-content__inner\">\n\t\t\t\t\t<p>Nein. Jeder ist willkommen, egal ob du ein Profi bist, ein ambitionierter Amateur oder noch nie einen Golfschl\u00e4ger in der Hand hattest. Ein Besuch bei RUFF ist die perfekte M\u00f6glichkeit, den Golfsport auszuprobieren und deine F\u00e4higkeiten zu verbessern. Vor Ort erh\u00e4ltst du immer eine Einweisung.<\/p>\n\t\t\t\t<\/div>\n\t\t\t<\/div>\n\t\t<\/div>\n\t\t\t\t<div class=\"accordion-item\">\n\t\t\t<div class=\"accordion-item__heading\">\n\t\t\t\t<h2>Was brauche ich an Equipment?<\/h2>\n\t\t\t\t<span class=\"accordion-item__icon\">\n\t\t\t\t\t<span class=\"accordion-icon__inner\">\n\t\t\t\t\t\t<img loading=\"lazy\" decoding=\"async\" src=\"https:\/\/ruffgolf.eu\/wp-content\/themes\/q-theme\/assets\/images\/caret.svg\" alt=\"Downward-facing arrow\" width=\"12\" height=\"12\">\n\t\t\t\t\t<\/span>\n\t\t\t\t<\/span>\n\t\t\t<\/div>\n\t\t\t<div class=\"accordion-item__content\">\n\t\t\t\t<div class=\"accordion-content__inner\">\n\t\t\t\t\t<p>Alles, was du brauchst, bekommst du vor Ort bei uns. Egal ob Schl\u00e4ger, Indoor Tees, B\u00e4lle, Handschuhe, etc.<\/p>\n\t\t\t\t<\/div>\n\t\t\t<\/div>\n\t\t<\/div>\n\t\t\t\t<div class=\"accordion-item\">\n\t\t\t<div class=\"accordion-item__heading\">\n\t\t\t\t<h2>Wie lange sollte ich buchen?<\/h2>\n\t\t\t\t<span class=\"accordion-item__icon\">\n\t\t\t\t\t<span class=\"accordion-icon__inner\">\n\t\t\t\t\t\t<img loading=\"lazy\" decoding=\"async\" src=\"https:\/\/ruffgolf.eu\/wp-content\/themes\/q-theme\/assets\/images\/caret.svg\" alt=\"Downward-facing arrow\" width=\"12\" height=\"12\">\n\t\t\t\t\t<\/span>\n\t\t\t\t<\/span>\n\t\t\t<\/div>\n\t\t\t<div class=\"accordion-item__content\">\n\t\t\t\t<div class=\"accordion-content__inner\">\n\t\t\t\t\t<p>Das kommt auf deine Intention drauf an. Zum Ausprobieren und alleine Trainieren reicht i.d.R. schon eine Stunde. Solltet ihr mit 2-4 Personen kommen, und z.B. 18-Loch spielen wollen, empfehlen wir mindestens 2-3 Stunden.<\/p>\n\t\t\t\t<\/div>\n\t\t\t<\/div>\n\t\t<\/div>\n\t\t\t\t<div class=\"accordion-item\">\n\t\t\t<div class=\"accordion-item__heading\">\n\t\t\t\t<h2>Mit wie vielen Personen kann ich spielen?<\/h2>\n\t\t\t\t<span class=\"accordion-item__icon\">\n\t\t\t\t\t<span class=\"accordion-icon__inner\">\n\t\t\t\t\t\t<img loading=\"lazy\" decoding=\"async\" src=\"https:\/\/ruffgolf.eu\/wp-content\/themes\/q-theme\/assets\/images\/caret.svg\" alt=\"Downward-facing arrow\" width=\"12\" height=\"12\">\n\t\t\t\t\t<\/span>\n\t\t\t\t<\/span>\n\t\t\t<\/div>\n\t\t\t<div class=\"accordion-item__content\">\n\t\t\t\t<div class=\"accordion-content__inner\">\n\t\t\t\t\t<p>Wir empfehlen max. 4 Personen pro Simulator.<\/p>\n\t\t\t\t<\/div>\n\t\t\t<\/div>\n\t\t<\/div>\n\t\t\t\t<div class=\"accordion-item\">\n\t\t\t<div class=\"accordion-item__heading\">\n\t\t\t\t<h2>Gibt es einen Dresscode?<\/h2>\n\t\t\t\t<span class=\"accordion-item__icon\">\n\t\t\t\t\t<span class=\"accordion-icon__inner\">\n\t\t\t\t\t\t<img loading=\"lazy\" decoding=\"async\" src=\"https:\/\/ruffgolf.eu\/wp-content\/themes\/q-theme\/assets\/images\/caret.svg\" alt=\"Downward-facing arrow\" width=\"12\" height=\"12\">\n\t\t\t\t\t<\/span>\n\t\t\t\t<\/span>\n\t\t\t<\/div>\n\t\t\t<div class=\"accordion-item__content\">\n\t\t\t\t<div class=\"accordion-content__inner\">\n\t\t\t\t\t<p>Egal ob in Jeans, Shorts, Flips Flops oder Jogginghose. Komm einfach, wie du dich wohl f\u00fchlst!<\/p>\n\t\t\t\t<\/div>\n\t\t\t<\/div>\n\t\t<\/div>\n\t\t\t\t<div class=\"accordion-item\">\n\t\t\t<div class=\"accordion-item__heading\">\n\t\t\t\t<h2>Muss ich vorab buchen?<\/h2>\n\t\t\t\t<span class=\"accordion-item__icon\">\n\t\t\t\t\t<span class=\"accordion-icon__inner\">\n\t\t\t\t\t\t<img loading=\"lazy\" decoding=\"async\" src=\"https:\/\/ruffgolf.eu\/wp-content\/themes\/q-theme\/assets\/images\/caret.svg\" alt=\"Downward-facing arrow\" width=\"12\" height=\"12\">\n\t\t\t\t\t<\/span>\n\t\t\t\t<\/span>\n\t\t\t<\/div>\n\t\t\t<div class=\"accordion-item__content\">\n\t\t\t\t<div class=\"accordion-content__inner\">\n\t\t\t\t\t<p>Wir empfehlen im Voraus einen Slot zu buchen, um sicher zu sein, dass wir einen freien Simulator haben. <a href=\"https:\/\/yourgolfbooking.com\/venues\/ruff-dreieich\/booking\/bays\" target=\"_blank\" rel=\"noopener\">Hier geht es zu Buchung.<\/a> Alternativ k\u00f6nnt ihr auch einfach anrufen (06103 789 4071) und wir finden sicherlich einen passenden Termin f\u00fcr euch.<\/p>\n\t\t\t\t<\/div>\n\t\t\t<\/div>\n\t\t<\/div>\n\t\t\t\t<div class=\"accordion-item\">\n\t\t\t<div class=\"accordion-item__heading\">\n\t\t\t\t<h2>Habt ihr Trainer vor Ort?<\/h2>\n\t\t\t\t<span class=\"accordion-item__icon\">\n\t\t\t\t\t<span class=\"accordion-icon__inner\">\n\t\t\t\t\t\t<img loading=\"lazy\" decoding=\"async\" src=\"https:\/\/ruffgolf.eu\/wp-content\/themes\/q-theme\/assets\/images\/caret.svg\" alt=\"Downward-facing arrow\" width=\"12\" height=\"12\">\n\t\t\t\t\t<\/span>\n\t\t\t\t<\/span>\n\t\t\t<\/div>\n\t\t\t<div class=\"accordion-item__content\">\n\t\t\t\t<div class=\"accordion-content__inner\">\n\t\t\t\t\t<p>Unser geschultes Personal ist jederzeit vor Ort. Ein Trainer ist nicht immer anwesend, aber in den Wintermonaten bieten wir regelm\u00e4\u00dfig Kurse an \u2013 und vermitteln bei Bedarf gerne den Kontakt zu einem passenden Trainer.<\/p>\n\t\t\t\t<\/div>\n\t\t\t<\/div>\n\t\t<\/div>\n\t\t\t\t<div class=\"accordion-item\">\n\t\t\t<div class=\"accordion-item__heading\">\n\t\t\t\t<h2>Kann man auch essen und trinken?<\/h2>\n\t\t\t\t<span class=\"accordion-item__icon\">\n\t\t\t\t\t<span class=\"accordion-icon__inner\">\n\t\t\t\t\t\t<img loading=\"lazy\" decoding=\"async\" src=\"https:\/\/ruffgolf.eu\/wp-content\/themes\/q-theme\/assets\/images\/caret.svg\" alt=\"Downward-facing arrow\" width=\"12\" height=\"12\">\n\t\t\t\t\t<\/span>\n\t\t\t\t<\/span>\n\t\t\t<\/div>\n\t\t\t<div class=\"accordion-item__content\">\n\t\t\t\t<div class=\"accordion-content__inner\">\n\t\t\t\t\t<p>Ja, bei uns seid ihr rundum versorgt. Hier k\u00f6nnt direkt am Simulator Essen und Getr\u00e4nke bestellen oder auch einfach nur daf\u00fcr vorbeikommen. <a href=\"https:\/\/ruffgolf.eu\/wp-content\/uploads\/2025\/12\/Speisekarte-digital_2024_2025-8.pdf\">Hier findet ihr unsere Karte.<\/a><\/p>\n\t\t\t\t<\/div>\n\t\t\t<\/div>\n\t\t<\/div>\n\t\t\t\t<div class=\"accordion-item\">\n\t\t\t<div class=\"accordion-item__heading\">\n\t\t\t\t<h2>Ist der Simulator auch f\u00fcr Kinder geeignet?<\/h2>\n\t\t\t\t<span class=\"accordion-item__icon\">\n\t\t\t\t\t<span class=\"accordion-icon__inner\">\n\t\t\t\t\t\t<img loading=\"lazy\" decoding=\"async\" src=\"https:\/\/ruffgolf.eu\/wp-content\/themes\/q-theme\/assets\/images\/caret.svg\" alt=\"Downward-facing arrow\" width=\"12\" height=\"12\">\n\t\t\t\t\t<\/span>\n\t\t\t\t<\/span>\n\t\t\t<\/div>\n\t\t\t<div class=\"accordion-item__content\">\n\t\t\t\t<div class=\"accordion-content__inner\">\n\t\t\t\t\t<p>Absolut. F\u00fcr Kinder gibt\u2019s bei Trackman jede Menge spielerische Games \u2013 von Zielspielen bis hin zu interaktiven Abenteuern, bei denen man z. B. niedliche Kreaturen f\u00e4ngt. So wird Golf ganz nebenbei zu einem Erlebnis, bei dem Spa\u00df und Bewegung im Vordergrund stehen. Schl\u00e4ger f\u00fcr Kinder ab einer Gr\u00f6\u00dfe von ca. 107cm haben wir auch vor Ort.<\/p>\n\t\t\t\t<\/div>\n\t\t\t<\/div>\n\t\t<\/div>\n\t\t\t\t<div class=\"accordion-item\">\n\t\t\t<div class=\"accordion-item__heading\">\n\t\t\t\t<h2>Wo ist der Unterschied zwischen dem Trackman 4 und dem iO?<\/h2>\n\t\t\t\t<span class=\"accordion-item__icon\">\n\t\t\t\t\t<span class=\"accordion-icon__inner\">\n\t\t\t\t\t\t<img loading=\"lazy\" decoding=\"async\" src=\"https:\/\/ruffgolf.eu\/wp-content\/themes\/q-theme\/assets\/images\/caret.svg\" alt=\"Downward-facing arrow\" width=\"12\" height=\"12\">\n\t\t\t\t\t<\/span>\n\t\t\t\t<\/span>\n\t\t\t<\/div>\n\t\t\t<div class=\"accordion-item__content\">\n\t\t\t\t<div class=\"accordion-content__inner\">\n\t\t\t\t\t<p>Der Trackman iO ist perfekt f\u00fcr Indoor-Golf ausgelegt. Er hat eine schnellere Reaktionszeit als der Trackman 4 und bietet zudem ein Impact Analyse Video.<br \/>\nDer Trackman 4 ist ideal f\u00fcr Training, Coaching und Fitting. Er misst im Gegensatz zum iO auch Parameter wie Attack Angle und den tiefsten Punkt.<\/p>\n\t\t\t\t<\/div>\n\t\t\t<\/div>\n\t\t<\/div>\n\t\t\t\t<div class=\"accordion-item\">\n\t\t\t<div class=\"accordion-item__heading\">\n\t\t\t\t<h2>Habt ihr Parkpl\u00e4tze? <\/h2>\n\t\t\t\t<span class=\"accordion-item__icon\">\n\t\t\t\t\t<span class=\"accordion-icon__inner\">\n\t\t\t\t\t\t<img loading=\"lazy\" decoding=\"async\" src=\"https:\/\/ruffgolf.eu\/wp-content\/themes\/q-theme\/assets\/images\/caret.svg\" alt=\"Downward-facing arrow\" width=\"12\" height=\"12\">\n\t\t\t\t\t<\/span>\n\t\t\t\t<\/span>\n\t\t\t<\/div>\n\t\t\t<div class=\"accordion-item__content\">\n\t\t\t\t<div class=\"accordion-content__inner\">\n\t\t\t\t\t<p>Ja, direkt vor unserer T\u00fcr haben wir kostenfreie RUFF Parkpl\u00e4tze und einen ebenerdigen Zugang.<\/p>\n\t\t\t\t<\/div>\n\t\t\t<\/div>\n\t\t<\/div>\n\t\t\t\t<div class=\"accordion-item\">\n\t\t\t<div class=\"accordion-item__heading\">\n\t\t\t\t<h2>Kann man bei euch Events ausrichten?<\/h2>\n\t\t\t\t<span class=\"accordion-item__icon\">\n\t\t\t\t\t<span class=\"accordion-icon__inner\">\n\t\t\t\t\t\t<img loading=\"lazy\" decoding=\"async\" src=\"https:\/\/ruffgolf.eu\/wp-content\/themes\/q-theme\/assets\/images\/caret.svg\" alt=\"Downward-facing arrow\" width=\"12\" height=\"12\">\n\t\t\t\t\t<\/span>\n\t\t\t\t<\/span>\n\t\t\t<\/div>\n\t\t\t<div class=\"accordion-item__content\">\n\t\t\t\t<div class=\"accordion-content__inner\">\n\t\t\t\t\t<p>Ja, sowohl Geburtstage als auch Firmenfeiern, Produktvorstellungen oder Teamevents. Wir finden f\u00fcr euch das passende Angebot! Einfach Anfrage an <a href=\"mailto:dreieich@ruffgolf.de\">dreieich@ruffgolf.de<\/a><\/p>\n\t\t\t\t<\/div>\n\t\t\t<\/div>\n\t\t<\/div>\n\t\t\t\t<div class=\"accordion-item\">\n\t\t\t<div class=\"accordion-item__heading\">\n\t\t\t\t<h2>Bietet ihr Mitgliedschaften an?<\/h2>\n\t\t\t\t<span class=\"accordion-item__icon\">\n\t\t\t\t\t<span class=\"accordion-icon__inner\">\n\t\t\t\t\t\t<img loading=\"lazy\" decoding=\"async\" src=\"https:\/\/ruffgolf.eu\/wp-content\/themes\/q-theme\/assets\/images\/caret.svg\" alt=\"Downward-facing arrow\" width=\"12\" height=\"12\">\n\t\t\t\t\t<\/span>\n\t\t\t\t<\/span>\n\t\t\t<\/div>\n\t\t\t<div class=\"accordion-item__content\">\n\t\t\t\t<div class=\"accordion-content__inner\">\n\t\t\t\t\t<p>Ja, ihr k\u00f6nnt bei uns eine j\u00e4hrliche <a href=\"https:\/\/yourgolfbooking.com\/venues\/ruff-dreieich\/memberships\" target=\"_blank\" rel=\"noopener\">Mitgliedschaft abschlie\u00dfen.<\/a> Mit dieser erhaltet ihr immer Rabatte auf Buchungsstunden und weitere Aktionen sowie Sonderkonditionen im Sommer. Zudem gibt es je nach Mitgliedschaft Freistunden pro Monat.<\/p>\n\t\t\t\t<\/div>\n\t\t\t<\/div>\n\t\t<\/div>\n\t\t\t<\/div>\n\n\t<\/div>\n<\/div><\/section>\n\n\n\n<section class=\"qt-section container-default cta-large\">\n\t<div class=\"qt-section__inner grid grid-col-1\">\n\t\t<div class=\"qt-container\">\n\t\t\t<h2 class=\"wp-block-heading has-text-align-center has-accent-1-color has-text-color has-xxl-font-size\">Bereit, eine Runde zu spielen?<\/h2>\n\t\t\t<div class=\"wp-block-buttons is-content-justification-center\">\n\t\t\t\t<div class=\"wp-block-button is-style-button-cta\">\n\t\t\t\t\t<a href=\"https:\/\/yourgolfbooking.com\/venues\/ruff-dreieich\/booking\/bays\" class=\"wp-block-button__link wp-element-button\" title=\"Jetzt buchen\" target=\"_blank\" rel=\"noopener\">Jetzt buchen<\/a>\n\t\t\t\t<\/div>\n\t\t\t<\/div>\n\t\t<\/div>\n\t<\/div>\n<\/section>\n","protected":false},"excerpt":{"rendered":"","protected":false},"author":2,"featured_media":0,"parent":0,"menu_order":0,"comment_status":"closed","ping_status":"closed","template":"","meta":{"_acf_changed":false,"footnotes":""},"class_list":["post-8776","page","type-page","status-publish","hentry"],"acf":[],"_links":{"self":[{"href":"https:\/\/ruffgolf.eu\/de\/wp-json\/wp\/v2\/pages\/8776","targetHints":{"allow":["GET"]}}],"collection":[{"href":"https:\/\/ruffgolf.eu\/de\/wp-json\/wp\/v2\/pages"}],"about":[{"href":"https:\/\/ruffgolf.eu\/de\/wp-json\/wp\/v2\/types\/page"}],"author":[{"embeddable":true,"href":"https:\/\/ruffgolf.eu\/de\/wp-json\/wp\/v2\/users\/2"}],"replies":[{"embeddable":true,"href":"https:\/\/ruffgolf.eu\/de\/wp-json\/wp\/v2\/comments?post=8776"}],"version-history":[{"count":5,"href":"https:\/\/ruffgolf.eu\/de\/wp-json\/wp\/v2\/pages\/8776\/revisions"}],"predecessor-version":[{"id":8784,"href":"https:\/\/ruffgolf.eu\/de\/wp-json\/wp\/v2\/pages\/8776\/revisions\/8784"}],"wp:attachment":[{"href":"https:\/\/ruffgolf.eu\/de\/wp-json\/wp\/v2\/media?parent=8776"}],"curies":[{"name":"wp","href":"https:\/\/api.w.org\/{rel}","templated":true}]}}