{"id":5255,"date":"2025-02-27T07:54:20","date_gmt":"2025-02-27T06:54:20","guid":{"rendered":"https:\/\/ruffgolf.eu\/?page_id=5255"},"modified":"2026-03-24T10:30:20","modified_gmt":"2026-03-24T09:30:20","slug":"bedrijfsuitje","status":"publish","type":"page","link":"https:\/\/ruffgolf.eu\/nl\/bedrijfsuitje\/","title":{"rendered":"Bedrijfsuitje\u00a0\u00a0"},"content":{"rendered":"\n<section class=\"qt-section container-m\"><div class=\"qt-section__inner grid grid-col-1\">\n<div class=\"qt-container\">\n<p class=\"has-text-align-center is-style-eyebrow\"><\/p>\n\n\n\n<h1 class=\"wp-block-heading has-text-align-center\">Actief bedrijfsuitje<\/h1>\n<\/div>\n\n\n\n<div class=\"qt-container\">\n<h2 class=\"wp-block-heading\">Origineel bedrijfsuitje bij RUFF Golf<\/h2>\n\n\n\n<p>Op zoek naar een origineel bedrijfsuitje dat nog lang wordt besproken? Onze locatie biedt twee unieke activiteiten onder \u00e9\u00e9n dak: <a href=\"https:\/\/ruffgolf.eu\/nl\/indoor-golf\/\" data-type=\"page\" data-id=\"6727\">indoor golf<\/a> met de hypermoderne Trackman IO simulator en een <a href=\"https:\/\/ruffgolf.eu\/nl\/minigolf\/\" data-type=\"page\" data-id=\"5094\">indoor minigolfbaan<\/a> met 9 uitdagende holes. Perfect als je een bedrijfsuitje binnen wilt organiseren waarbij je zeker weet dat het weer geen spelbreker is.<\/p>\n\n\n\n<p>Of je nu met een klein team of een hele afdeling komt, wij zorgen dat het bedrijfsuitje soepel verloopt \u2013 van ontvangst tot afsluitende borrel.<\/p>\n<\/div>\n<\/div><\/section>\n\n\n\n<p><\/p>\n\n\n\n<section class=\"qt-section container-m cta-small\">\n\t<div class=\"qt-section__inner grid grid-col-2 has-background\">\n\t\t<div class=\"qt-container\">\n\t\t\t<h2 class=\"wp-block-heading has-base-2-color has-text-color has-l-font-size\">Ge\u00efnteresseerd?<\/h2>\n\t\t<\/div>\n\t\t<div class=\"qt-container \">\n\t\t\t<div class=\"wp-block-buttons\">\n\t\t\t\t<div class=\"wp-block-button is-style-fill\">\n\t\t\t\t\t<a href=\"#Offerte\" class=\"wp-block-button__link wp-element-button\" title=\"Offerte aanvragen\" target=\"\">Offerte aanvragen<\/a>\n\t\t\t\t<\/div>\n\t\t\t<\/div>\n\t\t<\/div>\n\t<\/div>\n<\/section>\n\n\n\n<section class=\"qt-section container-default\"><div class=\"qt-section__inner grid grid-col-1\">\n<div class=\"qt-container\">\n<section class=\"qt-section memberships\" id=\"membership\">\n    <div class=\"qt-section__inner grid grid-col-1\">\n\n                    <div class=\"qt-container\">\n                <h2 class=\"wp-block-heading has-text-align-center\">ARRANGEMENTEN<\/h2>\n            <\/div>\n            \n        <div class=\"qt-container\">\n            <section class=\"qt-section\">\n                <div class=\"qt-section__inner grid grid-col-3\">\n                                        <div class=\"qt-container card-membership has-background\">\n                            <p class=\"membership__type\">Golf &amp; Borrel (2 uur)<\/p>\n                            <div class=\"membership__content\">\n                                <p class=\"membership__price\">\u20ac38,95 P.P<\/p>\n                                                                    <ul class=\"wp-block-list membership__benefits\">\n                                                                                    <li>Vanaf 8 personen<\/li>\n                                                                                        <li>Uitleg over het systeem &amp; golfswing<\/li>\n                                                                                        <li>2 uur golfen en minigolfen<\/li>\n                                                                                        <li>Beer platter met diverse snacks<\/li>\n                                                                                        <li>\u20ac6 meerprijs voor luxe plank met lekkere hapjes<\/li>\n                                                                                        <li>Drank op nacalculatie<\/li>\n                                                                                <\/ul>\n                                                                <\/div>\n\t\t\t\t\t\t\t\n\t\t\t\t\t\t\t                        <\/div>\n                                                <div class=\"qt-container card-membership has-background\">\n                            <p class=\"membership__type\">Golf &amp; Lunch<\/p>\n                            <div class=\"membership__content\">\n                                <p class=\"membership__price\"> \u20ac45,00 P.P<\/p>\n                                                                    <ul class=\"wp-block-list membership__benefits\">\n                                                                                    <li>Vanaf 8 personen<\/li>\n                                                                                        <li>Uitleg over het systeem &amp; golfswing<\/li>\n                                                                                        <li>2 uur golfen en minigolfen<\/li>\n                                                                                        <li>Keuzemenu met twee rijkelijk belegde broodjes<\/li>\n                                                                                        <li>Drank op nacalculatie<\/li>\n                                                                                <\/ul>\n                                                                <\/div>\n\t\t\t\t\t\t\t\n\t\t\t\t\t\t\t                        <\/div>\n                                                <div class=\"qt-container card-membership has-background\">\n                            <p class=\"membership__type\">Golf &amp; Diner<\/p>\n                            <div class=\"membership__content\">\n                                <p class=\"membership__price\">VANAF \u20ac49,50 P.P<\/p>\n                                                                    <ul class=\"wp-block-list membership__benefits\">\n                                                                                    <li>Vanaf 8 personen<\/li>\n                                                                                        <li>Uitleg over het systeem &amp; golfswing<\/li>\n                                                                                        <li>2 uur golfen en minigolfen<\/li>\n                                                                                        <li>Burger, wrap of kipsat\u00e9 geserveerd met friet (optioneel dessert voor \u20ac6,95 p.p.)<\/li>\n                                                                                        <li>\u20ac10,- meerprijs voor luxe menu vis, vlees of vega  \u20ac40 meerprijs voor een 3 gangen maand menu vis, vlees of vega<\/li>\n                                                                                        <li>Drank op nacalculatie<\/li>\n                                                                                <\/ul>\n                                                                <\/div>\n\t\t\t\t\t\t\t\n\t\t\t\t\t\t\t                        <\/div>\n                                                <div class=\"qt-container card-membership has-background\">\n                            <p class=\"membership__type\">Vergaderen Private Lounge<\/p>\n                            <div class=\"membership__content\">\n                                <p class=\"membership__price\"> \u20ac250,00 excl. BTW<\/p>\n                                                                    <ul class=\"wp-block-list membership__benefits\">\n                                                                                    <li>Maximaal 12 personen<\/li>\n                                                                                        <li>Prijs is exclusief vergaderarrangement van koffie, thee en water (\u20ac19,95 p.p.)<\/li>\n                                                                                        <li>Inclusief gebruik van groot beamerscherm en de Trackman simulator<\/li>\n                                                                                        <li>Optioneel: lunch met keuzemenu voor \u20ac15,00 p.p.<\/li>\n                                                                                <\/ul>\n                                                                <\/div>\n\t\t\t\t\t\t\t\n\t\t\t\t\t\t\t                        <\/div>\n                                        <\/div>\n            <\/section>\n        <\/div>\n\n\t<\/div>\n<\/section>\n\n<\/div>\n<\/div><\/section>\n\n\n\n<section class=\"qt-section container-m\"><div class=\"qt-section__inner grid grid-col-1\">\n<div class=\"qt-container\">\n<div style=\"height:20px\" aria-hidden=\"true\" class=\"wp-block-spacer\"><\/div>\n\n\n\n<p class=\"has-text-align-center is-style-eyebrow\"><\/p>\n<\/div>\n<\/div><\/section>\n\n\n\n<div class=\"wp-block-columns is-layout-flex wp-container-core-columns-is-layout-28f84493 wp-block-columns-is-layout-flex\">\n<div class=\"wp-block-column is-layout-flow wp-block-column-is-layout-flow\">\n<figure class=\"wp-block-image size-full\"><img loading=\"lazy\" decoding=\"async\" width=\"693\" height=\"693\" src=\"https:\/\/ruffgolf.eu\/wp-content\/uploads\/2024\/09\/Untitled-693-x-693-px-1.jpg\" alt=\"\" class=\"wp-image-3354\" srcset=\"https:\/\/ruffgolf.eu\/wp-content\/uploads\/2024\/09\/Untitled-693-x-693-px-1.jpg 693w, https:\/\/ruffgolf.eu\/wp-content\/uploads\/2024\/09\/Untitled-693-x-693-px-1-300x300.jpg 300w, https:\/\/ruffgolf.eu\/wp-content\/uploads\/2024\/09\/Untitled-693-x-693-px-1-150x150.jpg 150w, https:\/\/ruffgolf.eu\/wp-content\/uploads\/2024\/09\/Untitled-693-x-693-px-1-462x462.jpg 462w, https:\/\/ruffgolf.eu\/wp-content\/uploads\/2024\/09\/Untitled-693-x-693-px-1-592x592.jpg 592w, https:\/\/ruffgolf.eu\/wp-content\/uploads\/2024\/09\/Untitled-693-x-693-px-1-347x347.jpg 347w, https:\/\/ruffgolf.eu\/wp-content\/uploads\/2024\/09\/Untitled-693-x-693-px-1-467x467.jpg 467w, https:\/\/ruffgolf.eu\/wp-content\/uploads\/2024\/09\/Untitled-693-x-693-px-1-622x622.jpg 622w, https:\/\/ruffgolf.eu\/wp-content\/uploads\/2024\/09\/Untitled-693-x-693-px-1-541x541.jpg 541w, https:\/\/ruffgolf.eu\/wp-content\/uploads\/2024\/09\/Untitled-693-x-693-px-1-456x456.jpg 456w\" sizes=\"auto, (max-width: 693px) 100vw, 693px\" \/><\/figure>\n<\/div>\n\n\n\n<div class=\"wp-block-column is-layout-flow wp-block-column-is-layout-flow\">\n<h2 class=\"wp-block-heading has-text-align-left\">Origineel bedrijfsuitje organiseren<\/h2>\n\n\n\n<p>Een bedrijfsuitje organiseren kan soms veel werk zijn, maar bij RUFF Golf regelen wij alles. Jij kiest de datum, activiteit en eventuele extra\u2019s, wij zorgen voor de rest. <\/p>\n\n\n\n<p>Qua activiteiten voor je bedrijfsuitje kun je kiezen uit indoor golf, indoor minigolf of een combinatie van beide. Zijn jij en je collega\u2019s fanatiek en willen jullie een interne competitie houden? Of komt jullie team gewoon voor de lol een balletje slaan? Voor elke groep is er iets passends!<\/p>\n\n\n\n<p><\/p>\n\n\n\n<p><br> <\/p>\n\n\n\n<p><\/p>\n\n\n\n<h3 class=\"wp-block-heading\">Waarom kiezen voor een bedrijfsuitje bij RUFF?<\/h3>\n\n\n\n<ul class=\"wp-block-list\">\n<li>Unieke indoor golf ervaring (ook zonder golfervaring leuk!)<\/li>\n\n\n\n<li>Arrangement mogelijk met een borrel, lunch of diner<\/li>\n\n\n\n<li>Altijd droog, comfortabel en sfeervol binnen<\/li>\n\n\n\n<li>Complete ervaring op \u00e9\u00e9n plek &#8211; wij regelen alles<\/li>\n\n\n\n<li>Voor grote groepen wordt er een offerte op maat samengesteld<\/li>\n<\/ul>\n\n\n\n<div class=\"wp-block-buttons is-content-justification-left is-layout-flex wp-container-core-buttons-is-layout-fc4fd283 wp-block-buttons-is-layout-flex\">\n<div class=\"wp-block-button\"><a class=\"wp-block-button__link wp-element-button\" href=\"#Offerte\">Offerte aanvragen<\/a><\/div>\n<\/div>\n<\/div>\n<\/div>\n\n\n\n<section class=\"qt-section container-m\"><div class=\"qt-section__inner grid grid-col-1\">\n<div class=\"qt-container\">\n<p><\/p>\n\n\n\n<h2 class=\"wp-block-heading has-text-align-center\"><br>Maak je bedrijfsuitje compleet met een arrangement<\/h2>\n\n\n\n<p class=\"has-text-align-center\">Wil je \u00e9cht alles uit je dag halen? Kies dan voor een compleet bedrijfsuitje inclusief \u00e9\u00e9n van onze <a href=\"https:\/\/ruffgolf.eu\/nl\/arrangementen\/\" data-type=\"page\" data-id=\"6835\">arrangementen<\/a>. Denk aan ontvangst met koffie en gebak, een van onze activiteiten, een gezellige borrel en een heerlijk diner als afsluiter. RUFF Golf regelt alles voor een geweldige dag voor jullie team. Het enige wat jullie nodig hebben is goede zin!<\/p>\n\n\n\n<p class=\"has-text-align-center\">Interesse in een bedrijfsuitje bij RUFF Golf? Plan direct h\u00e9t bedrijfsuitje van het jaar!<\/p>\n\n\n\n<h2 class=\"wp-block-heading has-text-align-center\">Andere zakelijke mogelijkheden<\/h2>\n\n\n\n<p class=\"has-text-align-center\">Denk je na om je golf collega\u2019s structureel golfenternainment aan te bieden of voor een zakelijke boeking een venue afhuren voor een grote presentatie, neem dan contact op met <a href=\"mailto:utrecht@ruffgolf.nl\">utrecht@ruffgolf.nl<\/a>.<\/p>\n\n\n\n<div class=\"wp-block-buttons is-content-justification-center is-layout-flex wp-container-core-buttons-is-layout-a89b3969 wp-block-buttons-is-layout-flex\">\n<div class=\"wp-block-button\"><a class=\"wp-block-button__link wp-element-button\" href=\"mailto:utrecht@ruffgolf.nl\">Neem contact met ons op<\/a><\/div>\n<\/div>\n<\/div>\n<\/div><\/section>\n\n\n\n<section class=\"qt-section container-m\" id=\"contact\"><div class=\"qt-section__inner grid grid-col-1 has-background has-base-2-background-color\" style=\"background-color:#1B2B27\">\n<div class=\"qt-container\" id=\"Offerte\">\n<h2 class=\"wp-block-heading has-text-align-center\"><br>Wij stellen een oplossing op maat voor jullie samen<\/h2>\n<\/div>\n\n\n\n<div class=\"qt-container\">\n\n<div class=\"wpcf7 no-js\" id=\"wpcf7-f2610-o1\" lang=\"nl-NL\" dir=\"ltr\" data-wpcf7-id=\"2610\">\n<div class=\"screen-reader-response\"><p role=\"status\" aria-live=\"polite\" aria-atomic=\"true\"><\/p> <ul><\/ul><\/div>\n<form action=\"\/nl\/wp-json\/wp\/v2\/pages\/5255#wpcf7-f2610-o1\" method=\"post\" class=\"wpcf7-form init\" aria-label=\"Contactformulier\" novalidate=\"novalidate\" data-status=\"init\">\n<fieldset class=\"hidden-fields-container\"><input type=\"hidden\" name=\"_wpcf7\" value=\"2610\" \/><input type=\"hidden\" name=\"_wpcf7_version\" value=\"6.1.5\" \/><input type=\"hidden\" name=\"_wpcf7_locale\" value=\"nl_NL\" \/><input type=\"hidden\" name=\"_wpcf7_unit_tag\" value=\"wpcf7-f2610-o1\" \/><input type=\"hidden\" name=\"_wpcf7_container_post\" value=\"0\" \/><input type=\"hidden\" name=\"_wpcf7_posted_data_hash\" value=\"\" \/><input type=\"hidden\" name=\"_wpcf7_recaptcha_response\" value=\"\" \/>\n<\/fieldset>\n<p><label>Volledige naam<\/label><span class=\"wpcf7-form-control-wrap\" data-name=\"input-fullname\"><input size=\"40\" maxlength=\"400\" class=\"wpcf7-form-control wpcf7-text wpcf7-validates-as-required\" aria-required=\"true\" aria-invalid=\"false\" value=\"\" type=\"text\" name=\"input-fullname\" \/><\/span>\n<\/p>\n<p><label>E-mail<\/label><span class=\"wpcf7-form-control-wrap\" data-name=\"input-email\"><input size=\"40\" maxlength=\"400\" class=\"wpcf7-form-control wpcf7-email wpcf7-validates-as-required wpcf7-text wpcf7-validates-as-email\" aria-required=\"true\" aria-invalid=\"false\" value=\"\" type=\"email\" name=\"input-email\" \/><\/span>\n<\/p>\n<p><label>Telefoon<\/label><span class=\"wpcf7-form-control-wrap\" data-name=\"input-phone\"><input size=\"40\" maxlength=\"400\" class=\"wpcf7-form-control wpcf7-text\" aria-invalid=\"false\" value=\"\" type=\"text\" name=\"input-phone\" \/><\/span>\n<\/p>\n<p><label>Aantal deelnemers (min. 4 pers)<\/label><span class=\"wpcf7-form-control-wrap\" data-name=\"input-participants\"><input class=\"wpcf7-form-control wpcf7-number wpcf7-validates-as-required wpcf7-validates-as-number\" min=\"4\" aria-required=\"true\" aria-invalid=\"false\" value=\"\" type=\"number\" name=\"input-participants\" \/><\/span>\n<\/p>\n<p><label>Datum<\/label><span class=\"wpcf7-form-control-wrap\" data-name=\"input-date\"><input class=\"wpcf7-form-control wpcf7-date wpcf7-validates-as-required wpcf7-validates-as-date\" aria-required=\"true\" aria-invalid=\"false\" value=\"\" type=\"date\" name=\"input-date\" \/><\/span>\n<\/p>\n<p><label>Kies locatie<\/label><span class=\"wpcf7-form-control-wrap\" data-name=\"select-location\"><select class=\"wpcf7-form-control wpcf7-select wpcf7-validates-as-required\" aria-required=\"true\" aria-invalid=\"false\" name=\"select-location\"><option value=\"\">&#8212;Kies een optie&#8212;<\/option><option value=\"6053\">Utrecht &#8211; The Wall Indoor Golf<\/option><option value=\"3274\">Utrecht &#8211; The Wall Minigolf<\/option><\/select><\/span>\n<\/p>\n<p><label>Bericht<\/label><span class=\"wpcf7-form-control-wrap\" data-name=\"input-message\"><textarea cols=\"40\" rows=\"6\" maxlength=\"2000\" class=\"wpcf7-form-control wpcf7-textarea wpcf7-validates-as-required\" aria-required=\"true\" aria-invalid=\"false\" name=\"input-message\"><\/textarea><\/span>\n<\/p>\n<p class=\"acceptance\">Door dit formulier in te vullen en te verzenden, gaat u ermee akkoord dat RUFF Invest AB uw persoonlijke gegevens opslaat in overeenstemming met ons <a href=\"\/privacy-policy\/\" rel=\"nofollow noopener\" target=\"_blank\">privacybeleid<\/a>. Deze site wordt beschermd door reCAPTCHA en <a href=\"https:\/\/policies.google.com\/privacy?hl=en\" rel=\"nofollow noopener\" target=\"_blank\">het privacybeleid<\/a> en <a href=\"https:\/\/policies.google.com\/terms?hl=en\" rel=\"nofollow noopener\" target=\"_blank\">de voorwaarden<\/a><a href=\"https:\/\/policies.google.com\/privacy?hl=en\" rel=\"nofollow noopener\" target=\"_blank\">van Google<\/a> zijn van toepassing.\n<\/p>\n<div class=\"submit\">\n\t<p><input class=\"wpcf7-form-control wpcf7-submit has-spinner\" type=\"submit\" value=\"Stuur  in\" \/>\n\t<\/p>\n<\/div><div class=\"wpcf7-response-output\" aria-hidden=\"true\"><\/div>\n<\/form>\n<\/div>\n\n<\/div>\n<\/div><\/section>\n\n\n\n<p><\/p>\n","protected":false},"excerpt":{"rendered":"<p>Origineel bedrijfsuitje organiseren Een bedrijfsuitje organiseren kan soms veel werk zijn, maar bij RUFF Golf regelen wij alles. Jij kiest de datum, activiteit en eventuele extra\u2019s, wij zorgen voor de rest. Qua activiteiten voor je bedrijfsuitje kun je kiezen uit indoor golf, indoor minigolf of een combinatie van beide. Zijn jij en je collega\u2019s fanatiek [&hellip;]<\/p>\n","protected":false},"author":2,"featured_media":0,"parent":0,"menu_order":0,"comment_status":"closed","ping_status":"closed","template":"","meta":{"_acf_changed":false,"footnotes":""},"class_list":["post-5255","page","type-page","status-publish","hentry"],"acf":[],"_links":{"self":[{"href":"https:\/\/ruffgolf.eu\/nl\/wp-json\/wp\/v2\/pages\/5255","targetHints":{"allow":["GET"]}}],"collection":[{"href":"https:\/\/ruffgolf.eu\/nl\/wp-json\/wp\/v2\/pages"}],"about":[{"href":"https:\/\/ruffgolf.eu\/nl\/wp-json\/wp\/v2\/types\/page"}],"author":[{"embeddable":true,"href":"https:\/\/ruffgolf.eu\/nl\/wp-json\/wp\/v2\/users\/2"}],"replies":[{"embeddable":true,"href":"https:\/\/ruffgolf.eu\/nl\/wp-json\/wp\/v2\/comments?post=5255"}],"version-history":[{"count":38,"href":"https:\/\/ruffgolf.eu\/nl\/wp-json\/wp\/v2\/pages\/5255\/revisions"}],"predecessor-version":[{"id":8505,"href":"https:\/\/ruffgolf.eu\/nl\/wp-json\/wp\/v2\/pages\/5255\/revisions\/8505"}],"wp:attachment":[{"href":"https:\/\/ruffgolf.eu\/nl\/wp-json\/wp\/v2\/media?parent=5255"}],"curies":[{"name":"wp","href":"https:\/\/api.w.org\/{rel}","templated":true}]}}