{"id":1069,"date":"2024-09-11T19:48:50","date_gmt":"2024-09-11T17:48:50","guid":{"rendered":"https:\/\/ruffgolf.eu\/?page_id=1069"},"modified":"2026-03-24T11:14:08","modified_gmt":"2026-03-24T10:14:08","slug":"foretagsevent","status":"publish","type":"page","link":"https:\/\/ruffgolf.eu\/sv\/foretagsevent\/","title":{"rendered":"F\u00f6retagsevent"},"content":{"rendered":"\n<section class=\"qt-section container-m\"><div class=\"qt-section__inner grid grid-col-1\">\n<div class=\"qt-container\">\n<p class=\"has-text-align-center is-style-eyebrow\">Samla kollegorna<\/p>\n\n\n\n<h1 class=\"wp-block-heading has-text-align-center\">F\u00f6retagsevent<\/h1>\n\n\n\n<p class=\"has-text-align-center\"><br>Dags att samla teamet? P\u00e5 RUFF f\u00e5r ni mer \u00e4n bara en aktivitet &#8211; ni f\u00e5r en upplevelse som faktiskt bygger relationer. Perfekt f\u00f6r att st\u00e4rka sammanh\u00e5llningen, fira framg\u00e5ngar eller bara ta ett v\u00e4lbeh\u00f6vligt avbrott fr\u00e5n vardagen.<\/p>\n\n\n\n<div class=\"wp-block-buttons is-content-justification-center is-layout-flex wp-container-core-buttons-is-layout-a89b3969 wp-block-buttons-is-layout-flex\">\n<div class=\"wp-block-button\"><a class=\"wp-block-button__link wp-element-button\" href=\"#contact\">Kostnadsfri f\u00f6rfr\u00e5gan<\/a><\/div>\n<\/div>\n<\/div>\n<\/div><\/section>\n\n\n\n<section class=\"qt-section container-default\"><div class=\"qt-section__inner grid grid-col-1\">\n<div class=\"qt-container\">\n<section class=\"qt-section container-default is-style-section-image-right\"><div class=\"qt-section__inner grid grid-col-2\">\n<div class=\"qt-container is-vertically-aligned-center is-style-text\">\n<p class=\"is-style-eyebrow\">En aktivitet i v\u00e4rldsklass\u200b<\/p>\n\n\n\n<h2 class=\"wp-block-heading\">F\u00d6RETAGSEVENT P\u00c5 RUFF<\/h2>\n\n\n\n<p>Ett riktigt bra f\u00f6retagsevent kr\u00e4ver en riktigt bra aktivitet. Vi p\u00e5 RUFF har l\u00f6sningen. Abonnera loungen och samla kollegorna. 3 timmar inomhusgolf, schysst k\u00e4k och h\u00e4rligt loungeh\u00e4ng kan inte bli annat \u00e4n succ\u00e9!<\/p>\n\n\n\n<p>Detta ing\u00e5r i f\u00f6retagspaketet:<\/p>\n\n\n\n<ul class=\"wp-block-list\">\n<li>3 timmar i golfsimulatorerna<\/li>\n\n\n\n<li>Teknisk genomg\u00e5ng<\/li>\n\n\n\n<li>Mat<\/li>\n\n\n\n<li>L\u00e5neklubbor<\/li>\n\n\n\n<li>Loungeh\u00e4ng<\/li>\n\n\n\n<li>Minispel och utmaningar f\u00f6r alla niv\u00e5er<\/li>\n<\/ul>\n\n\n\n<p>Pris fr\u00e5n 595 kr exkl. moms per person.<\/p>\n\n\n\n<p class=\"is-style-eyebrow\">Lokala avvikelser kan f\u00f6rekomma<\/p>\n\n\n\n<div class=\"wp-block-buttons is-layout-flex wp-block-buttons-is-layout-flex\">\n<div class=\"wp-block-button is-style-button-with-arrow\"><a class=\"wp-block-button__link wp-element-button\" href=\"#contact\">Kostnadsfri f\u00f6rfr\u00e5gan<\/a><\/div>\n<\/div>\n<\/div>\n\n\n\n<div class=\"qt-container is-vertically-aligned-center is-style-image\">\n<figure class=\"wp-block-image size-full\"><img loading=\"lazy\" decoding=\"async\" width=\"933\" height=\"1244\" src=\"https:\/\/ruffgolf.eu\/wp-content\/uploads\/2024\/09\/indoor-golf-event.jpg\" alt=\"\" class=\"wp-image-1504\" srcset=\"https:\/\/ruffgolf.eu\/wp-content\/uploads\/2024\/09\/indoor-golf-event.jpg 933w, https:\/\/ruffgolf.eu\/wp-content\/uploads\/2024\/09\/indoor-golf-event-622x829.jpg 622w, https:\/\/ruffgolf.eu\/wp-content\/uploads\/2024\/09\/indoor-golf-event-225x300.jpg 225w, https:\/\/ruffgolf.eu\/wp-content\/uploads\/2024\/09\/indoor-golf-event-768x1024.jpg 768w, https:\/\/ruffgolf.eu\/wp-content\/uploads\/2024\/09\/indoor-golf-event-347x462.jpg 347w, https:\/\/ruffgolf.eu\/wp-content\/uploads\/2024\/09\/indoor-golf-event-444x592.jpg 444w, https:\/\/ruffgolf.eu\/wp-content\/uploads\/2024\/09\/indoor-golf-event-260x347.jpg 260w, https:\/\/ruffgolf.eu\/wp-content\/uploads\/2024\/09\/indoor-golf-event-350x467.jpg 350w, https:\/\/ruffgolf.eu\/wp-content\/uploads\/2024\/09\/indoor-golf-event-462x616.jpg 462w, https:\/\/ruffgolf.eu\/wp-content\/uploads\/2024\/09\/indoor-golf-event-406x541.jpg 406w, https:\/\/ruffgolf.eu\/wp-content\/uploads\/2024\/09\/indoor-golf-event-342x456.jpg 342w\" sizes=\"auto, (max-width: 933px) 100vw, 933px\" \/><\/figure>\n<\/div>\n<\/div><\/section>\n<\/div>\n\n\n\n<div class=\"qt-container\">\n<section class=\"qt-section container-default is-style-section-image-left\"><div class=\"qt-section__inner grid grid-col-2\">\n<div class=\"qt-container is-vertically-aligned-center is-style-image\">\n<figure class=\"wp-block-image size-full\"><img loading=\"lazy\" decoding=\"async\" width=\"933\" height=\"700\" src=\"https:\/\/ruffgolf.eu\/wp-content\/uploads\/2024\/11\/Untitled-design-7.jpg\" alt=\"\" class=\"wp-image-3875\" srcset=\"https:\/\/ruffgolf.eu\/wp-content\/uploads\/2024\/11\/Untitled-design-7.jpg 933w, https:\/\/ruffgolf.eu\/wp-content\/uploads\/2024\/11\/Untitled-design-7-300x225.jpg 300w, https:\/\/ruffgolf.eu\/wp-content\/uploads\/2024\/11\/Untitled-design-7-768x576.jpg 768w, https:\/\/ruffgolf.eu\/wp-content\/uploads\/2024\/11\/Untitled-design-7-462x347.jpg 462w, https:\/\/ruffgolf.eu\/wp-content\/uploads\/2024\/11\/Untitled-design-7-592x444.jpg 592w, https:\/\/ruffgolf.eu\/wp-content\/uploads\/2024\/11\/Untitled-design-7-622x467.jpg 622w, https:\/\/ruffgolf.eu\/wp-content\/uploads\/2024\/11\/Untitled-design-7-721x541.jpg 721w, https:\/\/ruffgolf.eu\/wp-content\/uploads\/2024\/11\/Untitled-design-7-608x456.jpg 608w\" sizes=\"auto, (max-width: 933px) 100vw, 933px\" \/><\/figure>\n<\/div>\n\n\n\n<div class=\"qt-container is-vertically-aligned-center is-style-text\">\n<p class=\"is-style-eyebrow\">Boka f\u00f6retagsevent<\/p>\n\n\n\n<h2 class=\"wp-block-heading\">Abonnera golfloungen och samla kollegorna<\/h2>\n\n\n\n<p>F\u00f6r att boka f\u00f6retagsevent hos oss beh\u00f6ver ni skicka in en f\u00f6rfr\u00e5gan via v\u00e5rt bokningsformul\u00e4r. Ange antalet deltagare, vilken anl\u00e4ggning ni \u00f6nskar boka och vilken tid och dag ni vill arrangera ert evenemang. N\u00e4r vi mottagit er f\u00f6rfr\u00e5gan tar vi kontakt med er och skr\u00e4ddarsyr en l\u00f6sning som passar just er.<\/p>\n\n\n\n<p>Har ni fr\u00e5gor eller funderingar s\u00e5 finns vi tillg\u00e4ngliga per telefon och e-post. Kontakta anl\u00e4ggningen det g\u00e4ller s\u00e5 hj\u00e4lper vi er.&nbsp;<\/p>\n\n\n\n<div class=\"wp-block-buttons is-layout-flex wp-block-buttons-is-layout-flex\">\n<div class=\"wp-block-button is-style-button-with-arrow\"><a class=\"wp-block-button__link wp-element-button\" href=\"#contact\">Kostnadsfri f\u00f6rfr\u00e5gan<\/a><\/div>\n<\/div>\n<\/div>\n<\/div><\/section>\n<\/div>\n\n\n\n<div class=\"qt-container\">\n<section class=\"qt-section container-default is-style-section-image-right\"><div class=\"qt-section__inner grid grid-col-2\">\n<div class=\"qt-container is-vertically-aligned-center is-style-text\">\n<p class=\"is-style-eyebrow\">En aktivitet f\u00f6r alla<\/p>\n\n\n\n<h2 class=\"wp-block-heading\">D\u00e5ligt v\u00e4der \u00e4r ingen urs\u00e4kt, inte bollsinnet heller<\/h2>\n\n\n\n<p>Inomhusgolf p\u00e5 RUFF \u00e4r mer \u00e4n bara golf &#8211; det \u00e4r en social upplevelse d\u00e4r alla kan vara med, oavsett niv\u00e5. H\u00e4r spelar ni \u00e5ret runt i en v\u00e4ders\u00e4ker milj\u00f6, d\u00e4r b\u00e5de nyb\u00f6rjare och erfarna enkelt m\u00f6ts p\u00e5 samma villkor. Simulatorerna anpassar spelet efter varje spelare, s\u00e5 rundan blir rolig f\u00f6r hela s\u00e4llskapet direkt.<\/p>\n\n\n\n<p>Samtidigt handlar det inte bara om spelet. Ta n\u00e5got gott i baren, best\u00e4ll mat fr\u00e5n menyn och g\u00f6r det till en kv\u00e4ll att h\u00e4nga kvar p\u00e5 \u2013 inte bara en aktivitet ni checkar av.<\/p>\n\n\n\n<p>Ni har tillg\u00e5ng till \u00f6ver 300 banor fr\u00e5n hela v\u00e4rlden via TrackMan. Spela klassiska Pebble Beach, testa PGA National eller uppt\u00e4ck nya favoriter. Saknar du egna klubbor? Inga problem \u2013 vi erbjuder uthyrning av kvalitetsklubbor fr\u00e5n Takomo.<a href=\"https:\/\/ruffgolf.se\/foretagsevent\/#elementor-action%3Aaction%3Dpopup%3Aopen%26settings%3DeyJpZCI6IjM0NzMiLCJ0b2dnbGUiOmZhbHNlfQ%3D%3D\" target=\"_blank\" rel=\"noopener\"><\/a><\/p>\n\n\n\n<div class=\"wp-block-buttons is-layout-flex wp-block-buttons-is-layout-flex\">\n<div class=\"wp-block-button is-style-button-with-arrow\"><a class=\"wp-block-button__link wp-element-button\" href=\"#contact\">Kostnadsfri f\u00f6rfr\u00e5gan<\/a><\/div>\n<\/div>\n<\/div>\n\n\n\n<div class=\"qt-container is-vertically-aligned-center is-style-image\">\n<figure class=\"wp-block-image size-full\"><img loading=\"lazy\" decoding=\"async\" width=\"933\" height=\"700\" src=\"https:\/\/ruffgolf.eu\/wp-content\/uploads\/2024\/09\/simluator-golf-for-everyone.jpg\" alt=\"\" class=\"wp-image-1529\" srcset=\"https:\/\/ruffgolf.eu\/wp-content\/uploads\/2024\/09\/simluator-golf-for-everyone.jpg 933w, https:\/\/ruffgolf.eu\/wp-content\/uploads\/2024\/09\/simluator-golf-for-everyone-300x225.jpg 300w, https:\/\/ruffgolf.eu\/wp-content\/uploads\/2024\/09\/simluator-golf-for-everyone-768x576.jpg 768w, https:\/\/ruffgolf.eu\/wp-content\/uploads\/2024\/09\/simluator-golf-for-everyone-462x347.jpg 462w, https:\/\/ruffgolf.eu\/wp-content\/uploads\/2024\/09\/simluator-golf-for-everyone-592x444.jpg 592w, https:\/\/ruffgolf.eu\/wp-content\/uploads\/2024\/09\/simluator-golf-for-everyone-622x467.jpg 622w, https:\/\/ruffgolf.eu\/wp-content\/uploads\/2024\/09\/simluator-golf-for-everyone-721x541.jpg 721w, https:\/\/ruffgolf.eu\/wp-content\/uploads\/2024\/09\/simluator-golf-for-everyone-608x456.jpg 608w\" sizes=\"auto, (max-width: 933px) 100vw, 933px\" \/><\/figure>\n<\/div>\n<\/div><\/section>\n<\/div>\n<\/div><\/section>\n\n\n\n<section class=\"qt-section container-m\" id=\"contact\"><div class=\"qt-section__inner grid grid-col-1 has-background has-base-2-background-color\" style=\"background-color:#1B2B27\">\n<div class=\"qt-container\">\n<h2 class=\"wp-block-heading has-text-align-center\">&nbsp;Vi skr\u00e4ddarsyr en l\u00f6sning som passar just er<\/h2>\n<\/div>\n\n\n\n<div class=\"qt-container\">\n\n<div class=\"wpcf7 no-js\" id=\"wpcf7-f1766-o1\" lang=\"sv-SE\" dir=\"ltr\" data-wpcf7-id=\"1766\">\n<div class=\"screen-reader-response\"><p role=\"status\" aria-live=\"polite\" aria-atomic=\"true\"><\/p> <ul><\/ul><\/div>\n<form action=\"\/sv\/wp-json\/wp\/v2\/pages\/1069#wpcf7-f1766-o1\" method=\"post\" class=\"wpcf7-form init form-company-event\" aria-label=\"Kontaktformul\u00e4r\" novalidate=\"novalidate\" data-status=\"init\">\n<fieldset class=\"hidden-fields-container\"><input type=\"hidden\" name=\"_wpcf7\" value=\"1766\" \/><input type=\"hidden\" name=\"_wpcf7_version\" value=\"6.1.5\" \/><input type=\"hidden\" name=\"_wpcf7_locale\" value=\"sv_SE\" \/><input type=\"hidden\" name=\"_wpcf7_unit_tag\" value=\"wpcf7-f1766-o1\" \/><input type=\"hidden\" name=\"_wpcf7_container_post\" value=\"0\" \/><input type=\"hidden\" name=\"_wpcf7_posted_data_hash\" value=\"\" \/><input type=\"hidden\" name=\"_wpcf7_recaptcha_response\" value=\"\" \/>\n<\/fieldset>\n<p><label>Fullst\u00e4ndigt namn<\/label><span class=\"wpcf7-form-control-wrap\" data-name=\"input-fullname\"><input size=\"40\" maxlength=\"400\" class=\"wpcf7-form-control wpcf7-text wpcf7-validates-as-required\" aria-required=\"true\" aria-invalid=\"false\" value=\"\" type=\"text\" name=\"input-fullname\" \/><\/span>\n<\/p>\n<p><label>E-post<\/label><span class=\"wpcf7-form-control-wrap\" data-name=\"input-email\"><input size=\"40\" maxlength=\"400\" class=\"wpcf7-form-control wpcf7-email wpcf7-validates-as-required wpcf7-text wpcf7-validates-as-email\" aria-required=\"true\" aria-invalid=\"false\" value=\"\" type=\"email\" name=\"input-email\" \/><\/span>\n<\/p>\n<p><label>Telefonnummer<\/label><span class=\"wpcf7-form-control-wrap\" data-name=\"input-phone\"><input size=\"40\" maxlength=\"400\" class=\"wpcf7-form-control wpcf7-text\" aria-invalid=\"false\" value=\"\" type=\"text\" name=\"input-phone\" \/><\/span>\n<\/p>\n<p><label>Antal deltagare (min. 4 pers)<\/label><span class=\"wpcf7-form-control-wrap\" data-name=\"input-participants\"><input class=\"wpcf7-form-control wpcf7-number wpcf7-validates-as-required wpcf7-validates-as-number\" min=\"4\" aria-required=\"true\" aria-invalid=\"false\" value=\"\" type=\"number\" name=\"input-participants\" \/><\/span>\n<\/p>\n<p><label>\u00d6nskat datum<\/label><span class=\"wpcf7-form-control-wrap\" data-name=\"input-date\"><input class=\"wpcf7-form-control wpcf7-date wpcf7-validates-as-required wpcf7-validates-as-date\" aria-required=\"true\" aria-invalid=\"false\" value=\"\" type=\"date\" name=\"input-date\" \/><\/span>\n<\/p>\n<p><label>V\u00e4lj anl\u00e4ggning<\/label><span class=\"wpcf7-form-control-wrap\" data-name=\"select-location\"><select class=\"wpcf7-form-control wpcf7-select wpcf7-validates-as-required\" aria-required=\"true\" aria-invalid=\"false\" name=\"select-location\"><option value=\"\">\u2013 V\u00e4lj ett alternativ \u2013<\/option><option value=\"854\">Barseb\u00e4ck<\/option><option value=\"6360\">Drottninggatan<\/option><option value=\"850\">Frihamnen<\/option><option value=\"1231\">G\u00e4vle<\/option><option value=\"851\">Helsingborg<\/option><option value=\"1439\">Karlstad<\/option><option value=\"8053\">Lilla Bommen<\/option><option value=\"855\">Lund<\/option><option value=\"852\">Norrk\u00f6ping<\/option><option value=\"857\">Skellefte\u00e5<\/option><option value=\"858\">Stenungsund<\/option><option value=\"7027\">V\u00e4stervik<\/option><option value=\"856\">Visby<\/option><\/select><\/span>\n<\/p>\n<p><label>Meddelande<\/label><span class=\"wpcf7-form-control-wrap\" data-name=\"input-message\"><textarea cols=\"40\" rows=\"6\" maxlength=\"2000\" class=\"wpcf7-form-control wpcf7-textarea wpcf7-validates-as-required\" aria-required=\"true\" aria-invalid=\"false\" name=\"input-message\"><\/textarea><\/span>\n<\/p>\n<p class=\"acceptance\">Genom att fylla i och skicka in detta formul\u00e4r samtycker du till att RUFF Invest AB lagrar dina personuppgifter i enlighet med v\u00e5r <a href=\"\/sv\/integritetspolicy\/\" rel=\"nofollow noopener\" target=\"_blank\">integritetspolicy<\/a>. Denna webbplats skyddas av reCAPTCHA, och <a href=\"https:\/\/policies.google.com\/privacy?hl=sv\" rel=\"nofollow noopener\" target=\"_blank\">Googles integritetspolicy<\/a> och <a href=\"https:\/\/policies.google.com\/terms?hl=sv\" rel=\"nofollow noopener\" target=\"_blank\">villkor<\/a> g\u00e4ller.\n<\/p>\n<div class=\"submit\">\n\t<p><input class=\"wpcf7-form-control wpcf7-submit has-spinner\" type=\"submit\" value=\"Skicka in\" \/>\n\t<\/p>\n<\/div><div class=\"wpcf7-response-output\" aria-hidden=\"true\"><\/div>\n<\/form>\n<\/div>\n\n<\/div>\n<\/div><\/section>\n\n\n\n<section class=\"qt-section linked-boxes\">\n\t<div class=\"qt-section__inner grid grid-col-4\">\n\t\n\t\t\t<div class=\"qt-container card-linked-box has-background\">\n\t\t\t\t<a href=\"https:\/\/ruffgolf.eu\/sv\/indoor-golf\/\" title=\"Anl\u00e4ggningar\" target=\"\">\n\t\t\t\t\t<h2>V\u00e5ra anl\u00e4ggningar<\/h2>\n\t\t\t\t\t<p>Hitta ditt n\u00e4rmsta RUFF f\u00f6r att se \u00f6ppettider och evenemang.<\/p>\n\t\t\t\t<\/a>\n\t\t\t<\/div>\n\t\t\t\n\t\t\t\n\t\t\t<div class=\"qt-container card-linked-box has-background\">\n\t\t\t\t<a href=\"https:\/\/ruffgolf.eu\/sv\/franchise\/\" title=\"Franchise\" target=\"\">\n\t\t\t\t\t<h2>Franchisetagare<\/h2>\n\t\t\t\t\t<p>Bli franchisetagare och starta din egen RUFF-anl\u00e4ggning.<\/p>\n\t\t\t\t<\/a>\n\t\t\t<\/div>\n\t\t\t\n\t\t\t\n\t\t\t<div class=\"qt-container card-linked-box has-background\">\n\t\t\t\t<a href=\"https:\/\/apps.apple.com\/se\/app\/ruff-golf\/id6449463765\" title=\"Ladda ner appen\" target=\"_blank\" rel=\"noopener\">\n\t\t\t\t\t<h2>Ladda ner appen<\/h2>\n\t\t\t\t\t<p>Ta del av f\u00f6rm\u00e5nliga erbjudanden och bonussystem.<\/p>\n\t\t\t\t<\/a>\n\t\t\t<\/div>\n\t\t\t\n\t\t\t\n\t\t\t<div class=\"qt-container card-linked-box has-background\">\n\t\t\t\t<a href=\"https:\/\/ruffgolf.eu\/sv\/fragor-och-svar\/\" title=\"Fr\u00e5gor och svar\" target=\"\">\n\t\t\t\t\t<h2>Fr\u00e5gor och svar<\/h2>\n\t\t\t\t\t<p>Vi finns h\u00e4r f\u00f6r dig! H\u00e4r finner du svaren p\u00e5 v\u00e5ra vanligaste fr\u00e5gor.<\/p>\n\t\t\t\t<\/a>\n\t\t\t<\/div>\n\t\t\t\n\t\t\t\t<\/div>\n<\/section>\n","protected":false},"excerpt":{"rendered":"","protected":false},"author":1,"featured_media":0,"parent":0,"menu_order":0,"comment_status":"closed","ping_status":"closed","template":"","meta":{"_acf_changed":false,"footnotes":""},"class_list":["post-1069","page","type-page","status-publish","hentry"],"acf":[],"_links":{"self":[{"href":"https:\/\/ruffgolf.eu\/sv\/wp-json\/wp\/v2\/pages\/1069","targetHints":{"allow":["GET"]}}],"collection":[{"href":"https:\/\/ruffgolf.eu\/sv\/wp-json\/wp\/v2\/pages"}],"about":[{"href":"https:\/\/ruffgolf.eu\/sv\/wp-json\/wp\/v2\/types\/page"}],"author":[{"embeddable":true,"href":"https:\/\/ruffgolf.eu\/sv\/wp-json\/wp\/v2\/users\/1"}],"replies":[{"embeddable":true,"href":"https:\/\/ruffgolf.eu\/sv\/wp-json\/wp\/v2\/comments?post=1069"}],"version-history":[{"count":13,"href":"https:\/\/ruffgolf.eu\/sv\/wp-json\/wp\/v2\/pages\/1069\/revisions"}],"predecessor-version":[{"id":8508,"href":"https:\/\/ruffgolf.eu\/sv\/wp-json\/wp\/v2\/pages\/1069\/revisions\/8508"}],"wp:attachment":[{"href":"https:\/\/ruffgolf.eu\/sv\/wp-json\/wp\/v2\/media?parent=1069"}],"curies":[{"name":"wp","href":"https:\/\/api.w.org\/{rel}","templated":true}]}}