{"id":1192,"date":"2024-09-12T10:46:57","date_gmt":"2024-09-12T08:46:57","guid":{"rendered":"https:\/\/ruffgolf.eu\/?page_id=1192"},"modified":"2026-01-23T12:30:26","modified_gmt":"2026-01-23T11:30:26","slug":"integritetspolicy","status":"publish","type":"page","link":"https:\/\/ruffgolf.eu\/sv\/integritetspolicy\/","title":{"rendered":"Integritetspolicy"},"content":{"rendered":"\n<section class=\"qt-section container-m wp-embed-aspect-16-9 wp-has-aspect-ratio\"><div class=\"qt-section__inner grid grid-col-1\">\n<div class=\"qt-container\">\n<p class=\"has-text-align-center is-style-eyebrow\">GDPR<\/p>\n\n\n\n<h1 class=\"wp-block-heading has-text-align-center\">Integritetspolicy<\/h1>\n<\/div>\n\n\n\n<div class=\"qt-container\">\n<p>Vi behandlar alltid den information som v\u00e5ra kunder anf\u00f6rtror oss p\u00e5 ett varsamt och ansvarsfullt s\u00e4tt. F\u00f6r att du ska kunna genomf\u00f6ra bokningar hos oss beh\u00f6ver vi f\u00e5 in, anv\u00e4nda och spara vissa uppgifter om dig. V\u00e5r integritetspolicy f\u00f6rklarar bland annat vilka av dina personuppgifter vi behandlar, varf\u00f6r vi behandlar dem, hur vi samlar in dem, p\u00e5 vilken laglig grund vi st\u00f6djer behandlingen och hur l\u00e4nge vi sparar uppgifterna. Du kan l\u00e4sa mer om detta nedan under Information om behandling av personuppgifter. Informationen beskriver ocks\u00e5 vilka r\u00e4ttigheter du har n\u00e4r det g\u00e4ller dina personuppgifter och vart du v\u00e4nder dig om du har fr\u00e5gor om hur vi behandlar dina personuppgifter.<\/p>\n\n\n\n<p>Dataskyddsf\u00f6rordningen, GDPR, ers\u00e4tter den svenska personuppgiftslagen och g\u00e4ller som lag i alla EU-l\u00e4nder. Alla f\u00f6retag, organisationer och myndigheter m\u00e5ste f\u00f6lja de nya reglerna. Det fr\u00e4msta syftet med dataskyddsf\u00f6rordningen \u00e4r att f\u00f6rb\u00e4ttra skyddet f\u00f6r dig n\u00e4r dina personuppgifter behandlas.<\/p>\n\n\n\n<h2 class=\"wp-block-heading\">Information om behandling av personuppgifter<\/h2>\n\n\n\n<p>EU:s nya dataskyddsf\u00f6rordning, GDPR, b\u00f6rjade g\u00e4lla den 25 maj 2018. Denna f\u00f6rordning st\u00e4ller krav p\u00e5 s\u00e4ttet att hantera personuppgifter med syfte att st\u00e4rka individens integritet samt att st\u00e4rka individers r\u00e4tt till sin persondata. Som personuppgifter r\u00e4knas allt som kan anv\u00e4ndas till att identifiera en person s\u00e5 som foto, adress, IP-nummer och e-postadress. Lagen g\u00e4ller bland annat vilka uppgifter som f\u00e5r registreras, vem som har tillg\u00e5ng till dem och hur l\u00e4nge de f\u00e5r sparas.<\/p>\n\n\n\n<p>Vid RUFF Invest hanteras personuppgifter bl.a. i samband med:<\/p>\n\n\n\n<ul class=\"wp-block-list\">\n<li>Samtycken<\/li>\n\n\n\n<li>Avtal med kunder<\/li>\n\n\n\n<li>Fakturahantering<\/li>\n\n\n\n<li>Kundregister<\/li>\n\n\n\n<li>Medlemsregister<\/li>\n<\/ul>\n\n\n\n<h2 class=\"wp-block-heading\">Samtycke &amp; \u00e5terkallande av samtycke<\/h2>\n\n\n\n<p>I samband med att personuppgifter beh\u00f6ver behandlas vid RUFF Invest skall den person eller de personer det g\u00e4ller l\u00e4mna sitt samtycke till att detta f\u00e5r ske.<\/p>\n\n\n\n<p>Den enskilde har r\u00e4tt till tillg\u00e5ng, r\u00e4ttelse, radering och begr\u00e4nsning av sina personuppgifter. De individer vars personuppgifter vi hanterar ska veta hur och till vad deras uppgifter anv\u00e4nds. Informationen ska finnas l\u00e4ttillg\u00e4nglig och vara l\u00e4tt att f\u00f6rst\u00e5. N\u00e4r som helst ska n\u00e5gon kunna \u00e5terkalla sitt medgivande. Alla har r\u00e4tten att bli gl\u00f6md.<\/p>\n\n\n\n<p>\u00c5terkallande av samtycke sker enklast genom direktkontakt med RUFF Invest AB.<\/p>\n\n\n\n<h2 class=\"wp-block-heading\">Vilka har tillg\u00e5ng till personuppgifterna?<\/h2>\n\n\n\n<p>Endast de medarbetare som beh\u00f6ver personuppgifterna f\u00f6r att kunna utf\u00f6ra sitt arbete ska ha tillg\u00e5ng till personuppgifterna. Personuppgifterna ska inte g\u00e5 att stj\u00e4la eller riskera att komma ut till obeh\u00f6riga. Gallring av personuppgifter sker minst en g\u00e5ng per \u00e5r.<\/p>\n\n\n\n<h2 class=\"wp-block-heading\">Insamling av personuppgifter<\/h2>\n\n\n\n<p>RUFF Invest samlar in uppgifter om namn, telefonnummer, e-postadress, adress och i f\u00f6rkommande fall CV. Detta g\u00f6r vi f\u00f6r att kunna anv\u00e4nda uppgifterna i samband med t.ex. rekrytering och anst\u00e4llning, svar p\u00e5 uppdragsf\u00f6rfr\u00e5gningar, s\u00e4ljinsatser och anbudssvar. Insamling sker genom att enskild \u00f6verl\u00e4mnar sina egna personuppgifter via e-post eller telefon, kontaktformul\u00e4r p\u00e5 hemsida eller annan digital kanal. Kontaktformul\u00e4r skickade av bes\u00f6kare kontrolleras via en automatiserad tj\u00e4nst f\u00f6r detektering av skr\u00e4ppost.<\/p>\n\n\n\n<h2 class=\"wp-block-heading\">Information om inb\u00e4ddat inneh\u00e5ll, analysverktyg , cookies och anv\u00e4ndningsstatistik<\/h2>\n\n\n\n<p>Artiklar p\u00e5 denna webbplats kan inneh\u00e5lla inb\u00e4ddat inneh\u00e5ll (exempelvis videoklipp, bilder, artiklar o.s.v.). Inb\u00e4ddat inneh\u00e5ll fr\u00e5n andra webbplatser beter sig precis p\u00e5 samma s\u00e4tt som om bes\u00f6karen har bes\u00f6kt den andra webbplatsen. Dessa webbplatser kan samla in uppgifter om dig, anv\u00e4nda cookie-filer, b\u00e4dda in ytterligare sp\u00e5rning fr\u00e5n tredje part och \u00f6vervaka din interaktion med sagda inb\u00e4ddade inneh\u00e5ll, inklusive sp\u00e5rning av din interaktion med detta inb\u00e4ddade inneh\u00e5ll om du har ett konto och \u00e4r inloggad p\u00e5 webbplatsen i fr\u00e5ga.<\/p>\n\n\n\n<p>Google Analytics \u00e4r Googles analysverktyg som hj\u00e4lper webbplats\u00e4gare och app\u00e4gare att f\u00f6rst\u00e5 hur deras bes\u00f6kare anv\u00e4nder deras egendom. Programmet kan anv\u00e4nda en upps\u00e4ttning cookies f\u00f6r att samla in information och rapportera anv\u00e4ndningsstatistik f\u00f6r webbsidor utan att personligen identifiera enskilda bes\u00f6kare p\u00e5 Google. Den cookie som anv\u00e4nds huvudsakligen av Google Analytics \u00e4r cookien _ga.<\/p>\n\n\n\n<p><br>F\u00f6rutom att rapportera anv\u00e4ndningsstatistik f\u00f6r webbplatser kan Google Analytics, tillsammans med n\u00e5gra av de annonseringscookies som beskrivs ovan, ocks\u00e5 anv\u00e4ndas f\u00f6r att visa mer relevanta annonser i Googles produkter och tj\u00e4nster (till exempel Google S\u00f6k) och p\u00e5 webben samt f\u00f6r att m\u00e4ta interaktionen med annonserna vi visar.<\/p>\n\n\n\n<div class=\"wp-block-buttons is-layout-flex wp-block-buttons-is-layout-flex\">\n<div class=\"wp-block-button is-style-fill\"><a class=\"wp-block-button__link wp-element-button\" href=\"https:\/\/ruffgolf.eu\/sv\/cookie-policy-eu\/\" target=\"_blank\" rel=\"noreferrer noopener nofollow\">L\u00e4s mer om Analytics cookies och sekretess<\/a><\/div>\n<\/div>\n<\/div>\n<\/div><\/section>\n","protected":false},"excerpt":{"rendered":"","protected":false},"author":1,"featured_media":0,"parent":0,"menu_order":0,"comment_status":"closed","ping_status":"closed","template":"","meta":{"_acf_changed":false,"footnotes":""},"class_list":["post-1192","page","type-page","status-publish","hentry"],"acf":[],"_links":{"self":[{"href":"https:\/\/ruffgolf.eu\/sv\/wp-json\/wp\/v2\/pages\/1192","targetHints":{"allow":["GET"]}}],"collection":[{"href":"https:\/\/ruffgolf.eu\/sv\/wp-json\/wp\/v2\/pages"}],"about":[{"href":"https:\/\/ruffgolf.eu\/sv\/wp-json\/wp\/v2\/types\/page"}],"author":[{"embeddable":true,"href":"https:\/\/ruffgolf.eu\/sv\/wp-json\/wp\/v2\/users\/1"}],"replies":[{"embeddable":true,"href":"https:\/\/ruffgolf.eu\/sv\/wp-json\/wp\/v2\/comments?post=1192"}],"version-history":[{"count":1,"href":"https:\/\/ruffgolf.eu\/sv\/wp-json\/wp\/v2\/pages\/1192\/revisions"}],"predecessor-version":[{"id":7950,"href":"https:\/\/ruffgolf.eu\/sv\/wp-json\/wp\/v2\/pages\/1192\/revisions\/7950"}],"wp:attachment":[{"href":"https:\/\/ruffgolf.eu\/sv\/wp-json\/wp\/v2\/media?parent=1192"}],"curies":[{"name":"wp","href":"https:\/\/api.w.org\/{rel}","templated":true}]}}