{"id":5061,"date":"2025-02-17T15:08:52","date_gmt":"2025-02-17T14:08:52","guid":{"rendered":"https:\/\/ruffgolf.eu\/?page_id=5061"},"modified":"2026-01-16T16:35:33","modified_gmt":"2026-01-16T15:35:33","slug":"minigolf","status":"publish","type":"page","link":"https:\/\/ruffgolf.eu\/sv\/minigolf\/","title":{"rendered":"Minigolf"},"content":{"rendered":"\n<div class=\"wp-block-cover\" style=\"margin-bottom:var(--wp--preset--spacing--40);min-height:734px;aspect-ratio:unset;\"><img loading=\"lazy\" decoding=\"async\" width=\"1920\" height=\"1080\" class=\"wp-block-cover__image-background wp-image-7586 size-full\" alt=\"\" src=\"https:\/\/ruffgolf.eu\/wp-content\/uploads\/2025\/09\/Hero-drottninggatan-2-min.jpg\" data-object-fit=\"cover\" srcset=\"https:\/\/ruffgolf.eu\/wp-content\/uploads\/2025\/09\/Hero-drottninggatan-2-min.jpg 1920w, https:\/\/ruffgolf.eu\/wp-content\/uploads\/2025\/09\/Hero-drottninggatan-2-min-300x169.jpg 300w, https:\/\/ruffgolf.eu\/wp-content\/uploads\/2025\/09\/Hero-drottninggatan-2-min-1024x576.jpg 1024w, https:\/\/ruffgolf.eu\/wp-content\/uploads\/2025\/09\/Hero-drottninggatan-2-min-768x432.jpg 768w, https:\/\/ruffgolf.eu\/wp-content\/uploads\/2025\/09\/Hero-drottninggatan-2-min-1536x864.jpg 1536w, https:\/\/ruffgolf.eu\/wp-content\/uploads\/2025\/09\/Hero-drottninggatan-2-min-462x260.jpg 462w, https:\/\/ruffgolf.eu\/wp-content\/uploads\/2025\/09\/Hero-drottninggatan-2-min-592x333.jpg 592w, https:\/\/ruffgolf.eu\/wp-content\/uploads\/2025\/09\/Hero-drottninggatan-2-min-622x350.jpg 622w, https:\/\/ruffgolf.eu\/wp-content\/uploads\/2025\/09\/Hero-drottninggatan-2-min-811x456.jpg 811w\" sizes=\"auto, (max-width: 1920px) 100vw, 1920px\" \/><span aria-hidden=\"true\" class=\"wp-block-cover__background has-mini-golf-black-background-color has-background-dim\"><\/span><div class=\"wp-block-cover__inner-container is-layout-constrained wp-block-cover-is-layout-constrained\">\n<section class=\"qt-section container-m\"><div class=\"qt-section__inner grid grid-col-1\">\n<div class=\"qt-container\">\n<figure class=\"wp-block-image aligncenter size-full is-style-default\"><img loading=\"lazy\" decoding=\"async\" width=\"169\" height=\"63\" src=\"https:\/\/ruffgolf.eu\/wp-content\/uploads\/2025\/02\/ruff-minigolf-standalone.png\" alt=\"\" class=\"wp-image-5079\" style=\"object-fit:cover\"\/><\/figure>\n<\/div>\n\n\n\n<div class=\"qt-container\">\n<h1 class=\"wp-block-heading has-text-align-center has-xxl-font-size\">Minigolf p\u00e5 ruff<\/h1>\n<\/div>\n<\/div><\/section>\n<\/div><\/div>\n\n\n\n<section class=\"qt-section container-default\"><div class=\"qt-section__inner grid grid-col-1\">\n<div class=\"qt-container\">\n<h2 class=\"wp-block-heading has-text-align-center\">H\u00e4r finns RUFF minigolf<\/h2>\n\n\n\n\n\t<section class=\"qt-section container-default locations\">\n\t\t<div class=\"qt-section__inner grid grid-col-4\">\n\t\t\t\n<div class=\"qt-container card-location has-background\">\n\t\t\t<a href=\"https:\/\/ruffgolf.eu\/sv\/locations\/drottninggatan\/\" title=\"RUFFDrottninggatan\" target=\"_self\">\n\t\t\t<h2 class=\"location__name\">Drottninggatan<\/h2>\n\t\t\t<p class=\"location__address\">\n\t\t\t\t<img loading=\"lazy\" decoding=\"async\" src=\"https:\/\/ruffgolf.eu\/wp-content\/themes\/q-theme\/assets\/images\/location-pin.svg\" alt=\"Location pin\" width=\"13\" height=\"17\">\n\t\t\t\tDrottninggatan 89\t\t\t<\/p>\n\t\t<\/a>\n\t<\/div>\n\n<div class=\"qt-container card-location has-background\">\n\t\t\t<h2 class=\"location__name\">Lilla Bommen<\/h2>\n\t\t<div class=\"badge coming-soon\">\n\t\t\t<p>\u00d6ppnar snart<\/p>\n\t\t<\/div>\n\t<\/div>\n\t\t<\/div>\n\t<\/section>\n\n\t\n<\/div>\n<\/div><\/section>\n\n\n\n<section class=\"qt-section container-m\"><div class=\"qt-section__inner grid grid-col-1\">\n<div class=\"qt-container\">\n<h2 class=\"wp-block-heading has-text-align-center\"><strong>N\u00e4r minigolf f\u00e5r golf-DNA<\/strong><\/h2>\n\n\n\n<p>Letar du efter&nbsp;<strong>minigolf i Stockholm<\/strong>&nbsp;(eller Sveriges roligaste minigolfupplevelse)? D\u00e5 \u00e4r du p\u00e5 r\u00e4tt plats.&nbsp;<strong>RUFF Minigolf<\/strong>&nbsp;\u00e4r inte traditionell minigolf med filt och platta banor \u2013 det h\u00e4r \u00e4r en ny typ av bana byggd med&nbsp;<strong>\u00e4kta golf-DNA<\/strong>.<\/p>\n\n\n\n<p>V\u00e5ra banor \u00e4r gr\u00f6na, b\u00f6ljande och levande \u2013 med&nbsp;<strong>ruff, bunkrar och linjer<\/strong>&nbsp;som g\u00f6r varje slag mer sp\u00e4nnande och varje varv mer beroendeframkallande. Samtidigt leker vi med elementen i sann RUFF-anda:&nbsp;<strong>loopar, broar, hopp och hinder i rostig pl\u00e5t<\/strong>&nbsp;som g\u00f6r spelet lika socialt som det \u00e4r utmanande.<\/p>\n\n\n\n<p>Perfekt f\u00f6r kompisg\u00e4nget, dejten, familjen \u2013 eller f\u00f6r dig som vill hitta en aktivitet som faktiskt k\u00e4nns premium.<\/p>\n<\/div>\n<\/div><\/section>\n\n\n\n<section class=\"qt-section container-default\"><div class=\"qt-section__inner grid grid-col-1\">\n<div class=\"qt-container\">\n<section class=\"qt-section container-default is-style-section-image-right\"><div class=\"qt-section__inner grid grid-col-2\">\n<div class=\"qt-container is-vertically-aligned-center is-style-text\">\n<p class=\"is-style-eyebrow\"><strong><strong><strong>En minigolfbana du vill spela om \u2013 igen och igen<\/strong><\/strong><\/strong><\/p>\n\n\n\n<h2 class=\"wp-block-heading\"><strong>VAD SOM G\u00d6R V\u00c5R MINIGOLF UNIK<\/strong><\/h2>\n\n\n\n<p>Det som g\u00f6r RUFFs minigolf s\u00e5 popul\u00e4r \u00e4r att den \u00e4r byggd f\u00f6r&nbsp;<strong>revanchen<\/strong>. Vi har gjort banor d\u00e4r skicklighet, k\u00e4nsla och kreativitet l\u00f6nar sig \u2013 men d\u00e4r allt fortfarande \u00e4r kul, oavsett niv\u00e5.<\/p>\n\n\n\n<p>Hos oss f\u00e5r du:<\/p>\n\n\n\n<ul class=\"wp-block-list\">\n<li><strong>Golf-inspirerade banor<\/strong>&nbsp;med ruff, bunkrar och b\u00f6ljande greener<\/li>\n\n\n\n<li><strong>Snygga hinder &amp; konstinslag<\/strong>: loopar, broar, hopp och st\u00e5l\/rostiga detaljer<\/li>\n\n\n\n<li>Banor som \u00e4r&nbsp;<strong>roliga f\u00f6rsta varvet \u2013 men \u00e4nnu b\u00e4ttre andra varvet<\/strong><\/li>\n\n\n\n<li>En upplevelse som funkar lika bra f\u00f6r&nbsp;<strong>AW, kompis-tr\u00e4ffar och f\u00f6retagsevent<\/strong><\/li>\n<\/ul>\n\n\n\n<p>Och det b\u00e4sta? Du betalar alltid f\u00f6r ett&nbsp;<strong>dagspass<\/strong>, vilket betyder att du kan spela mer efter ditt f\u00f6rsta varv. F\u00f6r vissa r\u00e4cker det med 18 h\u00e5l. F\u00f6r andra\u2026 kr\u00e4vs det en revansch (eller tre).<\/p>\n\n\n\n<div class=\"wp-block-buttons is-layout-flex wp-block-buttons-is-layout-flex\">\n<div class=\"wp-block-button is-style-button-with-arrow\"><a class=\"wp-block-button__link wp-element-button\" href=\"https:\/\/ruffgolf.eu\/sv\/boka-drottninggatan\/\">Boka Minigolf<\/a><\/div>\n<\/div>\n<\/div>\n\n\n\n<div class=\"qt-container is-vertically-aligned-center is-style-image\">\n<figure class=\"wp-block-image size-4-3-medium\"><img loading=\"lazy\" decoding=\"async\" width=\"622\" height=\"467\" src=\"https:\/\/ruffgolf.eu\/wp-content\/uploads\/2026\/01\/Untitled-1280-x-960-px-622x467.jpg\" alt=\"\" class=\"wp-image-7803\" srcset=\"https:\/\/ruffgolf.eu\/wp-content\/uploads\/2026\/01\/Untitled-1280-x-960-px-622x467.jpg 622w, https:\/\/ruffgolf.eu\/wp-content\/uploads\/2026\/01\/Untitled-1280-x-960-px-300x225.jpg 300w, https:\/\/ruffgolf.eu\/wp-content\/uploads\/2026\/01\/Untitled-1280-x-960-px-1024x768.jpg 1024w, https:\/\/ruffgolf.eu\/wp-content\/uploads\/2026\/01\/Untitled-1280-x-960-px-768x576.jpg 768w, https:\/\/ruffgolf.eu\/wp-content\/uploads\/2026\/01\/Untitled-1280-x-960-px-462x347.jpg 462w, https:\/\/ruffgolf.eu\/wp-content\/uploads\/2026\/01\/Untitled-1280-x-960-px-592x444.jpg 592w, https:\/\/ruffgolf.eu\/wp-content\/uploads\/2026\/01\/Untitled-1280-x-960-px-721x541.jpg 721w, https:\/\/ruffgolf.eu\/wp-content\/uploads\/2026\/01\/Untitled-1280-x-960-px-608x456.jpg 608w, https:\/\/ruffgolf.eu\/wp-content\/uploads\/2026\/01\/Untitled-1280-x-960-px.jpg 1280w\" sizes=\"auto, (max-width: 622px) 100vw, 622px\" \/><\/figure>\n<\/div>\n<\/div><\/section>\n<\/div>\n\n\n\n<div class=\"qt-container\">\n<section class=\"qt-section container-default is-style-section-image-left\"><div class=\"qt-section__inner grid grid-col-2\">\n<div class=\"qt-container is-vertically-aligned-center is-style-image\">\n<figure class=\"wp-block-image size-full is-style-default\"><img loading=\"lazy\" decoding=\"async\" width=\"1280\" height=\"960\" src=\"https:\/\/ruffgolf.eu\/wp-content\/uploads\/2026\/01\/Untitled-1280-x-960-px-1.jpg\" alt=\"\" class=\"wp-image-7812\" srcset=\"https:\/\/ruffgolf.eu\/wp-content\/uploads\/2026\/01\/Untitled-1280-x-960-px-1.jpg 1280w, https:\/\/ruffgolf.eu\/wp-content\/uploads\/2026\/01\/Untitled-1280-x-960-px-1-300x225.jpg 300w, https:\/\/ruffgolf.eu\/wp-content\/uploads\/2026\/01\/Untitled-1280-x-960-px-1-1024x768.jpg 1024w, https:\/\/ruffgolf.eu\/wp-content\/uploads\/2026\/01\/Untitled-1280-x-960-px-1-768x576.jpg 768w, https:\/\/ruffgolf.eu\/wp-content\/uploads\/2026\/01\/Untitled-1280-x-960-px-1-462x347.jpg 462w, https:\/\/ruffgolf.eu\/wp-content\/uploads\/2026\/01\/Untitled-1280-x-960-px-1-592x444.jpg 592w, https:\/\/ruffgolf.eu\/wp-content\/uploads\/2026\/01\/Untitled-1280-x-960-px-1-622x467.jpg 622w, https:\/\/ruffgolf.eu\/wp-content\/uploads\/2026\/01\/Untitled-1280-x-960-px-1-721x541.jpg 721w, https:\/\/ruffgolf.eu\/wp-content\/uploads\/2026\/01\/Untitled-1280-x-960-px-1-608x456.jpg 608w\" sizes=\"auto, (max-width: 1280px) 100vw, 1280px\" \/><\/figure>\n<\/div>\n\n\n\n<div class=\"qt-container is-vertically-aligned-center is-style-text\">\n<h2 class=\"wp-block-heading\"><strong><strong>Live leaderboards \u2013 maxa sp\u00e4nningen i varje h\u00e5l<\/strong><\/strong><\/h2>\n\n\n\n<p>Minigolf \u00e4r som b\u00e4st n\u00e4r det blir lite nerv. D\u00e4rf\u00f6r har vi&nbsp;<strong>live leaderboards<\/strong>&nbsp;som g\u00f6r varje putt mer laddad \u2013 b\u00e5de ute p\u00e5 banan och direkt i mobilen. Pl\u00f6tsligt blir sista h\u00e5let inte bara sista h\u00e5let\u2026 det blir en final.<\/p>\n\n\n\n<p>Det g\u00f6r RUFF Minigolf till den perfekta aktiviteten f\u00f6r:<\/p>\n\n\n\n<ul class=\"wp-block-list\">\n<li><strong>Kompisg\u00e4ng<\/strong>&nbsp;som vill t\u00e4vla och skratta<\/li>\n\n\n\n<li><strong>F\u00f6retag<\/strong>&nbsp;som vill ha teambuilding som inte k\u00e4nns stel<\/li>\n\n\n\n<li><strong>AW<\/strong>&nbsp;d\u00e4r man vill g\u00f6ra n\u00e5got mer \u00e4n bara \u201cta en \u00f6l\u201d<\/li>\n<\/ul>\n\n\n\n<p>Sj\u00e4lvklart ing\u00e5r alltid&nbsp;<strong>l\u00e5neputter<\/strong>, s\u00e5 det \u00e4r bara att dyka upp och b\u00f6rja spela.<\/p>\n<\/div>\n<\/div><\/section>\n<\/div>\n<\/div><\/section>\n\n\n\n<section class=\"qt-section container-default cta-large\">\n\t<div class=\"qt-section__inner grid grid-col-1\">\n\t\t<div class=\"qt-container\">\n\t\t\t<h2 class=\"wp-block-heading has-text-align-center has-accent-1-color has-text-color has-xxl-font-size\">Boka Minigolf<\/h2>\n\t\t\t<div class=\"wp-block-buttons is-content-justification-center\">\n\t\t\t\t<div class=\"wp-block-button is-style-button-cta\">\n\t\t\t\t\t<a href=\"https:\/\/ruffgolf.eu\/sv\/locations\/drottninggatan\/\" class=\"wp-block-button__link wp-element-button\" title=\"Boka Minigolf\" target=\"\">Boka Minigolf<\/a>\n\t\t\t\t<\/div>\n\t\t\t<\/div>\n\t\t<\/div>\n\t<\/div>\n<\/section>\n\n\n\n<section class=\"qt-section linked-boxes\">\n\t<div class=\"qt-section__inner grid grid-col-4\">\n\t\n\t\t\t<div class=\"qt-container card-linked-box has-background\">\n\t\t\t\t<a href=\"https:\/\/ruffgolf.eu\/sv\/indoor-golf\/\" title=\"Anl\u00e4ggningar\" target=\"\">\n\t\t\t\t\t<h2>V\u00e5ra anl\u00e4ggningar<\/h2>\n\t\t\t\t\t<p>Hitta ditt n\u00e4rmsta RUFF f\u00f6r att se \u00f6ppettider och evenemang.<\/p>\n\t\t\t\t<\/a>\n\t\t\t<\/div>\n\t\t\t\n\t\t\t\n\t\t\t<div class=\"qt-container card-linked-box has-background\">\n\t\t\t\t<a href=\"https:\/\/ruffgolf.eu\/sv\/franchise\/\" title=\"Franchise\" target=\"\">\n\t\t\t\t\t<h2>Franchisetagare<\/h2>\n\t\t\t\t\t<p>Bli franchisetagare och starta din egen RUFF-anl\u00e4ggning.<\/p>\n\t\t\t\t<\/a>\n\t\t\t<\/div>\n\t\t\t\n\t\t\t\n\t\t\t<div class=\"qt-container card-linked-box has-background\">\n\t\t\t\t<a href=\"https:\/\/apps.apple.com\/se\/app\/ruff-golf\/id6449463765\" title=\"Ladda ner appen\" target=\"_blank\" rel=\"noopener\">\n\t\t\t\t\t<h2>Ladda ner appen<\/h2>\n\t\t\t\t\t<p>Ta del av f\u00f6rm\u00e5nliga erbjudanden och bonussystem.<\/p>\n\t\t\t\t<\/a>\n\t\t\t<\/div>\n\t\t\t\n\t\t\t\n\t\t\t<div class=\"qt-container card-linked-box has-background\">\n\t\t\t\t<a href=\"https:\/\/ruffgolf.eu\/sv\/fragor-och-svar\/\" title=\"Fr\u00e5gor och svar\" target=\"\">\n\t\t\t\t\t<h2>Fr\u00e5gor och svar<\/h2>\n\t\t\t\t\t<p>Vi finns h\u00e4r f\u00f6r dig! H\u00e4r finner du svaren p\u00e5 v\u00e5ra vanligaste fr\u00e5gor.<\/p>\n\t\t\t\t<\/a>\n\t\t\t<\/div>\n\t\t\t\n\t\t\t\t<\/div>\n<\/section>\n\n\n\n<p><\/p>\n","protected":false},"excerpt":{"rendered":"","protected":false},"author":1,"featured_media":0,"parent":0,"menu_order":0,"comment_status":"closed","ping_status":"closed","template":"page-mini-golf","meta":{"_acf_changed":false,"footnotes":""},"class_list":["post-5061","page","type-page","status-publish","hentry"],"acf":[],"_links":{"self":[{"href":"https:\/\/ruffgolf.eu\/sv\/wp-json\/wp\/v2\/pages\/5061","targetHints":{"allow":["GET"]}}],"collection":[{"href":"https:\/\/ruffgolf.eu\/sv\/wp-json\/wp\/v2\/pages"}],"about":[{"href":"https:\/\/ruffgolf.eu\/sv\/wp-json\/wp\/v2\/types\/page"}],"author":[{"embeddable":true,"href":"https:\/\/ruffgolf.eu\/sv\/wp-json\/wp\/v2\/users\/1"}],"replies":[{"embeddable":true,"href":"https:\/\/ruffgolf.eu\/sv\/wp-json\/wp\/v2\/comments?post=5061"}],"version-history":[{"count":35,"href":"https:\/\/ruffgolf.eu\/sv\/wp-json\/wp\/v2\/pages\/5061\/revisions"}],"predecessor-version":[{"id":7854,"href":"https:\/\/ruffgolf.eu\/sv\/wp-json\/wp\/v2\/pages\/5061\/revisions\/7854"}],"wp:attachment":[{"href":"https:\/\/ruffgolf.eu\/sv\/wp-json\/wp\/v2\/media?parent=5061"}],"curies":[{"name":"wp","href":"https:\/\/api.w.org\/{rel}","templated":true}]}}