{"id":6250,"date":"2025-10-20T13:34:59","date_gmt":"2025-10-20T11:34:59","guid":{"rendered":"https:\/\/ruffgolf.eu\/?page_id=6250"},"modified":"2025-12-19T22:24:51","modified_gmt":"2025-12-19T21:24:51","slug":"foretagspaket-drottninggatan","status":"publish","type":"page","link":"https:\/\/ruffgolf.eu\/sv\/foretagspaket-drottninggatan\/","title":{"rendered":"Paket &#8211; RUFF Drottninggatan 89"},"content":{"rendered":"\n<section class=\"qt-section container-m\"><div class=\"qt-section__inner grid grid-col-1\">\n<div class=\"qt-container\">\n<h1 class=\"wp-block-heading has-text-align-center\">V\u00e5ra Medlemskap<\/h1>\n\n\n\n<p class=\"has-text-align-left\">V\u00e4lkommen till Drottninggatan. V\u00e5r flaggskeppsanl\u00e4ggning mitt i city &#8211; skapad f\u00f6r f\u00f6retag som vill samla sitt team, sina kunder och sina id\u00e9er i en milj\u00f6 d\u00e4r energi, kreativitet och gemenskap m\u00f6ts.<\/p>\n\n\n\n<p class=\"has-text-align-left\">F\u00f6retagspaketet \u00e4r din nyckel till en vardag med mer spel, fler m\u00f6ten och b\u00e4ttre stunder tillsammans.<\/p>\n\n\n\n<div class=\"wp-block-buttons is-content-justification-center is-layout-flex wp-container-core-buttons-is-layout-a89b3969 wp-block-buttons-is-layout-flex\">\n<div class=\"wp-block-button\"><a class=\"wp-block-button__link wp-element-button\" href=\"#contact\">Kostnadsfri f\u00f6rfr\u00e5gan<\/a><\/div>\n<\/div>\n<\/div>\n<\/div><\/section>\n\n\n\n<section class=\"qt-section memberships\" id=\"membership\">\n    <div class=\"qt-section__inner grid grid-col-1\">\n\n                    <div class=\"qt-container\">\n                <h2 class=\"wp-block-heading has-text-align-center\">Medlemskap<\/h2>\n            <\/div>\n            \n        <div class=\"qt-container\">\n            <section class=\"qt-section\">\n                <div class=\"qt-section__inner grid grid-col-3\">\n                                        <div class=\"qt-container card-membership has-background\">\n                            <p class=\"membership__type\">Morning club<\/p>\n                            <div class=\"membership__content\">\n                                <p class=\"membership__price\">29 995 kr ink. moms<\/p>\n                                                                    <ul class=\"wp-block-list membership__benefits\">\n                                                                                    <li>1 timme simulatorgolf \/ vecka<\/li>\n                                                                                        <li>Frukost f\u00f6r 2 personer \/ vecka<\/li>\n                                                                                        <li>Bagf\u00f6rvaring<\/li>\n                                                                                        <li>M\u00f6jlighet att boka fast tid hela \u00e5ret<\/li>\n                                                                                <\/ul>\n                                                                <\/div>\n\t\t\t\t\t\t\t\n\t\t\t\t\t\t\t                            <div class=\"wp-block-buttons membership__button\">\n                                <div class=\"wp-block-button is-style-fill\">\n                                    <a href=\"#morning-club\" class=\"wp-block-button__link\" title=\"L\u00e4s mer om morning club\" target=\"\">L\u00e4s mer om morning club<\/a>\n                                <\/div>\n                            <\/div>\n\t\t\t\t\t\t\t                        <\/div>\n                                                <div class=\"qt-container card-membership has-background\">\n                            <p class=\"membership__type\">Lunch club<\/p>\n                            <div class=\"membership__content\">\n                                <p class=\"membership__price\">29 995 kr ink. moms<\/p>\n                                                                    <ul class=\"wp-block-list membership__benefits\">\n                                                                                    <li>1 timme simulatorgolf \/ vecka<\/li>\n                                                                                        <li>Lunch f\u00f6r 2 personer \/ vecka<\/li>\n                                                                                        <li>Bagf\u00f6rvaring<\/li>\n                                                                                        <li>M\u00f6jlighet att boka fast tid hela \u00e5ret<\/li>\n                                                                                <\/ul>\n                                                                <\/div>\n\t\t\t\t\t\t\t\n\t\t\t\t\t\t\t                            <div class=\"wp-block-buttons membership__button\">\n                                <div class=\"wp-block-button is-style-fill\">\n                                    <a href=\"#lunch-club\" class=\"wp-block-button__link\" title=\"L\u00e4s mer om lunch club\" target=\"\">L\u00e4s mer om lunch club<\/a>\n                                <\/div>\n                            <\/div>\n\t\t\t\t\t\t\t                        <\/div>\n                                        <\/div>\n            <\/section>\n        <\/div>\n\n\t<\/div>\n<\/section>\n\n\n<section class=\"qt-section container-default is-style-section-image-left\" id=\"morning-club\"><div class=\"qt-section__inner grid grid-col-2\">\n<div class=\"qt-container is-vertically-aligned-center is-style-image\">\n<figure class=\"wp-block-image size-full\"><img loading=\"lazy\" decoding=\"async\" width=\"1280\" height=\"960\" src=\"https:\/\/ruffgolf.eu\/wp-content\/uploads\/2025\/11\/Untitled-design.jpg\" alt=\"\" class=\"wp-image-6999\" srcset=\"https:\/\/ruffgolf.eu\/wp-content\/uploads\/2025\/11\/Untitled-design.jpg 1280w, https:\/\/ruffgolf.eu\/wp-content\/uploads\/2025\/11\/Untitled-design-300x225.jpg 300w, https:\/\/ruffgolf.eu\/wp-content\/uploads\/2025\/11\/Untitled-design-1024x768.jpg 1024w, https:\/\/ruffgolf.eu\/wp-content\/uploads\/2025\/11\/Untitled-design-768x576.jpg 768w, https:\/\/ruffgolf.eu\/wp-content\/uploads\/2025\/11\/Untitled-design-462x347.jpg 462w, https:\/\/ruffgolf.eu\/wp-content\/uploads\/2025\/11\/Untitled-design-592x444.jpg 592w, https:\/\/ruffgolf.eu\/wp-content\/uploads\/2025\/11\/Untitled-design-622x467.jpg 622w, https:\/\/ruffgolf.eu\/wp-content\/uploads\/2025\/11\/Untitled-design-721x541.jpg 721w, https:\/\/ruffgolf.eu\/wp-content\/uploads\/2025\/11\/Untitled-design-608x456.jpg 608w\" sizes=\"auto, (max-width: 1280px) 100vw, 1280px\" \/><\/figure>\n<\/div>\n\n\n\n<div class=\"qt-container is-vertically-aligned-center is-style-text\">\n<p class=\"is-style-eyebrow\">Starta dagen p\u00e5 drottninggatan<\/p>\n\n\n\n<h2 class=\"wp-block-heading\">Morning club<\/h2>\n\n\n\n<p>En timme golf, god frukost och en perfekt b\u00f6rjan p\u00e5 dagen &#8211; mitt i city.<\/p>\n\n\n\n<p>F\u00f6r dig som gillar energi, fokus och lite t\u00e4vlingsinstinkt innan kontoret vaknar.<\/p>\n\n\n\n<ul class=\"wp-block-list\">\n<li>1 timme simulatorgolf \/ vecka<\/li>\n<\/ul>\n\n\n\n<p>M\u00e5ndag\u2013fredag, 40 veckor per \u00e5r (ej juni, juli, augusti samt jul &amp; ny\u00e5r)<\/p>\n\n\n\n<p>V\u00e4lj mellan tiderna: 07.00\u201308.00, 08.00\u201309.00, 09.00\u201310.00, 10.00\u201311.00<\/p>\n\n\n\n<ul class=\"wp-block-list\">\n<li>Frukost f\u00f6r 2 personer \/ vecka<\/li>\n<\/ul>\n\n\n\n<p>V\u00e4rde 165 kr per person<\/p>\n\n\n\n<p>Perfekt f\u00f6r kollegan, kunden eller den du helst startar dagen med.<\/p>\n\n\n\n<ul class=\"wp-block-list\">\n<li>Bagf\u00f6rvaring<\/li>\n<\/ul>\n\n\n\n<p>V\u00e4rde 2 495 kr \u2013 klubborna v\u00e4ntar p\u00e5 dig, inte tv\u00e4rtom.<\/p>\n\n\n\n<ul class=\"wp-block-list\">\n<li>M\u00f6jlighet att boka fast tid hela \u00e5ret<\/li>\n<\/ul>\n\n\n\n<p>Pris: <strong>29 995 kr ink. moms<\/strong><\/p>\n\n\n\n<p>Endast 30 exklusiva platser<\/p>\n<\/div>\n<\/div><\/section>\n\n\n\n<section class=\"qt-section container-default is-style-section-image-right\" id=\"lunch-club\"><div class=\"qt-section__inner grid grid-col-1\">\n<div class=\"qt-container\">\n<section class=\"qt-section container-default\"><div class=\"qt-section__inner grid grid-col-1\">\n<div class=\"qt-container\">\n<section class=\"qt-section container-default is-style-section-image-right\"><div class=\"qt-section__inner grid grid-col-2\">\n<div class=\"qt-container is-vertically-aligned-center is-style-text\">\n<p class=\"is-style-eyebrow\"><strong><br>En timme golf, god lunch och ny energi f\u00f6r resten av dagen &#8211; mitt i city.<\/strong><\/p>\n\n\n\n<h2 class=\"wp-block-heading\">Lunch club<\/h2>\n\n\n\n<p><br>F\u00f6r dig som vill kombinera skratt, fokus och lite t\u00e4vling mellan m\u00f6tena.<\/p>\n\n\n\n<ul class=\"wp-block-list\">\n<li>1 timme simulatorgolf \/ vecka<\/li>\n<\/ul>\n\n\n\n<p>M\u00e5ndag\u2013fredag, 40 veckor per \u00e5r (ej juni, juli, augusti samt jul &amp; ny\u00e5r)<\/p>\n\n\n\n<p>V\u00e4lj mellan tiderna: 07.00\u201308.00, 08.00\u201309.00, 09.00\u201310.00, 10.00\u201311.00<\/p>\n\n\n\n<ul class=\"wp-block-list\">\n<li>Lunch f\u00f6r 2 personer \/ vecka<\/li>\n<\/ul>\n\n\n\n<p>V\u00e4rde 185 kr per person<\/p>\n\n\n\n<p>Perfekt f\u00f6r kollegan, kunden eller den du helst startar dagen med.<\/p>\n\n\n\n<ul class=\"wp-block-list\">\n<li>Bagf\u00f6rvaring<\/li>\n<\/ul>\n\n\n\n<p>V\u00e4rde 2 495 kr \u2013 klubborna v\u00e4ntar p\u00e5 dig, inte tv\u00e4rtom.<\/p>\n\n\n\n<ul class=\"wp-block-list\">\n<li>M\u00f6jlighet att boka fast tid hela \u00e5ret<\/li>\n<\/ul>\n\n\n\n<p>Pris: <strong>29 995 kr ink. moms<\/strong><\/p>\n\n\n\n<p>Endast 30 exklusiva platser<\/p>\n<\/div>\n\n\n\n<div class=\"qt-container is-vertically-aligned-center is-style-image\">\n<figure class=\"wp-block-image size-full\"><img loading=\"lazy\" decoding=\"async\" width=\"1280\" height=\"960\" src=\"https:\/\/ruffgolf.eu\/wp-content\/uploads\/2025\/11\/Untitled-design-2.jpg\" alt=\"\" class=\"wp-image-7013\" srcset=\"https:\/\/ruffgolf.eu\/wp-content\/uploads\/2025\/11\/Untitled-design-2.jpg 1280w, https:\/\/ruffgolf.eu\/wp-content\/uploads\/2025\/11\/Untitled-design-2-300x225.jpg 300w, https:\/\/ruffgolf.eu\/wp-content\/uploads\/2025\/11\/Untitled-design-2-1024x768.jpg 1024w, https:\/\/ruffgolf.eu\/wp-content\/uploads\/2025\/11\/Untitled-design-2-768x576.jpg 768w, https:\/\/ruffgolf.eu\/wp-content\/uploads\/2025\/11\/Untitled-design-2-462x347.jpg 462w, https:\/\/ruffgolf.eu\/wp-content\/uploads\/2025\/11\/Untitled-design-2-592x444.jpg 592w, https:\/\/ruffgolf.eu\/wp-content\/uploads\/2025\/11\/Untitled-design-2-622x467.jpg 622w, https:\/\/ruffgolf.eu\/wp-content\/uploads\/2025\/11\/Untitled-design-2-721x541.jpg 721w, https:\/\/ruffgolf.eu\/wp-content\/uploads\/2025\/11\/Untitled-design-2-608x456.jpg 608w\" sizes=\"auto, (max-width: 1280px) 100vw, 1280px\" \/><\/figure>\n<\/div>\n<\/div><\/section>\n<\/div>\n<\/div><\/section>\n<\/div>\n<\/div><\/section>\n\n\n\n<section class=\"qt-section container-m\" id=\"contact\"><div class=\"qt-section__inner grid grid-col-1 has-background has-base-2-background-color\" style=\"background-color:#1B2B27\">\n<div class=\"qt-container\">\n<h2 class=\"wp-block-heading has-text-align-center\">P\u00e5 RUFF skapar vi mer \u00e4n bara event \u2013 vi bygger upplevelser som kollegorna och kunderna pratar om l\u00e4nge efter\u00e5t.<\/h2>\n<\/div>\n\n\n\n<div class=\"qt-container\">\n\n<div class=\"wpcf7 no-js\" id=\"wpcf7-f6751-o1\" lang=\"sv-SE\" dir=\"ltr\" data-wpcf7-id=\"6751\">\n<div class=\"screen-reader-response\"><p role=\"status\" aria-live=\"polite\" aria-atomic=\"true\"><\/p> <ul><\/ul><\/div>\n<form action=\"\/sv\/wp-json\/wp\/v2\/pages\/6250#wpcf7-f6751-o1\" method=\"post\" class=\"wpcf7-form init\" aria-label=\"Kontaktformul\u00e4r\" novalidate=\"novalidate\" data-status=\"init\">\n<fieldset class=\"hidden-fields-container\"><input type=\"hidden\" name=\"_wpcf7\" value=\"6751\" \/><input type=\"hidden\" name=\"_wpcf7_version\" value=\"6.1.5\" \/><input type=\"hidden\" name=\"_wpcf7_locale\" value=\"sv_SE\" \/><input type=\"hidden\" name=\"_wpcf7_unit_tag\" value=\"wpcf7-f6751-o1\" \/><input type=\"hidden\" name=\"_wpcf7_container_post\" value=\"0\" \/><input type=\"hidden\" name=\"_wpcf7_posted_data_hash\" value=\"\" \/><input type=\"hidden\" name=\"_wpcf7_recaptcha_response\" value=\"\" \/>\n<\/fieldset>\n<p><label>Fullst\u00e4ndigt namn<\/label><span class=\"wpcf7-form-control-wrap\" data-name=\"input-fullname\"><input size=\"40\" maxlength=\"400\" class=\"wpcf7-form-control wpcf7-text wpcf7-validates-as-required\" aria-required=\"true\" aria-invalid=\"false\" value=\"\" type=\"text\" name=\"input-fullname\" \/><\/span>\n<\/p>\n<p><label>E-post<\/label><span class=\"wpcf7-form-control-wrap\" data-name=\"input-email\"><input size=\"40\" maxlength=\"400\" class=\"wpcf7-form-control wpcf7-email wpcf7-validates-as-required wpcf7-text wpcf7-validates-as-email\" aria-required=\"true\" aria-invalid=\"false\" value=\"\" type=\"email\" name=\"input-email\" \/><\/span>\n<\/p>\n<p><label>Telefonnummer<\/label><span class=\"wpcf7-form-control-wrap\" data-name=\"input-phone\"><input size=\"40\" maxlength=\"400\" class=\"wpcf7-form-control wpcf7-text\" aria-invalid=\"false\" value=\"\" type=\"text\" name=\"input-phone\" \/><\/span>\n<\/p>\n<p><label>\u00d6nskat datum<\/label><span class=\"wpcf7-form-control-wrap\" data-name=\"input-date\"><input class=\"wpcf7-form-control wpcf7-date wpcf7-validates-as-required wpcf7-validates-as-date\" aria-required=\"true\" aria-invalid=\"false\" value=\"\" type=\"date\" name=\"input-date\" \/><\/span>\n<\/p>\n<p><label>Meddelande<\/label><span class=\"wpcf7-form-control-wrap\" data-name=\"input-message\"><textarea cols=\"40\" rows=\"6\" maxlength=\"2000\" class=\"wpcf7-form-control wpcf7-textarea wpcf7-validates-as-required\" aria-required=\"true\" aria-invalid=\"false\" name=\"input-message\"><\/textarea><\/span>\n<\/p>\n<p class=\"acceptance\">Genom att fylla i och skicka in detta formul\u00e4r samtycker du till att RUFF Invest AB lagrar dina personuppgifter i enlighet med v\u00e5r <a href=\"\/sv\/integritetspolicy\/\" rel=\"nofollow noopener\" target=\"_blank\">integritetspolicy<\/a>. Denna webbplats skyddas av reCAPTCHA, och <a href=\"https:\/\/policies.google.com\/privacy?hl=sv\" rel=\"nofollow noopener\" target=\"_blank\">Googles integritetspolicy<\/a> och <a href=\"https:\/\/policies.google.com\/terms?hl=sv\" rel=\"nofollow noopener\" target=\"_blank\">villkor<\/a> g\u00e4ller.\n<\/p>\n<div class=\"submit\">\n\t<p><input class=\"wpcf7-form-control wpcf7-submit has-spinner\" type=\"submit\" value=\"Skicka in\" \/>\n\t<\/p>\n<\/div><div class=\"wpcf7-response-output\" aria-hidden=\"true\"><\/div>\n<\/form>\n<\/div>\n\n<\/div>\n<\/div><\/section>\n\n\n\n<section class=\"qt-section linked-boxes\">\n\t<div class=\"qt-section__inner grid grid-col-4\">\n\t\n\t\t\t<div class=\"qt-container card-linked-box has-background\">\n\t\t\t\t<a href=\"https:\/\/ruffgolf.eu\/sv\/indoor-golf\/\" title=\"Anl\u00e4ggningar\" target=\"\">\n\t\t\t\t\t<h2>V\u00e5ra anl\u00e4ggningar<\/h2>\n\t\t\t\t\t<p>Hitta ditt n\u00e4rmsta RUFF f\u00f6r att se \u00f6ppettider och evenemang.<\/p>\n\t\t\t\t<\/a>\n\t\t\t<\/div>\n\t\t\t\n\t\t\t\n\t\t\t<div class=\"qt-container card-linked-box has-background\">\n\t\t\t\t<a href=\"https:\/\/ruffgolf.eu\/sv\/franchise\/\" title=\"Franchise\" target=\"\">\n\t\t\t\t\t<h2>Franchisetagare<\/h2>\n\t\t\t\t\t<p>Bli franchisetagare och starta din egen RUFF-anl\u00e4ggning.<\/p>\n\t\t\t\t<\/a>\n\t\t\t<\/div>\n\t\t\t\n\t\t\t\n\t\t\t<div class=\"qt-container card-linked-box has-background\">\n\t\t\t\t<a href=\"https:\/\/apps.apple.com\/se\/app\/ruff-golf\/id6449463765\" title=\"Ladda ner appen\" target=\"_blank\" rel=\"noopener\">\n\t\t\t\t\t<h2>Ladda ner appen<\/h2>\n\t\t\t\t\t<p>Ta del av f\u00f6rm\u00e5nliga erbjudanden och bonussystem.<\/p>\n\t\t\t\t<\/a>\n\t\t\t<\/div>\n\t\t\t\n\t\t\t\n\t\t\t<div class=\"qt-container card-linked-box has-background\">\n\t\t\t\t<a href=\"https:\/\/ruffgolf.eu\/sv\/fragor-och-svar\/\" title=\"Fr\u00e5gor och svar\" target=\"\">\n\t\t\t\t\t<h2>Fr\u00e5gor och svar<\/h2>\n\t\t\t\t\t<p>Vi finns h\u00e4r f\u00f6r dig! H\u00e4r finner du svaren p\u00e5 v\u00e5ra vanligaste fr\u00e5gor.<\/p>\n\t\t\t\t<\/a>\n\t\t\t<\/div>\n\t\t\t\n\t\t\t\t<\/div>\n<\/section>\n","protected":false},"excerpt":{"rendered":"","protected":false},"author":2,"featured_media":0,"parent":0,"menu_order":0,"comment_status":"closed","ping_status":"closed","template":"page-mini-golf","meta":{"_acf_changed":false,"footnotes":""},"class_list":["post-6250","page","type-page","status-publish","hentry"],"acf":[],"_links":{"self":[{"href":"https:\/\/ruffgolf.eu\/sv\/wp-json\/wp\/v2\/pages\/6250","targetHints":{"allow":["GET"]}}],"collection":[{"href":"https:\/\/ruffgolf.eu\/sv\/wp-json\/wp\/v2\/pages"}],"about":[{"href":"https:\/\/ruffgolf.eu\/sv\/wp-json\/wp\/v2\/types\/page"}],"author":[{"embeddable":true,"href":"https:\/\/ruffgolf.eu\/sv\/wp-json\/wp\/v2\/users\/2"}],"replies":[{"embeddable":true,"href":"https:\/\/ruffgolf.eu\/sv\/wp-json\/wp\/v2\/comments?post=6250"}],"version-history":[{"count":44,"href":"https:\/\/ruffgolf.eu\/sv\/wp-json\/wp\/v2\/pages\/6250\/revisions"}],"predecessor-version":[{"id":7529,"href":"https:\/\/ruffgolf.eu\/sv\/wp-json\/wp\/v2\/pages\/6250\/revisions\/7529"}],"wp:attachment":[{"href":"https:\/\/ruffgolf.eu\/sv\/wp-json\/wp\/v2\/media?parent=6250"}],"curies":[{"name":"wp","href":"https:\/\/api.w.org\/{rel}","templated":true}]}}