{"id":713,"date":"2024-09-10T14:26:06","date_gmt":"2024-09-10T12:26:06","guid":{"rendered":"https:\/\/ruffgolf.eu\/?page_id=713"},"modified":"2026-03-24T11:35:07","modified_gmt":"2026-03-24T10:35:07","slug":"partnerskap","status":"publish","type":"page","link":"https:\/\/ruffgolf.eu\/sv\/partnerskap\/","title":{"rendered":"Partnerskap"},"content":{"rendered":"\n<section class=\"qt-section container-m\"><div class=\"qt-section__inner grid grid-col-1\">\n<div class=\"qt-container\">\n<p class=\"has-text-align-center is-style-eyebrow\">En riktigt schysst deal<\/p>\n\n\n\n<h1 class=\"wp-block-heading has-text-align-center\">Skaffa F\u00f6retagspaket hos din Ruff-anl\u00e4ggning<\/h1>\n\n\n\n<p class=\"has-text-align-center\">Att synas \u00e4r att finnas. RUFF erbjuder ert f\u00f6retag en unik m\u00f6jlighet att synas i v\u00e5ra v\u00e4lbes\u00f6kta golflounger.&nbsp;Som partner f\u00e5r du \u00e4ven exklusiva speltimmar i v\u00e5ra simulatorer f\u00f6r fritt bruk till era anst\u00e4llda eller kunder.&nbsp;Vi har ett antal olika partnerpaket i varierande prisniv\u00e5, med varierad exponering och omfattning. Kontakta oss s\u00e5 ber\u00e4ttar vi mer.<\/p>\n\n\n\n<div class=\"wp-block-buttons is-content-justification-center is-layout-flex wp-container-core-buttons-is-layout-a89b3969 wp-block-buttons-is-layout-flex\">\n<div class=\"wp-block-button\"><a class=\"wp-block-button__link wp-element-button\" href=\"#contact\">Kontakta oss<\/a><\/div>\n<\/div>\n<\/div>\n<\/div><\/section>\n\n\n\n<section class=\"qt-section partnerships\" id=\"partnership\">\n    <div class=\"qt-section__inner grid grid-col-1\">\n\n                    <div class=\"qt-container\">\n                <h2 class=\"wp-block-heading has-text-align-center\">V\u00e5ra f\u00f6retagspaket<\/h2>\n            <\/div>\n            \n        <div class=\"qt-container\">\n            <section class=\"qt-section\">\n                <div class=\"qt-section__inner grid grid-col-3\">\n                                        <div class=\"qt-container card-partnership has-background\">\n                            <p class=\"partnership__type\">H\u00e5lsponsor<\/p>\n                            <div class=\"partnership__content\">\n                                <p class=\"partnership__price\">9 995 kr<\/p>\n                                                                    <ul class=\"wp-block-list partnership__benefits\">\n                                                                                    \n                                            <li>30 st speltimmar att utnyttja alla dagar och tider under s\u00e4songen 25\/26<\/li>\n                                            \n                                                                                        \n                                            <li>Tillg\u00e5ng till lokala n\u00e4tverkstr\u00e4ffar<\/li>\n                                            \n                                                                                        \n                                            <li>Display av f\u00f6retagslogga i TrackMan p\u00e5 specifikt h\u00e5lnummer<\/li>\n                                            \n                                                                                        \n                                            <li>M\u00f6jlighet att k\u00f6pa extra synlighet p\u00e5 LCD sk\u00e4rmar i lokalen<\/li>\n                                            \n                                                                                <\/ul>\n                                                                <\/div>\n                            <p class=\"partnership__disclaimer\">*timmar som ej utnyttjas innan 31\/5-2026 klassas som anv\u00e4nda och \u00e5terbetalas ej. Lokala avvikelser kan f\u00f6rekomma<\/p>\n                        <\/div>\n                                                <div class=\"qt-container card-partnership has-background\">\n                            <p class=\"partnership__type\">Simulatorsponsor<\/p>\n                            <div class=\"partnership__content\">\n                                <p class=\"partnership__price\">24 995 kr<\/p>\n                                                                    <ul class=\"wp-block-list partnership__benefits\">\n                                                                                    \n                                            <li>75 st speltimmar att utnyttja alla dagar och tider under s\u00e4songen 25\/26<\/li>\n                                            \n                                                                                        \n                                            <li>5 RUFF medlemskap ing\u00e5r<\/li>\n                                            \n                                                                                        \n                                            <li>Tillg\u00e5ng till lokala n\u00e4tverkstr\u00e4ffar<\/li>\n                                            \n                                                                                        \n                                            <li>Display av f\u00f6retagslogga i TrackMan p\u00e5 specifikt h\u00e5lnummer<\/li>\n                                            \n                                                                                        \n                                            <li>Display fysiskt med skylt i Simulator<\/li>\n                                            \n                                                                                        \n                                            <li>Display av f\u00f6retagsnamn i bokningssystem<\/li>\n                                            \n                                                                                        \n                                            <li>Extra synlighet p\u00e5 LCD sk\u00e4rmar i lokalen ing\u00e5r<\/li>\n                                            \n                                                                                <\/ul>\n                                                                <\/div>\n                            <p class=\"partnership__disclaimer\">*timmar som ej utnyttjas innan 31\/5-2026 klassas som anv\u00e4nda och \u00e5terbetalas ej. Lokala avvikelser kan f\u00f6rekomma<\/p>\n                        <\/div>\n                                                <div class=\"qt-container card-partnership has-background\">\n                            <p class=\"partnership__type\">Major<\/p>\n                            <div class=\"partnership__content\">\n                                <p class=\"partnership__price\">49 995 kr<\/p>\n                                                                    <ul class=\"wp-block-list partnership__benefits\">\n                                                                                    \n                                            <li>100 gratis speltimmar<\/li>\n                                            \n                                                                                        \n                                            <li>10 RUFF medlemskap ing\u00e5r<\/li>\n                                            \n                                                                                        \n                                            <li>Tillg\u00e5ng till lokala n\u00e4tverkstr\u00e4ffar<\/li>\n                                            \n                                                                                        \n                                            <li>Display av f\u00f6retagslogga i TrackMan p\u00e5 specifikt h\u00e5lnummer<\/li>\n                                            \n                                                                                        \n                                            <li>Display fysiskt med skylt i Simulator<\/li>\n                                            \n                                                                                        \n                                            <li>Display av f\u00f6retagsnamn i bokningssystem<\/li>\n                                            \n                                                                                        \n                                            <li>Extra synlighet ing\u00e5r \u2013 din annons visas b\u00e5de p\u00e5 v\u00e5ra LCD-sk\u00e4rmar i lokalen och p\u00e5 v\u00e5r hemsida.<\/li>\n                                            \n                                                                                        \n                                            <li>Egen t\u00e4vling under s\u00e4songen<\/li>\n                                            \n                                                                                <\/ul>\n                                                                <\/div>\n                            <p class=\"partnership__disclaimer\">*timmar som ej utnyttjas innan 31\/5-2026 klassas som anv\u00e4nda och \u00e5terbetalas ej. Lokala avvikelser kan f\u00f6rekomma<\/p>\n                        <\/div>\n                                        <\/div>\n            <\/section>\n        <\/div>\n\n\t<\/div>\n<\/section>\n\n\n\n<section class=\"qt-section container-m is-style-tilt-background\" id=\"contact\"><div class=\"qt-section__inner grid grid-col-1 has-background has-base-2-background-color\" style=\"background-color:#1B2B27\">\n<div class=\"qt-container\">\n<h2 class=\"wp-block-heading has-text-align-center\">Fr\u00e5gor? Kontakta oss<\/h2>\n<\/div>\n\n\n\n<div class=\"qt-container\">\n\n<div class=\"wpcf7 no-js\" id=\"wpcf7-f1765-o1\" lang=\"sv-SE\" dir=\"ltr\" data-wpcf7-id=\"1765\">\n<div class=\"screen-reader-response\"><p role=\"status\" aria-live=\"polite\" aria-atomic=\"true\"><\/p> <ul><\/ul><\/div>\n<form action=\"\/sv\/wp-json\/wp\/v2\/pages\/713#wpcf7-f1765-o1\" method=\"post\" class=\"wpcf7-form init\" aria-label=\"Kontaktformul\u00e4r\" novalidate=\"novalidate\" data-status=\"init\">\n<fieldset class=\"hidden-fields-container\"><input type=\"hidden\" name=\"_wpcf7\" value=\"1765\" \/><input type=\"hidden\" name=\"_wpcf7_version\" value=\"6.1.5\" \/><input type=\"hidden\" name=\"_wpcf7_locale\" value=\"sv_SE\" \/><input type=\"hidden\" name=\"_wpcf7_unit_tag\" value=\"wpcf7-f1765-o1\" \/><input type=\"hidden\" name=\"_wpcf7_container_post\" value=\"0\" \/><input type=\"hidden\" name=\"_wpcf7_posted_data_hash\" value=\"\" \/><input type=\"hidden\" name=\"_wpcf7_recaptcha_response\" value=\"\" \/>\n<\/fieldset>\n<p><label>Fullst\u00e4ndigt namn<\/label><span class=\"wpcf7-form-control-wrap\" data-name=\"input-fullname\"><input size=\"40\" maxlength=\"400\" class=\"wpcf7-form-control wpcf7-text wpcf7-validates-as-required\" aria-required=\"true\" aria-invalid=\"false\" value=\"\" type=\"text\" name=\"input-fullname\" \/><\/span>\n<\/p>\n<p><label>E-post<\/label><span class=\"wpcf7-form-control-wrap\" data-name=\"input-email\"><input size=\"40\" maxlength=\"400\" class=\"wpcf7-form-control wpcf7-email wpcf7-validates-as-required wpcf7-text wpcf7-validates-as-email\" aria-required=\"true\" aria-invalid=\"false\" value=\"\" type=\"email\" name=\"input-email\" \/><\/span>\n<\/p>\n<p><label>Telefonnummer<\/label><span class=\"wpcf7-form-control-wrap\" data-name=\"input-phone\"><input size=\"40\" maxlength=\"400\" class=\"wpcf7-form-control wpcf7-text\" aria-invalid=\"false\" value=\"\" type=\"text\" name=\"input-phone\" \/><\/span>\n<\/p>\n<p><label>V\u00e4lj anl\u00e4ggning<\/label><span class=\"wpcf7-form-control-wrap\" data-name=\"select-location\"><select class=\"wpcf7-form-control wpcf7-select wpcf7-validates-as-required\" aria-required=\"true\" aria-invalid=\"false\" name=\"select-location\"><option value=\"\">\u2013 V\u00e4lj ett alternativ \u2013<\/option><option value=\"854\">Barseb\u00e4ck<\/option><option value=\"6360\">Drottninggatan<\/option><option value=\"850\">Frihamnen<\/option><option value=\"1231\">G\u00e4vle<\/option><option value=\"851\">Helsingborg<\/option><option value=\"1439\">Karlstad<\/option><option value=\"8053\">Lilla Bommen<\/option><option value=\"855\">Lund<\/option><option value=\"852\">Norrk\u00f6ping<\/option><option value=\"857\">Skellefte\u00e5<\/option><option value=\"858\">Stenungsund<\/option><option value=\"7027\">V\u00e4stervik<\/option><option value=\"856\">Visby<\/option><\/select><\/span>\n<\/p>\n<p><label>\u00c4mne<\/label><span class=\"wpcf7-form-control-wrap\" data-name=\"input-subject\"><input size=\"40\" maxlength=\"400\" class=\"wpcf7-form-control wpcf7-text wpcf7-validates-as-required\" aria-required=\"true\" aria-invalid=\"false\" value=\"\" type=\"text\" name=\"input-subject\" \/><\/span>\n<\/p>\n<p><label>Meddelande<\/label><span class=\"wpcf7-form-control-wrap\" data-name=\"input-message\"><textarea cols=\"40\" rows=\"6\" maxlength=\"2000\" class=\"wpcf7-form-control wpcf7-textarea wpcf7-validates-as-required\" aria-required=\"true\" aria-invalid=\"false\" name=\"input-message\"><\/textarea><\/span>\n<\/p>\n<p class=\"acceptance\">Genom att fylla i och skicka in detta formul\u00e4r samtycker du till att RUFF Invest AB lagrar dina personuppgifter i enlighet med v\u00e5r <a href=\"\/sv\/integritetspolicy\/\" rel=\"nofollow noopener\" target=\"_blank\">integritetspolicy<\/a>. Denna webbplats skyddas av reCAPTCHA, och <a href=\"https:\/\/policies.google.com\/privacy?hl=sv\" rel=\"nofollow noopener\" target=\"_blank\">Googles integritetspolicy<\/a> och <a href=\"https:\/\/policies.google.com\/terms?hl=sv\" rel=\"nofollow noopener\" target=\"_blank\">villkor<\/a> g\u00e4ller.\n<\/p>\n<div class=\"submit\">\n\t<p><input class=\"wpcf7-form-control wpcf7-submit has-spinner\" type=\"submit\" value=\"Skicka in\" \/>\n\t<\/p>\n<\/div><div class=\"wpcf7-response-output\" aria-hidden=\"true\"><\/div>\n<\/form>\n<\/div>\n\n<\/div>\n<\/div><\/section>\n\n\n\n<section class=\"qt-section container-default is-style-section-image-right\"><div class=\"qt-section__inner grid grid-col-2\">\n<div class=\"qt-container is-vertically-aligned-center is-style-text\">\n<p class=\"is-style-eyebrow\">Merv\u00e4rde f\u00f6r alla<\/p>\n\n\n\n<h2 class=\"wp-block-heading\"><strong>Samarbete med golfklubbar<\/strong><\/h2>\n\n\n\n<p>Vill ni ge era medlemmar mer \u00e4n bara s\u00e4songsgolf? Genom ett samarbete med RUFF kan ni erbjuda spel \u00e5ret runt, nya tr\u00e4ningsm\u00f6jligheter och en modern m\u00f6tesplats \u2013 \u00e4ven utanf\u00f6r banan.<\/p>\n\n\n\n<p>Vi skapar partnerskap som st\u00e4rker ert erbjudande, \u00f6kar engagemanget hos medlemmarna och ger er fler anledningar att h\u00e5lla klubben levande, \u00e4ven under l\u00e5gs\u00e4song.<\/p>\n\n\n\n<p>H\u00f6r av er s\u00e5 ber\u00e4ttar vi hur ett samarbete kan se ut f\u00f6r just er klubb.<\/p>\n\n\n\n<div class=\"wp-block-buttons is-layout-flex wp-block-buttons-is-layout-flex\">\n<div class=\"wp-block-button is-style-button-with-arrow\"><a class=\"wp-block-button__link wp-element-button\" href=\"#contact\">Kontakta oss<\/a><\/div>\n<\/div>\n<\/div>\n\n\n\n<div class=\"qt-container is-vertically-aligned-center is-style-image\">\n<figure class=\"wp-block-image size-4-3-medium\"><img loading=\"lazy\" decoding=\"async\" width=\"622\" height=\"467\" src=\"https:\/\/ruffgolf.eu\/wp-content\/uploads\/2024\/09\/partnership-golf-clubs-622x467.jpg\" alt=\"\" class=\"wp-image-1546\" srcset=\"https:\/\/ruffgolf.eu\/wp-content\/uploads\/2024\/09\/partnership-golf-clubs-622x467.jpg 622w, https:\/\/ruffgolf.eu\/wp-content\/uploads\/2024\/09\/partnership-golf-clubs-300x225.jpg 300w, https:\/\/ruffgolf.eu\/wp-content\/uploads\/2024\/09\/partnership-golf-clubs-768x576.jpg 768w, https:\/\/ruffgolf.eu\/wp-content\/uploads\/2024\/09\/partnership-golf-clubs-462x347.jpg 462w, https:\/\/ruffgolf.eu\/wp-content\/uploads\/2024\/09\/partnership-golf-clubs-592x444.jpg 592w, https:\/\/ruffgolf.eu\/wp-content\/uploads\/2024\/09\/partnership-golf-clubs-721x541.jpg 721w, https:\/\/ruffgolf.eu\/wp-content\/uploads\/2024\/09\/partnership-golf-clubs-608x456.jpg 608w, https:\/\/ruffgolf.eu\/wp-content\/uploads\/2024\/09\/partnership-golf-clubs.jpg 933w\" sizes=\"auto, (max-width: 622px) 100vw, 622px\" \/><\/figure>\n<\/div>\n<\/div><\/section>\n\n\n\n<section class=\"qt-section container-default\"><div class=\"qt-section__inner grid grid-col-1\">\n<div class=\"qt-container container-s\">\n<h2 class=\"wp-block-heading has-text-align-center\">S\u00e5 s\u00e4ger v\u00e5ra partners<\/h2>\n\n\n\n<p class=\"has-text-align-center\">Vi har f\u00f6retagspartners och golfklubbsamarbeten runt om i Europa. S\u00e5 h\u00e4r s\u00e4ger v\u00e5ra partners om oss.<\/p>\n<\/div>\n\n\n\n<div class=\"qt-container\">\t\t\n\n\t\n\t\t<section class=\"qt-section testimonial-slider\">\n\t\t\t<div class=\"qt-section__inner grid grid-col-2\">\n\t\t\t\t<div class=\"qt-container has-background testimonial-slider__text\">\n\t\t\t\t\t\t\t\t\t\t<p>RUFF G\u00e4vle har gett oss en perfekt kombination av synlighet och upplevelse. Vi n\u00e5r ut med v\u00e5rt varum\u00e4rke i r\u00e4tt sammanhang, samtidigt som vi kan bjuda in kunder och medarbetare till n\u00e5got som verkligen uppskattas. Det \u00e4r inte bara ett sponsorskap, det \u00e4r ett aktivt verktyg i v\u00e5r marknadsf\u00f6ring och relationsbyggande.<\/p>\t\n\t\t\t\t\t\t\t\t\t\t<\/div>\n\n\t\t\t\t<div class=\"qt-container testimonial-slider__images\">\n\t\t\t\t\t<div class=\"testimonial-slider__images-wrapper\">\n\t\t\t\t\t\t\t\t\t\t\t<figure class=\"wp-block-image\">\n\t\t\t\t\t\t\t<img loading=\"lazy\" decoding=\"async\" width=\"225\" height=\"225\" src=\"https:\/\/ruffgolf.eu\/wp-content\/uploads\/2026\/03\/images.png\" class=\"attachment-1-1-small size-1-1-small\" alt=\"\" srcset=\"https:\/\/ruffgolf.eu\/wp-content\/uploads\/2026\/03\/images.png 225w, https:\/\/ruffgolf.eu\/wp-content\/uploads\/2026\/03\/images-150x150.png 150w\" sizes=\"auto, (max-width: 225px) 100vw, 225px\" \/>\t\t\t\t\t\t<\/figure>\n\t\t\t\t\t\t\t\t\t\t\t\t<figure class=\"wp-block-image\">\n\t\t\t\t\t\t\t<img loading=\"lazy\" decoding=\"async\" width=\"462\" height=\"462\" src=\"https:\/\/ruffgolf.eu\/wp-content\/uploads\/2024\/09\/markus-gaggl-other-462x462.jpg\" class=\"attachment-1-1-small size-1-1-small\" alt=\"\" srcset=\"https:\/\/ruffgolf.eu\/wp-content\/uploads\/2024\/09\/markus-gaggl-other-462x462.jpg 462w, https:\/\/ruffgolf.eu\/wp-content\/uploads\/2024\/09\/markus-gaggl-other-300x300.jpg 300w, https:\/\/ruffgolf.eu\/wp-content\/uploads\/2024\/09\/markus-gaggl-other-150x150.jpg 150w, https:\/\/ruffgolf.eu\/wp-content\/uploads\/2024\/09\/markus-gaggl-other-592x592.jpg 592w, https:\/\/ruffgolf.eu\/wp-content\/uploads\/2024\/09\/markus-gaggl-other-347x347.jpg 347w, https:\/\/ruffgolf.eu\/wp-content\/uploads\/2024\/09\/markus-gaggl-other-467x467.jpg 467w, https:\/\/ruffgolf.eu\/wp-content\/uploads\/2024\/09\/markus-gaggl-other-622x622.jpg 622w, https:\/\/ruffgolf.eu\/wp-content\/uploads\/2024\/09\/markus-gaggl-other-541x541.jpg 541w, https:\/\/ruffgolf.eu\/wp-content\/uploads\/2024\/09\/markus-gaggl-other-456x456.jpg 456w, https:\/\/ruffgolf.eu\/wp-content\/uploads\/2024\/09\/markus-gaggl-other.jpg 693w\" sizes=\"auto, (max-width: 462px) 100vw, 462px\" \/>\t\t\t\t\t\t<\/figure>\n\t\t\t\t\t\t\t\t\t\t\t<\/div>\n\n\t\t\t\t\t<div class=\"testimonial-slider__reference has-background\">\n\t\t\t\t\t\t\t\t\t\t\t<p class=\"testimonial-slider__name\">Anton Wimark<\/p>\n\t\t\t\t\t\t\n\t\t\t\t\t\t\t\t\t\t\t<p class=\"testimonial-slider__position\">\u00c4gare, Wimarks Bygg<\/p>\n\t\t\t\t\t\t\t\t\t\t\t<\/div>\n\t\t\t\t<\/div>\n\t\t\t\t\n\t\t\t<\/div>\n\t\t<\/section>\n\n\t\t\t\t\t\n\t<\/div>\n<\/div><\/section>\n\n\n\n<section class=\"qt-section container-default cta-large\">\n\t<div class=\"qt-section__inner grid grid-col-1\">\n\t\t<div class=\"qt-container\">\n\t\t\t<h2 class=\"wp-block-heading has-text-align-center has-accent-1-color has-text-color has-xxl-font-size\">Dags f\u00f6r n\u00e4sta golfrunda?<\/h2>\n\t\t\t<div class=\"wp-block-buttons is-content-justification-center\">\n\t\t\t\t<div class=\"wp-block-button is-style-button-cta\">\n\t\t\t\t\t<a href=\"#booking\" class=\"wp-block-button__link wp-element-button\" title=\"Boka nu\" target=\"\">Boka nu<\/a>\n\t\t\t\t<\/div>\n\t\t\t<\/div>\n\t\t<\/div>\n\t<\/div>\n<\/section>\n\n\n\n<section class=\"qt-section linked-boxes\">\n\t<div class=\"qt-section__inner grid grid-col-4\">\n\t\n\t\t\t<div class=\"qt-container card-linked-box has-background\">\n\t\t\t\t<a href=\"https:\/\/ruffgolf.eu\/sv\/indoor-golf\/\" title=\"Anl\u00e4ggningar\" target=\"\">\n\t\t\t\t\t<h2>V\u00e5ra anl\u00e4ggningar<\/h2>\n\t\t\t\t\t<p>Hitta ditt n\u00e4rmsta RUFF f\u00f6r att se \u00f6ppettider och evenemang.<\/p>\n\t\t\t\t<\/a>\n\t\t\t<\/div>\n\t\t\t\n\t\t\t\n\t\t\t<div class=\"qt-container card-linked-box has-background\">\n\t\t\t\t<a href=\"https:\/\/ruffgolf.eu\/sv\/franchise\/\" title=\"Franchise\" target=\"\">\n\t\t\t\t\t<h2>Franchisetagare<\/h2>\n\t\t\t\t\t<p>Bli franchisetagare och starta din egen RUFF-anl\u00e4ggning.<\/p>\n\t\t\t\t<\/a>\n\t\t\t<\/div>\n\t\t\t\n\t\t\t\n\t\t\t<div class=\"qt-container card-linked-box has-background\">\n\t\t\t\t<a href=\"https:\/\/apps.apple.com\/se\/app\/ruff-golf\/id6449463765\" title=\"Ladda ner appen\" target=\"_blank\" rel=\"noopener\">\n\t\t\t\t\t<h2>Ladda ner appen<\/h2>\n\t\t\t\t\t<p>Ta del av f\u00f6rm\u00e5nliga erbjudanden och bonussystem.<\/p>\n\t\t\t\t<\/a>\n\t\t\t<\/div>\n\t\t\t\n\t\t\t\n\t\t\t<div class=\"qt-container card-linked-box has-background\">\n\t\t\t\t<a href=\"https:\/\/ruffgolf.eu\/sv\/fragor-och-svar\/\" title=\"Fr\u00e5gor och svar\" target=\"\">\n\t\t\t\t\t<h2>Fr\u00e5gor och svar<\/h2>\n\t\t\t\t\t<p>Vi finns h\u00e4r f\u00f6r dig! H\u00e4r finner du svaren p\u00e5 v\u00e5ra vanligaste fr\u00e5gor.<\/p>\n\t\t\t\t<\/a>\n\t\t\t<\/div>\n\t\t\t\n\t\t\t\t<\/div>\n<\/section>\n","protected":false},"excerpt":{"rendered":"","protected":false},"author":1,"featured_media":0,"parent":0,"menu_order":0,"comment_status":"closed","ping_status":"closed","template":"","meta":{"_acf_changed":false,"footnotes":""},"class_list":["post-713","page","type-page","status-publish","hentry"],"acf":[],"_links":{"self":[{"href":"https:\/\/ruffgolf.eu\/sv\/wp-json\/wp\/v2\/pages\/713","targetHints":{"allow":["GET"]}}],"collection":[{"href":"https:\/\/ruffgolf.eu\/sv\/wp-json\/wp\/v2\/pages"}],"about":[{"href":"https:\/\/ruffgolf.eu\/sv\/wp-json\/wp\/v2\/types\/page"}],"author":[{"embeddable":true,"href":"https:\/\/ruffgolf.eu\/sv\/wp-json\/wp\/v2\/users\/1"}],"replies":[{"embeddable":true,"href":"https:\/\/ruffgolf.eu\/sv\/wp-json\/wp\/v2\/comments?post=713"}],"version-history":[{"count":16,"href":"https:\/\/ruffgolf.eu\/sv\/wp-json\/wp\/v2\/pages\/713\/revisions"}],"predecessor-version":[{"id":8528,"href":"https:\/\/ruffgolf.eu\/sv\/wp-json\/wp\/v2\/pages\/713\/revisions\/8528"}],"wp:attachment":[{"href":"https:\/\/ruffgolf.eu\/sv\/wp-json\/wp\/v2\/media?parent=713"}],"curies":[{"name":"wp","href":"https:\/\/api.w.org\/{rel}","templated":true}]}}