{"id":746,"date":"2024-09-10T16:41:54","date_gmt":"2024-09-10T14:41:54","guid":{"rendered":"https:\/\/ruffgolf.eu\/?page_id=746"},"modified":"2024-11-14T14:35:12","modified_gmt":"2024-11-14T13:35:12","slug":"indoor-golf","status":"publish","type":"page","link":"https:\/\/ruffgolf.eu\/sv\/indoor-golf\/","title":{"rendered":"Anl\u00e4ggningar"},"content":{"rendered":"\n<section class=\"qt-section container-m\"><div class=\"qt-section__inner grid grid-col-1\">\n<div class=\"qt-container\">\n<p class=\"has-text-align-center is-style-eyebrow\">HITTA DITT N\u00c4RMASTE RUFF<\/p>\n\n\n\n<h1 class=\"wp-block-heading has-text-align-center\">V\u00e5ra anl\u00e4ggningar<\/h1>\n\n\n\n<p class=\"has-text-align-center\">RUFF&#8217;s anl\u00e4ggningar \u00e4r utformade f\u00f6r att ge b\u00e5de nyb\u00f6rjare och erfarna spelare en unik golfupplevelse. Oavsett om du s\u00f6ker utmanande banor, f\u00f6rstklassiga tr\u00e4ningsm\u00f6jligheter eller avkopplande gemenskap, s\u00e5 har vi n\u00e5got f\u00f6r alla. Utforska v\u00e5ra anl\u00e4ggningar och uppt\u00e4ck hur vi kombinerar passion f\u00f6r golf med en inbjudande atmosf\u00e4r.<\/p>\n\n\n\n<div class=\"wp-block-buttons is-content-justification-center is-layout-flex wp-container-core-buttons-is-layout-a89b3969 wp-block-buttons-is-layout-flex\">\n<div class=\"wp-block-button is-style-fill\"><a class=\"wp-block-button__link wp-element-button\" href=\"#booking\">Boka aktivitet<\/a><\/div>\n<\/div>\n<\/div>\n<\/div><\/section>\n\n\n\n<section class=\"qt-section container-default\"><div class=\"qt-section__inner grid grid-col-1\">\n<div class=\"qt-container\">\n\n\t<section class=\"qt-section container-default locations\">\n\t\t<div class=\"qt-section__inner grid grid-col-4\">\n\t\t\t\n<div class=\"qt-container card-location has-background\">\n\t\t\t<a href=\"https:\/\/ruffgolf.eu\/sv\/locations\/barseback\/\" title=\"RUFFBarseb\u00e4ck\" target=\"_self\">\n\t\t\t<h2 class=\"location__name\">Barseb\u00e4ck<\/h2>\n\t\t\t<p class=\"location__address\">\n\t\t\t\t<img loading=\"lazy\" decoding=\"async\" src=\"https:\/\/ruffgolf.eu\/wp-content\/themes\/q-theme\/assets\/images\/location-pin.svg\" alt=\"Location pin\" width=\"13\" height=\"17\">\n\t\t\t\t Litorinav\u00e4gen 128\t\t\t<\/p>\n\t\t<\/a>\n\t<\/div>\n\n<div class=\"qt-container card-location has-background\">\n\t\t\t<a href=\"https:\/\/ruffgolf.eu\/sv\/locations\/drottninggatan\/\" title=\"RUFFDrottninggatan\" target=\"_self\">\n\t\t\t<h2 class=\"location__name\">Drottninggatan<\/h2>\n\t\t\t<p class=\"location__address\">\n\t\t\t\t<img loading=\"lazy\" decoding=\"async\" src=\"https:\/\/ruffgolf.eu\/wp-content\/themes\/q-theme\/assets\/images\/location-pin.svg\" alt=\"Location pin\" width=\"13\" height=\"17\">\n\t\t\t\tDrottninggatan 89\t\t\t<\/p>\n\t\t<\/a>\n\t<\/div>\n\n<div class=\"qt-container card-location has-background\">\n\t\t\t<a href=\"https:\/\/ruffgolf.eu\/sv\/locations\/frihamnen\/\" title=\"RUFFFrihamnen\" target=\"_self\">\n\t\t\t<h2 class=\"location__name\">Frihamnen<\/h2>\n\t\t\t<p class=\"location__address\">\n\t\t\t\t<img loading=\"lazy\" decoding=\"async\" src=\"https:\/\/ruffgolf.eu\/wp-content\/themes\/q-theme\/assets\/images\/location-pin.svg\" alt=\"Location pin\" width=\"13\" height=\"17\">\n\t\t\t\t Hang\u00f6v\u00e4gen 29\t\t\t<\/p>\n\t\t<\/a>\n\t<\/div>\n\n<div class=\"qt-container card-location has-background\">\n\t\t\t<a href=\"https:\/\/ruffgolf.eu\/sv\/locations\/gavle\/\" title=\"RUFFG\u00e4vle\" target=\"_self\">\n\t\t\t<h2 class=\"location__name\">G\u00e4vle<\/h2>\n\t\t\t<p class=\"location__address\">\n\t\t\t\t<img loading=\"lazy\" decoding=\"async\" src=\"https:\/\/ruffgolf.eu\/wp-content\/themes\/q-theme\/assets\/images\/location-pin.svg\" alt=\"Location pin\" width=\"13\" height=\"17\">\n\t\t\t\tStorgatan 9\t\t\t<\/p>\n\t\t<\/a>\n\t<\/div>\n\n<div class=\"qt-container card-location has-background\">\n\t\t\t<a href=\"https:\/\/ruffgolf.eu\/sv\/locations\/helsingborg\/\" title=\"RUFFHelsingborg\" target=\"_self\">\n\t\t\t<h2 class=\"location__name\">Helsingborg<\/h2>\n\t\t\t<p class=\"location__address\">\n\t\t\t\t<img loading=\"lazy\" decoding=\"async\" src=\"https:\/\/ruffgolf.eu\/wp-content\/themes\/q-theme\/assets\/images\/location-pin.svg\" alt=\"Location pin\" width=\"13\" height=\"17\">\n\t\t\t\tKanongatan 155\t\t\t<\/p>\n\t\t<\/a>\n\t<\/div>\n\n<div class=\"qt-container card-location has-background\">\n\t\t\t<a href=\"https:\/\/ruffgolf.eu\/sv\/locations\/karlstad\/\" title=\"RUFFKarlstad\" target=\"_self\">\n\t\t\t<h2 class=\"location__name\">Karlstad<\/h2>\n\t\t\t<p class=\"location__address\">\n\t\t\t\t<img loading=\"lazy\" decoding=\"async\" src=\"https:\/\/ruffgolf.eu\/wp-content\/themes\/q-theme\/assets\/images\/location-pin.svg\" alt=\"Location pin\" width=\"13\" height=\"17\">\n\t\t\t\tFlygf\u00e4ltsv\u00e4gen 1\t\t\t<\/p>\n\t\t<\/a>\n\t<\/div>\n\n<div class=\"qt-container card-location has-background\">\n\t\t\t<h2 class=\"location__name\">Lilla Bommen<\/h2>\n\t\t<div class=\"badge coming-soon\">\n\t\t\t<p>\u00d6ppnar snart<\/p>\n\t\t<\/div>\n\t<\/div>\n\n<div class=\"qt-container card-location has-background\">\n\t\t\t<a href=\"https:\/\/ruffgolf.eu\/sv\/locations\/lund\/\" title=\"RUFFLund\" target=\"_self\">\n\t\t\t<h2 class=\"location__name\">Lund<\/h2>\n\t\t\t<p class=\"location__address\">\n\t\t\t\t<img loading=\"lazy\" decoding=\"async\" src=\"https:\/\/ruffgolf.eu\/wp-content\/themes\/q-theme\/assets\/images\/location-pin.svg\" alt=\"Location pin\" width=\"13\" height=\"17\">\n\t\t\t\tF\u00e4ltspatv\u00e4gen 1A\t\t\t<\/p>\n\t\t<\/a>\n\t<\/div>\n\n<div class=\"qt-container card-location has-background\">\n\t\t\t<a href=\"https:\/\/ruffgolf.eu\/sv\/locations\/norrkoping\/\" title=\"RUFFNorrk\u00f6ping\" target=\"_self\">\n\t\t\t<h2 class=\"location__name\">Norrk\u00f6ping<\/h2>\n\t\t\t<p class=\"location__address\">\n\t\t\t\t<img loading=\"lazy\" decoding=\"async\" src=\"https:\/\/ruffgolf.eu\/wp-content\/themes\/q-theme\/assets\/images\/location-pin.svg\" alt=\"Location pin\" width=\"13\" height=\"17\">\n\t\t\t\tLind\u00e5kersgatan 14\t\t\t<\/p>\n\t\t<\/a>\n\t<\/div>\n\n<div class=\"qt-container card-location has-background\">\n\t\t\t<a href=\"https:\/\/ruffgolf.eu\/sv\/locations\/skelleftea\/\" title=\"RUFFSkellefte\u00e5\" target=\"_self\">\n\t\t\t<h2 class=\"location__name\">Skellefte\u00e5<\/h2>\n\t\t\t<p class=\"location__address\">\n\t\t\t\t<img loading=\"lazy\" decoding=\"async\" src=\"https:\/\/ruffgolf.eu\/wp-content\/themes\/q-theme\/assets\/images\/location-pin.svg\" alt=\"Location pin\" width=\"13\" height=\"17\">\n\t\t\t\tKanalgatan 75\t\t\t<\/p>\n\t\t<\/a>\n\t<\/div>\n\n<div class=\"qt-container card-location has-background\">\n\t\t\t<a href=\"https:\/\/ruffgolf.eu\/sv\/locations\/stenungsund\/\" title=\"RUFFStenungsund\" target=\"_self\">\n\t\t\t<h2 class=\"location__name\">Stenungsund<\/h2>\n\t\t\t<p class=\"location__address\">\n\t\t\t\t<img loading=\"lazy\" decoding=\"async\" src=\"https:\/\/ruffgolf.eu\/wp-content\/themes\/q-theme\/assets\/images\/location-pin.svg\" alt=\"Location pin\" width=\"13\" height=\"17\">\n\t\t\t\tMejselv\u00e4gen 3\t\t\t<\/p>\n\t\t<\/a>\n\t<\/div>\n\n<div class=\"qt-container card-location has-background\">\n\t\t\t<a href=\"https:\/\/ruffgolf.eu\/sv\/locations\/vastervik\/\" title=\"RUFFV\u00e4stervik\" target=\"_self\">\n\t\t\t<h2 class=\"location__name\">V\u00e4stervik<\/h2>\n\t\t\t<p class=\"location__address\">\n\t\t\t\t<img loading=\"lazy\" decoding=\"async\" src=\"https:\/\/ruffgolf.eu\/wp-content\/themes\/q-theme\/assets\/images\/location-pin.svg\" alt=\"Location pin\" width=\"13\" height=\"17\">\n\t\t\t\tFiskaregatan 3\t\t\t<\/p>\n\t\t<\/a>\n\t<\/div>\n\n<div class=\"qt-container card-location has-background\">\n\t\t\t<a href=\"https:\/\/ruffgolf.eu\/sv\/locations\/visby\/\" title=\"RUFFVisby\" target=\"_self\">\n\t\t\t<h2 class=\"location__name\">Visby<\/h2>\n\t\t\t<p class=\"location__address\">\n\t\t\t\t<img loading=\"lazy\" decoding=\"async\" src=\"https:\/\/ruffgolf.eu\/wp-content\/themes\/q-theme\/assets\/images\/location-pin.svg\" alt=\"Location pin\" width=\"13\" height=\"17\">\n\t\t\t\tLundbygatan 2\t\t\t<\/p>\n\t\t<\/a>\n\t<\/div>\n\t\t<\/div>\n\t<\/section>\n\n\t\n<\/div>\n<\/div><\/section>\n\n\n\n<section class=\"qt-section container-m cta-small\">\n\t<div class=\"qt-section__inner grid grid-col-2 has-background\">\n\t\t<div class=\"qt-container\">\n\t\t\t<h2 class=\"wp-block-heading has-base-2-color has-text-color has-l-font-size\">Letar du efter en anl\u00e4ggning utanf\u00f6r Sverige?<\/h2>\n\t\t<\/div>\n\t\t<div class=\"qt-container \">\n\t\t\t<div class=\"wp-block-buttons\">\n\t\t\t\t<div class=\"wp-block-button is-style-fill\">\n\t\t\t\t\t<a href=\"https:\/\/ruffgolf.eu\/\" class=\"wp-block-button__link wp-element-button\" title=\"Visa alla\" target=\"\">Visa alla<\/a>\n\t\t\t\t<\/div>\n\t\t\t<\/div>\n\t\t<\/div>\n\t<\/div>\n<\/section>\n\n\n\n<section class=\"qt-section container-default\"><div class=\"qt-section__inner grid grid-col-1\">\n<div class=\"qt-container\">\n<section class=\"qt-section container-default is-style-section-image-right\"><div class=\"qt-section__inner grid grid-col-2\">\n<div class=\"qt-container is-vertically-aligned-center is-style-text\">\n<p class=\"is-style-eyebrow\">Sk\u00f6naste s\u00e4ttet att golfa inomhus<\/p>\n\n\n\n<h2 class=\"wp-block-heading\">Det h\u00e4r \u00e4r RUFF<\/h2>\n\n\n\n<p>RUFF kom till utifr\u00e5n v\u00e5r gemensamma k\u00e4rlek och passion f\u00f6r golf, tillsammans med visionen om att skapa n\u00e5got som vi k\u00e4nde saknades. En plats d\u00e4r golfen stod i centrum, men ocks\u00e5 en milj\u00f6 och atmosf\u00e4r v\u00e5ra g\u00e4ster l\u00e4ngtade efter att \u00e5terv\u00e4nda till. D\u00e4r m\u00e4nniskor kan umg\u00e5s, oavsett om det \u00e4r v\u00e4nner, kollegor, familj eller aff\u00e4rspartners. En plats vi med stolthet kan beskriva som en golflounge i v\u00e4rldsklass. En plats d\u00e4r du ska trivas.<\/p>\n\n\n\n<div class=\"wp-block-buttons is-layout-flex wp-block-buttons-is-layout-flex\">\n<div class=\"wp-block-button is-style-button-with-arrow\"><a class=\"wp-block-button__link wp-element-button\" href=\"https:\/\/ruffgolf.eu\/sv\/om-ruff\/\">L\u00e4s mer om oss<\/a><\/div>\n<\/div>\n<\/div>\n\n\n\n<div class=\"qt-container is-vertically-aligned-center is-style-image\">\n<figure class=\"wp-block-image size-4-3-medium\"><img loading=\"lazy\" decoding=\"async\" width=\"622\" height=\"467\" src=\"https:\/\/ruffgolf.eu\/wp-content\/uploads\/2024\/09\/this-is-ruff-622x467.jpg\" alt=\"\" class=\"wp-image-1394\" srcset=\"https:\/\/ruffgolf.eu\/wp-content\/uploads\/2024\/09\/this-is-ruff-622x467.jpg 622w, https:\/\/ruffgolf.eu\/wp-content\/uploads\/2024\/09\/this-is-ruff-300x225.jpg 300w, https:\/\/ruffgolf.eu\/wp-content\/uploads\/2024\/09\/this-is-ruff-768x576.jpg 768w, https:\/\/ruffgolf.eu\/wp-content\/uploads\/2024\/09\/this-is-ruff-462x347.jpg 462w, https:\/\/ruffgolf.eu\/wp-content\/uploads\/2024\/09\/this-is-ruff-592x444.jpg 592w, https:\/\/ruffgolf.eu\/wp-content\/uploads\/2024\/09\/this-is-ruff-721x541.jpg 721w, https:\/\/ruffgolf.eu\/wp-content\/uploads\/2024\/09\/this-is-ruff-608x456.jpg 608w, https:\/\/ruffgolf.eu\/wp-content\/uploads\/2024\/09\/this-is-ruff.jpg 933w\" sizes=\"auto, (max-width: 622px) 100vw, 622px\" \/><\/figure>\n<\/div>\n<\/div><\/section>\n<\/div>\n\n\n\n<div class=\"qt-container\">\n<section class=\"qt-section container-default is-style-section-image-left\"><div class=\"qt-section__inner grid grid-col-2\">\n<div class=\"qt-container is-vertically-aligned-center is-style-image\">\n<figure class=\"wp-block-image size-4-3-medium\"><img loading=\"lazy\" decoding=\"async\" width=\"622\" height=\"467\" src=\"https:\/\/ruffgolf.eu\/wp-content\/uploads\/2024\/09\/how-simulator-golf-works-622x467.jpg\" alt=\"\" class=\"wp-image-1386\" srcset=\"https:\/\/ruffgolf.eu\/wp-content\/uploads\/2024\/09\/how-simulator-golf-works-622x467.jpg 622w, https:\/\/ruffgolf.eu\/wp-content\/uploads\/2024\/09\/how-simulator-golf-works-300x225.jpg 300w, https:\/\/ruffgolf.eu\/wp-content\/uploads\/2024\/09\/how-simulator-golf-works-768x576.jpg 768w, https:\/\/ruffgolf.eu\/wp-content\/uploads\/2024\/09\/how-simulator-golf-works-462x347.jpg 462w, https:\/\/ruffgolf.eu\/wp-content\/uploads\/2024\/09\/how-simulator-golf-works-592x444.jpg 592w, https:\/\/ruffgolf.eu\/wp-content\/uploads\/2024\/09\/how-simulator-golf-works-721x541.jpg 721w, https:\/\/ruffgolf.eu\/wp-content\/uploads\/2024\/09\/how-simulator-golf-works-608x456.jpg 608w, https:\/\/ruffgolf.eu\/wp-content\/uploads\/2024\/09\/how-simulator-golf-works.jpg 933w\" sizes=\"auto, (max-width: 622px) 100vw, 622px\" \/><\/figure>\n<\/div>\n\n\n\n<div class=\"qt-container is-vertically-aligned-center is-style-text\">\n<p class=\"is-style-eyebrow\">Bara det b\u00e4sta \u00e4r bra nog<\/p>\n\n\n\n<h2 class=\"wp-block-heading\">En golflounge i v\u00e4rldsklass<\/h2>\n\n\n\n<p>V\u00e5r ambition \u00e4r att leverera upplevelser ut\u00f6ver det vanliga, vare sig du \u00e4lskar golf eller just bekantat dig med sporten. V\u00e5r p\u00e5kostade simulatorutrustning, de v\u00e4l tilltagna spelarb\u00e5sen, kvaliteten i v\u00e5ra dukar, projektorer och konstgr\u00e4smattor \u00e4r n\u00e5got vi \u00e4r otroligt stolta \u00f6ver. Ta med dig din egen utrustning eller kom som du \u00e4r. Hos oss finns klubbor att l\u00e5na, mat och dryck att best\u00e4lla och alltid trevlig personal som st\u00e5r till din tj\u00e4nst.<\/p>\n\n\n\n<div class=\"wp-block-buttons is-layout-flex wp-block-buttons-is-layout-flex\">\n<div class=\"wp-block-button is-style-button-with-arrow\"><a class=\"wp-block-button__link wp-element-button\" href=\"#booking\">Boka golfsimulator<\/a><\/div>\n<\/div>\n<\/div>\n<\/div><\/section>\n<\/div>\n<\/div><\/section>\n\n\n\n<section class=\"qt-section container-default cta-large\">\n\t<div class=\"qt-section__inner grid grid-col-1\">\n\t\t<div class=\"qt-container\">\n\t\t\t<h2 class=\"wp-block-heading has-text-align-center has-accent-1-color has-text-color has-xxl-font-size\">Bli medlem i Sverige sk\u00f6naste golfklubb<\/h2>\n\t\t\t<div class=\"wp-block-buttons is-content-justification-center\">\n\t\t\t\t<div class=\"wp-block-button is-style-button-cta\">\n\t\t\t\t\t<a href=\"https:\/\/ruffgolf.eu\/sv\/medlemskap\/\" class=\"wp-block-button__link wp-element-button\" title=\"Bli medlem\" target=\"\">Bli medlem<\/a>\n\t\t\t\t<\/div>\n\t\t\t<\/div>\n\t\t<\/div>\n\t<\/div>\n<\/section>\n\n\n\n<section class=\"qt-section linked-boxes\">\n\t<div class=\"qt-section__inner grid grid-col-4\">\n\t\n\t\t\t<div class=\"qt-container card-linked-box has-background\">\n\t\t\t\t<a href=\"https:\/\/ruffgolf.eu\/sv\/franchise\/\" title=\"Franchise\" target=\"\">\n\t\t\t\t\t<h2>Franchisetagare<\/h2>\n\t\t\t\t\t<p>Bli franchisetagare och starta din egen RUFF-anl\u00e4ggning.<\/p>\n\t\t\t\t<\/a>\n\t\t\t<\/div>\n\t\t\t\n\t\t\t\n\t\t\t<div class=\"qt-container card-linked-box has-background\">\n\t\t\t\t<a href=\"https:\/\/ruffgolf.eu\/sv\/partnerskap\/\" title=\"F\u00f6retagspaket\" target=\"\">\n\t\t\t\t\t<h2>Partnerskap<\/h2>\n\t\t\t\t\t<p>F\u00f6r f\u00f6retag och golfklubbar. Bli h\u00e5l\/simulatorsponsor hos RUFF.<\/p>\n\t\t\t\t<\/a>\n\t\t\t<\/div>\n\t\t\t\n\t\t\t\n\t\t\t<div class=\"qt-container card-linked-box has-background\">\n\t\t\t\t<a href=\"https:\/\/apps.apple.com\/se\/app\/ruff-golf\/id6449463765\" title=\"Ladda ner appen\" target=\"_blank\" rel=\"noopener\">\n\t\t\t\t\t<h2>Ladda ner appen<\/h2>\n\t\t\t\t\t<p>Ta del av f\u00f6rm\u00e5nliga erbjudanden och bonussystem.<\/p>\n\t\t\t\t<\/a>\n\t\t\t<\/div>\n\t\t\t\n\t\t\t\n\t\t\t<div class=\"qt-container card-linked-box has-background\">\n\t\t\t\t<a href=\"https:\/\/ruffgolf.eu\/sv\/kontakt\/\" title=\"Kontakt\" target=\"\">\n\t\t\t\t\t<h2>Kontakt<\/h2>\n\t\t\t\t\t<p>Fr\u00e5gor? Kontakta oss s\u00e5 hj\u00e4lper vi dig!<\/p>\n\t\t\t\t<\/a>\n\t\t\t<\/div>\n\t\t\t\n\t\t\t\t<\/div>\n<\/section>\n","protected":false},"excerpt":{"rendered":"","protected":false},"author":1,"featured_media":0,"parent":0,"menu_order":0,"comment_status":"closed","ping_status":"closed","template":"","meta":{"_acf_changed":false,"footnotes":""},"class_list":["post-746","page","type-page","status-publish","hentry"],"acf":[],"_links":{"self":[{"href":"https:\/\/ruffgolf.eu\/sv\/wp-json\/wp\/v2\/pages\/746","targetHints":{"allow":["GET"]}}],"collection":[{"href":"https:\/\/ruffgolf.eu\/sv\/wp-json\/wp\/v2\/pages"}],"about":[{"href":"https:\/\/ruffgolf.eu\/sv\/wp-json\/wp\/v2\/types\/page"}],"author":[{"embeddable":true,"href":"https:\/\/ruffgolf.eu\/sv\/wp-json\/wp\/v2\/users\/1"}],"replies":[{"embeddable":true,"href":"https:\/\/ruffgolf.eu\/sv\/wp-json\/wp\/v2\/comments?post=746"}],"version-history":[{"count":4,"href":"https:\/\/ruffgolf.eu\/sv\/wp-json\/wp\/v2\/pages\/746\/revisions"}],"predecessor-version":[{"id":4094,"href":"https:\/\/ruffgolf.eu\/sv\/wp-json\/wp\/v2\/pages\/746\/revisions\/4094"}],"wp:attachment":[{"href":"https:\/\/ruffgolf.eu\/sv\/wp-json\/wp\/v2\/media?parent=746"}],"curies":[{"name":"wp","href":"https:\/\/api.w.org\/{rel}","templated":true}]}}