{"id":750,"date":"2024-09-10T16:42:58","date_gmt":"2024-09-10T14:42:58","guid":{"rendered":"https:\/\/ruffgolf.eu\/?page_id=750"},"modified":"2024-11-14T14:35:29","modified_gmt":"2024-11-14T13:35:29","slug":"fragor-och-svar","status":"publish","type":"page","link":"https:\/\/ruffgolf.eu\/sv\/fragor-och-svar\/","title":{"rendered":"Fr\u00e5gor och svar"},"content":{"rendered":"\n<section class=\"qt-section container-m\"><div class=\"qt-section__inner grid grid-col-1\">\n<div class=\"qt-container container-s is-style-default\">\n<p class=\"has-text-align-center is-style-eyebrow\">vi finns h\u00e4r f\u00f6r dig<\/p>\n\n\n\n<h1 class=\"wp-block-heading has-text-align-center\">Fr\u00e5gor och svar<\/h1>\n\n\n\n<p class=\"has-text-align-center\">H\u00e4r hittar du svaren p\u00e5 v\u00e5ra vanligaste fr\u00e5gor. Hittar du inte svaret p\u00e5 din fr\u00e5ga \u00e4r det vara att kontakta oss s\u00e5 hj\u00e4lper vi dig!<\/p>\n\n\n\n<div class=\"wp-block-buttons is-content-justification-center is-layout-flex wp-container-core-buttons-is-layout-a89b3969 wp-block-buttons-is-layout-flex\">\n<div class=\"wp-block-button is-style-fill\"><a class=\"wp-block-button__link wp-element-button\" href=\"https:\/\/ruffgolf.eu\/sv\/kontakt\/\">Kontakta oss<\/a><\/div>\n<\/div>\n<\/div>\n<\/div><\/section>\n\n\n\n<section class=\"qt-section container-m\"><div class=\"qt-section__inner grid grid-col-1\">\n<div class=\"qt-container\">\t<div class=\"faq\">\n\t\t\t<div class=\"accordion-item\">\n\t\t\t<div class=\"accordion-item__heading\">\n\t\t\t\t<h2>Var finns RUFF?<\/h2>\n\t\t\t\t<span class=\"accordion-item__icon\">\n\t\t\t\t\t<span class=\"accordion-icon__inner\">\n\t\t\t\t\t\t<img loading=\"lazy\" decoding=\"async\" src=\"https:\/\/ruffgolf.eu\/wp-content\/themes\/q-theme\/assets\/images\/caret.svg\" alt=\"Downward-facing arrow\" width=\"12\" height=\"12\">\n\t\t\t\t\t<\/span>\n\t\t\t\t<\/span>\n\t\t\t<\/div>\n\t\t\t<div class=\"accordion-item__content\">\n\t\t\t\t<div class=\"accordion-content__inner\">\n\t\t\t\t\t<p>Vi har idag flera anl\u00e4ggningar runt om i landet.\u00a0<a href=\"https:\/\/ruffgolf.eu\/sv\/indoor-golf\/\">Du hittar samtliga anl\u00e4ggningar h\u00e4r.<\/a><\/p>\n\t\t\t\t<\/div>\n\t\t\t<\/div>\n\t\t<\/div>\n\t\t\t\t<div class=\"accordion-item\">\n\t\t\t<div class=\"accordion-item__heading\">\n\t\t\t\t<h2>Hur bokar och betalar jag?<\/h2>\n\t\t\t\t<span class=\"accordion-item__icon\">\n\t\t\t\t\t<span class=\"accordion-icon__inner\">\n\t\t\t\t\t\t<img loading=\"lazy\" decoding=\"async\" src=\"https:\/\/ruffgolf.eu\/wp-content\/themes\/q-theme\/assets\/images\/caret.svg\" alt=\"Downward-facing arrow\" width=\"12\" height=\"12\">\n\t\t\t\t\t<\/span>\n\t\t\t\t<\/span>\n\t\t\t<\/div>\n\t\t\t<div class=\"accordion-item__content\">\n\t\t\t\t<div class=\"accordion-content__inner\">\n\t\t\t\t\t<p>Bokning och betalning sker h\u00e4r via hemsidan eller i RUFF App.<\/p>\n\t\t\t\t<\/div>\n\t\t\t<\/div>\n\t\t<\/div>\n\t\t\t\t<div class=\"accordion-item\">\n\t\t\t<div class=\"accordion-item__heading\">\n\t\t\t\t<h2>Hur m\u00e5nga kan spela samtidigt?<\/h2>\n\t\t\t\t<span class=\"accordion-item__icon\">\n\t\t\t\t\t<span class=\"accordion-icon__inner\">\n\t\t\t\t\t\t<img loading=\"lazy\" decoding=\"async\" src=\"https:\/\/ruffgolf.eu\/wp-content\/themes\/q-theme\/assets\/images\/caret.svg\" alt=\"Downward-facing arrow\" width=\"12\" height=\"12\">\n\t\t\t\t\t<\/span>\n\t\t\t\t<\/span>\n\t\t\t<\/div>\n\t\t\t<div class=\"accordion-item__content\">\n\t\t\t\t<div class=\"accordion-content__inner\">\n\t\t\t\t\t<p>Vi rekommenderar att vara maximalt 2-3 personer per simulator.<\/p>\n\t\t\t\t<\/div>\n\t\t\t<\/div>\n\t\t<\/div>\n\t\t\t\t<div class=\"accordion-item\">\n\t\t\t<div class=\"accordion-item__heading\">\n\t\t\t\t<h2>M\u00e5ste jag kunna spela golf f\u00f6r att bes\u00f6ka RUFF?<\/h2>\n\t\t\t\t<span class=\"accordion-item__icon\">\n\t\t\t\t\t<span class=\"accordion-icon__inner\">\n\t\t\t\t\t\t<img loading=\"lazy\" decoding=\"async\" src=\"https:\/\/ruffgolf.eu\/wp-content\/themes\/q-theme\/assets\/images\/caret.svg\" alt=\"Downward-facing arrow\" width=\"12\" height=\"12\">\n\t\t\t\t\t<\/span>\n\t\t\t\t<\/span>\n\t\t\t<\/div>\n\t\t\t<div class=\"accordion-item__content\">\n\t\t\t\t<div class=\"accordion-content__inner\">\n\t\t\t\t\t<p>Nej det beh\u00f6ver du inte. Till RUFF \u00e4r alla v\u00e4lkomna, vare sig du \u00e4r ett proffs, en glad amat\u00f6r eller aldrig tidigare spelat. Att bes\u00f6ka RUFF \u00e4r det perfekta s\u00e4ttet att testa p\u00e5 golfen s\u00e5 v\u00e4l som att f\u00f6rfina tekniken.<\/p>\n\t\t\t\t<\/div>\n\t\t\t<\/div>\n\t\t<\/div>\n\t\t\t\t<div class=\"accordion-item\">\n\t\t\t<div class=\"accordion-item__heading\">\n\t\t\t\t<h2>Hur kan jag l\u00e4ra mig mer om TrackMan?<\/h2>\n\t\t\t\t<span class=\"accordion-item__icon\">\n\t\t\t\t\t<span class=\"accordion-icon__inner\">\n\t\t\t\t\t\t<img loading=\"lazy\" decoding=\"async\" src=\"https:\/\/ruffgolf.eu\/wp-content\/themes\/q-theme\/assets\/images\/caret.svg\" alt=\"Downward-facing arrow\" width=\"12\" height=\"12\">\n\t\t\t\t\t<\/span>\n\t\t\t\t<\/span>\n\t\t\t<\/div>\n\t\t\t<div class=\"accordion-item__content\">\n\t\t\t\t<div class=\"accordion-content__inner\">\n\t\t\t\t\t<p>P\u00e5 alla RUFF-anl\u00e4ggningar arbetar erfaren och kunnig personal som kan hj\u00e4lpa dig navigera och f\u00f6rst\u00e5 TrackMan. \u00c4r du redan nu nyfiken p\u00e5 att l\u00e4sa mer om TrackMan finns massor med information p\u00e5\u00a0<a href=\"https:\/\/trackmangolf.com\/\" target=\"_blank\" rel=\"noopener\">TrackMans hemsida<\/a>.<\/p>\n<p>Vi har \u00e4ven gjort flera vloggar d\u00e4r vi diskuterar TrackMan. Spana in v\u00e5r\u00a0<a href=\"https:\/\/www.youtube.com\/channel\/UC81690W5fGzNO5kX4m8ZuGg\" target=\"_blank\" rel=\"noopener\">YouTube-kanal<\/a>.<\/p>\n\t\t\t\t<\/div>\n\t\t\t<\/div>\n\t\t<\/div>\n\t\t\t\t<div class=\"accordion-item\">\n\t\t\t<div class=\"accordion-item__heading\">\n\t\t\t\t<h2>Kan jag nyttja friskv\u00e5rdsbidrag hos RUFF?<\/h2>\n\t\t\t\t<span class=\"accordion-item__icon\">\n\t\t\t\t\t<span class=\"accordion-icon__inner\">\n\t\t\t\t\t\t<img loading=\"lazy\" decoding=\"async\" src=\"https:\/\/ruffgolf.eu\/wp-content\/themes\/q-theme\/assets\/images\/caret.svg\" alt=\"Downward-facing arrow\" width=\"12\" height=\"12\">\n\t\t\t\t\t<\/span>\n\t\t\t\t<\/span>\n\t\t\t<\/div>\n\t\t\t<div class=\"accordion-item__content\">\n\t\t\t\t<div class=\"accordion-content__inner\">\n\t\t\t\t\t<p>RUFF \u00e4r anslutna till\u00a0<a href=\"https:\/\/www.epassi.se\/sv\/\" target=\"_blank\" rel=\"noopener\">Epassi<\/a> och friskv\u00e5rdsbidraget g\u00e4ller p\u00e5 samtliga anl\u00e4ggningar.<\/p>\n\t\t\t\t<\/div>\n\t\t\t<\/div>\n\t\t<\/div>\n\t\t\t\t<div class=\"accordion-item\">\n\t\t\t<div class=\"accordion-item__heading\">\n\t\t\t\t<h2>Hur s\u00f6ker jag jobb hos er?<\/h2>\n\t\t\t\t<span class=\"accordion-item__icon\">\n\t\t\t\t\t<span class=\"accordion-icon__inner\">\n\t\t\t\t\t\t<img loading=\"lazy\" decoding=\"async\" src=\"https:\/\/ruffgolf.eu\/wp-content\/themes\/q-theme\/assets\/images\/caret.svg\" alt=\"Downward-facing arrow\" width=\"12\" height=\"12\">\n\t\t\t\t\t<\/span>\n\t\t\t\t<\/span>\n\t\t\t<\/div>\n\t\t\t<div class=\"accordion-item__content\">\n\t\t\t\t<div class=\"accordion-content__inner\">\n\t\t\t\t\t<p>RUFF befinner sig i en expansionsfas \u00e4r st\u00e4ndigt p\u00e5 jakt efter nya talanger till teamet. Vi \u00e4lskar golf och m\u00e4nniskor som delar v\u00e5rt intresse. Har du en naturlig fallenhet f\u00f6r service och kunskap du vill dela med dig av tror vi att du skulle kunna passa in i v\u00e5rt team.<\/p>\n<p>Skicka in en spontanans\u00f6kan till\u00a0<a href=\"mailto:info@ruffgolf.se\">info@ruffgolf.se<\/a>.<\/p>\n\t\t\t\t<\/div>\n\t\t\t<\/div>\n\t\t<\/div>\n\t\t\t\t<div class=\"accordion-item\">\n\t\t\t<div class=\"accordion-item__heading\">\n\t\t\t\t<h2>G\u00e5r det att boka RUFF f\u00f6r event?<\/h2>\n\t\t\t\t<span class=\"accordion-item__icon\">\n\t\t\t\t\t<span class=\"accordion-icon__inner\">\n\t\t\t\t\t\t<img loading=\"lazy\" decoding=\"async\" src=\"https:\/\/ruffgolf.eu\/wp-content\/themes\/q-theme\/assets\/images\/caret.svg\" alt=\"Downward-facing arrow\" width=\"12\" height=\"12\">\n\t\t\t\t\t<\/span>\n\t\t\t\t<\/span>\n\t\t\t<\/div>\n\t\t\t<div class=\"accordion-item__content\">\n\t\t\t\t<div class=\"accordion-content__inner\">\n\t\t\t\t\t<p>Ja det g\u00f6r det! Ta kontakt med den anl\u00e4ggning du \u00f6nskar abonnera.<\/p>\n\t\t\t\t<\/div>\n\t\t\t<\/div>\n\t\t<\/div>\n\t\t\t\t<div class=\"accordion-item\">\n\t\t\t<div class=\"accordion-item__heading\">\n\t\t\t\t<h2>Vad skiljer RUFF fr\u00e5n \u00f6vriga Indoor golf akt\u00f6rer?<\/h2>\n\t\t\t\t<span class=\"accordion-item__icon\">\n\t\t\t\t\t<span class=\"accordion-icon__inner\">\n\t\t\t\t\t\t<img loading=\"lazy\" decoding=\"async\" src=\"https:\/\/ruffgolf.eu\/wp-content\/themes\/q-theme\/assets\/images\/caret.svg\" alt=\"Downward-facing arrow\" width=\"12\" height=\"12\">\n\t\t\t\t\t<\/span>\n\t\t\t\t<\/span>\n\t\t\t<\/div>\n\t\t\t<div class=\"accordion-item__content\">\n\t\t\t\t<div class=\"accordion-content__inner\">\n\t\t\t\t\t<p>P\u00e5 RUFF f\u00e5r du samma upplevelse oavsett anl\u00e4ggning. V\u00e5r personal \u00e4r kunnig och behj\u00e4lplig i alla avseenden.<\/p>\n\t\t\t\t<\/div>\n\t\t\t<\/div>\n\t\t<\/div>\n\t\t\t\t<div class=\"accordion-item\">\n\t\t\t<div class=\"accordion-item__heading\">\n\t\t\t\t<h2>Kan man boka tr\u00e4ning med golftr\u00e4nare hos er p\u00e5 RUFF?<\/h2>\n\t\t\t\t<span class=\"accordion-item__icon\">\n\t\t\t\t\t<span class=\"accordion-icon__inner\">\n\t\t\t\t\t\t<img loading=\"lazy\" decoding=\"async\" src=\"https:\/\/ruffgolf.eu\/wp-content\/themes\/q-theme\/assets\/images\/caret.svg\" alt=\"Downward-facing arrow\" width=\"12\" height=\"12\">\n\t\t\t\t\t<\/span>\n\t\t\t\t<\/span>\n\t\t\t<\/div>\n\t\t\t<div class=\"accordion-item__content\">\n\t\t\t\t<div class=\"accordion-content__inner\">\n\t\t\t\t\t<p>Ja, p\u00e5 flera av v\u00e5ra anl\u00e4ggningar finns en PGA utbildad tr\u00e4nare som \u00e4r tillg\u00e4nglig f\u00f6r tr\u00e4ning. Maila eller ring din n\u00e4rmsta anl\u00e4ggning s\u00e5 f\u00e5r du hj\u00e4lp att komma i kontakt med tr\u00e4naren.<\/p>\n\t\t\t\t<\/div>\n\t\t\t<\/div>\n\t\t<\/div>\n\t\t\t<\/div>\n\n\t<\/div>\n<\/div><\/section>\n\n\n\n<section class=\"qt-section container-default cta-large\">\n\t<div class=\"qt-section__inner grid grid-col-1\">\n\t\t<div class=\"qt-container\">\n\t\t\t<h2 class=\"wp-block-heading has-text-align-center has-accent-1-color has-text-color has-xxl-font-size\">Redo f\u00f6r en grym kv\u00e4ll?<\/h2>\n\t\t\t<div class=\"wp-block-buttons is-content-justification-center\">\n\t\t\t\t<div class=\"wp-block-button is-style-button-cta\">\n\t\t\t\t\t<a href=\"#booking\" class=\"wp-block-button__link wp-element-button\" title=\"Boka nu\" target=\"\">Boka nu<\/a>\n\t\t\t\t<\/div>\n\t\t\t<\/div>\n\t\t<\/div>\n\t<\/div>\n<\/section>\n\n\n\n<section class=\"qt-section linked-boxes\">\n\t<div class=\"qt-section__inner grid grid-col-4\">\n\t\n\t\t\t<div class=\"qt-container card-linked-box has-background\">\n\t\t\t\t<a href=\"https:\/\/ruffgolf.eu\/sv\/indoor-golf\/\" title=\"Anl\u00e4ggningar\" target=\"\">\n\t\t\t\t\t<h2>V\u00e5ra anl\u00e4ggningar<\/h2>\n\t\t\t\t\t<p>Hitta ditt n\u00e4rmsta RUFF f\u00f6r att se \u00f6ppettider och evenemang.<\/p>\n\t\t\t\t<\/a>\n\t\t\t<\/div>\n\t\t\t\n\t\t\t\n\t\t\t<div class=\"qt-container card-linked-box has-background\">\n\t\t\t\t<a href=\"https:\/\/ruffgolf.eu\/sv\/partnerskap\/\" title=\"F\u00f6retagspaket\" target=\"\">\n\t\t\t\t\t<h2>Partnerskap<\/h2>\n\t\t\t\t\t<p>F\u00f6r f\u00f6retag och golfklubbar. Bli h\u00e5l\/simulatorsponsor hos RUFF.<\/p>\n\t\t\t\t<\/a>\n\t\t\t<\/div>\n\t\t\t\n\t\t\t\n\t\t\t<div class=\"qt-container card-linked-box has-background\">\n\t\t\t\t<a href=\"https:\/\/apps.apple.com\/se\/app\/ruff-golf\/id6449463765\" title=\"\" target=\"_blank\" rel=\"noopener\">\n\t\t\t\t\t<h2>Ladda ner appen<\/h2>\n\t\t\t\t\t<p>Ta del av f\u00f6rm\u00e5nliga erbjudanden och bonussystem.<\/p>\n\t\t\t\t<\/a>\n\t\t\t<\/div>\n\t\t\t\n\t\t\t\n\t\t\t<div class=\"qt-container card-linked-box has-background\">\n\t\t\t\t<a href=\"https:\/\/ruffgolf.eu\/sv\/franchise\/\" title=\"Franchise\" target=\"\">\n\t\t\t\t\t<h2>Franchisetagare<\/h2>\n\t\t\t\t\t<p>Bli franchisetagare och starta din egen RUFF-anl\u00e4ggning.<\/p>\n\t\t\t\t<\/a>\n\t\t\t<\/div>\n\t\t\t\n\t\t\t\t<\/div>\n<\/section>\n","protected":false},"excerpt":{"rendered":"","protected":false},"author":1,"featured_media":0,"parent":0,"menu_order":0,"comment_status":"closed","ping_status":"closed","template":"","meta":{"_acf_changed":false,"footnotes":""},"class_list":["post-750","page","type-page","status-publish","hentry"],"acf":[],"_links":{"self":[{"href":"https:\/\/ruffgolf.eu\/sv\/wp-json\/wp\/v2\/pages\/750","targetHints":{"allow":["GET"]}}],"collection":[{"href":"https:\/\/ruffgolf.eu\/sv\/wp-json\/wp\/v2\/pages"}],"about":[{"href":"https:\/\/ruffgolf.eu\/sv\/wp-json\/wp\/v2\/types\/page"}],"author":[{"embeddable":true,"href":"https:\/\/ruffgolf.eu\/sv\/wp-json\/wp\/v2\/users\/1"}],"replies":[{"embeddable":true,"href":"https:\/\/ruffgolf.eu\/sv\/wp-json\/wp\/v2\/comments?post=750"}],"version-history":[{"count":3,"href":"https:\/\/ruffgolf.eu\/sv\/wp-json\/wp\/v2\/pages\/750\/revisions"}],"predecessor-version":[{"id":3869,"href":"https:\/\/ruffgolf.eu\/sv\/wp-json\/wp\/v2\/pages\/750\/revisions\/3869"}],"wp:attachment":[{"href":"https:\/\/ruffgolf.eu\/sv\/wp-json\/wp\/v2\/media?parent=750"}],"curies":[{"name":"wp","href":"https:\/\/api.w.org\/{rel}","templated":true}]}}