{"id":7522,"date":"2025-12-19T23:08:54","date_gmt":"2025-12-19T22:08:54","guid":{"rendered":"https:\/\/ruffgolf.eu\/?page_id=7522"},"modified":"2026-01-16T10:34:04","modified_gmt":"2026-01-16T09:34:04","slug":"medlemskap-drottninggatan","status":"publish","type":"page","link":"https:\/\/ruffgolf.eu\/sv\/medlemskap-drottninggatan\/","title":{"rendered":"Medlemskap &#8211; Drottninggatan 89"},"content":{"rendered":"\n<section class=\"qt-section container-m\"><div class=\"qt-section__inner grid grid-col-1\">\n<div class=\"qt-container\">\n<p class=\"has-text-align-center is-style-eyebrow\">Anslut dig<\/p>\n\n\n\n<h1 class=\"wp-block-heading has-text-align-center\">Bli medlem p\u00e5 ruff drottninggatan 89<\/h1>\n\n\n\n<p class=\"has-text-align-center\"><br>Som medlem f\u00e5r du ta del av en rad f\u00f6rm\u00e5nliga erbjudanden <strong>inklusive f\u00f6rtur och m\u00f6jlighet att delta i exklusiva event och t\u00e4vlingar<\/strong>, som exempelvis <strong>KM i minigolf<\/strong>.<\/p>\n\n\n\n<ul class=\"wp-block-list is-style-horizontal-list\">\n<li>Gratis speltimmar<\/li>\n\n\n\n<li>Rabatterade \u00f6vriga speltider<\/li>\n\n\n\n<li>Inbjudningar till events<\/li>\n\n\n\n<li>f\u00f6rm\u00e5ner<\/li>\n<\/ul>\n<\/div>\n<\/div><\/section>\n\n\n\n<section class=\"qt-section memberships\" id=\"membership\">\n    <div class=\"qt-section__inner grid grid-col-1\">\n\n                    <div class=\"qt-container\">\n                <h2 class=\"wp-block-heading has-text-align-center\">V\u00e5ra medlemskap<\/h2>\n            <\/div>\n            \n        <div class=\"qt-container\">\n            <section class=\"qt-section\">\n                <div class=\"qt-section__inner grid grid-col-3\">\n                                        <div class=\"qt-container card-membership has-background\">\n                            <p class=\"membership__type\">RUFF member \u2013 F\u00f6r dig som vill b\u00f6rja smart<\/p>\n                            <div class=\"membership__content\">\n                                <p class=\"membership__price\">1695 kr per \u00e5r<\/p>\n                                                                    <ul class=\"wp-block-list membership__benefits\">\n                                                                                    <li>1 timme gratis per \u00e5r<\/li>\n                                                                                        <li>30% rabatt lowtime<\/li>\n                                                                                        <li>15% rabatt primetime <\/li>\n                                                                                        <li>Rabatter g\u00e4ller \u00e4ven f\u00f6r minigolf<\/li>\n                                                                                <\/ul>\n                                                                <\/div>\n\t\t\t\t\t\t\t\n\t\t\t\t\t\t\t                            <div class=\"wp-block-buttons membership__button\">\n                                <div class=\"wp-block-button is-style-fill\">\n                                    <a href=\"#\" class=\"wp-block-button__link\" title=\"K\u00f6p medlemskapet p\u00e5 anl\u00e4ggningen\" target=\"\">K\u00f6p medlemskapet p\u00e5 anl\u00e4ggningen<\/a>\n                                <\/div>\n                            <\/div>\n\t\t\t\t\t\t\t                        <\/div>\n                                                <div class=\"qt-container card-membership has-background\">\n                            <p class=\"membership__type\">Ruff member + \u2013 F\u00f6r dig som spelar regelbundet<\/p>\n                            <div class=\"membership__content\">\n                                <p class=\"membership__price\">3495 kr per \u00e5r<\/p>\n                                                                    <ul class=\"wp-block-list membership__benefits\">\n                                                                                    <li>1 timme gratis per m\u00e5nad<\/li>\n                                                                                        <li>30% rabatt lowtime<\/li>\n                                                                                        <li>15% rabatt primetime <\/li>\n                                                                                        <li>Rabatter g\u00e4ller \u00e4ven f\u00f6r minigolf<\/li>\n                                                                                <\/ul>\n                                                                <\/div>\n\t\t\t\t\t\t\t\n\t\t\t\t\t\t\t                            <div class=\"wp-block-buttons membership__button\">\n                                <div class=\"wp-block-button is-style-fill\">\n                                    <a href=\"#\" class=\"wp-block-button__link\" title=\"K\u00f6p medlemskapet p\u00e5 anl\u00e4ggningen\" target=\"\">K\u00f6p medlemskapet p\u00e5 anl\u00e4ggningen<\/a>\n                                <\/div>\n                            <\/div>\n\t\t\t\t\t\t\t                        <\/div>\n                                                <div class=\"qt-container card-membership has-background\">\n                            <p class=\"membership__type\">RUFF member day-pass \u2013 F\u00f6r dig som vill maxa din speltid<\/p>\n                            <div class=\"membership__content\">\n                                <p class=\"membership__price\">9995 kr per \u00e5r<\/p>\n                                                                    <ul class=\"wp-block-list membership__benefits\">\n                                                                                    <li>5 fria timmar per m\u00e5nad<\/li>\n                                                                                        <li>30% rabatt lowtime<\/li>\n                                                                                        <li>15% rabatt primetime <\/li>\n                                                                                        <li>Rabatter g\u00e4ller \u00e4ven f\u00f6r minigolf<\/li>\n                                                                                <\/ul>\n                                                                <\/div>\n\t\t\t\t\t\t\t\n\t\t\t\t\t\t\t                            <div class=\"wp-block-buttons membership__button\">\n                                <div class=\"wp-block-button is-style-fill\">\n                                    <a href=\"#\" class=\"wp-block-button__link\" title=\"K\u00f6p medlemskapet p\u00e5 anl\u00e4ggningen\" target=\"\">K\u00f6p medlemskapet p\u00e5 anl\u00e4ggningen<\/a>\n                                <\/div>\n                            <\/div>\n\t\t\t\t\t\t\t                        <\/div>\n                                        <\/div>\n            <\/section>\n        <\/div>\n\n\t<\/div>\n<\/section>\n\n\n<section class=\"qt-section container-default is-style-section-image-right\"><div class=\"qt-section__inner grid grid-col-2\">\n<div class=\"qt-container is-vertically-aligned-center is-style-text\">\n<p class=\"is-style-eyebrow\">S\u00e5 funkar medlemskapet<\/p>\n\n\n\n<h2 class=\"wp-block-heading\">RUFF member<\/h2>\n\n\n\n<p>V\u00e5rt grundl\u00e4ggande medlemskap ger dig en fri speltimme samt gener\u00f6sa rabatter \u00f6vrig tid.<\/p>\n\n\n\n<ul class=\"wp-block-list\">\n<li>1 fri timme per \u00e5r som kan nyttjas under Lowtime*<\/li>\n\n\n\n<li>30% rabatt under lowtime<\/li>\n\n\n\n<li>15% rabatt under primetime<\/li>\n\n\n\n<li>Rabatter g\u00e4ller \u00e4ven f\u00f6r minigolf<\/li>\n<\/ul>\n\n\n\n<p class=\"has-accent-1-color has-text-color has-link-color has-xs-font-size wp-elements-4512b845e6b903524f6f8b07c00c1fd7\"><\/p>\n\n\n\n<div class=\"wp-block-buttons is-layout-flex wp-block-buttons-is-layout-flex\">\n<div class=\"wp-block-button is-style-button-with-arrow\"><a class=\"wp-block-button__link wp-element-button\" href=\"#\" target=\"_blank\" rel=\"noreferrer noopener nofollow\">Skaffa f\u00f6r 1695 kr<\/a><\/div>\n<\/div>\n<\/div>\n\n\n\n<div class=\"qt-container is-vertically-aligned-center is-style-image\">\n<figure class=\"wp-block-image alignleft size-full is-resized is-style-reset-image\"><img loading=\"lazy\" decoding=\"async\" width=\"1002\" height=\"958\" src=\"https:\/\/ruffgolf.eu\/wp-content\/uploads\/2025\/08\/Ruff-member-daypass.png\" alt=\"Ruff member - daypass\" class=\"wp-image-6166\" style=\"width:442px\" srcset=\"https:\/\/ruffgolf.eu\/wp-content\/uploads\/2025\/08\/Ruff-member-daypass.png 1002w, https:\/\/ruffgolf.eu\/wp-content\/uploads\/2025\/08\/Ruff-member-daypass-300x287.png 300w, https:\/\/ruffgolf.eu\/wp-content\/uploads\/2025\/08\/Ruff-member-daypass-768x734.png 768w, https:\/\/ruffgolf.eu\/wp-content\/uploads\/2025\/08\/Ruff-member-daypass-462x442.png 462w, https:\/\/ruffgolf.eu\/wp-content\/uploads\/2025\/08\/Ruff-member-daypass-592x566.png 592w, https:\/\/ruffgolf.eu\/wp-content\/uploads\/2025\/08\/Ruff-member-daypass-363x347.png 363w, https:\/\/ruffgolf.eu\/wp-content\/uploads\/2025\/08\/Ruff-member-daypass-488x467.png 488w, https:\/\/ruffgolf.eu\/wp-content\/uploads\/2025\/08\/Ruff-member-daypass-622x595.png 622w, https:\/\/ruffgolf.eu\/wp-content\/uploads\/2025\/08\/Ruff-member-daypass-566x541.png 566w, https:\/\/ruffgolf.eu\/wp-content\/uploads\/2025\/08\/Ruff-member-daypass-477x456.png 477w\" sizes=\"auto, (max-width: 1002px) 100vw, 1002px\" \/><\/figure>\n\n\n\t<div class=\"table-caption align-right\">\n\t\t\t\n\t\t<div class=\"table-caption__item\">\n\t\t\t<span class=\"dot dot-yellow\"><\/span>\n\t\t\tLowtime\t\t<\/div>\n\n\t\t\t\t\n\t\t<div class=\"table-caption__item\">\n\t\t\t<span class=\"dot dot-red\"><\/span>\n\t\t\tPrimetime\t\t<\/div>\n\n\t\t\t<\/div>\n\n\t<\/div>\n<\/div><\/section>\n\n\n\n<section class=\"qt-section container-default is-style-section-image-left\"><div class=\"qt-section__inner grid grid-col-2\">\n<div class=\"qt-container is-vertically-aligned-center is-style-image\">\n<figure class=\"wp-block-image alignright size-full is-resized is-style-reset-image\"><img loading=\"lazy\" decoding=\"async\" width=\"1002\" height=\"958\" src=\"https:\/\/ruffgolf.eu\/wp-content\/uploads\/2025\/09\/Utrecht-daypass-and-member-2025-09-25.png\" alt=\"\" class=\"wp-image-6383\" style=\"width:442px\" srcset=\"https:\/\/ruffgolf.eu\/wp-content\/uploads\/2025\/09\/Utrecht-daypass-and-member-2025-09-25.png 1002w, https:\/\/ruffgolf.eu\/wp-content\/uploads\/2025\/09\/Utrecht-daypass-and-member-2025-09-25-300x287.png 300w, https:\/\/ruffgolf.eu\/wp-content\/uploads\/2025\/09\/Utrecht-daypass-and-member-2025-09-25-768x734.png 768w, https:\/\/ruffgolf.eu\/wp-content\/uploads\/2025\/09\/Utrecht-daypass-and-member-2025-09-25-462x442.png 462w, https:\/\/ruffgolf.eu\/wp-content\/uploads\/2025\/09\/Utrecht-daypass-and-member-2025-09-25-592x566.png 592w, https:\/\/ruffgolf.eu\/wp-content\/uploads\/2025\/09\/Utrecht-daypass-and-member-2025-09-25-363x347.png 363w, https:\/\/ruffgolf.eu\/wp-content\/uploads\/2025\/09\/Utrecht-daypass-and-member-2025-09-25-488x467.png 488w, https:\/\/ruffgolf.eu\/wp-content\/uploads\/2025\/09\/Utrecht-daypass-and-member-2025-09-25-622x595.png 622w, https:\/\/ruffgolf.eu\/wp-content\/uploads\/2025\/09\/Utrecht-daypass-and-member-2025-09-25-566x541.png 566w, https:\/\/ruffgolf.eu\/wp-content\/uploads\/2025\/09\/Utrecht-daypass-and-member-2025-09-25-477x456.png 477w\" sizes=\"auto, (max-width: 1002px) 100vw, 1002px\" \/><\/figure>\n\n\n\t<div class=\"table-caption align-right\">\n\t\t\t\n\t\t<div class=\"table-caption__item\">\n\t\t\t<span class=\"dot dot-yellow\"><\/span>\n\t\t\tLowtime\t\t<\/div>\n\n\t\t\t\t\n\t\t<div class=\"table-caption__item\">\n\t\t\t<span class=\"dot dot-red\"><\/span>\n\t\t\tPrimetime\t\t<\/div>\n\n\t\t\t<\/div>\n\n\t<\/div>\n\n\n\n<div class=\"qt-container is-vertically-aligned-center is-style-text\">\n<p class=\"is-style-eyebrow\">S\u00e5 funkar medlemskapet<\/p>\n\n\n\n<h2 class=\"wp-block-heading\">RUFF member +<\/h2>\n\n\n\n<p>V\u00e5rt n\u00e4sta steg av medlemskap.<\/p>\n\n\n\n<ul class=\"wp-block-list\">\n<li>1 fri timme per m\u00e5nad som kan nyttjas under Lowtime<\/li>\n\n\n\n<li>30% rabatt under lowtime<\/li>\n\n\n\n<li>15% rabatt under primetime<\/li>\n\n\n\n<li>Rabatter g\u00e4ller \u00e4ven f\u00f6r minigolf<\/li>\n<\/ul>\n\n\n\n<p class=\"has-accent-1-color has-text-color has-link-color has-xs-font-size wp-elements-ca3bdc915193c33f9dc8cd2a24bc1845\">Begr\u00e4nsat antal<\/p>\n\n\n\n<div class=\"wp-block-buttons is-layout-flex wp-block-buttons-is-layout-flex\">\n<div class=\"wp-block-button is-style-button-with-arrow\"><a class=\"wp-block-button__link wp-element-button\" href=\"#\" target=\"_blank\" rel=\"noreferrer noopener nofollow\">Skaffa f\u00f6r 3495 kr<\/a><\/div>\n<\/div>\n<\/div>\n<\/div><\/section>\n\n\n\n<section class=\"qt-section container-default is-style-section-image-right\"><div class=\"qt-section__inner grid grid-col-2\">\n<div class=\"qt-container is-vertically-aligned-center is-style-text\">\n<p class=\"is-style-eyebrow\">S\u00e5 funkar medlemskapet<\/p>\n\n\n\n<h2 class=\"wp-block-heading\">RUFF member Day-pass<\/h2>\n\n\n\n<p>V\u00e5rt extra-allt-medlemskap f\u00f6r dig som inte kan f\u00e5 nog! V\u00e5rt mest f\u00f6rm\u00e5nliga medlemskap f\u00f6r dig som vill spela mycket under dagtid.<\/p>\n\n\n\n<ul class=\"wp-block-list\">\n<li>5 fria timmar per m\u00e5nad som kan nyttjas under Lowtime<\/li>\n\n\n\n<li>30% rabatt under lowtime*<\/li>\n\n\n\n<li>15% rabatt under primetime*<\/li>\n\n\n\n<li>Rabatter g\u00e4ller \u00e4ven f\u00f6r minigolf<\/li>\n<\/ul>\n\n\n\n<p class=\"has-accent-1-color has-text-color has-link-color has-xs-font-size wp-elements-4512b845e6b903524f6f8b07c00c1fd7\"><\/p>\n\n\n\n<p class=\"has-accent-1-color has-text-color has-link-color has-xs-font-size wp-elements-fe5387546db529542f3b9e1fd2bcd36e\">* Begr\u00e4nsat antal<\/p>\n\n\n\n<div class=\"wp-block-buttons is-layout-flex wp-block-buttons-is-layout-flex\">\n<div class=\"wp-block-button is-style-button-with-arrow\"><a class=\"wp-block-button__link wp-element-button\" href=\"#\" target=\"_blank\" rel=\"noreferrer noopener nofollow\">Skaffa f\u00f6r 9995 kr<\/a><\/div>\n<\/div>\n<\/div>\n\n\n\n<div class=\"qt-container is-vertically-aligned-center is-style-image\">\n<figure class=\"wp-block-image alignleft size-full is-resized is-style-reset-image\"><img loading=\"lazy\" decoding=\"async\" width=\"1002\" height=\"958\" src=\"https:\/\/ruffgolf.eu\/wp-content\/uploads\/2025\/08\/Ruff-member-daypass.png\" alt=\"Ruff member - daypass\" class=\"wp-image-6166\" style=\"width:442px\" srcset=\"https:\/\/ruffgolf.eu\/wp-content\/uploads\/2025\/08\/Ruff-member-daypass.png 1002w, https:\/\/ruffgolf.eu\/wp-content\/uploads\/2025\/08\/Ruff-member-daypass-300x287.png 300w, https:\/\/ruffgolf.eu\/wp-content\/uploads\/2025\/08\/Ruff-member-daypass-768x734.png 768w, https:\/\/ruffgolf.eu\/wp-content\/uploads\/2025\/08\/Ruff-member-daypass-462x442.png 462w, https:\/\/ruffgolf.eu\/wp-content\/uploads\/2025\/08\/Ruff-member-daypass-592x566.png 592w, https:\/\/ruffgolf.eu\/wp-content\/uploads\/2025\/08\/Ruff-member-daypass-363x347.png 363w, https:\/\/ruffgolf.eu\/wp-content\/uploads\/2025\/08\/Ruff-member-daypass-488x467.png 488w, https:\/\/ruffgolf.eu\/wp-content\/uploads\/2025\/08\/Ruff-member-daypass-622x595.png 622w, https:\/\/ruffgolf.eu\/wp-content\/uploads\/2025\/08\/Ruff-member-daypass-566x541.png 566w, https:\/\/ruffgolf.eu\/wp-content\/uploads\/2025\/08\/Ruff-member-daypass-477x456.png 477w\" sizes=\"auto, (max-width: 1002px) 100vw, 1002px\" \/><\/figure>\n\n\n\t<div class=\"table-caption align-left\">\n\t\t\t\n\t\t<div class=\"table-caption__item\">\n\t\t\t<span class=\"dot dot-yellow\"><\/span>\n\t\t\tLowtime\t\t<\/div>\n\n\t\t\t\t\n\t\t<div class=\"table-caption__item\">\n\t\t\t<span class=\"dot dot-red\"><\/span>\n\t\t\tPrimetime\t\t<\/div>\n\n\t\t\t<\/div>\n\n\t<\/div>\n<\/div><\/section>\n\n\n\n<div class=\"wp-block-buttons is-content-justification-center is-layout-flex wp-container-core-buttons-is-layout-a89b3969 wp-block-buttons-is-layout-flex\">\n<div class=\"wp-block-button\"><a class=\"wp-block-button__link wp-element-button\" href=\"https:\/\/ruffgolf.eu\/sv\/locations\/drottninggatan\/\">Tillbaka till startsidan<\/a><\/div>\n<\/div>\n\n\n\n<div style=\"height:100px\" aria-hidden=\"true\" class=\"wp-block-spacer\"><\/div>\n\n\n\n<section class=\"qt-section container-m\" id=\"contact\"><div class=\"qt-section__inner grid grid-col-1 has-background has-base-2-background-color\" style=\"background-color:#1B2B27\">\n<div class=\"qt-container\">\n<h2 class=\"wp-block-heading has-text-align-center\">k\u00f6p medlemskap hos oss<\/h2>\n<\/div>\n\n\n\n<div class=\"qt-container\">\n\n<div class=\"wpcf7 no-js\" id=\"wpcf7-f6751-o1\" lang=\"sv-SE\" dir=\"ltr\" data-wpcf7-id=\"6751\">\n<div class=\"screen-reader-response\"><p role=\"status\" aria-live=\"polite\" aria-atomic=\"true\"><\/p> <ul><\/ul><\/div>\n<form action=\"\/sv\/wp-json\/wp\/v2\/pages\/7522#wpcf7-f6751-o1\" method=\"post\" class=\"wpcf7-form init\" aria-label=\"Kontaktformul\u00e4r\" novalidate=\"novalidate\" data-status=\"init\">\n<fieldset class=\"hidden-fields-container\"><input type=\"hidden\" name=\"_wpcf7\" value=\"6751\" \/><input type=\"hidden\" name=\"_wpcf7_version\" value=\"6.1.5\" \/><input type=\"hidden\" name=\"_wpcf7_locale\" value=\"sv_SE\" \/><input type=\"hidden\" name=\"_wpcf7_unit_tag\" value=\"wpcf7-f6751-o1\" \/><input type=\"hidden\" name=\"_wpcf7_container_post\" value=\"0\" \/><input type=\"hidden\" name=\"_wpcf7_posted_data_hash\" value=\"\" \/><input type=\"hidden\" name=\"_wpcf7_recaptcha_response\" value=\"\" \/>\n<\/fieldset>\n<p><label>Fullst\u00e4ndigt namn<\/label><span class=\"wpcf7-form-control-wrap\" data-name=\"input-fullname\"><input size=\"40\" maxlength=\"400\" class=\"wpcf7-form-control wpcf7-text wpcf7-validates-as-required\" aria-required=\"true\" aria-invalid=\"false\" value=\"\" type=\"text\" name=\"input-fullname\" \/><\/span>\n<\/p>\n<p><label>E-post<\/label><span class=\"wpcf7-form-control-wrap\" data-name=\"input-email\"><input size=\"40\" maxlength=\"400\" class=\"wpcf7-form-control wpcf7-email wpcf7-validates-as-required wpcf7-text wpcf7-validates-as-email\" aria-required=\"true\" aria-invalid=\"false\" value=\"\" type=\"email\" name=\"input-email\" \/><\/span>\n<\/p>\n<p><label>Telefonnummer<\/label><span class=\"wpcf7-form-control-wrap\" data-name=\"input-phone\"><input size=\"40\" maxlength=\"400\" class=\"wpcf7-form-control wpcf7-text\" aria-invalid=\"false\" value=\"\" type=\"text\" name=\"input-phone\" \/><\/span>\n<\/p>\n<p><label>\u00d6nskat datum<\/label><span class=\"wpcf7-form-control-wrap\" data-name=\"input-date\"><input class=\"wpcf7-form-control wpcf7-date wpcf7-validates-as-required wpcf7-validates-as-date\" aria-required=\"true\" aria-invalid=\"false\" value=\"\" type=\"date\" name=\"input-date\" \/><\/span>\n<\/p>\n<p><label>Meddelande<\/label><span class=\"wpcf7-form-control-wrap\" data-name=\"input-message\"><textarea cols=\"40\" rows=\"6\" maxlength=\"2000\" class=\"wpcf7-form-control wpcf7-textarea wpcf7-validates-as-required\" aria-required=\"true\" aria-invalid=\"false\" name=\"input-message\"><\/textarea><\/span>\n<\/p>\n<p class=\"acceptance\">Genom att fylla i och skicka in detta formul\u00e4r samtycker du till att RUFF Invest AB lagrar dina personuppgifter i enlighet med v\u00e5r <a href=\"\/sv\/integritetspolicy\/\" rel=\"nofollow noopener\" target=\"_blank\">integritetspolicy<\/a>. Denna webbplats skyddas av reCAPTCHA, och <a href=\"https:\/\/policies.google.com\/privacy?hl=sv\" rel=\"nofollow noopener\" target=\"_blank\">Googles integritetspolicy<\/a> och <a href=\"https:\/\/policies.google.com\/terms?hl=sv\" rel=\"nofollow noopener\" target=\"_blank\">villkor<\/a> g\u00e4ller.\n<\/p>\n<div class=\"submit\">\n\t<p><input class=\"wpcf7-form-control wpcf7-submit has-spinner\" type=\"submit\" value=\"Skicka in\" \/>\n\t<\/p>\n<\/div><div class=\"wpcf7-response-output\" aria-hidden=\"true\"><\/div>\n<\/form>\n<\/div>\n\n<\/div>\n<\/div><\/section>\n\n\n\n<section class=\"qt-section container-default cta-large\">\n\t<div class=\"qt-section__inner grid grid-col-1\">\n\t\t<div class=\"qt-container\">\n\t\t\t<h2 class=\"wp-block-heading has-text-align-center has-accent-1-color has-text-color has-xxl-font-size\">Dags f\u00f6r n\u00e4sta golfrunda?<\/h2>\n\t\t\t<div class=\"wp-block-buttons is-content-justification-center\">\n\t\t\t\t<div class=\"wp-block-button is-style-button-cta\">\n\t\t\t\t\t<a href=\"https:\/\/ruffgolf.eu\/sv\/boka-drottninggatan\/\" class=\"wp-block-button__link wp-element-button\" title=\"Boka nu\" target=\"\">Boka nu<\/a>\n\t\t\t\t<\/div>\n\t\t\t<\/div>\n\t\t<\/div>\n\t<\/div>\n<\/section>\n","protected":false},"excerpt":{"rendered":"","protected":false},"author":2,"featured_media":0,"parent":0,"menu_order":0,"comment_status":"closed","ping_status":"closed","template":"page-mini-golf","meta":{"_acf_changed":false,"footnotes":""},"class_list":["post-7522","page","type-page","status-publish","hentry"],"acf":[],"_links":{"self":[{"href":"https:\/\/ruffgolf.eu\/sv\/wp-json\/wp\/v2\/pages\/7522","targetHints":{"allow":["GET"]}}],"collection":[{"href":"https:\/\/ruffgolf.eu\/sv\/wp-json\/wp\/v2\/pages"}],"about":[{"href":"https:\/\/ruffgolf.eu\/sv\/wp-json\/wp\/v2\/types\/page"}],"author":[{"embeddable":true,"href":"https:\/\/ruffgolf.eu\/sv\/wp-json\/wp\/v2\/users\/2"}],"replies":[{"embeddable":true,"href":"https:\/\/ruffgolf.eu\/sv\/wp-json\/wp\/v2\/comments?post=7522"}],"version-history":[{"count":21,"href":"https:\/\/ruffgolf.eu\/sv\/wp-json\/wp\/v2\/pages\/7522\/revisions"}],"predecessor-version":[{"id":7830,"href":"https:\/\/ruffgolf.eu\/sv\/wp-json\/wp\/v2\/pages\/7522\/revisions\/7830"}],"wp:attachment":[{"href":"https:\/\/ruffgolf.eu\/sv\/wp-json\/wp\/v2\/media?parent=7522"}],"curies":[{"name":"wp","href":"https:\/\/api.w.org\/{rel}","templated":true}]}}