{"id":7874,"date":"2026-01-22T14:41:13","date_gmt":"2026-01-22T13:41:13","guid":{"rendered":"https:\/\/ruffgolf.eu\/?page_id=7874"},"modified":"2026-04-30T10:01:52","modified_gmt":"2026-04-30T08:01:52","slug":"menyer-drottninggatan","status":"publish","type":"page","link":"https:\/\/ruffgolf.eu\/sv\/menyer-drottninggatan\/","title":{"rendered":"Menyer Drottninggatan"},"content":{"rendered":"\n<section class=\"qt-section container-m\"><div class=\"qt-section__inner grid grid-col-1\">\n<div class=\"qt-container\">\n<p class=\"has-text-align-center is-style-eyebrow\">Upplev v\u00e5r restaurang<\/p>\n\n\n\n<h1 class=\"wp-block-heading has-text-align-center\">V\u00c5RA MENYER<\/h1>\n\n\n\n<p class=\"has-text-align-left\">Hos oss m\u00f6ts pulsen fr\u00e5n innerstan med lugnet fr\u00e5n golfbanan. P\u00e5 RUFF Drottninggatan 89 kan du kombinera v\u00e4llagad mat, sp\u00e4nnande drinkar, unika viner, kall \u00f6l med en startid p\u00e5 St Andrews eller spel i v\u00e5r utmanande minigolfbana.<\/p>\n\n\n\n<p class=\"has-text-align-left\">Vi vill att varje bes\u00f6k ska k\u00e4nnas personligt och lyxigt, en plats d\u00e4r god smak, gott s\u00e4llskap och golfintresse f\u00e5r ta plats. V\u00e4lkomna till oss p\u00e5 Drottninggatan 89.<\/p>\n<\/div>\n<\/div><\/section>\n\n\n\n<section class=\"qt-section memberships\" id=\"membership\">\n    <div class=\"qt-section__inner grid grid-col-1\">\n\n        \n        <div class=\"qt-container\">\n            <section class=\"qt-section\">\n                <div class=\"qt-section__inner grid grid-col-3\">\n                                        <div class=\"qt-container card-membership has-background\">\n                            <p class=\"membership__type\">N\u00e5got f\u00f6r alla<\/p>\n                            <div class=\"membership__content\">\n                                <p class=\"membership__price\">\u00c0 la carte<\/p>\n                                                                    <ul class=\"wp-block-list membership__benefits\">\n                                                                                    <li>Svenskt n\u00f6tk\u00f6tt<\/li>\n                                                                                        <li>N\u00e4rproducerat<\/li>\n                                                                                        <li>Vinrekommendation<\/li>\n                                                                                        <li>Rustik matlagning<\/li>\n                                                                                        <li>Sp\u00e4nnande kombinationer<\/li>\n                                                                                        <li>Prisv\u00e4rt<\/li>\n                                                                                <\/ul>\n                                                                <\/div>\n\t\t\t\t\t\t\t\n\t\t\t\t\t\t\t                            <div class=\"wp-block-buttons membership__button\">\n                                <div class=\"wp-block-button is-style-fill\">\n                                    <a href=\"https:\/\/ruffgolf.eu\/wp-content\/uploads\/2026\/03\/Meny-RUFF-drottninggatan.pdf\" class=\"wp-block-button__link\" title=\"Se meny\" target=\"_blank\">Se meny<\/a>\n                                <\/div>\n                            <\/div>\n\t\t\t\t\t\t\t                        <\/div>\n                                                <div class=\"qt-container card-membership has-background\">\n                            <p class=\"membership__type\">F\u00f6re, under eller efter spelet!<\/p>\n                            <div class=\"membership__content\">\n                                <p class=\"membership__price\">Bistromeny<\/p>\n                                                                    <ul class=\"wp-block-list membership__benefits\">\n                                                                                    <li>Barnv\u00e4nliga alternativ<\/li>\n                                                                                        <li>Vegetariskt alternativ<\/li>\n                                                                                        <li>Veganskt alternativ<\/li>\n                                                                                        <li>F\u00e4rska r\u00e5varor<\/li>\n                                                                                <\/ul>\n                                                                <\/div>\n\t\t\t\t\t\t\t\n\t\t\t\t\t\t\t                            <div class=\"wp-block-buttons membership__button\">\n                                <div class=\"wp-block-button is-style-fill\">\n                                    <a href=\"https:\/\/ruffgolf.eu\/wp-content\/uploads\/2026\/03\/Bistromeny.pdf\" class=\"wp-block-button__link\" title=\"Se meny\" target=\"_blank\">Se meny<\/a>\n                                <\/div>\n                            <\/div>\n\t\t\t\t\t\t\t                        <\/div>\n                                                <div class=\"qt-container card-membership has-background\">\n                            <p class=\"membership__type\">Vardagar 11-14:30<\/p>\n                            <div class=\"membership__content\">\n                                <p class=\"membership__price\">Lunchmeny<\/p>\n                                                                    <ul class=\"wp-block-list membership__benefits\">\n                                                                                    <li>Uppdateras varje vecka<\/li>\n                                                                                        <li>Vegetariskt alternativ<\/li>\n                                                                                        <li>Finns som takeaway<\/li>\n                                                                                        <li>Serveras vardagar 11-14:30<\/li>\n                                                                                <\/ul>\n                                                                <\/div>\n\t\t\t\t\t\t\t\n\t\t\t\t\t\t\t                            <div class=\"wp-block-buttons membership__button\">\n                                <div class=\"wp-block-button is-style-fill\">\n                                    <a href=\"https:\/\/ruffgolf.eu\/wp-content\/uploads\/2026\/04\/Veckans-lunch-v18.pdf\" class=\"wp-block-button__link\" title=\"Se lunchmeny\" target=\"_blank\">Se lunchmeny<\/a>\n                                <\/div>\n                            <\/div>\n\t\t\t\t\t\t\t                        <\/div>\n                                        <\/div>\n            <\/section>\n        <\/div>\n\n\t<\/div>\n<\/section>\n\n\n<section class=\"qt-section container-default\"><div class=\"qt-section__inner grid grid-col-1\">\n<div class=\"qt-container\">\n<section class=\"qt-section container-default cta-large\">\n\t<div class=\"qt-section__inner grid grid-col-1\">\n\t\t<div class=\"qt-container\">\n\t\t\t<h2 class=\"wp-block-heading has-text-align-center has-accent-1-color has-text-color has-xxl-font-size\">Bordsbokning<\/h2>\n\t\t\t<div class=\"wp-block-buttons is-content-justification-center\">\n\t\t\t\t<div class=\"wp-block-button is-style-button-cta\">\n\t\t\t\t\t<a href=\"https:\/\/ruffgolf.eu\/sv\/boka-drottninggatan\/\" class=\"wp-block-button__link wp-element-button\" title=\"Till bokningen\" target=\"\">Till bokningen<\/a>\n\t\t\t\t<\/div>\n\t\t\t<\/div>\n\t\t<\/div>\n\t<\/div>\n<\/section>\n<\/div>\n<\/div><\/section>\n\n\n\n<section class=\"qt-section container-default\"><div class=\"qt-section__inner grid grid-col-1\">\n<div class=\"qt-container\">\n<div class=\"wp-block-buttons is-content-justification-center is-layout-flex wp-container-core-buttons-is-layout-a89b3969 wp-block-buttons-is-layout-flex\">\n<div class=\"wp-block-button\"><a class=\"wp-block-button__link wp-element-button\" href=\"https:\/\/ruffgolf.eu\/sv\/locations\/drottninggatan\/\">Till startsidan<\/a><\/div>\n<\/div>\n<\/div>\n<\/div><\/section>\n\n\n\n<section class=\"qt-section linked-boxes\">\n\t<div class=\"qt-section__inner grid grid-col-4\">\n\t\n\t\t\t<div class=\"qt-container card-linked-box has-background\">\n\t\t\t\t<a href=\"https:\/\/ruffgolf.eu\/sv\/indoor-golf\/\" title=\"Anl\u00e4ggningar\" target=\"\">\n\t\t\t\t\t<h2>V\u00e5ra anl\u00e4ggningar<\/h2>\n\t\t\t\t\t<p>Hitta ditt n\u00e4rmsta RUFF f\u00f6r att se \u00f6ppettider och evenemang.<\/p>\n\t\t\t\t<\/a>\n\t\t\t<\/div>\n\t\t\t\n\t\t\t\n\t\t\t<div class=\"qt-container card-linked-box has-background\">\n\t\t\t\t<a href=\"https:\/\/ruffgolf.eu\/sv\/franchise\/\" title=\"Franchise\" target=\"\">\n\t\t\t\t\t<h2>Franchisetagare<\/h2>\n\t\t\t\t\t<p>Bli franchisetagare och starta din egen RUFF-anl\u00e4ggning.<\/p>\n\t\t\t\t<\/a>\n\t\t\t<\/div>\n\t\t\t\n\t\t\t\n\t\t\t<div class=\"qt-container card-linked-box has-background\">\n\t\t\t\t<a href=\"https:\/\/apps.apple.com\/se\/app\/ruff-golf\/id6449463765\" title=\"Ladda ner appen\" target=\"_blank\" rel=\"noopener\">\n\t\t\t\t\t<h2>Ladda ner appen<\/h2>\n\t\t\t\t\t<p>Ta del av f\u00f6rm\u00e5nliga erbjudanden och bonussystem.<\/p>\n\t\t\t\t<\/a>\n\t\t\t<\/div>\n\t\t\t\n\t\t\t\n\t\t\t<div class=\"qt-container card-linked-box has-background\">\n\t\t\t\t<a href=\"https:\/\/ruffgolf.eu\/sv\/fragor-och-svar\/\" title=\"Fr\u00e5gor och svar\" target=\"\">\n\t\t\t\t\t<h2>Fr\u00e5gor och svar<\/h2>\n\t\t\t\t\t<p>Vi finns h\u00e4r f\u00f6r dig! H\u00e4r finner du svaren p\u00e5 v\u00e5ra vanligaste fr\u00e5gor.<\/p>\n\t\t\t\t<\/a>\n\t\t\t<\/div>\n\t\t\t\n\t\t\t\t<\/div>\n<\/section>\n","protected":false},"excerpt":{"rendered":"","protected":false},"author":2,"featured_media":0,"parent":0,"menu_order":0,"comment_status":"closed","ping_status":"closed","template":"page-mini-golf","meta":{"_acf_changed":false,"footnotes":""},"class_list":["post-7874","page","type-page","status-publish","hentry"],"acf":[],"_links":{"self":[{"href":"https:\/\/ruffgolf.eu\/sv\/wp-json\/wp\/v2\/pages\/7874","targetHints":{"allow":["GET"]}}],"collection":[{"href":"https:\/\/ruffgolf.eu\/sv\/wp-json\/wp\/v2\/pages"}],"about":[{"href":"https:\/\/ruffgolf.eu\/sv\/wp-json\/wp\/v2\/types\/page"}],"author":[{"embeddable":true,"href":"https:\/\/ruffgolf.eu\/sv\/wp-json\/wp\/v2\/users\/2"}],"replies":[{"embeddable":true,"href":"https:\/\/ruffgolf.eu\/sv\/wp-json\/wp\/v2\/comments?post=7874"}],"version-history":[{"count":35,"href":"https:\/\/ruffgolf.eu\/sv\/wp-json\/wp\/v2\/pages\/7874\/revisions"}],"predecessor-version":[{"id":9207,"href":"https:\/\/ruffgolf.eu\/sv\/wp-json\/wp\/v2\/pages\/7874\/revisions\/9207"}],"wp:attachment":[{"href":"https:\/\/ruffgolf.eu\/sv\/wp-json\/wp\/v2\/media?parent=7874"}],"curies":[{"name":"wp","href":"https:\/\/api.w.org\/{rel}","templated":true}]}}