{"id":8178,"date":"2026-02-12T10:52:26","date_gmt":"2026-02-12T09:52:26","guid":{"rendered":"https:\/\/ruffgolf.eu\/?page_id=8178"},"modified":"2026-03-24T11:36:35","modified_gmt":"2026-03-24T10:36:35","slug":"powered-by-ruff","status":"publish","type":"page","link":"https:\/\/ruffgolf.eu\/sv\/powered-by-ruff\/","title":{"rendered":"Powered by RUFF"},"content":{"rendered":"\n<section class=\"qt-section container-m\"><div class=\"qt-section__inner grid grid-col-1\">\n<div class=\"qt-container\">\n<p class=\"has-text-align-center is-style-eyebrow\">Modern simulatorgolf n\u00e4rmare dig<\/p>\n\n\n\n<h1 class=\"wp-block-heading has-text-align-center\">Powered by RUFF<\/h1>\n\n\n\n<p class=\"has-text-align-center\">Powered by RUFF \u00e4r ett kompakt golfkoncept f\u00f6r dig som vill spela simulatorgolf med h\u00f6g kvalitet, stark gemenskap och modern teknik &#8211; utan omv\u00e4gar. H\u00e4r st\u00e5r golfen i centrum. Upplevelsen. Datan. K\u00e4nslan av att vara en del av n\u00e5got st\u00f6rre.<\/p>\n\n\n\n<p class=\"has-text-align-center\">Konceptet \u00e4r utvecklat av RUFF f\u00f6r att g\u00f6ra modern golf mer tillg\u00e4nglig. P\u00e5 fler platser. F\u00f6r fler spelare. Det handlar inte om restauranger eller stora loungemilj\u00f6er. Det handlar om att skapa en fokuserad och inspirerande milj\u00f6 d\u00e4r du kan spela, tr\u00e4na och t\u00e4vla \u00e5ret runt, med samma digitala upplevelse oavsett anl\u00e4ggning.<\/p>\n<\/div>\n<\/div><\/section>\n\n\n\n<section class=\"qt-section container-default\"><div class=\"qt-section__inner grid grid-col-1\">\n<div class=\"qt-container\">\n\n\t<section class=\"qt-section container-default locations\">\n\t\t<div class=\"qt-section__inner grid grid-col-4\">\n\t\t\t\n<div class=\"qt-container card-location has-background\">\n\t\t\t<a href=\"https:\/\/ruffgolf.eu\/sv\/powered-by-ruff\/hudiksvall\/\" title=\"RUFFHudiksvall\" target=\"_self\">\n\t\t\t<h2 class=\"location__name\">Hudiksvall<\/h2>\n\t\t\t<p class=\"location__address\">\n\t\t\t\t<img loading=\"lazy\" decoding=\"async\" src=\"https:\/\/ruffgolf.eu\/wp-content\/themes\/q-theme\/assets\/images\/location-pin.svg\" alt=\"Location pin\" width=\"13\" height=\"17\">\n\t\t\t\tK\u00f6pmanbergsv\u00e4gen 1\t\t\t<\/p>\n\t\t<\/a>\n\t<\/div>\n\n<div class=\"qt-container card-location has-background\">\n\t\t\t<a href=\"https:\/\/ruffgolf.eu\/sv\/powered-by-ruff\/lindome\/\" title=\"RUFFLindome\" target=\"_self\">\n\t\t\t<h2 class=\"location__name\">Lindome<\/h2>\n\t\t\t<p class=\"location__address\">\n\t\t\t\t<img loading=\"lazy\" decoding=\"async\" src=\"https:\/\/ruffgolf.eu\/wp-content\/themes\/q-theme\/assets\/images\/location-pin.svg\" alt=\"Location pin\" width=\"13\" height=\"17\">\n\t\t\t\tH\u00e4lles\u00e5kersv\u00e4gen 14\t\t\t<\/p>\n\t\t<\/a>\n\t<\/div>\n\n<div class=\"qt-container card-location has-background\">\n\t\t\t<a href=\"https:\/\/ruffgolf.eu\/sv\/powered-by-ruff\/norrtalje\/\" title=\"RUFFNorrt\u00e4lje\" target=\"_self\">\n\t\t\t<h2 class=\"location__name\">Norrt\u00e4lje<\/h2>\n\t\t\t<p class=\"location__address\">\n\t\t\t\t<img loading=\"lazy\" decoding=\"async\" src=\"https:\/\/ruffgolf.eu\/wp-content\/themes\/q-theme\/assets\/images\/location-pin.svg\" alt=\"Location pin\" width=\"13\" height=\"17\">\n\t\t\t\t August Strindbergs Gata 17\t\t\t<\/p>\n\t\t<\/a>\n\t<\/div>\n\t\t<\/div>\n\t<\/section>\n\n\t\n<\/div>\n<\/div><\/section>\n\n\n\n<section class=\"qt-section container-m cta-small\">\n\t<div class=\"qt-section__inner grid grid-col-2 has-background\">\n\t\t<div class=\"qt-container\">\n\t\t\t<h2 class=\"wp-block-heading has-base-2-color has-text-color has-l-font-size\">Se alla anl\u00e4ggningar<\/h2>\n\t\t<\/div>\n\t\t<div class=\"qt-container \">\n\t\t\t<div class=\"wp-block-buttons\">\n\t\t\t\t<div class=\"wp-block-button is-style-fill\">\n\t\t\t\t\t<a href=\"https:\/\/ruffgolf.eu\/sv\/indoor-golf\/\" class=\"wp-block-button__link wp-element-button\" title=\"Visa alla\" target=\"\">Visa alla<\/a>\n\t\t\t\t<\/div>\n\t\t\t<\/div>\n\t\t<\/div>\n\t<\/div>\n<\/section>\n\n\n\n<section class=\"qt-section container-default\"><div class=\"qt-section__inner grid grid-col-1\">\n<div class=\"qt-container\">\n<section class=\"qt-section container-default is-style-section-image-right\"><div class=\"qt-section__inner grid grid-col-2\">\n<div class=\"qt-container is-vertically-aligned-center is-style-text\">\n<p class=\"is-style-eyebrow\">Sk\u00f6naste s\u00e4ttet att golfa inomhus<\/p>\n\n\n\n<h2 class=\"wp-block-heading\">Spela golf n\u00e4r det passar dig<\/h2>\n\n\n\n<p>Powered by RUFF \u00e4r byggt f\u00f6r den moderna golfaren. F\u00f6r dig som vill kunna spela n\u00e4r det passar i vardagen &#8211; tidiga morgnar, sena kv\u00e4llar eller mitt i veckan. I v\u00e5ra simulatorer kan du spela rundor \u00e5ret runt, tr\u00e4na effektivt med avancerad slag- och bolldata och f\u00f6lja din utveckling \u00f6ver tid.<\/p>\n\n\n\n<p>Anl\u00e4ggningarna \u00e4r mindre och mer personliga, vanligtvis med tv\u00e5 till fem simulatorer, men upplevelsen \u00e4r fullt ut RUFF. Tekniken \u00e4r densamma. Plattformen \u00e4r densamma. Kvaliteten \u00e4r densamma. Du f\u00e5r en genomarbetad helhet d\u00e4r varje slag registreras, analyseras och blir en del av din utveckling.<\/p>\n\n\n\n<p>Det \u00e4r ett enklare och smartare s\u00e4tt att spela golf &#8211; utan att kompromissa<\/p>\n<\/div>\n\n\n\n<div class=\"qt-container is-vertically-aligned-center is-style-image\">\n<figure class=\"wp-block-image size-4-3-medium\"><img loading=\"lazy\" decoding=\"async\" width=\"622\" height=\"467\" src=\"https:\/\/ruffgolf.eu\/wp-content\/uploads\/2026\/02\/1-622x467.jpg\" alt=\"\" class=\"wp-image-8220\" srcset=\"https:\/\/ruffgolf.eu\/wp-content\/uploads\/2026\/02\/1-622x467.jpg 622w, https:\/\/ruffgolf.eu\/wp-content\/uploads\/2026\/02\/1-300x225.jpg 300w, https:\/\/ruffgolf.eu\/wp-content\/uploads\/2026\/02\/1-768x576.jpg 768w, https:\/\/ruffgolf.eu\/wp-content\/uploads\/2026\/02\/1-462x347.jpg 462w, https:\/\/ruffgolf.eu\/wp-content\/uploads\/2026\/02\/1-592x444.jpg 592w, https:\/\/ruffgolf.eu\/wp-content\/uploads\/2026\/02\/1-721x541.jpg 721w, https:\/\/ruffgolf.eu\/wp-content\/uploads\/2026\/02\/1-608x456.jpg 608w, https:\/\/ruffgolf.eu\/wp-content\/uploads\/2026\/02\/1.jpg 933w\" sizes=\"auto, (max-width: 622px) 100vw, 622px\" \/><\/figure>\n<\/div>\n<\/div><\/section>\n<\/div>\n\n\n\n<div class=\"qt-container\">\n<section class=\"qt-section container-default is-style-section-image-left\"><div class=\"qt-section__inner grid grid-col-2\">\n<div class=\"qt-container is-vertically-aligned-center is-style-image\">\n<figure class=\"wp-block-image size-4-3-medium\"><img loading=\"lazy\" decoding=\"async\" width=\"622\" height=\"467\" src=\"https:\/\/ruffgolf.eu\/wp-content\/uploads\/2026\/02\/3-622x467.jpg\" alt=\"\" class=\"wp-image-8227\" srcset=\"https:\/\/ruffgolf.eu\/wp-content\/uploads\/2026\/02\/3-622x467.jpg 622w, https:\/\/ruffgolf.eu\/wp-content\/uploads\/2026\/02\/3-300x225.jpg 300w, https:\/\/ruffgolf.eu\/wp-content\/uploads\/2026\/02\/3-768x576.jpg 768w, https:\/\/ruffgolf.eu\/wp-content\/uploads\/2026\/02\/3-462x347.jpg 462w, https:\/\/ruffgolf.eu\/wp-content\/uploads\/2026\/02\/3-592x444.jpg 592w, https:\/\/ruffgolf.eu\/wp-content\/uploads\/2026\/02\/3-721x541.jpg 721w, https:\/\/ruffgolf.eu\/wp-content\/uploads\/2026\/02\/3-608x456.jpg 608w, https:\/\/ruffgolf.eu\/wp-content\/uploads\/2026\/02\/3.jpg 933w\" sizes=\"auto, (max-width: 622px) 100vw, 622px\" \/><\/figure>\n<\/div>\n\n\n\n<div class=\"qt-container is-vertically-aligned-center is-style-text\">\n<p class=\"is-style-eyebrow\">Ett system<\/p>\n\n\n\n<h2 class=\"wp-block-heading\">Ett sammanh\u00e5llet digitalt ekosystem<\/h2>\n\n\n\n<p>N\u00e4r du spelar p\u00e5 Powered by RUFF \u00e4r du alltid en del av RUFFs ekosystem. Ditt medlemskap, dina resultat och dina t\u00e4vlingar f\u00f6ljer med dig mellan anl\u00e4ggningar. Du kan j\u00e4mf\u00f6ra scorer, delta i digitala t\u00e4vlingar, kl\u00e4ttra p\u00e5 leaderboards och ta del av erbjudanden och event &#8211; oavsett var du spelar.<\/p>\n\n\n\n<p>Allt h\u00e4nger ihop. En profil. En plattform. En community.<\/p>\n\n\n\n<p>Det skapar en st\u00f6rre upplevelse \u00e4n sj\u00e4lva rummet du st\u00e5r i. Du spelar lokalt, men \u00e4r en del av n\u00e5got nationellt &#8211; och p\u00e5 sikt \u00e4nnu st\u00f6rre.<\/p>\n<\/div>\n<\/div><\/section>\n<\/div>\n<\/div><\/section>\n\n\n\n<section class=\"qt-section container-default\"><div class=\"qt-section__inner grid grid-col-1\">\n<div class=\"qt-container\">\n<section class=\"qt-section container-default is-style-section-image-right\"><div class=\"qt-section__inner grid grid-col-2\">\n<div class=\"qt-container is-vertically-aligned-center is-style-text\">\n<p class=\"is-style-eyebrow\">Stor flexibilitet<\/p>\n\n\n\n<h2 class=\"wp-block-heading\">Golf anpassad f\u00f6r dagens livsstil<\/h2>\n\n\n\n<p>Powered by RUFF \u00e4r f\u00f6r dig som vill ha h\u00f6g kvalitet utan kr\u00e5ngel, teknik som faktiskt hj\u00e4lper dig att bli b\u00e4ttre och en social milj\u00f6 d\u00e4r golfen alltid \u00e4r i fokus. Det \u00e4r simulatorgolf anpassad efter hur vi lever idag &#8211; mer flexibel, mer datadriven och mer tillg\u00e4nglig.<\/p>\n\n\n\n<p>Det \u00e4r golfen f\u00f6rst. Upplevelsen alltid.<\/p>\n<\/div>\n\n\n\n<div class=\"qt-container is-vertically-aligned-center is-style-image\">\n<figure class=\"wp-block-image size-4-3-medium\"><img loading=\"lazy\" decoding=\"async\" width=\"622\" height=\"467\" src=\"https:\/\/ruffgolf.eu\/wp-content\/uploads\/2026\/02\/2-622x467.jpg\" alt=\"\" class=\"wp-image-8213\" srcset=\"https:\/\/ruffgolf.eu\/wp-content\/uploads\/2026\/02\/2-622x467.jpg 622w, https:\/\/ruffgolf.eu\/wp-content\/uploads\/2026\/02\/2-300x225.jpg 300w, https:\/\/ruffgolf.eu\/wp-content\/uploads\/2026\/02\/2-768x576.jpg 768w, https:\/\/ruffgolf.eu\/wp-content\/uploads\/2026\/02\/2-462x347.jpg 462w, https:\/\/ruffgolf.eu\/wp-content\/uploads\/2026\/02\/2-592x444.jpg 592w, https:\/\/ruffgolf.eu\/wp-content\/uploads\/2026\/02\/2-721x541.jpg 721w, https:\/\/ruffgolf.eu\/wp-content\/uploads\/2026\/02\/2-608x456.jpg 608w, https:\/\/ruffgolf.eu\/wp-content\/uploads\/2026\/02\/2.jpg 933w\" sizes=\"auto, (max-width: 622px) 100vw, 622px\" \/><\/figure>\n<\/div>\n<\/div><\/section>\n<\/div>\n\n\n\n<div class=\"qt-container\">\n<section class=\"qt-section container-default is-style-section-image-left\"><div class=\"qt-section__inner grid grid-col-2\">\n<div class=\"qt-container is-vertically-aligned-center is-style-image\">\n<figure class=\"wp-block-image size-4-3-medium\"><img loading=\"lazy\" decoding=\"async\" width=\"622\" height=\"467\" src=\"https:\/\/ruffgolf.eu\/wp-content\/uploads\/2026\/02\/4-622x467.jpg\" alt=\"\" class=\"wp-image-8234\" srcset=\"https:\/\/ruffgolf.eu\/wp-content\/uploads\/2026\/02\/4-622x467.jpg 622w, https:\/\/ruffgolf.eu\/wp-content\/uploads\/2026\/02\/4-300x225.jpg 300w, https:\/\/ruffgolf.eu\/wp-content\/uploads\/2026\/02\/4-768x576.jpg 768w, https:\/\/ruffgolf.eu\/wp-content\/uploads\/2026\/02\/4-462x347.jpg 462w, https:\/\/ruffgolf.eu\/wp-content\/uploads\/2026\/02\/4-592x444.jpg 592w, https:\/\/ruffgolf.eu\/wp-content\/uploads\/2026\/02\/4-721x541.jpg 721w, https:\/\/ruffgolf.eu\/wp-content\/uploads\/2026\/02\/4-608x456.jpg 608w, https:\/\/ruffgolf.eu\/wp-content\/uploads\/2026\/02\/4.jpg 933w\" sizes=\"auto, (max-width: 622px) 100vw, 622px\" \/><\/figure>\n<\/div>\n\n\n\n<div class=\"qt-container is-vertically-aligned-center is-style-text\">\n<p class=\"is-style-eyebrow\">Ans\u00f6k idag<\/p>\n\n\n\n<h2 class=\"wp-block-heading\">F\u00f6r dig som vill driva en anl\u00e4ggning<\/h2>\n\n\n\n<p>Powered by RUFF \u00e4r ocks\u00e5 en m\u00f6jlighet f\u00f6r entrepren\u00f6rer som vill starta eller utveckla en simulatoranl\u00e4ggning under ett starkt varum\u00e4rke. Konceptet \u00e4r optimerat f\u00f6r mindre ytor med h\u00f6ga ambitioner och bygger p\u00e5 en bepr\u00f6vad modell med en tydlig digital ryggrad.<\/p>\n\n\n\n<p>Som partner f\u00e5r du tillg\u00e5ng till RUFFs varum\u00e4rke, community och tekniska plattform f\u00f6r medlemskap, t\u00e4vlingar och erbjudanden. Du blir en del av en st\u00f6rre struktur med stordriftsf\u00f6rdelar inom marknadsf\u00f6ring och konceptutveckling, samtidigt som du driver en lokal och l\u00f6nsam verksamhet.<\/p>\n\n\n\n<p>Allt under en gemensam flagg. Samma standard. Samma upplevelse.<\/p>\n<\/div>\n<\/div><\/section>\n<\/div>\n<\/div><\/section>\n\n\n\n<section class=\"qt-section container-default cta-large\">\n\t<div class=\"qt-section__inner grid grid-col-1\">\n\t\t<div class=\"qt-container\">\n\t\t\t<h2 class=\"wp-block-heading has-text-align-center has-accent-1-color has-text-color has-xxl-font-size\">Vill du ansluta dig till Powered by?<\/h2>\n\t\t\t<div class=\"wp-block-buttons is-content-justification-center\">\n\t\t\t\t<div class=\"wp-block-button is-style-button-cta\">\n\t\t\t\t\t<a href=\"https:\/\/ruffgolf.eu\/sv\/franchise\/\" class=\"wp-block-button__link wp-element-button\" title=\"Kontakta oss\" target=\"\">Kontakta oss<\/a>\n\t\t\t\t<\/div>\n\t\t\t<\/div>\n\t\t<\/div>\n\t<\/div>\n<\/section>\n\n\n\n<section class=\"qt-section linked-boxes\">\n\t<div class=\"qt-section__inner grid grid-col-4\">\n\t\n\t\t\t<div class=\"qt-container card-linked-box has-background\">\n\t\t\t\t<a href=\"https:\/\/ruffgolf.eu\/sv\/franchise\/\" title=\"Franchise\" target=\"\">\n\t\t\t\t\t<h2>Franchisetagare<\/h2>\n\t\t\t\t\t<p>Starta din egen anl\u00e4ggning eller anslut dig till Powered by RUFF!<\/p>\n\t\t\t\t<\/a>\n\t\t\t<\/div>\n\t\t\t\n\t\t\t\n\t\t\t<div class=\"qt-container card-linked-box has-background\">\n\t\t\t\t<a href=\"https:\/\/www.instagram.com\/ruffeurope\" title=\"F\u00f6retagspaket\" target=\"_blank\" rel=\"noopener\">\n\t\t\t\t\t<h2>F\u00f6lj oss<\/h2>\n\t\t\t\t\t<p>Se mer av RUFF i sociala medier<\/p>\n\t\t\t\t<\/a>\n\t\t\t<\/div>\n\t\t\t\n\t\t\t\n\t\t\t<div class=\"qt-container card-linked-box has-background\">\n\t\t\t\t<a href=\"https:\/\/apps.apple.com\/se\/app\/ruff-golf\/id6449463765\" title=\"Ladda ner appen\" target=\"_blank\" rel=\"noopener\">\n\t\t\t\t\t<h2>Ladda ner appen<\/h2>\n\t\t\t\t\t<p>Ta del av f\u00f6rm\u00e5nliga erbjudanden och bonussystem.<\/p>\n\t\t\t\t<\/a>\n\t\t\t<\/div>\n\t\t\t\n\t\t\t\n\t\t\t<div class=\"qt-container card-linked-box has-background\">\n\t\t\t\t<a href=\"https:\/\/ruffgolf.eu\/sv\/kontakt\/\" title=\"Kontakt\" target=\"\">\n\t\t\t\t\t<h2>Kontakt<\/h2>\n\t\t\t\t\t<p>Fr\u00e5gor? Kontakta oss s\u00e5 hj\u00e4lper vi dig!<\/p>\n\t\t\t\t<\/a>\n\t\t\t<\/div>\n\t\t\t\n\t\t\t\t<\/div>\n<\/section>\n","protected":false},"excerpt":{"rendered":"","protected":false},"author":1,"featured_media":0,"parent":0,"menu_order":0,"comment_status":"closed","ping_status":"closed","template":"","meta":{"_acf_changed":false,"footnotes":""},"class_list":["post-8178","page","type-page","status-publish","hentry"],"acf":[],"_links":{"self":[{"href":"https:\/\/ruffgolf.eu\/sv\/wp-json\/wp\/v2\/pages\/8178","targetHints":{"allow":["GET"]}}],"collection":[{"href":"https:\/\/ruffgolf.eu\/sv\/wp-json\/wp\/v2\/pages"}],"about":[{"href":"https:\/\/ruffgolf.eu\/sv\/wp-json\/wp\/v2\/types\/page"}],"author":[{"embeddable":true,"href":"https:\/\/ruffgolf.eu\/sv\/wp-json\/wp\/v2\/users\/1"}],"replies":[{"embeddable":true,"href":"https:\/\/ruffgolf.eu\/sv\/wp-json\/wp\/v2\/comments?post=8178"}],"version-history":[{"count":10,"href":"https:\/\/ruffgolf.eu\/sv\/wp-json\/wp\/v2\/pages\/8178\/revisions"}],"predecessor-version":[{"id":8269,"href":"https:\/\/ruffgolf.eu\/sv\/wp-json\/wp\/v2\/pages\/8178\/revisions\/8269"}],"wp:attachment":[{"href":"https:\/\/ruffgolf.eu\/sv\/wp-json\/wp\/v2\/media?parent=8178"}],"curies":[{"name":"wp","href":"https:\/\/api.w.org\/{rel}","templated":true}]}}