{"id":889,"date":"2024-09-11T12:33:37","date_gmt":"2024-09-11T10:33:37","guid":{"rendered":"https:\/\/ruffgolf.eu\/?page_id=889"},"modified":"2026-03-24T11:55:57","modified_gmt":"2026-03-24T10:55:57","slug":"ledigajobb","status":"publish","type":"page","link":"https:\/\/ruffgolf.eu\/sv\/ledigajobb\/","title":{"rendered":"Lediga jobb"},"content":{"rendered":"\n<section class=\"qt-section container-m\"><div class=\"qt-section__inner grid grid-col-1\">\n<div class=\"qt-container\">\n<p class=\"has-text-align-center is-style-eyebrow\">vi s\u00f6ker dig<\/p>\n\n\n\n<h1 class=\"wp-block-heading has-text-align-center\">LEDIGA JOBB<\/h1>\n\n\n\n<figure class=\"wp-block-image size-16-9-large\"><img loading=\"lazy\" decoding=\"async\" width=\"811\" height=\"456\" src=\"https:\/\/ruffgolf.eu\/wp-content\/uploads\/2025\/02\/ruff-the-brand-story-feat-trackm-3-811x456.jpg\" alt=\"\" class=\"wp-image-5212\" srcset=\"https:\/\/ruffgolf.eu\/wp-content\/uploads\/2025\/02\/ruff-the-brand-story-feat-trackm-3-811x456.jpg 811w, https:\/\/ruffgolf.eu\/wp-content\/uploads\/2025\/02\/ruff-the-brand-story-feat-trackm-3-300x169.jpg 300w, https:\/\/ruffgolf.eu\/wp-content\/uploads\/2025\/02\/ruff-the-brand-story-feat-trackm-3-1024x576.jpg 1024w, https:\/\/ruffgolf.eu\/wp-content\/uploads\/2025\/02\/ruff-the-brand-story-feat-trackm-3-768x432.jpg 768w, https:\/\/ruffgolf.eu\/wp-content\/uploads\/2025\/02\/ruff-the-brand-story-feat-trackm-3-462x260.jpg 462w, https:\/\/ruffgolf.eu\/wp-content\/uploads\/2025\/02\/ruff-the-brand-story-feat-trackm-3-592x333.jpg 592w, https:\/\/ruffgolf.eu\/wp-content\/uploads\/2025\/02\/ruff-the-brand-story-feat-trackm-3-622x350.jpg 622w, https:\/\/ruffgolf.eu\/wp-content\/uploads\/2025\/02\/ruff-the-brand-story-feat-trackm-3.jpg 1280w\" sizes=\"auto, (max-width: 811px) 100vw, 811px\" \/><\/figure>\n<\/div>\n\n\n\n<div class=\"qt-container\">\n<h2 class=\"wp-block-heading has-text-align-center\"><strong>Bli en del av RUFF<\/strong><\/h2>\n\n\n\n<p>RUFF \u00e4r inte som andra koncept \u2013 vi skapar en modern och social golfupplevelse d\u00e4r alla, oavsett niv\u00e5, k\u00e4nner sig v\u00e4lkomna. Hos oss m\u00f6ts innovation, gemenskap och passion f\u00f6r spelet i en unik milj\u00f6 d\u00e4r golf handlar lika mycket om upplevelsen som om sporten.<\/p>\n\n\n\n<p>Vi \u00e4r ett snabbv\u00e4xande f\u00f6retag och s\u00f6ker drivna, engagerade personer som vill vara med p\u00e5 v\u00e5r resa. Oavsett om du brinner f\u00f6r s\u00e4lj, projektledning, konceptutveckling eller drift, finns det m\u00f6jligheter att utvecklas och g\u00f6ra verklig skillnad hos oss.<\/p>\n\n\n\n<p>P\u00e5 RUFF blir du en del av ett <strong>ambiti\u00f6st och sammansvetsat team<\/strong> som tillsammans skapar n\u00e5got unikt \u2013 b\u00e5de f\u00f6r v\u00e5ra g\u00e4ster, franchisetagare och f\u00f6r varandra. Vi erbjuder en inspirerande arbetsplats d\u00e4r <strong>flexibilitet, initiativf\u00f6rm\u00e5ga och laganda<\/strong> v\u00e4rderas h\u00f6gt.<\/p>\n\n\n\n<p>Vill du vara med och f\u00f6r\u00e4ndra hur golf upplevs? <strong>Utforska v\u00e5ra lediga tj\u00e4nster och bli en del av teamet idag!<\/strong><\/p>\n<\/div>\n<\/div><\/section>\n\n\n\n<section class=\"qt-section container-m\"><div class=\"qt-section__inner grid grid-col-1\">\n<div class=\"qt-container\">\n<figure class=\"wp-block-embed is-type-video is-provider-youtube wp-block-embed-youtube wp-embed-aspect-16-9 wp-has-aspect-ratio\"><div class=\"wp-block-embed__wrapper\">\n<iframe loading=\"lazy\" title=\"RUFF Golf\" width=\"500\" height=\"281\" src=\"https:\/\/www.youtube.com\/embed\/pmgBwTpfe9M?feature=oembed\" frameborder=\"0\" allow=\"accelerometer; autoplay; clipboard-write; encrypted-media; gyroscope; picture-in-picture; web-share\" referrerpolicy=\"strict-origin-when-cross-origin\" allowfullscreen><\/iframe>\n<\/div><\/figure>\n<\/div>\n<\/div><\/section>\n\n\n\n<section class=\"qt-section container-m\"><div class=\"qt-section__inner grid grid-col-1\">\n<div class=\"qt-container\">\n<p class=\"has-text-align-center is-style-eyebrow\"><br><strong>Inga lediga tj\u00e4nster just nu \u2013 men vi vill g\u00e4rna h\u00f6ra fr\u00e5n dig<\/strong><\/p>\n\n\n\n<h2 class=\"wp-block-heading has-text-align-center\"><strong>Vill du bli en del av RUFF?<\/strong><\/h2>\n\n\n\n<blockquote class=\"wp-block-quote is-layout-flow wp-block-quote-is-layout-flow\">\n<blockquote class=\"wp-block-quote is-layout-flow wp-block-quote-is-layout-flow\">\n<p><br>Vi har just nu inga lediga tj\u00e4nster, men vi \u00e4r alltid nyfikna p\u00e5 att komma i kontakt med drivna personer. Skicka g\u00e4rna in en spontanans\u00f6kan s\u00e5 h\u00f6r vi av oss om n\u00e5got som passar dyker upp.<\/p>\n<\/blockquote>\n<\/blockquote>\n<\/div>\n<\/div><\/section>\n\n\n\n\n\n<section class=\"qt-section container-default cta-large\">\n\t<div class=\"qt-section__inner grid grid-col-1\">\n\t\t<div class=\"qt-container\">\n\t\t\t<h2 class=\"wp-block-heading has-text-align-center has-accent-1-color has-text-color has-xxl-font-size\">Vad v\u00e4ntar du p\u00e5?<\/h2>\n\t\t\t<div class=\"wp-block-buttons is-content-justification-center\">\n\t\t\t\t<div class=\"wp-block-button is-style-button-cta\">\n\t\t\t\t\t<a href=\"mailto:marketing@ruffgolf.se\" class=\"wp-block-button__link wp-element-button\" title=\"Skicka in ans\u00f6kan\" target=\"_blank\">Skicka in ans\u00f6kan<\/a>\n\t\t\t\t<\/div>\n\t\t\t<\/div>\n\t\t<\/div>\n\t<\/div>\n<\/section>\n","protected":false},"excerpt":{"rendered":"","protected":false},"author":1,"featured_media":0,"parent":0,"menu_order":0,"comment_status":"closed","ping_status":"closed","template":"","meta":{"_acf_changed":false,"footnotes":""},"class_list":["post-889","page","type-page","status-publish","hentry"],"acf":[],"_links":{"self":[{"href":"https:\/\/ruffgolf.eu\/sv\/wp-json\/wp\/v2\/pages\/889","targetHints":{"allow":["GET"]}}],"collection":[{"href":"https:\/\/ruffgolf.eu\/sv\/wp-json\/wp\/v2\/pages"}],"about":[{"href":"https:\/\/ruffgolf.eu\/sv\/wp-json\/wp\/v2\/types\/page"}],"author":[{"embeddable":true,"href":"https:\/\/ruffgolf.eu\/sv\/wp-json\/wp\/v2\/users\/1"}],"replies":[{"embeddable":true,"href":"https:\/\/ruffgolf.eu\/sv\/wp-json\/wp\/v2\/comments?post=889"}],"version-history":[{"count":28,"href":"https:\/\/ruffgolf.eu\/sv\/wp-json\/wp\/v2\/pages\/889\/revisions"}],"predecessor-version":[{"id":8539,"href":"https:\/\/ruffgolf.eu\/sv\/wp-json\/wp\/v2\/pages\/889\/revisions\/8539"}],"wp:attachment":[{"href":"https:\/\/ruffgolf.eu\/sv\/wp-json\/wp\/v2\/media?parent=889"}],"curies":[{"name":"wp","href":"https:\/\/api.w.org\/{rel}","templated":true}]}}