{"id":917,"date":"2024-09-11T13:07:03","date_gmt":"2024-09-11T11:07:03","guid":{"rendered":"https:\/\/ruffgolf.eu\/?page_id=917"},"modified":"2024-11-20T15:01:19","modified_gmt":"2024-11-20T14:01:19","slug":"kontakt","status":"publish","type":"page","link":"https:\/\/ruffgolf.eu\/sv\/kontakt\/","title":{"rendered":"Kontakt"},"content":{"rendered":"\n<section class=\"qt-section container-m wp-embed-aspect-16-9 wp-has-aspect-ratio\"><div class=\"qt-section__inner grid grid-col-1\">\n<div class=\"qt-container\">\n<p class=\"has-text-align-center is-style-eyebrow\">Vi \u00e4r sociala<\/p>\n\n\n\n<h1 class=\"wp-block-heading has-text-align-center\">Ta kontakt med oss<\/h1>\n\n\n\n<p class=\"has-text-align-center\">Intresserad av att veta mer om en av v\u00e5ra anl\u00e4ggningar eller har du n\u00e5gra andra fr\u00e5gor? Vi finns h\u00e4r f\u00f6r att hj\u00e4lpa dig att svara p\u00e5 dina fr\u00e5gor och hj\u00e4lpa dig p\u00e5 resan mot den perfekta upplevelsen. Tveka inte att kontakta oss, vi ser fram emot att h\u00f6ra fr\u00e5n dig!<\/p>\n<\/div>\n<\/div><\/section>\n\n\n\n<section class=\"qt-section container-m wp-embed-aspect-16-9 wp-has-aspect-ratio\" id=\"contact\"><div class=\"qt-section__inner grid grid-col-1 has-background has-base-2-background-color\" style=\"background-color:#1B2B27\">\n<div class=\"qt-container\">\n<h2 class=\"wp-block-heading has-text-align-center\">Vi vill h\u00f6ra fr\u00e5n dig<\/h2>\n<\/div>\n\n\n\n<div class=\"qt-container\">\n\n<div class=\"wpcf7 no-js\" id=\"wpcf7-f1765-o1\" lang=\"sv-SE\" dir=\"ltr\" data-wpcf7-id=\"1765\">\n<div class=\"screen-reader-response\"><p role=\"status\" aria-live=\"polite\" aria-atomic=\"true\"><\/p> <ul><\/ul><\/div>\n<form action=\"\/sv\/wp-json\/wp\/v2\/pages\/917#wpcf7-f1765-o1\" method=\"post\" class=\"wpcf7-form init\" aria-label=\"Kontaktformul\u00e4r\" novalidate=\"novalidate\" data-status=\"init\">\n<fieldset class=\"hidden-fields-container\"><input type=\"hidden\" name=\"_wpcf7\" value=\"1765\" \/><input type=\"hidden\" name=\"_wpcf7_version\" value=\"6.1.5\" \/><input type=\"hidden\" name=\"_wpcf7_locale\" value=\"sv_SE\" \/><input type=\"hidden\" name=\"_wpcf7_unit_tag\" value=\"wpcf7-f1765-o1\" \/><input type=\"hidden\" name=\"_wpcf7_container_post\" value=\"0\" \/><input type=\"hidden\" name=\"_wpcf7_posted_data_hash\" value=\"\" \/><input type=\"hidden\" name=\"_wpcf7_recaptcha_response\" value=\"\" \/>\n<\/fieldset>\n<p><label>Fullst\u00e4ndigt namn<\/label><span class=\"wpcf7-form-control-wrap\" data-name=\"input-fullname\"><input size=\"40\" maxlength=\"400\" class=\"wpcf7-form-control wpcf7-text wpcf7-validates-as-required\" aria-required=\"true\" aria-invalid=\"false\" value=\"\" type=\"text\" name=\"input-fullname\" \/><\/span>\n<\/p>\n<p><label>E-post<\/label><span class=\"wpcf7-form-control-wrap\" data-name=\"input-email\"><input size=\"40\" maxlength=\"400\" class=\"wpcf7-form-control wpcf7-email wpcf7-validates-as-required wpcf7-text wpcf7-validates-as-email\" aria-required=\"true\" aria-invalid=\"false\" value=\"\" type=\"email\" name=\"input-email\" \/><\/span>\n<\/p>\n<p><label>Telefonnummer<\/label><span class=\"wpcf7-form-control-wrap\" data-name=\"input-phone\"><input size=\"40\" maxlength=\"400\" class=\"wpcf7-form-control wpcf7-text\" aria-invalid=\"false\" value=\"\" type=\"text\" name=\"input-phone\" \/><\/span>\n<\/p>\n<p><label>V\u00e4lj anl\u00e4ggning<\/label><span class=\"wpcf7-form-control-wrap\" data-name=\"select-location\"><select class=\"wpcf7-form-control wpcf7-select wpcf7-validates-as-required\" aria-required=\"true\" aria-invalid=\"false\" name=\"select-location\"><option value=\"\">\u2013 V\u00e4lj ett alternativ \u2013<\/option><option value=\"854\">Barseb\u00e4ck<\/option><option value=\"6360\">Drottninggatan<\/option><option value=\"850\">Frihamnen<\/option><option value=\"1231\">G\u00e4vle<\/option><option value=\"851\">Helsingborg<\/option><option value=\"1439\">Karlstad<\/option><option value=\"8053\">Lilla Bommen<\/option><option value=\"855\">Lund<\/option><option value=\"852\">Norrk\u00f6ping<\/option><option value=\"857\">Skellefte\u00e5<\/option><option value=\"858\">Stenungsund<\/option><option value=\"7027\">V\u00e4stervik<\/option><option value=\"856\">Visby<\/option><\/select><\/span>\n<\/p>\n<p><label>\u00c4mne<\/label><span class=\"wpcf7-form-control-wrap\" data-name=\"input-subject\"><input size=\"40\" maxlength=\"400\" class=\"wpcf7-form-control wpcf7-text wpcf7-validates-as-required\" aria-required=\"true\" aria-invalid=\"false\" value=\"\" type=\"text\" name=\"input-subject\" \/><\/span>\n<\/p>\n<p><label>Meddelande<\/label><span class=\"wpcf7-form-control-wrap\" data-name=\"input-message\"><textarea cols=\"40\" rows=\"6\" maxlength=\"2000\" class=\"wpcf7-form-control wpcf7-textarea wpcf7-validates-as-required\" aria-required=\"true\" aria-invalid=\"false\" name=\"input-message\"><\/textarea><\/span>\n<\/p>\n<p class=\"acceptance\">Genom att fylla i och skicka in detta formul\u00e4r samtycker du till att RUFF Invest AB lagrar dina personuppgifter i enlighet med v\u00e5r <a href=\"\/sv\/integritetspolicy\/\" rel=\"nofollow noopener\" target=\"_blank\">integritetspolicy<\/a>. Denna webbplats skyddas av reCAPTCHA, och <a href=\"https:\/\/policies.google.com\/privacy?hl=sv\" rel=\"nofollow noopener\" target=\"_blank\">Googles integritetspolicy<\/a> och <a href=\"https:\/\/policies.google.com\/terms?hl=sv\" rel=\"nofollow noopener\" target=\"_blank\">villkor<\/a> g\u00e4ller.\n<\/p>\n<div class=\"submit\">\n\t<p><input class=\"wpcf7-form-control wpcf7-submit has-spinner\" type=\"submit\" value=\"Skicka in\" \/>\n\t<\/p>\n<\/div><div class=\"wpcf7-response-output\" aria-hidden=\"true\"><\/div>\n<\/form>\n<\/div>\n\n<\/div>\n<\/div><\/section>\n\n\n\n<section class=\"qt-section container-default is-style-section-image-right\"><div class=\"qt-section__inner grid grid-col-2\">\n<div class=\"qt-container is-vertically-aligned-center is-style-text\">\n<p class=\"is-style-eyebrow\">H\u00e4ng med<\/p>\n\n\n\n<h2 class=\"wp-block-heading\">F\u00f6lj oss p\u00e5 Youtube<\/h2>\n\n\n\n<p>Nyfiken p\u00e5 att se mer av RUFF? P\u00e5 v\u00e5r Youtube-kanal f\u00e5r du f\u00f6lja med oss behind the scenes och se vad som h\u00e4nder p\u00e5 v\u00e5ra olika anl\u00e4ggningar runt om i landet. Vi tr\u00e4ffar k\u00e4ndisar och golfproffs och snackar golf-tech och teknik med branschkunniga. H\u00e4ng med p\u00e5 v\u00e5r resa!&nbsp;<\/p>\n\n\n\n<div class=\"wp-block-buttons is-layout-flex wp-block-buttons-is-layout-flex\">\n<div class=\"wp-block-button is-style-button-with-arrow\"><a class=\"wp-block-button__link wp-element-button\" href=\"https:\/\/www.youtube.com\/channel\/UC81690W5fGzNO5kX4m8ZuGg\" target=\"_blank\" rel=\"noreferrer noopener nofollow\">V\u00e5r YouTube-kanal<\/a><\/div>\n<\/div>\n<\/div>\n\n\n\n<div class=\"qt-container is-vertically-aligned-center is-style-image\">\n<figure class=\"wp-block-image size-4-3-medium\"><img loading=\"lazy\" decoding=\"async\" width=\"622\" height=\"467\" src=\"https:\/\/ruffgolf.eu\/wp-content\/uploads\/2024\/11\/Untitled-design-9-622x467.jpg\" alt=\"\" class=\"wp-image-3892\" srcset=\"https:\/\/ruffgolf.eu\/wp-content\/uploads\/2024\/11\/Untitled-design-9-622x467.jpg 622w, https:\/\/ruffgolf.eu\/wp-content\/uploads\/2024\/11\/Untitled-design-9-300x225.jpg 300w, https:\/\/ruffgolf.eu\/wp-content\/uploads\/2024\/11\/Untitled-design-9-768x576.jpg 768w, https:\/\/ruffgolf.eu\/wp-content\/uploads\/2024\/11\/Untitled-design-9-462x347.jpg 462w, https:\/\/ruffgolf.eu\/wp-content\/uploads\/2024\/11\/Untitled-design-9-592x444.jpg 592w, https:\/\/ruffgolf.eu\/wp-content\/uploads\/2024\/11\/Untitled-design-9-721x541.jpg 721w, https:\/\/ruffgolf.eu\/wp-content\/uploads\/2024\/11\/Untitled-design-9-608x456.jpg 608w, https:\/\/ruffgolf.eu\/wp-content\/uploads\/2024\/11\/Untitled-design-9.jpg 933w\" sizes=\"auto, (max-width: 622px) 100vw, 622px\" \/><\/figure>\n<\/div>\n<\/div><\/section>\n\n\n\n<section class=\"qt-section container-default cta-large\">\n\t<div class=\"qt-section__inner grid grid-col-1\">\n\t\t<div class=\"qt-container\">\n\t\t\t<h2 class=\"wp-block-heading has-text-align-center has-accent-1-color has-text-color has-xxl-font-size\">Hitta din n\u00e4rmaste anl\u00e4ggning<\/h2>\n\t\t\t<div class=\"wp-block-buttons is-content-justification-center\">\n\t\t\t\t<div class=\"wp-block-button is-style-button-cta\">\n\t\t\t\t\t<a href=\"https:\/\/ruffgolf.eu\/sv\/indoor-golf\/\" class=\"wp-block-button__link wp-element-button\" title=\"V\u00e5ra anl\u00e4ggningar\" target=\"\">V\u00e5ra anl\u00e4ggningar<\/a>\n\t\t\t\t<\/div>\n\t\t\t<\/div>\n\t\t<\/div>\n\t<\/div>\n<\/section>\n\n\n\n<section class=\"qt-section linked-boxes\">\n\t<div class=\"qt-section__inner grid grid-col-4\">\n\t\n\t\t\t<div class=\"qt-container card-linked-box has-background\">\n\t\t\t\t<a href=\"https:\/\/ruffgolf.eu\/sv\/indoor-golf\/\" title=\"Anl\u00e4ggningar\" target=\"\">\n\t\t\t\t\t<h2>V\u00e5ra anl\u00e4ggningar<\/h2>\n\t\t\t\t\t<p>Hitta ditt n\u00e4rmsta RUFF f\u00f6r att se \u00f6ppettider och evenemang.<\/p>\n\t\t\t\t<\/a>\n\t\t\t<\/div>\n\t\t\t\n\t\t\t\n\t\t\t<div class=\"qt-container card-linked-box has-background\">\n\t\t\t\t<a href=\"https:\/\/ruffgolf.eu\/sv\/franchise\/\" title=\"Franchise\" target=\"\">\n\t\t\t\t\t<h2>Franchisetagare<\/h2>\n\t\t\t\t\t<p>Bli franchisetagare och starta din egen RUFF-anl\u00e4ggning.<\/p>\n\t\t\t\t<\/a>\n\t\t\t<\/div>\n\t\t\t\n\t\t\t\n\t\t\t<div class=\"qt-container card-linked-box has-background\">\n\t\t\t\t<a href=\"https:\/\/apps.apple.com\/se\/app\/ruff-golf\/id6449463765\" title=\"Ladda ner appen\" target=\"_blank\" rel=\"noopener\">\n\t\t\t\t\t<h2>Ladda ner appen<\/h2>\n\t\t\t\t\t<p>Ta del av f\u00f6rm\u00e5nliga erbjudanden och bonussystem.<\/p>\n\t\t\t\t<\/a>\n\t\t\t<\/div>\n\t\t\t\n\t\t\t\n\t\t\t<div class=\"qt-container card-linked-box has-background\">\n\t\t\t\t<a href=\"https:\/\/ruffgolf.eu\/sv\/fragor-och-svar\/\" title=\"Fr\u00e5gor och svar\" target=\"\">\n\t\t\t\t\t<h2>Fr\u00e5gor och svar<\/h2>\n\t\t\t\t\t<p>Vi finns h\u00e4r f\u00f6r dig! H\u00e4r finner du svaren p\u00e5 v\u00e5ra vanligaste fr\u00e5gor.<\/p>\n\t\t\t\t<\/a>\n\t\t\t<\/div>\n\t\t\t\n\t\t\t\t<\/div>\n<\/section>\n","protected":false},"excerpt":{"rendered":"","protected":false},"author":1,"featured_media":0,"parent":0,"menu_order":0,"comment_status":"closed","ping_status":"closed","template":"","meta":{"_acf_changed":false,"footnotes":""},"class_list":["post-917","page","type-page","status-publish","hentry"],"acf":[],"_links":{"self":[{"href":"https:\/\/ruffgolf.eu\/sv\/wp-json\/wp\/v2\/pages\/917","targetHints":{"allow":["GET"]}}],"collection":[{"href":"https:\/\/ruffgolf.eu\/sv\/wp-json\/wp\/v2\/pages"}],"about":[{"href":"https:\/\/ruffgolf.eu\/sv\/wp-json\/wp\/v2\/types\/page"}],"author":[{"embeddable":true,"href":"https:\/\/ruffgolf.eu\/sv\/wp-json\/wp\/v2\/users\/1"}],"replies":[{"embeddable":true,"href":"https:\/\/ruffgolf.eu\/sv\/wp-json\/wp\/v2\/comments?post=917"}],"version-history":[{"count":2,"href":"https:\/\/ruffgolf.eu\/sv\/wp-json\/wp\/v2\/pages\/917\/revisions"}],"predecessor-version":[{"id":4169,"href":"https:\/\/ruffgolf.eu\/sv\/wp-json\/wp\/v2\/pages\/917\/revisions\/4169"}],"wp:attachment":[{"href":"https:\/\/ruffgolf.eu\/sv\/wp-json\/wp\/v2\/media?parent=917"}],"curies":[{"name":"wp","href":"https:\/\/api.w.org\/{rel}","templated":true}]}}